{"id":12,"date":"2018-10-28T20:35:06","date_gmt":"2018-10-28T20:35:06","guid":{"rendered":"https:\/\/marylandefc.org\/?page_id=12"},"modified":"2026-03-25T10:41:30","modified_gmt":"2026-03-25T17:41:30","slug":"home","status":"publish","type":"page","link":"https:\/\/marylandefc.org\/de\/","title":{"rendered":"Heim"},"content":{"rendered":"<h1>\n\t\t\tWissenschaft, Politik und Menschen verbinden, damit Kinder gedeihen.\t<\/h1>\n\t<p>Maryland Essentials for Childhood ist eine landesweite Initiative f\u00fcr kollektive Wirkung. <\/p>\n<p><strong>Jedes Kind ist voller gro\u00dfer Hoffnungen,<\/strong> und wir haben die gemeinsame Verpflichtung, ihr Potenzial zu f\u00f6rdern.<\/p>\n\t<h2>Machen Sie mit!<\/h2>\n\t\t\t<a href=\"\/de\/grownups\/\"  target=\"_self\">\n\t\t\t\t\t\t\tErwachsene\n\t\t\t\t\t<\/a>\n\t\t\t<a href=\"\/de\/policy\/\"  target=\"_self\">\n\t\t\t\t\t\t\tPolitische Entscheidungstr\u00e4ger\n\t\t\t\t\t<\/a>\n\t\t\t<a href=\"\/de\/partners\/\"  target=\"_self\">\n\t\t\t\t\t\t\tPartner-Angebote\n\t\t\t\t\t<\/a>\n<figure itemscope itemtype=\"https:\/\/schema.org\/ImageObject\">\n\t\t\t\t<img decoding=\"async\" src=\"https:\/\/marylandefc.org\/wp-content\/uploads\/2024\/02\/Maryland-community-members-holding-hands-coming-together-to-act.jpg\" alt=\"Maryland community members holding hands coming together to act\" height=\"800\" width=\"1200\" title=\"Gemeinsam k\u00f6nnen wir lernen und Ressourcen teilen\" onerror=\"this.style.display='none'\" loading=\"lazy\" \/>\n\t<\/figure>\n\t<h2>Gemeinsam k\u00f6nnen wir lernen, Ressourcen teilen und die Politik beeinflussen.<\/h2>\n<h3>Let&#8217;s get started!<\/h3>\n\t\t<figure itemscope itemtype=\"https:\/\/schema.org\/ImageObject\">\n\t\t\t\t<img decoding=\"async\" src=\"https:\/\/marylandefc.org\/wp-content\/uploads\/2024\/01\/MEC-Icons_brain.svg\" alt=\"Brain icon\" height=\"300\" width=\"300\" title=\"MEC-Icons_Gehirn\" onerror=\"this.style.display='none'\" loading=\"lazy\" \/>\n\t<\/figure>\n<h3>Wissenschaft<\/h3><p>Science shows us that events early in life can shape a child&#8217;s development. The good news is that it&#8217;s never too late to make a positive impact. Find the tools you need to take the next step. <\/p>\n\t\t\t<a href=\"\/de\/grownups\/early-years\/\"  target=\"_self\">\n\t\t\t\t\t\t\tBrain-Building Toolkit anzeigen\n\t\t\t\t\t<\/a>\n\t\t<figure itemscope itemtype=\"https:\/\/schema.org\/ImageObject\">\n\t\t\t\t<img decoding=\"async\" src=\"https:\/\/marylandefc.org\/wp-content\/uploads\/2024\/02\/LegislatureGovernment_EFC_icon.svg\" alt=\"Legislature Government icon\" height=\"376\" width=\"376\" title=\"LegislativeGovernment_EFC_icon\" onerror=\"this.style.display='none'\" loading=\"lazy\" \/>\n\t<\/figure>\n<h3>Politik<\/h3><p>Politische Entscheidungen betreffen uns alle. Jede von uns festgelegte Politik sollte eine gesunde Entwicklung f\u00f6rdern und unn\u00f6tige Belastungen f\u00fcr Kinder und die Erwachsenen in ihrem Leben reduzieren.<\/p>\n\t\t\t<a href=\"\/de\/policy\/policies-matter\/\"  target=\"_self\">\n\t\t\t\t\t\t\tMehr erfahren\n\t\t\t\t\t<\/a>\n\t\t<figure itemscope itemtype=\"https:\/\/schema.org\/ImageObject\">\n\t\t\t\t<img decoding=\"async\" src=\"https:\/\/marylandefc.org\/wp-content\/uploads\/2024\/01\/MEC-Icons_people.svg\" alt=\"People icon\" height=\"300\" width=\"300\" title=\"MEC-Icons_Menschen\" onerror=\"this.style.display='none'\" loading=\"lazy\" \/>\n\t<\/figure>\n<h3>Menschen<\/h3><p>Lernen Sie unsere Partner im ganzen Staat kennen, die den B\u00fcrgern Marylands wissenschaftliche Erkenntnisse zug\u00e4nglich machen und Strategien f\u00f6rdern, die zum Gedeihen unserer Kinder beitragen.<\/p>\n\t\t\t<a href=\"\/de\/partners\/meet-our-partners\/\"  target=\"_self\">\n\t\t\t\t\t\t\tLernen Sie unsere Partner kennen\n\t\t\t\t\t<\/a>\n\t<h2>Bereit f\u00fcr den n\u00e4chsten Schritt?<\/h2>\n<h3>Engagieren Sie sich in Ihrer Gemeinde und bei EFC.<\/h3>\n<figure data-animation-delay=\"0\" data-animation-duration=\"1\" itemscope itemtype=\"https:\/\/schema.org\/ImageObject\">\n\t\t\t\t<img decoding=\"async\" src=\"https:\/\/marylandefc.org\/wp-content\/uploads\/2024\/02\/Community-members-walking-together.jpg\" alt=\"Community members walking together\" height=\"800\" width=\"1200\" title=\"bereit f\u00fcr den n\u00e4chsten Schritt\" onerror=\"this.style.display='none'\" loading=\"lazy\" \/>\n\t<\/figure>\n\t\t<figure itemscope itemtype=\"https:\/\/schema.org\/ImageObject\">\n\t\t\t\t<img decoding=\"async\" src=\"https:\/\/marylandefc.org\/wp-content\/uploads\/2024\/02\/MEC-Icons_v2_teach.svg\" alt=\"Teach skills icon with teacher at blackboard\" height=\"300\" width=\"300\" title=\"MEC-Icons_v2_teach\" onerror=\"this.style.display='none'\" loading=\"lazy\" \/>\n\t<\/figure>\n<h3>Beteiligen Sie sich<\/h3><p>Entdecken Sie M\u00f6glichkeiten, aktiv zu werden. Sie k\u00f6nnen Schulungen veranstalten oder daran teilnehmen, Ressourcen in Ihrer Community teilen, sich \u00fcber wichtige Richtlinien informieren und vieles mehr.<\/p>\n\t\t\t<a href=\"\/de\/get-involved\/\"  target=\"_self\">\n\t\t\t\t\t\t\tBeteiligen Sie sich\n\t\t\t\t\t<\/a>\n\t\t<figure itemscope itemtype=\"https:\/\/schema.org\/ImageObject\">\n\t\t\t\t<img decoding=\"async\" src=\"https:\/\/marylandefc.org\/wp-content\/uploads\/2024\/02\/MEC-Icons_v2_connect-to-adults-and-activities.svg\" alt=\"Connect youth to caring adults icon with two people holding hands\" height=\"300\" width=\"300\" title=\"MEC-Icons_v2_Verbindung zu Erwachsenen und Aktivit\u00e4ten\" onerror=\"this.style.display='none'\" loading=\"lazy\" \/>\n\t<\/figure>\n<h3>Machen Sie mit<\/h3><p>Treten Sie EFC als Community-Mitglied bei, um in Verbindung zu bleiben und Ihre Unterst\u00fctzung f\u00fcr unsere Arbeit zu zeigen.<\/p>\n<p>Fragen Sie die gemeinn\u00fctzigen Organisationen in Ihrer N\u00e4he, ob sie Teil von EFC sind, und ermutigen Sie sie, Kontakt aufzunehmen.<\/p>\n<p>&nbsp;<\/p>\n\t\t\t<a href=\"\/de\/partners\/\"  target=\"_self\">\n\t\t\t\t\t\t\tWerden Sie Partner\n\t\t\t\t\t<\/a>\n\t\t<figure itemscope itemtype=\"https:\/\/schema.org\/ImageObject\">\n\t\t\t\t<img decoding=\"async\" src=\"https:\/\/marylandefc.org\/wp-content\/uploads\/2024\/02\/MEC-Icons_v2_strong-start.svg\" alt=\"Ensure strong start icon with baby carriage and family\" height=\"300\" width=\"300\" title=\"MEC-Icons_v2_strong-start\" onerror=\"this.style.display='none'\" loading=\"lazy\" \/>\n\t<\/figure>\n<h3>Erwachsene<\/h3><p>Erfahren Sie mehr \u00fcber die Gehirnforschung und wie Sie Kindern zu einer erfolgreichen Entwicklung verhelfen k\u00f6nnen.\u00a0<\/p>\n<p>Teilen Sie diese Informationen zur gesunden Entwicklung mit Ihren Freunden und Nachbarn, damit wir alle Kinder in unseren Gemeinden unterst\u00fctzen k\u00f6nnen.<\/p>\n\t\t\t<a href=\"\/de\/grownups\/protective-factors\/\"  target=\"_self\">\n\t\t\t\t\t\t\tLesen Sie mehr \u00fcber Brain-Building\n\t\t\t\t\t<\/a>\n<figure itemscope itemtype=\"https:\/\/schema.org\/ImageObject\">\n\t\t\t\t<img decoding=\"async\" src=\"https:\/\/marylandefc.org\/wp-content\/uploads\/2024\/02\/Dad-parenting-son.jpg\" alt=\"Dad parenting son\" height=\"800\" width=\"1200\" title=\"Gemeinschaftliche Unterst\u00fctzung finden\" onerror=\"this.style.display='none'\" loading=\"lazy\" \/>\n\t<\/figure>\n\t<h2>Finden Sie Community-Unterst\u00fctzung f\u00fcr Eltern und Betreuer<\/h2>\n<h3>Kinderbetreuung ist ein harter Job!<\/h3>\n\t\t\t<a href=\"https:\/\/search.marylandefc.org\"  target=\"_blank\" rel=\"noopener\">\n\t\t\t\t\t\t\tSuche nach Services\n\t\t\t\t\t<\/a>","protected":false},"excerpt":{"rendered":"<p>Connecting Science, Policy, and People so Children Thrive. Maryland Essentials for Childhood is a statewide initiative for collective impact. Every child is filled with tremendous promise, and we have a shared obligation to foster their potential. Get Involved! Grown-Ups Policy Makers Partners Together, we can learn, share resources and impact policy. Let&#8217;s get started! Science&hellip;<\/p>","protected":false},"author":1,"featured_media":28300,"parent":0,"menu_order":0,"comment_status":"closed","ping_status":"closed","template":"","meta":{"footnotes":""},"class_list":["post-12","page","type-page","status-publish","has-post-thumbnail","hentry"],"_links":{"self":[{"href":"https:\/\/marylandefc.org\/de\/wp-json\/wp\/v2\/pages\/12","targetHints":{"allow":["GET"]}}],"collection":[{"href":"https:\/\/marylandefc.org\/de\/wp-json\/wp\/v2\/pages"}],"about":[{"href":"https:\/\/marylandefc.org\/de\/wp-json\/wp\/v2\/types\/page"}],"author":[{"embeddable":true,"href":"https:\/\/marylandefc.org\/de\/wp-json\/wp\/v2\/users\/1"}],"replies":[{"embeddable":true,"href":"https:\/\/marylandefc.org\/de\/wp-json\/wp\/v2\/comments?post=12"}],"version-history":[{"count":0,"href":"https:\/\/marylandefc.org\/de\/wp-json\/wp\/v2\/pages\/12\/revisions"}],"wp:featuredmedia":[{"embeddable":true,"href":"https:\/\/marylandefc.org\/de\/wp-json\/wp\/v2\/media\/28300"}],"wp:attachment":[{"href":"https:\/\/marylandefc.org\/de\/wp-json\/wp\/v2\/media?parent=12"}],"curies":[{"name":"wp","href":"https:\/\/api.w.org\/{rel}","templated":true}]}}