{"id":25,"date":"2019-04-05T20:40:50","date_gmt":"2019-04-05T20:40:50","guid":{"rendered":"https:\/\/marylandefc.org\/?page_id=25"},"modified":"2026-02-13T15:17:14","modified_gmt":"2026-02-13T23:17:14","slug":"about","status":"publish","type":"page","link":"https:\/\/marylandefc.org\/de\/about\/","title":{"rendered":"Um"},"content":{"rendered":"<figure itemscope itemtype=\"https:\/\/schema.org\/ImageObject\">\n\t\t\t\t<img decoding=\"async\" src=\"https:\/\/marylandefc.org\/wp-content\/uploads\/2024\/02\/Community-members-planting-a-tree.jpg\" alt=\"Community members planting a tree\" height=\"800\" width=\"1200\" title=\"Menschen pflanzen einen Baum\" onerror=\"this.style.display='none'\" loading=\"lazy\" \/>\n\t<\/figure>\n\t<h1>\u00dcBER UNS<\/h1>\n\t<h2>Wer wir sind<\/h2>\n<p>Maryland Essentials for Childhood (EFC) ist eine landesweite Initiative zur kollektiven Wirkung zur Verhinderung negativer Kindheitserlebnisse. <\/p>\n<p>Wir ermutigen <strong>ein generationen\u00fcbergreifender Ansatz, der sichere, stabile und f\u00f6rdernde Beziehungen und Umgebungen f\u00f6rdert, die Kindern helfen, zu gesunden und produktiven B\u00fcrgern heranzuwachsen. <\/strong><\/p>\n<p>Im Gegenzug k\u00f6nnen diese B\u00fcrger st\u00e4rkere und sicherere Familien und Gemeinschaften f\u00fcr ihre Kinder aufbauen.<\/p>\n\t<h3>Unsere Vision<\/h3>\n<p>Alle Kinder und Jugendlichen in Maryland und ihre Familien gedeihen in sicheren, stabilen und f\u00f6rdernden Beziehungen und Umgebungen.<\/p>\n<figure data-animation-delay=\"0\" data-animation-duration=\"1\" itemscope itemtype=\"https:\/\/schema.org\/ImageObject\">\n\t\t\t\t<img decoding=\"async\" src=\"https:\/\/marylandefc.org\/wp-content\/uploads\/2024\/02\/Adolescents-with-skateboardsand-weighing-risks-and-rewards.jpg\" alt=\"Adolescents with skateboards weighing risks and rewards\" height=\"800\" width=\"1200\" title=\"Jugendliche mit Skateboards diskutieren Risiken und Vorteile.\" onerror=\"this.style.display='none'\" loading=\"lazy\" \/>\n\t<\/figure>\n<figure data-animation-delay=\"0\" data-animation-duration=\"1\" itemscope itemtype=\"https:\/\/schema.org\/ImageObject\">\n\t\t\t\t<img decoding=\"async\" src=\"https:\/\/marylandefc.org\/wp-content\/uploads\/2024\/02\/Girls-on-a-mission-raking-leaves.jpg\" alt=\"Girls on a mission raking leaves\" height=\"800\" width=\"1200\" title=\"M\u00e4dchen harken Laub\" onerror=\"this.style.display='none'\" loading=\"lazy\" \/>\n\t<\/figure>\n\t<h3>Unsere Mission<\/h3>\n<p>Ziel ist die Entwicklung einer gemeinsamen Agenda f\u00fcr mehrere Beh\u00f6rden und Interessengruppen, um Aktivit\u00e4ten, Programme, Richtlinien und Finanzierungen so aufeinander abzustimmen, dass alle Kinder, Jugendlichen und ihre Familien in Maryland sichere, stabile und f\u00f6rdernde Beziehungen und Umgebungen haben.<\/p>\n\t<h2>Unsere Ziele<\/h2>\n<p>Um unsere Ziele voranzutreiben, nutzt EFC die Prinzipien der kollektiven Wirkung und die sich st\u00e4ndig weiterentwickelnde Forschung in den Bereichen Gehirnforschung, Epigenetik und Resilienz.<\/p>\n<p><strong>Dies erreichen wir durch:<\/strong><\/p>\n\t\t<figure itemscope itemtype=\"https:\/\/schema.org\/ImageObject\">\n\t\t\t\t<img decoding=\"async\" src=\"https:\/\/marylandefc.org\/wp-content\/uploads\/2024\/01\/MEC-Icons_brain.svg\" alt=\"Brain icon\" height=\"300\" width=\"300\" title=\"MEC-Icons_Gehirn\" onerror=\"this.style.display='none'\" loading=\"lazy\" \/>\n\t<\/figure>\n<h3>Aufkl\u00e4rung aller \u00fcber Gehirnforschung,<\/h3><p>Negative Kindheitserfahrungen (ACEs) und Resilienz; um wissenschaftliche Erkenntnisse zur Reduzierung von ACEs und zur Schaffung sicherer, stabiler und f\u00f6rdernder Beziehungen und Umgebungen f\u00fcr alle Kinder in Maryland anzuwenden.<\/p>\n<p><strong><a href=\"\/de\/grownups\/\">Mehr erfahren<\/a><\/strong><\/p>\n\t\t<figure itemscope itemtype=\"https:\/\/schema.org\/ImageObject\">\n\t\t\t\t<a href=\"\/de\/partners\/meetings-reports\/\"  target=\"_self\" itemprop=\"url\">\n\t\t\t\t<img decoding=\"async\" src=\"https:\/\/marylandefc.org\/wp-content\/uploads\/2024\/01\/MEC-Icons_data.svg\" alt=\"Data icon\" height=\"300\" width=\"300\" title=\"MEC-Icons_data\" onerror=\"this.style.display='none'\" loading=\"lazy\" \/>\n\t\t\t\t<\/a>\n\t<\/figure>\n<h3><a href=\"\/de\/partners\/meetings-reports\/\" target=\"_self\">Daten sammeln, auswerten und nutzen<\/a><\/h3><p>um \u00fcber Ma\u00dfnahmen zu informieren und Empfehlungen zur Systemverbesserung abzugeben.<\/p>\n<a href=\"\/de\/partners\/meetings-reports\/\"  target=\"_self\">Mehr erfahren<\/a>\t\n\t\t<figure itemscope itemtype=\"https:\/\/schema.org\/ImageObject\">\n\t\t\t\t<a href=\"\/de\/partners\/\"  target=\"_self\" itemprop=\"url\">\n\t\t\t\t<img decoding=\"async\" src=\"https:\/\/marylandefc.org\/wp-content\/uploads\/2024\/01\/MEC-Icons_people.svg\" alt=\"People icon\" height=\"300\" width=\"300\" title=\"MEC-Icons_Menschen\" onerror=\"this.style.display='none'\" loading=\"lazy\" \/>\n\t\t\t\t<\/a>\n\t<\/figure>\n<h3><a href=\"\/de\/partners\/\" target=\"_self\">Gemeinsam arbeiten<\/a><\/h3><p>die Wissenschaft positiver und negativer Kindheitserfahrungen (PACEs) in Systeme, Dienste und Programme einzubetten.<\/p>\n<a href=\"\/de\/partners\/\"  target=\"_self\">Mehr erfahren<\/a>\t\n\t\t<figure itemscope itemtype=\"https:\/\/schema.org\/ImageObject\">\n\t\t\t\t<a href=\"\/de\/policy\/\"  target=\"_self\" itemprop=\"url\">\n\t\t\t\t<img decoding=\"async\" src=\"https:\/\/marylandefc.org\/wp-content\/uploads\/2024\/02\/LegislatureGovernment_EFC_icon.svg\" alt=\"Legislature Government icon\" height=\"376\" width=\"376\" title=\"LegislativeGovernment_EFC_icon\" onerror=\"this.style.display='none'\" loading=\"lazy\" \/>\n\t\t\t\t<\/a>\n\t<\/figure>\n<h3><a href=\"\/de\/policy\/\" target=\"_self\">Zusammenarbeit mit Landesregierungen und Kommunalbeh\u00f6rden<\/a><\/h3><p>um die Wissenschaft von PACE in politische Empfehlungen und Finanzierungsempfehlungen zu integrieren.<\/p>\n<a href=\"\/de\/policy\/\"  target=\"_self\">Mehr erfahren<\/a>","protected":false},"excerpt":{"rendered":"<p>ABOUT US Who We Are Maryland Essentials for Childhood (EFC) is a statewide collective impact initiative to prevent adverse childhood experiences. We encourage a multi-generational approach that promotes safe, stable, and nurturing relationships and environments that help children grow up to be healthy and productive citizens. In turn, those citizens can build stronger and safer&hellip;<\/p>","protected":false},"author":1,"featured_media":27614,"parent":0,"menu_order":0,"comment_status":"closed","ping_status":"closed","template":"","meta":{"footnotes":""},"class_list":["post-25","page","type-page","status-publish","has-post-thumbnail","hentry"],"_links":{"self":[{"href":"https:\/\/marylandefc.org\/de\/wp-json\/wp\/v2\/pages\/25","targetHints":{"allow":["GET"]}}],"collection":[{"href":"https:\/\/marylandefc.org\/de\/wp-json\/wp\/v2\/pages"}],"about":[{"href":"https:\/\/marylandefc.org\/de\/wp-json\/wp\/v2\/types\/page"}],"author":[{"embeddable":true,"href":"https:\/\/marylandefc.org\/de\/wp-json\/wp\/v2\/users\/1"}],"replies":[{"embeddable":true,"href":"https:\/\/marylandefc.org\/de\/wp-json\/wp\/v2\/comments?post=25"}],"version-history":[{"count":0,"href":"https:\/\/marylandefc.org\/de\/wp-json\/wp\/v2\/pages\/25\/revisions"}],"wp:featuredmedia":[{"embeddable":true,"href":"https:\/\/marylandefc.org\/de\/wp-json\/wp\/v2\/media\/27614"}],"wp:attachment":[{"href":"https:\/\/marylandefc.org\/de\/wp-json\/wp\/v2\/media?parent=25"}],"curies":[{"name":"wp","href":"https:\/\/api.w.org\/{rel}","templated":true}]}}