{"id":26565,"date":"2024-01-18T14:45:21","date_gmt":"2024-01-18T22:45:21","guid":{"rendered":"https:\/\/marylandefc.org\/?page_id=26565"},"modified":"2026-02-12T15:05:07","modified_gmt":"2026-02-12T23:05:07","slug":"timeline","status":"publish","type":"page","link":"https:\/\/marylandefc.org\/de\/about\/timeline\/","title":{"rendered":"Zeitleiste"},"content":{"rendered":"<figure itemscope itemtype=\"https:\/\/schema.org\/ImageObject\">\n\t\t\t\t<img decoding=\"async\" src=\"https:\/\/marylandefc.org\/wp-content\/uploads\/2024\/02\/Group-of-people-running-in-a-race.jpg\" alt=\"Group of people running in a race\" height=\"800\" width=\"1200\" title=\"Geschichte von Maryland EFC\" onerror=\"this.style.display='none'\" loading=\"lazy\" \/>\n\t<\/figure>\n\t<h1>UNSERE GESCHICHTE<\/h1>\n\t<h2>Im Laufe der Jahre<\/h2>\n<p>Maryland Essentials for Childhood wurde 2014 gegr\u00fcndet, die Grundsteine dieser Initiative mit kollektiver Wirkung nahmen jedoch bereits Jahrzehnte zuvor Gestalt an.<\/p>\n\t<h3>1974<\/h3>\n<p>Child Abuse Prevention &amp; Treatment Act (CAPTA) in Bundesgesetz umgesetzt.<\/p>\n\t<h3>1999<\/h3>\n<p>Staatlicher Rat f\u00fcr Kindesmissbrauch und Vernachl\u00e4ssigung (SCCAN), gegr\u00fcndet von der Generalversammlung Marylands.<\/p>\n\t<h3>2006<\/h3>\n<p>SCCAN gr\u00fcndet die Arbeitsgruppe Pr\u00e4vention.<\/p>\n\t<h3>2007-2009<\/h3>\n<p>SCCAN&#8217;s Prevention Workgroup team participates in The PREVENT Child Maltreatment Institute funded by the Doris Duke Foundation and the CDC.<\/p>\n\t<h3>2012<\/h3>\n<p>SCCAN orientiert sich bei seiner Arbeit an den Zielen der CDC Essentials for Childhood.<\/p>\n\t<h3>2014<\/h3>\n<p>Das SCCAN Prevention Committee wird erweitert und wird zu Maryland Essentials for Childhood. SCCAN und The Family Tree vereinbaren, als tragende Organisationen zu fungieren.<\/p>\n\t<h3>2015<\/h3>\n<p>Maryland beginnt mit dem Sammeln <a href=\"https:\/\/health.maryland.gov\/phpa\/ccdpc\/Reports\/Documents\/MD-BRFSS\/2018%20Maryland%20BRFSS%20-%20ACEs%20by%20County%20-%201-29-2020.pdf\" target=\"_blank\" rel=\"noopener\">ACEs-Daten<\/a> in seiner Umfrage zu verhaltensbezogenen Risikofaktoren.<\/p>\n\t<h3>2017<\/h3>\n<p>Maryland&#8217;s <a href=\"https:\/\/marylandefc.org\/de\/get-involved\/ace-impact\/\">ACE-Schnittstellenprojekt<\/a> eingeleitet.<\/p>\n\t<h3>2018<\/h3>\n<p>Maryland beginnt mit der Erfassung von PACE-Daten in seinem <a href=\"https:\/\/health.maryland.gov\/phpa\/ccdpc\/Reports\/Pages\/YRBS-Main.aspx\" target=\"_blank\" rel=\"noopener\">Umfrage zum Risikoverhalten von Jugendlichen\/Umfrage zum Tabakkonsum bei Jugendlichen.<\/a><\/p>\n\t<h3>2019<\/h3>\n<p>Maryland Essentials for Childhood veranstaltet die <a href=\"https:\/\/marylandefc.org\/de\/policy\/informing-policy\/\">ACEs-Rundtisch<\/a> f\u00fcr die Mitglieder der Generalversammlung von Maryland.<\/p>\n\t<h3>2020<\/h3>\n<p>Die Arbeitsgruppe \u201eErreichen der Rassengleichheit\u201c und das Aktionsteam \u201eKindheitsresilienz\u201c wurden gegr\u00fcndet.<\/p>\n\t<h3>2020-2021<\/h3>\n<p>SCCAN and other state agency partners participate in the National Governors Association&#8217;s ACEs State Learning Collaborative.<\/p>\n\t<h3>2021<\/h3>\n<p>Der Gouverneur erl\u00e4sst eine Executive Order f\u00fcr ACEs und die Generalversammlung legt die <a href=\"https:\/\/goccp.maryland.gov\/councils-commissions-and-workgroups\/commission-on-trauma-informed-care\/\" target=\"_blank\" rel=\"noopener\">Maryland-Kommission f\u00fcr traumainformierte Versorgung.<\/a><\/p>\n\t<h3>2022<\/h3>\n<p>Das Maryland Information Network, das 211 Dienste in Maryland betreibt, bildet zusammen mit The Family Tree und SCCAN die zentrale Organisation.<\/p>\n\t<h3>2024<\/h3>\n<p>Maryland Essentials for Childhood benennt sich neu und bringt neue <a href=\"https:\/\/marylandefc.org\/de\/grownups\/\">Toolkit zum Aufbau des Gehirns<\/a>.<\/p>\n\t<h3>2026<\/h3>\n<p>Prevent Child Abuse America stellt Maryland Essentials for Childhood als ein <a href=\"https:\/\/preventchildabuse.org\/wp-content\/uploads\/2025\/12\/EfC-Case-Study-Nov-2025.pdf\" target=\"_blank\" rel=\"noopener\">Fallstudie<\/a> In <em>Wesentliche Verbindungen<\/em>.<\/p>","protected":false},"excerpt":{"rendered":"<p>OUR HISTORY Through the Years Maryland Essentials for Childhood was created in 2014, but the stepping stones to this collective impact initiative began taking shape decades earlier. 1974 Child Abuse Prevention &amp; Treatment Act (CAPTA) enacted into Federal law. 1999 State Council on Child Abuse and Neglect (SCCAN) established by the Maryland General Assembly. 2006&hellip;<\/p>","protected":false},"author":1,"featured_media":27091,"parent":25,"menu_order":0,"comment_status":"closed","ping_status":"closed","template":"","meta":{"footnotes":""},"class_list":["post-26565","page","type-page","status-publish","has-post-thumbnail","hentry"],"_links":{"self":[{"href":"https:\/\/marylandefc.org\/de\/wp-json\/wp\/v2\/pages\/26565","targetHints":{"allow":["GET"]}}],"collection":[{"href":"https:\/\/marylandefc.org\/de\/wp-json\/wp\/v2\/pages"}],"about":[{"href":"https:\/\/marylandefc.org\/de\/wp-json\/wp\/v2\/types\/page"}],"author":[{"embeddable":true,"href":"https:\/\/marylandefc.org\/de\/wp-json\/wp\/v2\/users\/1"}],"replies":[{"embeddable":true,"href":"https:\/\/marylandefc.org\/de\/wp-json\/wp\/v2\/comments?post=26565"}],"version-history":[{"count":0,"href":"https:\/\/marylandefc.org\/de\/wp-json\/wp\/v2\/pages\/26565\/revisions"}],"up":[{"embeddable":true,"href":"https:\/\/marylandefc.org\/de\/wp-json\/wp\/v2\/pages\/25"}],"wp:featuredmedia":[{"embeddable":true,"href":"https:\/\/marylandefc.org\/de\/wp-json\/wp\/v2\/media\/27091"}],"wp:attachment":[{"href":"https:\/\/marylandefc.org\/de\/wp-json\/wp\/v2\/media?parent=26565"}],"curies":[{"name":"wp","href":"https:\/\/api.w.org\/{rel}","templated":true}]}}