{"id":26567,"date":"2024-01-18T14:45:51","date_gmt":"2024-01-18T22:45:51","guid":{"rendered":"https:\/\/marylandefc.org\/?page_id=26567"},"modified":"2024-03-08T01:05:00","modified_gmt":"2024-03-08T09:05:00","slug":"legislative-action","status":"publish","type":"page","link":"https:\/\/marylandefc.org\/de\/policy\/legislative-action\/","title":{"rendered":"Gesetzliche Ma\u00dfnahmen"},"content":{"rendered":"<img loading=\"lazy\" decoding=\"async\" src=\"https:\/\/marylandefc.org\/wp-content\/uploads\/2024\/02\/Clippinger-Paid-Family-Leave-Act.jpg\" alt=\"Clippinger Paid Family Leave Act\" itemprop=\"image\" height=\"800\" width=\"1200\" title=\"Clippinger-Gesetz zum bezahlten Familienurlaub\" onerror=\"this.style.display='none'\"  \/>\n\t<h1>GESETZGEBUNGSMASSNAHMEN<\/h1>\n\t<h2>Erfolgreiche Politik<\/h2>\n<p>Maryland Essentials for Childhoods arbeitet unerm\u00fcdlich mit unseren Partnern, Gemeindegruppen und anderen f\u00fchrenden Koalitionen zusammen, um Gesetze und Exekutivma\u00dfnahmen zu f\u00f6rdern, die unsere politischen Ziele erreichen. Wir sind stolz auf die Arbeit, die Maryland geleistet hat, und freuen uns darauf, auf diesen Erfolgen weiter aufzubauen. <\/p>\n<h3>\n\t\tDiese Zeitleiste spiegelt die in der Generalversammlung von Maryland verabschiedeten Gesetze wider.\n\t<\/h3>\n\t<h4>2012:\u00a0<a href=\"https:\/\/legiscan.com\/MD\/bill\/SB566\/2012\" target=\"_blank\" rel=\"noopener\">Gesetz zur Rechenschaftspflicht bei Hausbesuchen von 2012, SB 566<\/a><\/h4>\n<p>Requires the State to fund only evidence-based and promising home visiting programs for improving parent and child outcomes; and, requires regular reports by home visiting programs and the Governor&#8217;s Office for Children.<\/p>\n\t<h4>2016:\u00a0<a href=\"https:\/\/legiscan.com\/MD\/bill\/HB72\/2016\" target=\"_blank\" rel=\"noopener\">Sexual Abuse and Assault Awareness and Prevention Program &#8211; Development and Implementation HB 72<\/a><\/h4>\n<p>Known as Erin&#8217;s Law, it requires age-appropriate education for school-age students on awareness and prevention of sexual abuse and assault. <\/p>\n\t<h4>2017: <a href=\"https:\/\/legiscan.com\/MD\/bill\/HB1\/2017\" target=\"_blank\" rel=\"noopener\">Marylands Gesetz \u00fcber gesunde berufst\u00e4tige Familien HB 1<\/a><\/h4>\n<p>Verlangt von Arbeitgebern mit 15 oder mehr Mitarbeitern, ihren Mitarbeitern den verdienten Kranken- und Sicherheitsurlaub zu gew\u00e4hren; und von Arbeitgebern mit 14 oder weniger Mitarbeitern, ihren Mitarbeitern unbezahlten Kranken- und Sicherheitsurlaub zu gew\u00e4hren.<\/p>\n\t<h4>2018: <a href=\"https:\/\/legiscan.com\/MD\/bill\/HB1072\/2018\" target=\"_blank\" rel=\"noopener\">Child Sexual Abuse Prevention &#8211; Instruction and Training HB 1072<\/a><\/h4>\n<p>Verlangt von allen Schulen, die staatliche Mittel erhalten, dass sie allen Mitarbeitern j\u00e4hrlich Schulungen zur Pr\u00e4vention, Erkennung und Meldung von sexuellem Kindesmissbrauch anbieten.<\/p>\n\t<h4><a href=\"https:\/\/legiscan.com\/MD\/bill\/HB1582\/2018\" target=\"_blank\" rel=\"noopener\">2018: \u00c4rztlicher Direktor f\u00fcr Kinderwohlfahrt HB 1582<\/a><\/h4>\n<p>Richtet einen staatlichen medizinischen Direktor f\u00fcr Kinder ein, die Leistungen des Kinderschutzes in Anspruch nehmen, und f\u00fchrt ein zentrales, umfassendes Programm zur \u00dcberwachung der Gesundheitsversorgung ein. <\/p>\n\t<h4><a href=\"https:\/\/legiscan.com\/MD\/bill\/HB486\/2019\" target=\"_blank\" rel=\"noopener\">2019: SESAME (Stoppt sexuellen Missbrauch und sexuelle Ausbeutung von P\u00e4dagogen) HB 486 \/ SB 541<\/a><\/h4>\n<p>Establishes requirements for school personnel that identify applicants who&#8217;ve been the subject of sexual abuse or sexual misconduct involving a child.<\/p>\n\t<h4><a href=\"https:\/\/legiscan.com\/MD\/bill\/SB567\/2019\" target=\"_blank\" rel=\"noopener\">2019: Arbeitsgruppe untersucht Sorgerechtsgerichtsverfahren, bei denen es um Kindesmissbrauch oder h\u00e4usliche Gewalt geht, SB 567<\/a><\/h4>\n<p>Einrichtung einer Arbeitsgruppe zur Untersuchung von Sorgerechtsgerichtsverfahren, bei denen es um Kindesmissbrauch oder h\u00e4usliche Gewalt geht. <\/p>\n\t<h4>2019: <a href=\"https:\/\/legiscan.com\/MD\/bill\/HB166\/2019\" target=\"_blank\" rel=\"noopener\">Payment of Wages &#8211; Minimum Wage HB 166<\/a><\/h4>\n<p>Known as the &#8220;Fight for $15&#8221;, proposed an annual increase in the state&#8217;s minimum wage to reach $15 per hour in 2025. <i>Notiz:<\/i> <a href=\"https:\/\/legiscan.com\/MD\/bill\/SB555\/2023\" target=\"_blank\" rel=\"noopener\">Das Fair Wage Act von 2023 SB 555<\/a> den Zeitplan beschleunigt. <\/p>\n\t<h4><a href=\"https:\/\/legiscan.com\/MD\/bill\/HB1007\/2019\" target=\"_blank\" rel=\"noopener\">2019: Child Advocacy Center &#8211; Expansion<\/a><\/h4>\n<p>Requires the Governor&#8217;s Office on Crime Control and Prevention to provide every child access to an accredited child advocacy center. <\/p>\n\t<h4><a href=\"https:\/\/legiscan.com\/MD\/bill\/HB277\/2020\" target=\"_blank\" rel=\"noopener\">2020: Richtlinien zum traumainformierten Ansatz HB 277<\/a><\/h4>\n<p>Erfordert, dass das Bildungsministerium von Maryland Richtlinien f\u00fcr einen traumainformierten Ansatz erstellt und diese an die Schulbezirke verteilt. <\/p>\n\t<h4><a href=\"https:\/\/legiscan.com\/MD\/bill\/HB548\/2021\" target=\"_blank\" rel=\"noopener\">2021: Trauma Informed Care Commission and Training (Healing Maryland&#8217;s Trauma Act) HB 548 \/ SB 299<\/a><\/h4>\n<p>Richtet eine Kommission ein, um Initiativen zu koordinieren, die einer traumareaktiven und traumainformierten Bereitstellung staatlicher Dienste Priorit\u00e4t einr\u00e4umen.<\/p>\n\t<h4><a href=\"https:\/\/legiscan.com\/MD\/bill\/HB771\/2021\" target=\"_blank\" rel=\"noopener\">2021: Centers for Disease Control and Prevention Surveys &#8211; Revisions HB 771 \/ SB 548<\/a><\/h4>\n<p>Erfordert, dass das Bildungsministerium des Staates gemeinsam mit dem Gesundheitsministerium mindestens f\u00fcnf Fragen zu ACEs\/PACEs in die Youth Behavioral Risk Survey (YRBS) aufnimmt. <\/p>\n\t<h4><a href=\"https:\/\/legiscan.com\/MD\/bill\/HB258\/2021\" target=\"_blank\" rel=\"noopener\">2021: State Child Welfare System &#8211; Reporting HB 258 \/ SB 592<\/a><\/h4>\n<p>Verlangt vom Ministerium f\u00fcr Human Services und dem Bildungsministerium von Maryland, aufgeschl\u00fcsselte Daten zu den Ergebnissen f\u00fcr Kinder und Jugendliche im Kinderschutzsystem bereitzustellen. <\/p>\n\t<h4><a href=\"https:\/\/legiscan.com\/MD\/bill\/SB275\/2022\" target=\"_blank\" rel=\"noopener\">2022: Familien- und Krankenurlaubsversicherungsprogramm SB 275<\/a><\/h4>\n<p>Mit dem Time to Care Act wird ein Versicherungsprogramm geschaffen, das Arbeitnehmern, die ein Neugeborenes oder ein Familienmitglied mit einer Erkrankung betreuen, 12 Wochen bezahlten Urlaub pro Jahr gew\u00e4hrt.<\/p>\n<p><a href=\"https:\/\/marylandefc.org\/de\/policy\/recent-impact\/\">Lesen Sie mehr \u00fcber diesen j\u00fcngsten politischen Erfolg.<\/a><\/p>\n\t<h4><a href=\"https:\/\/legiscan.com\/MD\/bill\/HB561\/2022\" target=\"_blank\" rel=\"noopener\">2022: Child Custody &#8211; Cases Involving Child Abuse or Domestic Violence &#8211; Training for Judges HB 561\/ SB 17<\/a><\/h4>\n<p>Verlangt von der Justiz des Staates Maryland, ein Schulungsprogramm f\u00fcr Richter zu entwickeln, die Sorgerechtsf\u00e4lle im Zusammenhang mit Kindesmissbrauch und h\u00e4uslicher Gewalt verhandeln.\u00a0 <\/p>\n\t<h4><a href=\"https:\/\/legiscan.com\/MD\/bill\/HB001\/2023\" target=\"_blank\" rel=\"noopener\">2023: Child Sexual Abuse &#8211; Definition, Damages, and Statute of Limitations (The Child Victims Act of 2023) HB 01 \/ SB 686<\/a><\/h4>\n<p>Hebt die zivilrechtliche Verj\u00e4hrungsfrist in F\u00e4llen des sexuellen Missbrauchs von Kindern auf und sieht eine r\u00fcckwirkende Anwendung des Gesetzes vor.\u00a0 <\/p>\n<p><a href=\"\/de\/policy\/recent-impact\/\">Erfahren Sie mehr \u00fcber diesen j\u00fcngsten politischen Erfolg.<\/a><\/p>","protected":false},"excerpt":{"rendered":"<p>LEGISLATIVE ACTION Policy Success Maryland Essentials for Childhoods works tirelessly with our partners, community groups and other leading coalitions championing legislation and executive action that works to address our policy goals. We are proud of the work that Maryland has done and look forward to continuing to build on these successes. This timeline reflects legislation&hellip;<\/p>","protected":false},"author":1,"featured_media":26994,"parent":3255,"menu_order":0,"comment_status":"closed","ping_status":"closed","template":"","meta":{"footnotes":""},"class_list":["post-26567","page","type-page","status-publish","has-post-thumbnail","hentry"],"_links":{"self":[{"href":"https:\/\/marylandefc.org\/de\/wp-json\/wp\/v2\/pages\/26567","targetHints":{"allow":["GET"]}}],"collection":[{"href":"https:\/\/marylandefc.org\/de\/wp-json\/wp\/v2\/pages"}],"about":[{"href":"https:\/\/marylandefc.org\/de\/wp-json\/wp\/v2\/types\/page"}],"author":[{"embeddable":true,"href":"https:\/\/marylandefc.org\/de\/wp-json\/wp\/v2\/users\/1"}],"replies":[{"embeddable":true,"href":"https:\/\/marylandefc.org\/de\/wp-json\/wp\/v2\/comments?post=26567"}],"version-history":[{"count":0,"href":"https:\/\/marylandefc.org\/de\/wp-json\/wp\/v2\/pages\/26567\/revisions"}],"up":[{"embeddable":true,"href":"https:\/\/marylandefc.org\/de\/wp-json\/wp\/v2\/pages\/3255"}],"wp:featuredmedia":[{"embeddable":true,"href":"https:\/\/marylandefc.org\/de\/wp-json\/wp\/v2\/media\/26994"}],"wp:attachment":[{"href":"https:\/\/marylandefc.org\/de\/wp-json\/wp\/v2\/media?parent=26567"}],"curies":[{"name":"wp","href":"https:\/\/api.w.org\/{rel}","templated":true}]}}