{"id":26571,"date":"2024-01-18T14:46:42","date_gmt":"2024-01-18T22:46:42","guid":{"rendered":"https:\/\/marylandefc.org\/?page_id=26571"},"modified":"2026-02-12T15:27:27","modified_gmt":"2026-02-12T23:27:27","slug":"partners","status":"publish","type":"page","link":"https:\/\/marylandefc.org\/de\/partners\/","title":{"rendered":"Partner-Angebote"},"content":{"rendered":"<figure itemscope itemtype=\"https:\/\/schema.org\/ImageObject\">\n\t\t\t\t<img decoding=\"async\" src=\"https:\/\/marylandefc.org\/wp-content\/uploads\/2024\/02\/Panoramic-view-of-Baltimore-Harbor.jpg\" alt=\"Baltimore Harbor panoramic view\" height=\"800\" width=\"1200\" title=\"Panoramablick auf den Hafen von Baltimore\" onerror=\"this.style.display='none'\" loading=\"lazy\" \/>\n\t<\/figure>\n\t<h1>PARTNER<\/h1>\n\t<h2>Gemeinsam an der Verwirklichung unserer gemeinsamen Vision arbeiten<\/h2>\n<p>Maryland Essentials for Childhood (EFC) ist eine landesweite Initiative mit kollektiver Wirkung, die eine gemeinsame Vision und konkrete Schritte zur Erreichung unserer Ziele verfolgt. Unsere Arbeit ist eine gemeinschaftliche Anstrengung aller Sektoren. Einfach ausgedr\u00fcckt: Ohne die Beteiligung unserer Partner am Prozess wird die Vision nicht erreicht. <\/p>\n\t\t<h3>F\u00fcgen Sie Ihre Ressource hinzu<\/h3>\n\t\t<p>If you&#8217;re an engaged community member, we invite you to join the <a href=\"http:\/\/search.marylandefc.org\" target=\"_blank\" rel=\"noopener\">Maryland EFC-Ressourcendatenbank<\/a>. Dies ist ein schnelles und einfaches Tool f\u00fcr Erwachsene, um Community-Ressourcen und Unterst\u00fctzung nach Postleitzahl zu finden. <\/p>\n<p>Unsere zentrale Organisation, das Maryland Information Network (MdInfoNet), betreibt die landesweite Ressourcendatenbank. <\/p>\n<ul>\n<li>Lesen Sie ihre <a href=\"https:\/\/211md.org\/inclusion-policy\/\" target=\"_blank\" rel=\"noopener\">Inklusionspolitik<\/a>. <\/li>\n<li><a href=\"https:\/\/na0.icarol.com\/pub\/VerifyResourcePublic2.aspx?org=179545&amp;r=0&amp;k=bca9005c-d545-4f61-bc96-457c8b802002\" target=\"_blank\" rel=\"noopener\">Submit your agency\/organization&#8217;s information<\/a>. <\/li>\n<li>If you&#8217;re already in the database and need to update your information, <a href=\"mailto:resources@211md.org, info@marylandefc.org\">E-Mail an MdInfoNet<\/a>.<\/li>\n<\/ul>\n<p>Suchen Sie nach M\u00f6glichkeiten, mehr \u00fcber Resilienz und die Wissenschaft der ACEs zu erfahren, um Ihre Gemeinschaft besser zu verstehen und zu verbessern? Beteiligen Sie sich an unserer Initiative. <\/p>\n\t\t\t<a href=\"\/de\/get-involved\/\"  target=\"_self\">\n\t\t\t\t\t\t\tWerde aktiv\n\t\t\t\t\t<\/a>\n<figure data-animation-delay=\"0\" data-animation-duration=\"1\" itemscope itemtype=\"https:\/\/schema.org\/ImageObject\">\n\t\t\t\t<img decoding=\"async\" src=\"https:\/\/marylandefc.org\/wp-content\/uploads\/2025\/02\/Maryland-EFC-Resource-Database-Mockup.jpg\" alt=\"Maryland EFC Resource Database Mockup\" height=\"564\" width=\"1024\" title=\"Modell der Maryland EFC-Ressourcendatenbank\" onerror=\"this.style.display='none'\" loading=\"lazy\" \/>\n\t<\/figure>\n<figure data-animation-delay=\"0\" data-animation-duration=\"1\" itemscope itemtype=\"https:\/\/schema.org\/ImageObject\">\n\t\t\t\t<img decoding=\"async\" src=\"https:\/\/marylandefc.org\/wp-content\/uploads\/2025\/09\/Outreach-Postcards.jpg\" alt=\"Outreach Postcards\" height=\"2560\" width=\"1932\" title=\"Outreach-Postkarten\" onerror=\"this.style.display='none'\" loading=\"lazy\" \/>\n\t<\/figure>\n\t\t<h3>Digitale Tools anfordern<\/h3>\n\t\t<p>Holen Sie sich eine herunterladbare digitale Datei, mit der Sie Erwachsene \u00fcber das Brain-Building Toolkit und Vroom informieren k\u00f6nnen<\/p>\n\t\t\t<a href=\"mailto:%20info@marylandefc.org\"  target=\"_blank\" rel=\"noopener\">\n\t\t\t\t\t\t\tEine Kopie der E-Mail an mich senden.\n\t\t\t\t\t<\/a>\n\t<h2>An einer Besprechung teilnehmen<\/h2>\n\t<p>Die EFC-Treffen stehen unseren Partnern und Community-Mitgliedern offen. Wir begr\u00fc\u00dfen es, wenn unterschiedliche Stimmen zu Wort kommen, und bieten jedem die M\u00f6glichkeit, sich an Arbeitsgruppen und tiefgr\u00fcndigen Gespr\u00e4chen zu beteiligen.\u00a0<\/p>\n\t\t\t<a href=\"\/de\/partners\/meetings-reports\/\"  target=\"_self\">\n\t\t\t\t\t\t\tAn einer Besprechung teilnehmen\n\t\t\t\t\t<\/a>\n<figure data-animation-delay=\"0\" data-animation-duration=\"1\" itemscope itemtype=\"https:\/\/schema.org\/ImageObject\">\n\t\t\t\t<img decoding=\"async\" src=\"https:\/\/marylandefc.org\/wp-content\/uploads\/2024\/02\/Shauna-and-Jess-Safe-Babies-Court-Courtesy-Zero-To-Three.jpg\" alt=\"Safe Babies Court\" height=\"900\" width=\"1200\" title=\"Shauna und Jess \u2013 Safe Babies \u2013 Court \u2013 Mit freundlicher Genehmigung von Zero To Three\" onerror=\"this.style.display='none'\" loading=\"lazy\" \/>\n\t<\/figure>\n\t<h2>Partner werden<\/h2>\n\t<p>Do your organization&#8217;s mission and values align with ours? Are you working to promote <a href=\"https:\/\/marylandefc.org\/de\/grownups\/protective-factors\/\">positive Kindheitserlebnisse<\/a>, das Auftreten von ACEs verhindern oder daran arbeiten, die Auswirkungen von Kindheitstraumata zu mildern? <\/p>\n<p>Then join us as a partner organization to strengthen our statewide efforts. Leave your information in the form below, and we&#8217;ll be in contact soon.<\/p>\n<figure data-animation-delay=\"0\" data-animation-duration=\"1\" itemscope itemtype=\"https:\/\/schema.org\/ImageObject\">\n\t\t\t\t<img decoding=\"async\" src=\"https:\/\/marylandefc.org\/wp-content\/uploads\/2024\/02\/Healing-City-Baltimore-Resource-Fair.jpg\" alt=\"Healing City Baltimore Resource Fair\" height=\"800\" width=\"1200\" title=\"Healing City Baltimore Ressourcenmesse\" onerror=\"this.style.display='none'\" loading=\"lazy\" \/>\n\t<\/figure>","protected":false},"excerpt":{"rendered":"<p>PARTNERS Working Together to Achieve Our Shared Vision Maryland Essentials for Childhood (EFC) is a statewide collective impact initiative with a shared vision and actionable steps to meet our goals. Our work is a collaborative effort across all sectors. Simply put, without our partners engaging in the process, the vision is not achieved. Add Your&hellip;<\/p>","protected":false},"author":1,"featured_media":27676,"parent":0,"menu_order":0,"comment_status":"closed","ping_status":"closed","template":"","meta":{"footnotes":""},"class_list":["post-26571","page","type-page","status-publish","has-post-thumbnail","hentry"],"_links":{"self":[{"href":"https:\/\/marylandefc.org\/de\/wp-json\/wp\/v2\/pages\/26571","targetHints":{"allow":["GET"]}}],"collection":[{"href":"https:\/\/marylandefc.org\/de\/wp-json\/wp\/v2\/pages"}],"about":[{"href":"https:\/\/marylandefc.org\/de\/wp-json\/wp\/v2\/types\/page"}],"author":[{"embeddable":true,"href":"https:\/\/marylandefc.org\/de\/wp-json\/wp\/v2\/users\/1"}],"replies":[{"embeddable":true,"href":"https:\/\/marylandefc.org\/de\/wp-json\/wp\/v2\/comments?post=26571"}],"version-history":[{"count":0,"href":"https:\/\/marylandefc.org\/de\/wp-json\/wp\/v2\/pages\/26571\/revisions"}],"wp:featuredmedia":[{"embeddable":true,"href":"https:\/\/marylandefc.org\/de\/wp-json\/wp\/v2\/media\/27676"}],"wp:attachment":[{"href":"https:\/\/marylandefc.org\/de\/wp-json\/wp\/v2\/media?parent=26571"}],"curies":[{"name":"wp","href":"https:\/\/api.w.org\/{rel}","templated":true}]}}