{"id":26575,"date":"2024-01-18T14:47:11","date_gmt":"2024-01-18T22:47:11","guid":{"rendered":"https:\/\/marylandefc.org\/?page_id=26575"},"modified":"2025-04-10T11:40:36","modified_gmt":"2025-04-10T18:40:36","slug":"how-we-work","status":"publish","type":"page","link":"https:\/\/marylandefc.org\/de\/partners\/how-we-work\/","title":{"rendered":"Wie wir arbeiten"},"content":{"rendered":"<img loading=\"lazy\" decoding=\"async\" src=\"https:\/\/marylandefc.org\/wp-content\/uploads\/2024\/02\/Group-of-community-members-workign-together.jpg\" alt=\"Group of community members working together\" itemprop=\"image\" height=\"800\" width=\"1200\" title=\"Gruppe von Community-Mitgliedern, die zusammenarbeiten\" onerror=\"this.style.display='none'\"  \/>\n\t<h1>WIE WIR ARBEITEN<\/h1>\n\t<h2>Unser Prozess<\/h2>\n<p>EFC ist sich bewusst, dass unsere Vision eines Staates, in dem alle Kinder, Jugendlichen und ihre Familien in sicheren, stabilen und f\u00f6rderlichen Beziehungen und Umgebungen aufwachsen, Ma\u00dfnahmen in verschiedenen \u00f6ffentlichen und privaten Systemen erfordert. Deshalb basiert unsere Arbeit auf Zusammenarbeit und einer gemeinsamen Agenda, um den Dialog zu gestalten und unseren Weg in die Zukunft zu ebnen. <\/p>\n\t<h2>Zusammenarbeit<\/h2>\n<p>Maryland EFC arbeitet branchen\u00fcbergreifend \u2013 von der Regierung \u00fcber gemeinn\u00fctzige Organisationen und Hochschulen bis hin zu gemeindebasierten Interessengruppen. Wir sind uns der Bedeutung bewusst, dass es wichtig ist, allen die M\u00f6glichkeit zu geben, sich am Prozess zu beteiligen. Indem wir eine breite Palette von Stimmen einbeziehen und ihnen Geh\u00f6r schenken, geben wir Empfehlungen, die auf wissenschaftlichen Erkenntnissen, Forschung und gelebter Erfahrung basieren.\u00a0<\/p>\n<p>In bestimmten Bereichen \u00fcbernimmt EFC F\u00fchrungsverantwortung bei der Erarbeitung politischer Empfehlungen, der Interessenvertretung gegen\u00fcber Gesetzgebern und dem Aufbau von Partnerkoalitionen. Dar\u00fcber hinaus stellt EFC anderen Organisationen sein Fachwissen zur Verf\u00fcgung und vermittelt Kontakte zu Vordenkern aus dem ganzen Land. Unser Vorgehen erm\u00f6glicht es uns, jederzeit reagieren zu k\u00f6nnen, bei Bedarf die F\u00fchrung zu \u00fcbernehmen und gemeinsam mit anderen zusammenzuarbeiten. <\/p>\n\t\t\t\t<img loading=\"lazy\" decoding=\"async\" src=\"https:\/\/marylandefc.org\/wp-content\/uploads\/2024\/02\/Legislators-Dave--scaled.jpg\" alt=\"Legislators gathered at EFC award ceremony\" itemprop=\"image\" height=\"2410\" width=\"2560\" title=\"Gesetzgeber und Dave\" onerror=\"this.style.display='none'\"  \/>\n\t\t<h2>Gemeinsame Agenda<\/h2><h3>Die Bem\u00fchungen von Maryland Essentials for Childhood folgen diesen Leitprinzipien:<\/h3>\n\t\t<h3>1. Sicherstellung sicherer, stabiler und f\u00f6rdernder Beziehungen und Umgebungen<\/h3><p>damit alle Kinder und Familien ihr volles Potenzial als eigenst\u00e4ndige, sozial engagierte und produktive B\u00fcrger aussch\u00f6pfen k\u00f6nnen.<\/p>\n\t\t<h3>2. Aufrechterhaltung einer branchen\u00fcbergreifenden Zusammenarbeit<\/h3><p>strategische und sich gegenseitig verst\u00e4rkende Aktivit\u00e4ten durchzuf\u00fchren, die auf unsere gemeinsame Agenda ausgerichtet sind.<\/p>\n\t\t<h3>3. Das Erreichen unserer Ziele erfordert \u00c4nderungen in mehreren Systemen,<\/h3><p>mit Schwerpunkt auf allgemeinen sozialen und wirtschaftlichen Determinanten, sich \u00e4ndernden sozialen Normen sowie staatlichen und institutionellen Richtlinien.<\/p>\n\t\t<h3>4. Erdungssysteme \u00e4ndern sich nach den besten verf\u00fcgbaren Erkenntnissen<\/h3><p>und streben kontinuierlich danach, die Qualit\u00e4t von Programmen, Diensten und Systemen zu verbessern.<\/p>\n\t\t<h3>5. Bereitstellung einer kulturell und sprachlich kongruenten Pflege<\/h3><p>f\u00fcr diejenigen, die innerhalb von Programmen, Diensten und Systemen bedient werden.<\/p>\n\t\t<h3>6. Ma\u00dfnahmen zur Verringerung von Ungleichheiten und Disparit\u00e4ten<\/h3><p>die vermeidbar, ungerecht und vermeidbar sind, um die allgemeine Gesundheit und das Wohlbefinden von Kindern zu verbessern.<\/p>\n\t\t\t<a href=\"https:\/\/marylandefc.org\/wp-content\/uploads\/2024\/01\/Maryland-Common-Agenda-Document-10-3.docx.pdf\" target=\"_blank\" rel=\"noopener\">\n\t\t\t\t\t\tWeiterlesen\n\t\t\t\t\t<\/a>\n\t\t\t\t<img loading=\"lazy\" decoding=\"async\" src=\"https:\/\/marylandefc.org\/wp-content\/uploads\/2025\/04\/MD-EFC-Awards-full-group.jpg\" alt=\"MD EFC Awards Full Group\" itemprop=\"image\" height=\"1920\" width=\"1920\" title=\"MD-EFC-Awards-volle-Gruppe\" onerror=\"this.style.display='none'\"  \/>\n\t<h3>SCCAN &amp; MD EFC Leadership Awards<\/h3>\n<p>Seit 2019 <a href=\"\/de\/about\/how-we-started\/\">zusammen mit SCCAN<\/a>, EFC hat Auszeichnungen an wichtige Einzelpersonen und Organisationen in den folgenden Kategorien f\u00fcr herausragende Visionen, Engagement und Einsatz f\u00fcr ACE &amp; Resilience Informed Policy verliehen:\u00a0<\/p>\n<h4>Gesetzgeber des Jahres:<\/h4>\n<ul>\n<li>2019 Delegierter CT Wilson<\/li>\n<li>2020 Kongressabgeordneter Elijah Cummings, posthum herausgegeben<\/li>\n<li>Senator 2023 William C. Smith, Jr.<\/li>\n<\/ul>\n<p>Im Jahr 2023 wurde der Legislative Leadership Legacy Award an Delegierten CT Wilson verliehen, in Anerkennung seiner umfassenden und unerm\u00fcdlichen Unterst\u00fctzung von Kindern und seines Einsatzes f\u00fcr Gerechtigkeit f\u00fcr \u00dcberlebende.\u00a0<\/p>\n<h4>Community-Partner des Jahres:<\/h4>\n<ul>\n<li>2018 Der Vorstand und die Mitarbeiter von The Family Tree<\/li>\n<li>2019 Der Vorstand und die Mitarbeiter von No More Stolen Childhoods<\/li>\n<li>2024 Taghi Modarressi Zentrum f\u00fcr S\u00e4uglingsstudien, UMMS<\/li>\n<\/ul>\n<h4>Anwalt des Jahres: <\/h4>\n<ul>\n<li>2018 Frank Kros, MSW, JD<\/li>\n<li>2019 Joan L. Stine, MHS, MS<\/li>\n<li>2022 Wendy G. Lane, MD, MPH<\/li>\n<li>2024 D&#039;Lisa Worthy, M.Ed<\/li>\n<\/ul>","protected":false},"excerpt":{"rendered":"<p>UNSERE ARBEITSWEISE Unser Prozess EFC ist sich bewusst, dass unsere Vision eines Staates, in dem alle Kinder, Jugendlichen und ihre Familien in sicheren, stabilen und f\u00f6rderlichen Beziehungen und Umgebungen aufwachsen, Ma\u00dfnahmen in verschiedenen \u00f6ffentlichen und privaten Systemen erfordert. Deshalb basiert unsere Arbeit auf Zusammenarbeit und einer gemeinsamen Agenda, die unseren Dialog leitet\u2026<\/p>","protected":false},"author":1,"featured_media":27464,"parent":26571,"menu_order":0,"comment_status":"closed","ping_status":"closed","template":"","meta":{"footnotes":""},"class_list":["post-26575","page","type-page","status-publish","has-post-thumbnail","hentry"],"_links":{"self":[{"href":"https:\/\/marylandefc.org\/de\/wp-json\/wp\/v2\/pages\/26575","targetHints":{"allow":["GET"]}}],"collection":[{"href":"https:\/\/marylandefc.org\/de\/wp-json\/wp\/v2\/pages"}],"about":[{"href":"https:\/\/marylandefc.org\/de\/wp-json\/wp\/v2\/types\/page"}],"author":[{"embeddable":true,"href":"https:\/\/marylandefc.org\/de\/wp-json\/wp\/v2\/users\/1"}],"replies":[{"embeddable":true,"href":"https:\/\/marylandefc.org\/de\/wp-json\/wp\/v2\/comments?post=26575"}],"version-history":[{"count":0,"href":"https:\/\/marylandefc.org\/de\/wp-json\/wp\/v2\/pages\/26575\/revisions"}],"up":[{"embeddable":true,"href":"https:\/\/marylandefc.org\/de\/wp-json\/wp\/v2\/pages\/26571"}],"wp:featuredmedia":[{"embeddable":true,"href":"https:\/\/marylandefc.org\/de\/wp-json\/wp\/v2\/media\/27464"}],"wp:attachment":[{"href":"https:\/\/marylandefc.org\/de\/wp-json\/wp\/v2\/media?parent=26575"}],"curies":[{"name":"wp","href":"https:\/\/api.w.org\/{rel}","templated":true}]}}