{"id":26577,"date":"2024-01-18T14:47:26","date_gmt":"2024-01-18T22:47:26","guid":{"rendered":"https:\/\/marylandefc.org\/?page_id=26577"},"modified":"2026-01-12T11:56:20","modified_gmt":"2026-01-12T19:56:20","slug":"meetings-reports","status":"publish","type":"page","link":"https:\/\/marylandefc.org\/de\/get-involved\/meetings-reports\/","title":{"rendered":"Tagungen &amp; Berichte"},"content":{"rendered":"<img decoding=\"async\" src=\"https:\/\/marylandefc.org\/wp-content\/uploads\/2024\/02\/AACF-Safe-Babies-Court-Courtesy-Zero-to-Three.jpg\" alt=\"AACF Safe Babies Court\" itemprop=\"image\" height=\"1440\" width=\"1920\" title=\"AACF Safe Babies Court Mit freundlicher Genehmigung von Zero to Three\" onerror=\"this.style.display='none'\" loading=\"lazy\" \/>\n\t<h1>TAGUNGEN &amp; BERICHTE<\/h1>\n\t<h2>Teilnehmen, lesen und teilen<\/h2>\n<p>Wir laden Sie ein, an unseren Sitzungen teilzunehmen, unsere Jahresberichte zu lesen und die Informationen mit Ihren Kollegen zu teilen. Gemeinsam k\u00f6nnen wir unser Partnernetzwerk erweitern, um unsere Bem\u00fchungen zu verst\u00e4rken und Maryland voranzubringen. <\/p>\n\t<h3>An einem Meeting teilnehmen<\/h3>\n<p>Das EFC trifft sich am ersten Donnerstag bestimmter Monate, abwechselnd mit den monatlichen Treffen des Maryland State Council on Child Abuse and Neglect (SCCAN). <\/p>\n<p>Meetings may be held either virtually or in-person from 1:00 &#8211; 3:00PM (EST).\u00a0<\/p>\n<p>Termine: 5. Februar | 2. April | 4. Juni | 1. Oktober | 3. Dezember<\/p>\n<p>Die Sitzungen sind f\u00fcr Gemeindemitglieder und Partnerorganisationen offen. Bitte <a href=\"https:\/\/marylandefc.org\/de\/contact\/\">kontaktiere uns<\/a> um unsere E-Mail-Updates zu erhalten.\u00a0<\/p>\n<p>&nbsp;<\/p>\n\t\t\t\t<img decoding=\"async\" src=\"https:\/\/marylandefc.org\/wp-content\/uploads\/2019\/01\/SCCAN-LOGO-CLEAR.png\" alt=\"SCCAN logo\" itemprop=\"image\" height=\"333\" width=\"579\" title=\"SCCAN-LOGO KLAR\" onerror=\"this.style.display='none'\" loading=\"lazy\" \/>\n\t<h3>Lesen Sie SCCAN-Berichte<\/h3>\n\t<p><strong>Maryland SCCAN<\/strong> ver\u00f6ffentlicht einen Jahresbericht an den Gouverneur und die Generalversammlung, um einen Rahmen f\u00fcr die vom Rat geleistete Arbeit zu schaffen und Empfehlungen zur Weiterentwicklung der Arbeit abzugeben. Diese Jahresberichte enthalten Aktualisierungen zu den Aktivit\u00e4ten des Maryland EFC und unseren gemeinsamen Bem\u00fchungen f\u00fcr das jeweilige Jahr. <\/p>\n\t<h3>Jahresberichte<\/h3>\n\t\t\t<a href=\"\/wp-content\/uploads\/2025\/01\/2022-2023-Annual-Report-Final.pdf\" target=\"_blank\" rel=\"noopener\">\n\t\t\t\t\t\t2022 &#8211; 2023 SCCAN Annual Report\n\t\t\t\t\t<\/a>\n\t\t\t<a href=\"\/wp-content\/uploads\/2024\/02\/MSAR-5519-2021_FL5-7A-09b_DHS_State-Council-on-Child-Abuse-and-Neglect-SCCAN-2020-2021-Annual-Report.pdf\" target=\"_blank\" rel=\"noopener\">\n\t\t\t\t\t\t2020 &#8211; 2021 SCCAN Annual Report\n\t\t\t\t\t<\/a>\n\t\t\t<a href=\"https:\/\/marylandefc.org\/wp-content\/uploads\/2024\/02\/2019-SCCAN-Annual-Report-with-Appendices-FINAL-Report-Approved.pdf\" target=\"_blank\" rel=\"noopener\">\n\t\t\t\t\t\tSCCAN-Jahresbericht 2019\n\t\t\t\t\t<\/a>\n\t\t\t<a href=\"\/wp-content\/uploads\/2024\/02\/2018-SCCAN-Annual-Report-FINAL-_6-28-2019.pdf\" target=\"_blank\" rel=\"noopener\">\n\t\t\t\t\t\tSCCAN-Jahresbericht 2018\n\t\t\t\t\t<\/a>\n\t\t\t<a href=\"\/wp-content\/uploads\/2024\/02\/FINAL-1-2017-SCCAN-Annual-Report-7-12-18-1.pdf\" target=\"_blank\" rel=\"noopener\">\n\t\t\t\t\t\tSCCAN-Jahresbericht 2017\n\t\t\t\t\t<\/a>\n\t\t\t\t<img decoding=\"async\" src=\"https:\/\/marylandefc.org\/wp-content\/uploads\/2024\/02\/Girls-on-a-mission-raking-leaves.jpg\" alt=\"Girls on a mission raking leaves\" itemprop=\"image\" height=\"800\" width=\"1200\" title=\"M\u00e4dchen auf einer Mission beim Laubharken\" onerror=\"this.style.display='none'\" loading=\"lazy\" \/>\n\t<h3>Daten teilen<\/h3>\n\t<p>Wie die meisten Bundesstaaten nimmt Maryland an der vom CDC gef\u00f6rderten Youth Risk Behavior Survey (YRBS) und der Youth Tobacco Survey (YTS) teil.<\/p>\n<p>Das Maryland YRBS\/YTS befragt anonym Sch\u00fcler an \u00f6ffentlichen Mittel- und Oberschulen in Maryland. Es konzentriert sich auf Verhaltensweisen, die zu den h\u00e4ufigsten Todes- und Behinderungsursachen beitragen, darunter unter anderem Alkohol- und Drogenkonsum, Tabakkonsum, Sexualverhalten, unbeabsichtigte Verletzungen und Gewalt sowie mangelnde k\u00f6rperliche Aktivit\u00e4t und Ern\u00e4hrungsgewohnheiten.<\/p>\n<h3>PACEs-Umfrage f\u00fcr Jugendliche<\/h3>\n<p>In den Jahren 2018\u20132019 war Maryland der erste von zwei Bundesstaaten, der mit der Erfassung von Daten zu positiven und negativen Kindheitserlebnissen (PACEs) unter High-School-Sch\u00fclern begann.<\/p>\n<p>Die Generalversammlung von Maryland hat im Jahr 2021 die Erfassung von PACE-Daten unter Highschool- und Mittelstufensch\u00fclern im YRBS\/YTS institutionalisiert.<\/p>\n\t\t\t<a href=\"https:\/\/health.maryland.gov\/newsroom\/Pages\/Maryland-Department-of-Health-releases-2021-2022-Youth-Risk-Behavior-Survey-and-Youth-Tobacco-Survey-data.aspx\" target=\"_blank\" rel=\"noopener\">\n\t\t\t\t\t\tPressemitteilung anzeigen\n\t\t\t\t\t<\/a>\n\t\t\t\t<img decoding=\"async\" src=\"https:\/\/marylandefc.org\/wp-content\/uploads\/2024\/02\/MEC-Icons_v2_teach.svg\" alt=\"Teach skills icon with teacher at blackboard\" itemprop=\"image\" height=\"300\" width=\"300\" title=\"MEC-Icons_v2_teach\" onerror=\"this.style.display='none'\" loading=\"lazy\" \/>\n\t\t<h3><a href=\"\/wp-content\/uploads\/2024\/02\/Adverse-Childhood-Experiences-2021-2022-YRBS-YTS.pdf\" target=\"_blank\"  rel=\"noopener\">Maryland YRBS\/YTS-Umfrage<\/a><\/h3><p>Das Maryland YRBS\/YTS wurde im Herbst 2021 unter fast 60.000 Sch\u00fclern in 366 \u00f6ffentlichen Mittel- und Oberschulen im ganzen Bundesstaat durchgef\u00fchrt.<\/p>\n<p>Unsere Partner im Gesundheitsministerium von Maryland haben einen \u00dcberblick \u00fcber die PACE-Datenergebnisse von YRBS\/YTS freigegeben.<\/p>\n\t\t\t<a href=\"\/wp-content\/uploads\/2024\/02\/Adverse-Childhood-Experiences-2021-2022-YRBS-YTS.pdf\" target=\"_blank\" rel=\"noopener\">\n\t\t\t\t\t\tPr\u00e4sentation ansehen\n\t\t\t\t\t<\/a>\n\t\t\t\t<img decoding=\"async\" src=\"https:\/\/marylandefc.org\/wp-content\/uploads\/2026\/01\/PCA-Case-Study-Report.jpg\" alt=\"Prevent Child Abuse America Case Study on Maryland EFC\" itemprop=\"image\" height=\"800\" width=\"1200\" title=\"PCA-Fallstudienbericht\" onerror=\"this.style.display='none'\" loading=\"lazy\" \/>\n\t\t<h3><a href=\"https:\/\/preventchildabuse.org\/wp-content\/uploads\/2025\/12\/EfC-Case-Study-Nov-2025.pdf\" target=\"_blank\" rel=\"noopener\">Maryland wird von Prevent Child Abuse America vorgestellt<\/a><\/h3><p>Maryland Essentials for Childhood (Maryland EFC) war einer von zwei Bundesstaaten, die von Prevent Child Abuse America (PCA) vorgestellt wurden. PCA interviewte ehemalige und aktuelle F\u00fchrungskr\u00e4fte von Maryland EFC und beleuchtete die Geschichte des Programms, die Umsetzung von Pr\u00e4ventionsma\u00dfnahmen und die Erfahrungen, die der Bundesstaat als eigenst\u00e4ndiges Projekt gesammelt hat.<\/p>\n<blockquote><p>&#8220;I think what&#8217;s really important in the work, is to know who can lead that (policy) best and sometimes you follow, and sometimes you lead, and people start to respect you as a partner that way.&#8221;<\/p>\n<p>&#8211; Claudia Remington, former executive director fo Maryland SCCAN<\/p><\/blockquote>\n<p>Auch Georgia, ein gef\u00f6rderter Staat, wurde vorgestellt.<\/p>\n<p>&nbsp;<\/p>\n\t\t\t<a href=\"https:\/\/preventchildabuse.org\/wp-content\/uploads\/2025\/12\/EfC-Case-Study-Nov-2025.pdf\" target=\"_blank\" rel=\"noopener\">\n\t\t\t\t\t\tLesen Sie die Fallstudie\n\t\t\t\t\t<\/a>","protected":false},"excerpt":{"rendered":"<p>MEETINGS &amp; REPORTS Attend, Read and Share We invite you to attend our meetings, read our annual reports and share the information with your colleagues. Together we can grow our network of partners to strengthen our efforts and move Maryland forward. Attend a Meeting EFC meets on the first Thursday of certain months, alternating with&hellip;<\/p>","protected":false},"author":1,"featured_media":27470,"parent":26597,"menu_order":0,"comment_status":"closed","ping_status":"closed","template":"","meta":{"footnotes":""},"class_list":["post-26577","page","type-page","status-publish","has-post-thumbnail","hentry"],"_links":{"self":[{"href":"https:\/\/marylandefc.org\/de\/wp-json\/wp\/v2\/pages\/26577","targetHints":{"allow":["GET"]}}],"collection":[{"href":"https:\/\/marylandefc.org\/de\/wp-json\/wp\/v2\/pages"}],"about":[{"href":"https:\/\/marylandefc.org\/de\/wp-json\/wp\/v2\/types\/page"}],"author":[{"embeddable":true,"href":"https:\/\/marylandefc.org\/de\/wp-json\/wp\/v2\/users\/1"}],"replies":[{"embeddable":true,"href":"https:\/\/marylandefc.org\/de\/wp-json\/wp\/v2\/comments?post=26577"}],"version-history":[{"count":0,"href":"https:\/\/marylandefc.org\/de\/wp-json\/wp\/v2\/pages\/26577\/revisions"}],"up":[{"embeddable":true,"href":"https:\/\/marylandefc.org\/de\/wp-json\/wp\/v2\/pages\/26597"}],"wp:featuredmedia":[{"embeddable":true,"href":"https:\/\/marylandefc.org\/de\/wp-json\/wp\/v2\/media\/27470"}],"wp:attachment":[{"href":"https:\/\/marylandefc.org\/de\/wp-json\/wp\/v2\/media?parent=26577"}],"curies":[{"name":"wp","href":"https:\/\/api.w.org\/{rel}","templated":true}]}}