{"id":26748,"date":"2024-01-29T13:07:38","date_gmt":"2024-01-29T21:07:38","guid":{"rendered":"https:\/\/marylandefc.org\/?page_id=26748"},"modified":"2026-03-03T06:14:20","modified_gmt":"2026-03-03T14:14:20","slug":"recent-impact","status":"publish","type":"page","link":"https:\/\/marylandefc.org\/de\/policy\/recent-impact\/","title":{"rendered":"J\u00fcngste politische Erfolge"},"content":{"rendered":"<figure itemscope itemtype=\"https:\/\/schema.org\/ImageObject\">\n\t\t\t\t<img decoding=\"async\" src=\"https:\/\/marylandefc.org\/wp-content\/uploads\/2024\/01\/Legislative-impact-Essentials-for-childhood-Maryland-.jpeg\" alt=\"EFC members and partners standing in the Maryland legislature\" height=\"1536\" width=\"2048\" title=\"Auswirkungen auf die Gesetzgebung - Wichtige Informationen f\u00fcr die Kindheit in Maryland\" onerror=\"this.style.display='none'\" loading=\"lazy\" \/>\n\t<\/figure>\n\t<h1>J\u00dcNGSTE AUSWIRKUNGEN AUF DIE POLITIK<\/h1>\n\t<h2>Auswirkungen auf die Politik<\/h2>\n<p>Maryland Essentials for Childhood sch\u00e4tzt alle legislativen, exekutiven und gerichtlichen Ma\u00dfnahmen, die zur Verbesserung unserer Systeme beitragen und unseren Beh\u00f6rden Orientierung bieten. Wir glauben, dass jede von uns festgelegte Politik eine gesunde Entwicklung f\u00f6rdern und unn\u00f6tige Belastungen f\u00fcr Kinder und die Erwachsenen in ihrem Leben reduzieren sollte.<\/p>\n<p>Drei aktuelle Erfolge, die diese Wirkung belegen:\u00a0<\/p>\n<ul>\n<li aria-level=\"1\">Time to Care Act von 2022\u00a0<\/li>\n<li aria-level=\"1\">Das Child Victims Act von 2023\u00a0<\/li>\n<li aria-level=\"1\">Marylands Gesetz zur Heilung von Traumata aus dem Jahr 2021<\/li>\n<\/ul>\n\t\t<h2><a href=\"https:\/\/legiscan.com\/MD\/bill\/HB1\/2023\" target=\"_blank\" rel=\"noopener\">Das Child Victims Act von 2023<\/a><\/h2><h3>Verj\u00e4hrungsfrist f\u00fcr Vorw\u00fcrfe sexuellen Kindesmissbrauchs aufgehoben<\/h3>\n<p>Die Bem\u00fchungen, das Child Victims Act zu verabschieden, erforderten jahrelange Hartn\u00e4ckigkeit und Mut von Seiten der \u00dcberlebenden sexuellen Kindesmissbrauchs. Unter der Leitung von Maryland Essentials for Childhood und Justice4MDSurvivors setzte sich eine von Freiwilligen geleitete Gruppe von \u00dcberlebenden, Anw\u00e4lten, Organisationen und Gesetzgebern f\u00fcr die Schaffung von Gesetzen ein, die \u00dcberlebenden sexuellen Kindesmissbrauchs Zugang zur Justiz verschaffen und <strong>verhindert, dass es \u00fcberhaupt zu sexuellem Kindesmissbrauch kommt.<\/strong>\u00a0<\/p>\n<p><strong>Das neue Gesetz beseitigt die Verj\u00e4hrungsfrist f\u00fcr zivilrechtliche Klagen wegen sexuellen Kindesmissbrauchs und \u00f6ffnet eine dauerhafte Wiederaufnahmefrist.<\/strong> Dies gibt Erwachsenen, die durch fr\u00fchere Gesetze daran gehindert wurden, die M\u00f6glichkeit, Klage einzureichen, wenn sie dazu bereit sind. Zivilverfahren bieten der \u00d6ffentlichkeit ein h\u00f6heres Ma\u00df an Offenlegung, <strong>Es geht nicht nur um die mutma\u00dflichen Missbrauchst\u00e4ter, sondern auch um die Institutionen, die den Missbrauch h\u00e4tten verhindern k\u00f6nnen.\u00a0<\/strong><\/p>\n<p>Dieses Gesetz bietet \u00f6ffentlichen und privaten Einrichtungen eine weitere Gelegenheit, ihre Richtlinien und Verfahren zur Pr\u00e4vention des sexuellen Missbrauchs von Kindern zu \u00fcberpr\u00fcfen. <strong>Dar\u00fcber hinaus bietet sich die Gelegenheit, jene Institutionen zur Verantwortung zu ziehen, die nicht genug f\u00fcr die Sicherheit der Kinder getan haben. <\/strong><\/p>\n\t\t\t<a href=\"https:\/\/legiscan.com\/MD\/bill\/HB1\/2023\" target=\"_blank\" rel=\"noopener\">\n\t\t\t\t\t\tLesen Sie das Gesetz\n\t\t\t\t\t<\/a>\n<figure itemscope itemtype=\"https:\/\/schema.org\/ImageObject\">\n\t\t\t\t<img decoding=\"async\" src=\"https:\/\/marylandefc.org\/wp-content\/uploads\/2024\/02\/Kathryn-Robb-and-Delegate-CT-Wilson-scaled.jpg\" alt=\"Kathryn Robb and Delegate CT Wilson\" height=\"2560\" width=\"1932\" title=\"Kathryn Robb und Delegierter CT Wilson\" onerror=\"this.style.display='none'\" loading=\"lazy\" \/>\n\t\t<figcaption>Kathryn Robb und Delegierter CT Wilson<\/figcaption>\n\t<\/figure>\n\t<h3>Kathryn Robb<br \/>\nGesch\u00e4ftsf\u00fchrer Child USAdvocacy<\/h3>\n<blockquote><p>Das Maryland Child Victims Act ist eines der besten im Land, weil es nicht nur allen \u00dcberlebenden Gerechtigkeit verschafft, sondern auch zuk\u00fcnftige Kinder sch\u00fctzt.<\/p><\/blockquote>\n<h3>\n\t\t\tDer Child Victims Act wird vorangetrieben durch\t<\/h3>\n<figure itemscope itemtype=\"https:\/\/schema.org\/ImageObject\">\n\t\t\t\t<img decoding=\"async\" src=\"https:\/\/marylandefc.org\/wp-content\/uploads\/2024\/01\/MEFC_Logo-RGB.svg\" alt=\"Maryland Essentials for Childhood logo\" height=\"247\" width=\"758\" title=\"MEFC_Logo-RGB\" onerror=\"this.style.display='none'\" loading=\"lazy\" \/>\n\t<\/figure>\n<figure itemscope itemtype=\"https:\/\/schema.org\/ImageObject\">\n\t\t\t\t<img decoding=\"async\" src=\"https:\/\/marylandefc.org\/wp-content\/uploads\/2024\/01\/J4MDS_logo.webp\" alt=\"Justice 4 MD Survivors logo\" height=\"216\" width=\"570\" title=\"J4MDS_logo\" onerror=\"this.style.display='none'\" loading=\"lazy\" \/>\n\t<\/figure>\n\t\t<h2><a href=\"https:\/\/legiscan.com\/MD\/bill\/SB275\/2022\" target=\"_blank\" rel=\"noopener\">Time to Care Act von 2022<\/a><\/h2><h3>Bezahlter Familien- und Krankenurlaub<\/h3>\n<p>Unter der F\u00fchrung des Maryland Family Network und anderer wichtiger Organisationen <a href=\"https:\/\/www.timetocare.net\/\" target=\"_blank\" rel=\"noopener\">Koalition \u201eZeit f\u00fcr Pflege\u201c<\/a> brachte Einzelpersonen, Organisationen und Gesetzgeber zusammen, die sich jahrelang daf\u00fcr eingesetzt hatten, einen Konsens f\u00fcr ein Gesetz zu erzielen, das sich \u00fcber Generationen hinweg positiv auf Familien auswirken w\u00fcrde. <\/p>\n<p>Maryland Essentials for Childhood und unsere Partner waren stolz, Mitglieder der Koalition zu sein und ihre Stimme und ihren Einsatz einzubringen, um bezahlten Familienurlaub in Maryland Wirklichkeit werden zu lassen.<\/p>\n<p>Das neue Gesetz schafft eine <b>Versicherungsfonds zur Bereitstellung eines teilweisen Lohnersatzes f\u00fcr Arbeitnehmer, die eine Auszeit von der Arbeit nehmen, um sich um Neugeborene, Angeh\u00f6rige mit schweren Erkrankungen oder Behinderungen oder um sich selbst zu k\u00fcmmern.<\/b><\/p>\n\t\t\t<a href=\"https:\/\/legiscan.com\/MD\/bill\/SB275\/2022\" target=\"_blank\" rel=\"noopener\">\n\t\t\t\t\t\tLesen Sie das Gesetz\n\t\t\t\t\t<\/a>\n\t<p>Wir wissen, dass bezahlter Urlaub f\u00fcr junge M\u00fctter dazu beitr\u00e4gt, die geistige und k\u00f6rperliche Gesundheit der Mutter und des Neugeborenen zu verbessern. <\/p>\n<p><strong>Bezahlter Urlaub kommt Familien zugute, da er ihnen in den ersten gemeinsamen Wochen als Familie Zeit f\u00fcr soziale und emotionale Kontakte gibt. <\/strong><\/p>\n<figure data-animation-delay=\"0\" data-animation-duration=\"1\" itemscope itemtype=\"https:\/\/schema.org\/ImageObject\">\n\t\t\t\t<img decoding=\"async\" src=\"https:\/\/marylandefc.org\/wp-content\/uploads\/2024\/02\/Parents-at-home-in-nursery-with-child-on-paid-time-off.jpg\" alt=\"Parents in nursery with child\" height=\"800\" width=\"1200\" title=\"Eltern zu Hause in der Kindertagesst\u00e4tte mit Kind im bezahlten Urlaub\" onerror=\"this.style.display='none'\" loading=\"lazy\" \/>\n\t<\/figure>\n<figure itemscope itemtype=\"https:\/\/schema.org\/ImageObject\">\n\t\t\t\t<img decoding=\"async\" src=\"https:\/\/marylandefc.org\/wp-content\/uploads\/2024\/01\/ashley-schappell.jpeg\" alt=\"Ashley Schappell photo\" height=\"800\" width=\"800\" title=\"Ashley Schappell\" onerror=\"this.style.display='none'\" loading=\"lazy\" \/>\n\t<\/figure>\n<h4>\n\t\t\tAshley Schappell D&#039;Inverno, PhD\t<\/h4>\n<h5>\n\t\t\tAbteilung f\u00fcr Gewaltpr\u00e4vention bei den Centers for Disease Control and Prevention\t<\/h5>\n\t<blockquote><p>Bezahlter Elternurlaub kann den finanziellen Stress verringern, Eltern erm\u00f6glichen, sich auf die Bindung zu ihrem Kind zu konzentrieren und die Gleichberechtigung der Geschlechter f\u00f6rdern, da V\u00e4ter mehr Zeit haben, sich an der Kinderbetreuung zu beteiligen.<\/p>\n<p>All diese positiven Auswirkungen kommen dem Kind und der gesamten Familie zugute.<\/p><\/blockquote>\n\t\t\t<a href=\"https:\/\/paidleave.maryland.gov\/Pages\/default.aspx\" target=\"_blank\" rel=\"noopener\">\n\t\t\t\t\t\tMehr erfahren\n\t\t\t\t\t<\/a>\n<h3>\n\t\t\tDas Time to Care-Gesetz wird vorangetrieben von:\t<\/h3>\n<figure itemscope itemtype=\"https:\/\/schema.org\/ImageObject\">\n\t\t\t\t<img decoding=\"async\" src=\"https:\/\/marylandefc.org\/wp-content\/uploads\/2024\/01\/Time-to-Care-Logo.png\" alt=\"Time to Care Logo\" height=\"1120\" width=\"1120\" title=\"Logo \u201eZeit f\u00fcr Pflege\u201c\" onerror=\"this.style.display='none'\" loading=\"lazy\" \/>\n\t<\/figure>\n<figure itemscope itemtype=\"https:\/\/schema.org\/ImageObject\">\n\t\t\t\t<img decoding=\"async\" src=\"https:\/\/marylandefc.org\/wp-content\/uploads\/2024\/01\/Marylanf-Family-Network-Logo.jpg\" alt=\"Maryland Family Network logo\" height=\"259\" width=\"477\" title=\"Marylanf Familiennetzwerk Logo\" onerror=\"this.style.display='none'\" loading=\"lazy\" \/>\n\t<\/figure>\n\t<h2>Marylands Gesetz zur Heilung von Traumata aus dem Jahr 2021<\/h2>\n<h2>Kommission f\u00fcr traumainformierte Versorgung<\/h2>\n<p>Im Jahr 2021 erlie\u00df der damalige Gouverneur Larry Hogan eine Executive Order zu negativen Kindheitserlebnissen. <\/p>\n\t\t<h3>Der 6. Mai ist der Tag der Aufkl\u00e4rung \u00fcber negative Kindheitserfahrungen<\/h3>\t\n\t<figure itemscope itemtype=\"https:\/\/schema.org\/ImageObject\">\n\t\t\t\t<img decoding=\"async\" src=\"https:\/\/marylandefc.org\/wp-content\/uploads\/2024\/02\/Person-holding-someones-hand-to-comfort-during-trauma.jpg\" alt=\"Person holding someones hand to comfort during trauma\" height=\"800\" width=\"1200\" title=\"Person, die jemandem w\u00e4hrend eines Traumas die Hand h\u00e4lt, um ihn zu tr\u00f6sten\" onerror=\"this.style.display='none'\" loading=\"lazy\" \/>\n\t<\/figure>\n\t<h3>Kommission f\u00fcr traumainformierte Versorgung<\/h3>\n<p>Im selben Monat verabschiedete die Generalversammlung von Maryland ein Gesetz zur Gr\u00fcndung der Kommission f\u00fcr traumainformierte Versorgung.<\/p>\n<p>Die Aufgabe der Kommission besteht darin, eine landesweite Initiative zu koordinieren, die der traumasensiblen und traumasensiblen Erbringung staatlicher Dienstleistungen, die Kinder, Jugendliche, Familien und \u00e4ltere Erwachsene betreffen, Priorit\u00e4t einr\u00e4umt.\u00a0<\/p>\n<p>Im Jahr 2022 war Gouverneur Wes Moore der erste Kandidat f\u00fcr ein hochrangiges politisches Amt im ganzen Land, der eine Wahlkampfplattform zum Thema ACEs und Traumata erstellte.<\/p>\n<h3>\n\t\t\tWeiterlesen\t<\/h3>\n\t\t\t<a href=\"https:\/\/goccp.maryland.gov\/councils-commissions-and-workgroups\/commission-on-trauma-informed-care\/\" target=\"_blank\" rel=\"noopener\">\n\t\t\t\t\t\tLesen Sie weiter \u00fcber die Kommission f\u00fcr traumasensible Betreuung in Maryland.\n\t\t\t\t\t<\/a>\n\t\t\t<a href=\"https:\/\/legiscan.com\/MD\/bill\/HB548\/2021\" target=\"_blank\" rel=\"noopener\">\n\t\t\t\t\t\t2021: Kommission f\u00fcr traumasensible Versorgung und Schulungen (Gesetz zur Heilung von Traumata in Maryland) HB548 \/ SB299\n\t\t\t\t\t<\/a>\n\t\t\t<a href=\"\/wp-content\/uploads\/2024\/01\/Maryland-Governors-ACEs-Executive-Order-5-6-21.pdf\"  target=\"_blank\" rel=\"noopener\">\n\t\t\t\t\t\tLesen Sie die Anordnung von Gouverneur Hogan.\n\t\t\t\t\t<\/a>\n\t\t\t<a href=\"https:\/\/wesmoore.com\/wp-content\/uploads\/2022\/06\/Wes-Moore-For-Maryland-Trauma-Informed-Care-One-Pager.pdf%20\" target=\"_blank\" rel=\"noopener\">\n\t\t\t\t\t\tLesen Sie Gouverneur Moores Kampagnenplattform zu ACEs und Trauma.\n\t\t\t\t\t<\/a>","protected":false},"excerpt":{"rendered":"<p>Aktuelle politische Auswirkungen: Maryland Essentials for Childhood sch\u00e4tzt alle legislativen, exekutiven und judikativen Ma\u00dfnahmen, die unsere Systeme verbessern und unseren Beh\u00f6rden Orientierung bieten. Wir sind \u00fcberzeugt, dass jede von uns festgelegte Richtlinie eine gesunde Entwicklung f\u00f6rdern und unn\u00f6tige Belastungen f\u00fcr Kinder und die Erwachsenen in ihrem Umfeld reduzieren sollte. Drei aktuelle Erfolge\u2026<\/p>","protected":false},"author":1,"featured_media":27091,"parent":3255,"menu_order":0,"comment_status":"closed","ping_status":"closed","template":"","meta":{"footnotes":""},"class_list":["post-26748","page","type-page","status-publish","has-post-thumbnail","hentry"],"_links":{"self":[{"href":"https:\/\/marylandefc.org\/de\/wp-json\/wp\/v2\/pages\/26748","targetHints":{"allow":["GET"]}}],"collection":[{"href":"https:\/\/marylandefc.org\/de\/wp-json\/wp\/v2\/pages"}],"about":[{"href":"https:\/\/marylandefc.org\/de\/wp-json\/wp\/v2\/types\/page"}],"author":[{"embeddable":true,"href":"https:\/\/marylandefc.org\/de\/wp-json\/wp\/v2\/users\/1"}],"replies":[{"embeddable":true,"href":"https:\/\/marylandefc.org\/de\/wp-json\/wp\/v2\/comments?post=26748"}],"version-history":[{"count":0,"href":"https:\/\/marylandefc.org\/de\/wp-json\/wp\/v2\/pages\/26748\/revisions"}],"up":[{"embeddable":true,"href":"https:\/\/marylandefc.org\/de\/wp-json\/wp\/v2\/pages\/3255"}],"wp:featuredmedia":[{"embeddable":true,"href":"https:\/\/marylandefc.org\/de\/wp-json\/wp\/v2\/media\/27091"}],"wp:attachment":[{"href":"https:\/\/marylandefc.org\/de\/wp-json\/wp\/v2\/media?parent=26748"}],"curies":[{"name":"wp","href":"https:\/\/api.w.org\/{rel}","templated":true}]}}