{"id":26765,"date":"2024-01-29T14:32:11","date_gmt":"2024-01-29T22:32:11","guid":{"rendered":"https:\/\/marylandefc.org\/?page_id=26765"},"modified":"2026-02-12T15:24:59","modified_gmt":"2026-02-12T23:24:59","slug":"informing-policy","status":"publish","type":"page","link":"https:\/\/marylandefc.org\/de\/policy\/informing-policy\/","title":{"rendered":"Informierende Politik"},"content":{"rendered":"<figure itemscope itemtype=\"https:\/\/schema.org\/ImageObject\">\n\t\t\t\t<img decoding=\"async\" src=\"https:\/\/marylandefc.org\/wp-content\/uploads\/2024\/01\/The-Science-of-the-Developing-Child.jpg\" alt=\"The Science of the Developing Child white paper mockup\" height=\"800\" width=\"1200\" title=\"Die Wissenschaft der Entwicklung des Kindes\" onerror=\"this.style.display='none'\" loading=\"lazy\" \/>\n\t<\/figure>\n\t<h1>POLITIKENTSCHEIDUNGSTR\u00c4GER<\/h1>\n\t<h2>Informierende Politik<\/h2>\n<p>Um f\u00fcr eine wirksame Politik einzutreten, investiert Maryland Essentials for Childhood erheblich in die Ermittlung bew\u00e4hrter Verfahren auf nationaler, internationaler und in anderen Staaten, lernt von Forschern auf diesem Gebiet und bietet unseren Partnern die M\u00f6glichkeit zum Dialog.\u00a0<\/p>\n<p>Im Jahr 2016 ver\u00f6ffentlichte Maryland EFC einen Rahmen f\u00fcr unsere Priorit\u00e4ten, der auf den neuen Gebieten der Gehirnforschung und negativen Kindheitserlebnissen basiert. Dieses Whitepaper, <i>Die Wissenschaft der Entwicklung des Gehirns, ACEs und Resilienz: Ein starkes Argument f\u00fcr ein wohlhabendes Maryland<\/i> pr\u00e4gt noch heute unsere Arbeit. <\/p>\n\t\t\t<a href=\"https:\/\/marylandefc.org\/wp-content\/uploads\/2024\/03\/Prosperous-Maryland-white-paper-by-Maryland-Essentials-for-Childhood.pdf\"  target=\"_blank\" rel=\"noopener\">\n\t\t\t\t\t\t\tWeiterlesen\n\t\t\t<\/a>\n\t<h3>F\u00fcr ein wohlhabenderes Maryland<\/h3>\n<p>Im Jahr 2019 ver\u00f6ffentlichte Maryland Essentials for Childhood ein Whitepaper, <i>F\u00fcr ein wohlhabenderes Maryland: Gesetzliche L\u00f6sungen zur Vorbeugung und Milderung negativer Kindheitserlebnisse und zum Aufbau widerstandsf\u00e4higer Gemeinschaften. <\/i>Politiker im ganzen Land informieren sich \u00fcber die neuesten Erkenntnisse der Neurowissenschaft, Epigenetik, die ACE-Studie und Resilienz (NEAR Science) und ergreifen politische Ma\u00dfnahmen, um eine gesunde Entwicklung und eine erfolgreiche Zukunft f\u00fcr ihre W\u00e4hler zu f\u00f6rdern.<\/p>\n<p>Dieses Kurzpapier erl\u00e4utert die Grundlagen der NEAR-Forschung \u2013 Neurobiologie, Epigenetik, ACEs und Resilienzforschung \u2013 sowie die evidenzbasierten und innovativen Ma\u00dfnahmen, die von der Bundesregierung und den Landesregierungen zur Pr\u00e4vention und Milderung von Kindheitstraumata und zur F\u00f6rderung der Resilienz von Familien und Gemeinschaften umgesetzt werden.\u00a0<\/p>\n<p>Dieses Dokument war ein wirkungsvolles Instrument, um Gesetzgeber und Vordenker \u00fcber die wissenschaftlichen Erkenntnisse und L\u00f6sungsans\u00e4tze zu informieren.\u00a0<\/p>\n<p>Das Whitepaper w\u00e4re ohne die engagierte Arbeit unserer Partner von Maryland Essentials for Childhood, Change the Conversation (fr\u00fcher No More Stolen Childhoods), SCCAN und dem Sondheim Nonprofit Leadership Program nicht m\u00f6glich gewesen.\u00a0<\/p>\n\t\t\t<a href=\"https:\/\/marylandefc.org\/wp-content\/uploads\/2024\/01\/FINAL-Toward-A-More-Prosperous-Maryland-ACEs-Legislative-Brief.pdf\"  target=\"_blank\" rel=\"noopener\">\n\t\t\t\t\t\t\tWeiterlesen\n\t\t\t<\/a>\n<figure data-animation-delay=\"0\" data-animation-duration=\"1\" itemscope itemtype=\"https:\/\/schema.org\/ImageObject\">\n\t\t\t\t<a href=\"\/wp-content\/uploads\/2024\/01\/FINAL-Toward-A-More-Prosperous-Maryland-ACEs-Legislative-Brief.pdf\"  target=\"_blank\" rel=\"noopener\"  itemprop=\"url\">\n\t\t\t\t<img decoding=\"async\" src=\"https:\/\/marylandefc.org\/wp-content\/uploads\/2024\/01\/Toward-a-More-Prosperous-Maryland.jpg\" alt=\"Toward a More Prosperous Maryland white paper mockup\" height=\"800\" width=\"1200\" title=\"F\u00fcr ein wohlhabenderes Maryland\" onerror=\"this.style.display='none'\" loading=\"lazy\" \/>\n\t\t\t\t<\/a>\n\t<\/figure>\n\t\t<p>\u201cSichere, stabile und f\u00f6rderliche Beziehungen und Umgebungen wirken als Schutzfaktoren und sind unerl\u00e4sslich f\u00fcr die Gesundheit und das Wohlergehen unserer Kinder. Sie gew\u00e4hrleisten, dass jedes Kind in Maryland die gleichen Chancen hat, sich optimal zu entwickeln. Alle Einwohner Marylands tragen dazu bei, die Gesundheit und das Wohlergehen der n\u00e4chsten Generation und eine erfolgreiche Zukunft f\u00fcr alle zu sichern. Kein Einzelner, keine Organisation, kein Sektor und kein Regierungszweig allein kann Kindheitstraumata und belastende Kindheitserfahrungen verhindern oder deren Auswirkungen abmildern.\u201d<\/p>\n<p>&nbsp;<\/p>\n<p><strong>~ Von <i>F\u00fcr ein wohlhabenderes Maryland: Gesetzliche L\u00f6sungen zur Vorbeugung und Milderung negativer Kindheitserlebnisse und zum Aufbau widerstandsf\u00e4higer Gemeinschaften.<\/i>\u00a0\u00a0<\/strong><\/p>\n\t<h2>ACEs-Rundtischsitzung<\/h2>\n<p><b>Gesponsert von: Delegierte Vanessa E. Atterbeary und Senator Antonio Hayes<\/b><\/p>\n<p>Im Dezember 2019 veranstaltete Maryland Essentials for Childhood eine ACEs-Rundtischsitzung f\u00fcr Mitglieder der Maryland General Assembly. Die Veranstaltung bot Gesetzgebern und Gemeindevorstehern die Gelegenheit, Experten zuzuh\u00f6ren und M\u00f6glichkeiten zur Verabschiedung und Umsetzung von Richtlinien und Praktiken zu diskutieren, die: <\/p>\n<ul>\n<li>Wirkt nachweislich stark auf <a href=\"https:\/\/marylandefc.org\/de\/grownups\/early-years\/\">gesundes Kind<\/a> Und <a href=\"https:\/\/marylandefc.org\/de\/grownups\/teen-development\/\">Entwicklung von Jugendlichen<\/a>.<\/li>\n<li>Vorbeugen, reduzieren und heilen <a href=\"https:\/\/marylandefc.org\/de\/get-involved\/ace-impact\/\">Widrigkeiten und Traumata<\/a>.<\/li>\n<li>Bauen <a href=\"https:\/\/marylandefc.org\/de\/grownups\/resilience\/\">Widerstandsf\u00e4higkeit<\/a>.<\/li>\n<\/ul>\n<figure itemscope itemtype=\"https:\/\/schema.org\/ImageObject\">\n\t\t\t\t<img decoding=\"async\" src=\"https:\/\/marylandefc.org\/wp-content\/uploads\/2024\/01\/ACEs-Roundtable-Image-BrainScience-1-scaled.jpg\" alt=\"Infographic of ACEs roundtable findings\" height=\"1205\" width=\"2560\" title=\"ACEs Roundtable Bild BrainScience (1)\" onerror=\"this.style.display='none'\" loading=\"lazy\" \/>\n\t<\/figure>\n<figure itemscope itemtype=\"https:\/\/schema.org\/ImageObject\">\n\t\t\t\t<img decoding=\"async\" src=\"https:\/\/marylandefc.org\/wp-content\/uploads\/2024\/02\/ACE-Roundtable-Drawing-about-Surprises-with-the-Science-scaled.jpg\" alt=\"ACE Roundtable drawing about surprises with the science\" height=\"1205\" width=\"2560\" title=\"ACE-Roundtable-Zeichnung \u00fcber \u00dcberraschungen in der Wissenschaft\" onerror=\"this.style.display='none'\" loading=\"lazy\" \/>\n\t<\/figure>\n\t<h3>Der Tag beinhaltete Pr\u00e4sentationen von und Diskussionen mit:<\/h3>\n<ul>\n<li aria-level=\"1\">Frank Kros von Kros Learning\u00a0<\/li>\n<li aria-level=\"1\">Melissa Merrick, CEO von Prevent Child Abuse America, war leitende Wissenschaftlerin der ACE-Studie bei der CDC.\u00a0<\/li>\n<li aria-level=\"1\">Kate Blackman, Nationale Konferenz der Staatsgesetzgeber<\/li>\n<li aria-level=\"1\"><a href=\"https:\/\/www.youtube.com\/watch?v=NyEcWHURXPw&amp;t=30s\" target=\"_blank\" rel=\"noopener\">First Lady von Delaware, Tracey Quillen Carney<\/a>\u00a0<\/li>\n<li aria-level=\"1\">Mary Rolando, Innovationsdirektorin f\u00fcr ACEs im Kinder- und Jugendhilfedienst des Bundesstaates Tennessee <\/li>\n<li aria-level=\"1\">Michael Castognola, Mitarbeiter des Aufsichts- und Reformausschusses des Repr\u00e4sentantenhauses und der verstorbene Kongressabgeordnete Elijah Cummings\u00a0<\/li>\n<li aria-level=\"1\">Joan Gillece von der National Association of State Mental Health Program Directors<\/li>\n<\/ul>\n<p>W\u00e4hrend eines Round-Robin-Mittagessens mit Gesetzgebern hatten lokale Experten, Leiter von ACE-Initiativen in der Gemeinde Maryland und Partner von Maryland Essentials for Childhood aus dem ganzen Staat die M\u00f6glichkeit, <b>wie die Wissenschaft in Gemeinden im ganzen Staat in die Praxis umgesetzt wird.<\/b>\u00a0<\/p>\n<p>Die Gesetzgeber wurden ermutigt, sich anzuschlie\u00dfen <a href=\"https:\/\/www.pacesconnection.com\/g\/maryland-state-aces\" target=\"_blank\" rel=\"noopener\">Maryland ACEs-Aktion<\/a> um mit Organisationen im ganzen Bundesstaat in Kontakt zu bleiben, die sich f\u00fcr die F\u00f6rderung des Bewusstseins f\u00fcr ACE-Forschung und traumasensible\/resilienzf\u00f6rdernde Praktiken einsetzen.<\/p>\n<p>Die Abell Foundation leistete gro\u00dfz\u00fcgige Unterst\u00fctzung bei der Moderation und der grafischen Aufzeichnung der Veranstaltung.<\/p>","protected":false},"excerpt":{"rendered":"<p>POLITISCHE ENTSCHEIDUNGEN \u2013 Politikgestaltung: Um sich f\u00fcr eine wirksame Politik einzusetzen, investiert Maryland Essentials for Childhood erheblich in die Ermittlung bew\u00e4hrter Verfahren auf nationaler, internationaler und bundesstaatlicher Ebene, lernt von Forschern auf diesem Gebiet und bietet seinen Partnern die M\u00f6glichkeit zum Dialog. Im Jahr 2016 ver\u00f6ffentlichte Maryland EFC einen Rahmen f\u00fcr seine Priorit\u00e4ten, der auf den neuesten Entwicklungen in diesem Bereich basiert\u2026<\/p>","protected":false},"author":1,"featured_media":26773,"parent":3255,"menu_order":0,"comment_status":"closed","ping_status":"closed","template":"","meta":{"footnotes":""},"class_list":["post-26765","page","type-page","status-publish","has-post-thumbnail","hentry"],"_links":{"self":[{"href":"https:\/\/marylandefc.org\/de\/wp-json\/wp\/v2\/pages\/26765","targetHints":{"allow":["GET"]}}],"collection":[{"href":"https:\/\/marylandefc.org\/de\/wp-json\/wp\/v2\/pages"}],"about":[{"href":"https:\/\/marylandefc.org\/de\/wp-json\/wp\/v2\/types\/page"}],"author":[{"embeddable":true,"href":"https:\/\/marylandefc.org\/de\/wp-json\/wp\/v2\/users\/1"}],"replies":[{"embeddable":true,"href":"https:\/\/marylandefc.org\/de\/wp-json\/wp\/v2\/comments?post=26765"}],"version-history":[{"count":0,"href":"https:\/\/marylandefc.org\/de\/wp-json\/wp\/v2\/pages\/26765\/revisions"}],"up":[{"embeddable":true,"href":"https:\/\/marylandefc.org\/de\/wp-json\/wp\/v2\/pages\/3255"}],"wp:featuredmedia":[{"embeddable":true,"href":"https:\/\/marylandefc.org\/de\/wp-json\/wp\/v2\/media\/26773"}],"wp:attachment":[{"href":"https:\/\/marylandefc.org\/de\/wp-json\/wp\/v2\/media?parent=26765"}],"curies":[{"name":"wp","href":"https:\/\/api.w.org\/{rel}","templated":true}]}}