{"id":26895,"date":"2024-02-06T16:08:37","date_gmt":"2024-02-07T00:08:37","guid":{"rendered":"https:\/\/marylandefc.org\/?page_id=26895"},"modified":"2026-03-03T06:19:10","modified_gmt":"2026-03-03T14:19:10","slug":"grownups","status":"publish","type":"page","link":"https:\/\/marylandefc.org\/de\/grownups\/","title":{"rendered":"Gehirntrainings-Toolkit f\u00fcr die Entwicklung von Kindern"},"content":{"rendered":"<figure itemscope itemtype=\"https:\/\/schema.org\/ImageObject\">\n\t\t\t\t<img decoding=\"async\" src=\"https:\/\/marylandefc.org\/wp-content\/uploads\/2024\/02\/Grown-ups-playing-with-their-children-to-build-their-brains.jpg\" alt=\"Grown-ups playing with their children to build their brains\" height=\"800\" width=\"1200\" title=\"Erwachsene spielen mit ihren Kindern, um ihr Gehirn zu trainieren\" onerror=\"this.style.display='none'\" loading=\"lazy\" \/>\n\t<\/figure>\n\t<h1>ERWACHSENE<\/h1>\n\t\t<h2>Toolkit zum Aufbau des Gehirns<\/h2><p>Welcome to the brain-building toolkit, a one-stop location for all of us to get the necessary tools to help children thrive. Maryland Essentials for Childhood&#8217;s (Maryland EFC) Childhood Resilience Action Team gathered resources from leading experts, our backbone organizations and community partners to give parents and trusted adults easy access to the latest tips to support children.<\/p>\n<p>Our knowledge of what can help healthy child development and hurt it has expanded dramatically over the past few decades. While science informs our actions at Maryland EFC, you don&#8217;t have to be a brain scientist to build a child&#8217;s brain. ALL trusted adults have the tools, and in fact, <b>DU <\/b>are the key ingredient to a child&#8217;s strong foundation.<\/p>\n<p>Science shows us that events early in life can shape a child&#8217;s development. The good news is that it&#8217;s never too late to make a positive impact.<\/p>\n<a href=\"\"  target=\"_self\"><\/a>\t\n\t\t\t<a href=\"\/de\/grownups\/early-years\/\"  target=\"_self\">\n\t\t\t\t\t\t\tHier erfahren Sie mehr \u00fcber<br \/>fr\u00fche Entwicklung\n\t\t\t\t\t<\/a>\n\t\t\t<a href=\"\/de\/grownups\/teen-development\/\"  target=\"_self\">\n\t\t\t\t\t\t\tHier erfahren Sie mehr \u00fcber<br \/>Entwicklung bei Teenagern und Tweens\n\t\t\t\t\t<\/a>\n\t\t<h2>Wie Erwachsene und Kinder widerstandsf\u00e4higer werden<\/h2><p>When we, as grown-ups, are under stress, it&#8217;s harder to tune into children&#8217;s needs.<\/p>\n<p>Try these ways to reduce stress and support your and your child&#8217;s resilience.<\/p>\n<figure data-animation-delay=\"0\" data-animation-duration=\"1\" itemscope itemtype=\"https:\/\/schema.org\/ImageObject\">\n\t\t\t\t<img decoding=\"async\" src=\"https:\/\/marylandefc.org\/wp-content\/uploads\/2024\/02\/dad-cheering-with-his-daughter.jpg\" alt=\"dad cheering with his daughter\" height=\"800\" width=\"1200\" title=\"Vater jubelt seiner Tochter zu\" onerror=\"this.style.display='none'\" loading=\"lazy\" \/>\n\t<\/figure>\n\t\t<h3>1. Bauen Sie unterst\u00fctzende Beziehungen auf<\/h3><p>F\u00fcr Sie und Ihr Kind mit Freunden, Familie, Gesundheitsdienstleistern, Geistlichen, P\u00e4dagogen, Mentoren und Trainern.<\/p>\n\t\t<h3>2. Etablieren Sie Familienroutinen<\/h3><p>Eine vorhersehbare Routine vermittelt ein Gef\u00fchl von Sicherheit und Zugeh\u00f6rigkeit und f\u00f6rdert Beziehungen.<\/p>\n\t\t<h3>3. Konzentrieren Sie sich auf Ihre Lebensgewohnheiten<\/h3><p>Dazu geh\u00f6ren guter Schlaf, k\u00f6rperliche Aktivit\u00e4t und eine ausgewogene Ern\u00e4hrung. Wenn Sie Schwierigkeiten haben, gesundes Essen f\u00fcr Ihre Familie zu besorgen, w\u00e4hlen Sie die 211 und fragen Sie nach Tafeln in Ihrer N\u00e4he.<\/p>\n\t\t<h3>4. Raus in die Natur<\/h3><p>Es reduziert Stresshormone und erh\u00f6ht die Produktion von Hormonen, die Schmerzen lindern und die Stimmung verbessern.\u00a0<\/p>\n\t\t<h3>5. Verbringen Sie Zeit mit Haustieren<\/h3><p>If you don&#8217;t have one, volunteer your time at a pet shelter or organization.<\/p>\n\t\t<h3>6. \u00dcbe Achtsamkeit<\/h3><p>Es kann eine Supermacht sein. <a href=\"https:\/\/www.youtube.com\/watch?v=w6T02g5hnT4\" target=\"_blank\" rel=\"noopener\">Sehen Sie sich dieses Video an<\/a> um loszulegen.<\/p>\n\t\t<h2>Unterst\u00fctzung durch die Gemeinschaft in Zeiten der Not<\/h2><p>Wir wissen, dass die Erziehung und Betreuung von Kindern eine harte Aufgabe ist! Informieren Sie sich \u00fcber kommunale Ressourcen in Ihrer N\u00e4he, die Ihnen bei der Erziehung Ihrer Kinder helfen k\u00f6nnen. <\/p>\n<figure data-animation-delay=\"0\" data-animation-duration=\"1\" itemscope itemtype=\"https:\/\/schema.org\/ImageObject\">\n\t\t\t\t<img decoding=\"async\" src=\"https:\/\/marylandefc.org\/wp-content\/uploads\/2019\/01\/cropped-LBH_TFT_VERT_logo_rgb.png\" alt=\"The Family Tree logo\" height=\"332\" width=\"1046\" title=\"zugeschnitten-LBH_TFT_VERT_logo_rgb\" onerror=\"this.style.display='none'\" loading=\"lazy\" \/>\n\t<\/figure>\n\t\t<h3><a href=\"https:\/\/www.familytreemd.org\/programs\/helpline\/\" target=\"_blank\" rel=\"noopener\">Rufen Sie die Eltern-Hotline an<br \/> 1-800-243-7337<\/a><\/h3><p>Wenn Sie eine Frage zur Kindererziehung haben, bietet Ihnen die 24-Stunden-Eltern-Hotline kostenlose und vertrauliche Beratung, Ressourcen und Unterst\u00fctzung. <a href=\"https:\/\/www.familytreemd.org\/programs\/helpline\/\" target=\"_blank\" rel=\"noopener\">Eltern-Hotline<\/a>\u00a0ist ein Service von The Family Tree.<\/p>\n\t\t\t<a href=\"https:\/\/www.familytreemd.org\/programs\/helpline\/\" target=\"_blank\" rel=\"noopener\">\n\t\t\t\t\t\tEltern-Hotline\n\t\t\t\t\t<\/a>\n\t\t<h3><a href=\"http:\/\/search.marylandefc.org\/\" target=\"_blank\" rel=\"noopener\">W\u00e4hlen Sie 211<\/a><\/h3><p><a href=\"http:\/\/211md.org\" target=\"_blank\" rel=\"noopener\">211<\/a> is an Information and Referral System with community resources available for essential health and human services like food, housing, child care, utility assistance and mental health support. It&#8217;s powered by the Maryland Information Network and is available any time of day or night.\u00a0<\/p>\n<p>Maryland Essentials for Childhood (EFC) hat sich mit 211 zusammengetan, um Sie mit Ressourcen f\u00fcr Kinder und Familien in Ihrer Gemeinde zu verbinden.\u00a0<\/p>\n<p>Suchen Sie nach der Postleitzahl, um Community-Support in Ihrer N\u00e4he zu finden.<\/p>\n\t\t\t<a href=\"http:\/\/search.marylandefc.org\/\" target=\"_blank\" rel=\"noopener\">\n\t\t\t\t\t\t\tSuche nach Ressourcen\n\t\t\t<\/a>\n<figure data-animation-delay=\"0\" data-animation-duration=\"1\" itemscope itemtype=\"https:\/\/schema.org\/ImageObject\">\n\t\t\t\t<img decoding=\"async\" src=\"https:\/\/marylandefc.org\/wp-content\/uploads\/2025\/06\/211-MIN_Logo-rgb.svg\" alt=\"211 MIN Logo RGB\" height=\"310\" width=\"1366\" title=\"211-MIN_Logo-rgb\" onerror=\"this.style.display='none'\" loading=\"lazy\" \/>\n\t<\/figure>\n<figure itemscope itemtype=\"https:\/\/schema.org\/ImageObject\">\n\t\t\t\t<img decoding=\"async\" src=\"https:\/\/marylandefc.org\/wp-content\/uploads\/2024\/02\/family-playing-soccer-together.jpg\" alt=\"family playing soccer together\" height=\"800\" width=\"1200\" title=\"Familie spielt zusammen Fu\u00dfball\" onerror=\"this.style.display='none'\" loading=\"lazy\" \/>\n\t<\/figure>\n\t\t<figure itemscope itemtype=\"https:\/\/schema.org\/ImageObject\">\n\t\t\t\t<a href=\"\/de\/grownups\/resilience\/\"  target=\"_self\" itemprop=\"url\">\n\t\t\t\t<img decoding=\"async\" src=\"https:\/\/marylandefc.org\/wp-content\/uploads\/2024\/01\/MEC-Icons_idea.svg\" alt=\"Light bulb icon for information\" height=\"300\" width=\"300\" title=\"MEC-Icons_idee\" onerror=\"this.style.display='none'\" loading=\"lazy\" \/>\n\t\t\t\t<\/a>\n\t<\/figure>\n<h3><a href=\"\/de\/grownups\/resilience\/\" target=\"_self\">Holen Sie sich weitere Resilienz-Tools<\/a><\/h3>\n\t\t\t<a href=\"\/de\/grownups\/resilience\/\"  target=\"_self\">\n\t\t\t\t\t\t\tWeiterlesen\n\t\t\t\t\t<\/a>","protected":false},"excerpt":{"rendered":"<p>GROWN-UPS Brain-Building Toolkit Welcome to the brain-building toolkit, a one-stop location for all of us to get the necessary tools to help children thrive. Maryland Essentials for Childhood&#8217;s (Maryland EFC) Childhood Resilience Action Team gathered resources from leading experts, our backbone organizations and community partners to give parents and trusted adults easy access to the&hellip;<\/p>","protected":false},"author":1,"featured_media":27535,"parent":0,"menu_order":0,"comment_status":"closed","ping_status":"closed","template":"","meta":{"footnotes":""},"class_list":["post-26895","page","type-page","status-publish","has-post-thumbnail","hentry"],"_links":{"self":[{"href":"https:\/\/marylandefc.org\/de\/wp-json\/wp\/v2\/pages\/26895","targetHints":{"allow":["GET"]}}],"collection":[{"href":"https:\/\/marylandefc.org\/de\/wp-json\/wp\/v2\/pages"}],"about":[{"href":"https:\/\/marylandefc.org\/de\/wp-json\/wp\/v2\/types\/page"}],"author":[{"embeddable":true,"href":"https:\/\/marylandefc.org\/de\/wp-json\/wp\/v2\/users\/1"}],"replies":[{"embeddable":true,"href":"https:\/\/marylandefc.org\/de\/wp-json\/wp\/v2\/comments?post=26895"}],"version-history":[{"count":0,"href":"https:\/\/marylandefc.org\/de\/wp-json\/wp\/v2\/pages\/26895\/revisions"}],"wp:featuredmedia":[{"embeddable":true,"href":"https:\/\/marylandefc.org\/de\/wp-json\/wp\/v2\/media\/27535"}],"wp:attachment":[{"href":"https:\/\/marylandefc.org\/de\/wp-json\/wp\/v2\/media?parent=26895"}],"curies":[{"name":"wp","href":"https:\/\/api.w.org\/{rel}","templated":true}]}}