{"id":26901,"date":"2024-02-06T16:11:17","date_gmt":"2024-02-07T00:11:17","guid":{"rendered":"https:\/\/marylandefc.org\/?page_id=26901"},"modified":"2026-03-03T06:04:41","modified_gmt":"2026-03-03T14:04:41","slug":"teen-development","status":"publish","type":"page","link":"https:\/\/marylandefc.org\/de\/grownups\/teen-development\/","title":{"rendered":"Wie sich Teenager und Tweens entwickeln: Eine Zeit der Entdeckung und der M\u00f6glichkeiten"},"content":{"rendered":"<figure itemscope itemtype=\"https:\/\/schema.org\/ImageObject\">\n\t\t\t\t<img decoding=\"async\" src=\"https:\/\/marylandefc.org\/wp-content\/uploads\/2024\/02\/Adolescents-lined-up-on-steps-thinking-about-opportunities.jpg\" alt=\"Adolescents lined up on steps thinking about opportunities\" height=\"5687\" width=\"8531\" title=\"Gruppe, Von, Jungen, Menschen, Sitzen, In, Einer, Reihe, Auf, Der\" onerror=\"this.style.display='none'\" loading=\"lazy\" \/>\n\t<\/figure>\n\t<h1>ENTWICKLUNG F\u00dcR TEENS UND TWEENS<\/h1>\n\t<h2>Gelegenheit und Entdeckung<\/h2>\n<p>Die Adoleszenz \u2013 die Jahre zwischen 10 und etwa 25 \u2013 ist eine Zeit bemerkenswerter M\u00f6glichkeiten. Es ist eine Phase rasanten Wachstums, Entwicklung und Lernens.<i>\u00a0<\/i>Wir entdecken die Welt um uns herum und passen uns ihr an.\u00a0<\/p>\n<p>In dieser Phase der Entdeckung entwickeln wir unser Gesp\u00fcr daf\u00fcr, wer wir sind und wer wir sein wollen. Wir lernen, Entscheidungen zu treffen, unsere Emotionen zu kontrollieren und tiefere Verbindungen zu Gleichaltrigen, romantischen Partnern und unserer Gemeinschaft aufzubauen. Wir beginnen auch, die Welt um uns herum zu entdecken; wir entwickeln Interessen, Leidenschaften und sinnvolle Ziele, die unser Erwachsenenleben pr\u00e4gen.<\/p>\n\t<h2>Gehirnentwicklung bei Teenagern und Tweens<\/h2>\n<p>Die Adoleszenz ist eine weitere wichtige Phase f\u00fcr die Entwicklung eines starken Gehirns. Wir lernen rasant und passen uns dabei auf nat\u00fcrliche Weise unseren Beziehungen, unserer Umgebung und unseren Erfahrungen an. Daher ist diese Zeit ein entscheidendes Zeitfenster f\u00fcr Lernen und Entdecken \u2013 und gleichzeitig eine Gelegenheit, die Auswirkungen fr\u00fcherer Erfahrungen abzumildern. <a href=\"\/de\/grownups\/developmental-challenges\/\">Ungl\u00fcck<\/a>.<\/p>\n<p>Seit der Entwicklung von Magnetresonanztomographie-Ger\u00e4ten k\u00f6nnen wir beobachten, wie sich die Struktur des Gehirns entwickelt. Wissenschaftler haben viel dazu gelernt, was uns hilft, die Gehirnentwicklung bei Jugendlichen zu verstehen. <\/p>\n<figure data-animation-delay=\"0\" data-animation-duration=\"1\" itemscope itemtype=\"https:\/\/schema.org\/ImageObject\">\n\t\t\t\t<img decoding=\"async\" src=\"https:\/\/marylandefc.org\/wp-content\/uploads\/2024\/02\/Dad-helping-teens-brain-grow-by-talking-to-him-scaled.jpg\" alt=\"Dad helping teen&#039;s brain grow by talking to him\" height=\"1924\" width=\"2560\" title=\"Portr\u00e4t, von, A, gl\u00fccklich, Teenager, Junge, Sohn, im Gespr\u00e4ch, zu, seinem\" onerror=\"this.style.display='none'\" loading=\"lazy\" \/>\n\t<\/figure>\n\t\t<h3><a href=\"#adolescent\" target=\"_self\">1. Das Gehirn von Jugendlichen baut auf den Grundlagen der fr\u00fchen Kindheit auf.<\/a><\/h3>\n\t\t\t<a href=\"#adolescent\"  target=\"_self\">\n\t\t\t\t\t\t\tWeiterlesen\n\t\t\t\t\t<\/a>\n\t\t<h3><a href=\"#teenager\" target=\"_self\">2. Das Gehirn von Teenagern befindet sich noch im Aufbau und funktioniert anders als das Gehirn von Erwachsenen.<\/a><\/h3>\n\t\t\t<a href=\"#teenager\"  target=\"_self\">\n\t\t\t\t\t\t\tWeiterlesen\n\t\t\t\t\t<\/a>\n\t\t<h3><a href=\"#remodeling\" target=\"_self\">3. Das Gehirn von Teenagern durchl\u00e4uft eine Phase der \u201cUmstrukturierung\u201d.\u201d<\/a><\/h3>\n\t\t\t<a href=\"#remodeling\"  target=\"_self\">\n\t\t\t\t\t\t\tWeiterlesen\n\t\t\t\t\t<\/a>\n\t\t<h3><a href=\"#brain-development\" target=\"_self\">4. Wie Teenager ihre Zeit verbringen, ist entscheidend f\u00fcr die Entwicklung des Gehirns.<\/a><\/h3>\n\t\t\t<a href=\"#brain-development\"  target=\"_self\">\n\t\t\t\t\t\t\tWeiterlesen\n\t\t\t\t\t<\/a>\n\t\t<h3><a href=\"#brain-circuitry\" target=\"_self\">5. Es werden schnellere Gehirnschaltkreise aufgebaut, um die Entwicklung von F\u00e4higkeiten auf h\u00f6herem Niveau zu erm\u00f6glichen.<\/a><\/h3>\n\t\t\t<a href=\"#brain-circuitry\"  target=\"_self\">\n\t\t\t\t\t\t\tWeiterlesen\n\t\t\t\t\t<\/a>\n\t\t<h3><a href=\"#risks\" target=\"_self\">6. Jugendliche w\u00e4gen Risiken und Vorteile anders ab als Erwachsene.<\/a><\/h3>\n\t\t\t<a href=\"#risks\"  target=\"_self\">\n\t\t\t\t\t\t\tWeiterlesen\n\t\t\t\t\t<\/a>\n<figure data-animation-delay=\"0\" data-animation-duration=\"1\" itemscope itemtype=\"https:\/\/schema.org\/ImageObject\">\n\t\t\t\t<img decoding=\"async\" src=\"https:\/\/marylandefc.org\/wp-content\/uploads\/2024\/02\/teens-taking-selfies.jpg\" alt=\"teens taking selfies\" height=\"800\" width=\"1200\" title=\"Teenager machen Selfies\" onerror=\"this.style.display='none'\" loading=\"lazy\" \/>\n\t<\/figure>\n\t<h2>1. Das Gehirn von Jugendlichen baut auf den Grundlagen der fr\u00fchen Kindheit auf.<\/h2>\n<p>Zu dieser Grundlage geh\u00f6ren Beziehungen, Erfahrungen und die Umgebung, die die Architektur des Gehirns pr\u00e4gen. Diese sind auch in den Teenager- und Tween-Jahren von grundlegender Bedeutung.<\/p>\n<p>Ein gewisser Stress ist Teil des Lebens. Aber sehr belastende Erlebnisse wie ein traumatisches Erlebnis oder andere <a href=\"\/de\/grownups\/aces\/\">belastende Kindheitserlebnisse<\/a> Fehlt einem Teenager die n\u00f6tige Unterst\u00fctzung durch einen f\u00fcrsorglichen Erwachsenen, kann dies seine gesunde Entwicklung beeintr\u00e4chtigen. Dann entsteht toxischer Stress, der den K\u00f6rper des Kindes in einen Zustand erh\u00f6hter Alarmbereitschaft versetzt.<\/p>\n<p>Jugendliche brauchen zu Hause und in der Gemeinschaft einf\u00fchlsame und f\u00fcrsorgliche Erwachsene, die ihre gesunde Entwicklung unterst\u00fctzen.<\/p>\n<p>Au\u00dferdem entwickeln Teenager ihre <a href=\"https:\/\/marylandefc.org\/de\/grownups\/early-years\/#regulation\">F\u00fchrungskompetenzen, die sie in jungen Jahren erlernen<\/a>. Sie sind f\u00fcr den Aufbau von entscheidender Bedeutung. <a href=\"\/de\/grownups\/resilience\/\">Widerstandsf\u00e4higkeit<\/a>.<\/p>\n\t<h2>2. Das Gehirn von Teenagern befindet sich noch im Aufbau und funktioniert anders als das Gehirn von Erwachsenen.<\/h2>\n<p>Viele Eltern beklagen, dass ihr Teenager \u201claunisch\u201d oder \u201cimpulsiv\u201d sei. Es gibt biologische, reale Gr\u00fcnde, warum Ihr Teenager launisch oder impulsiv sein k\u00f6nnte \u2013 und das hat nicht alles mit \u201chormonellen Turbulenzen\u201d zu tun.\u201d\u00a0\u00a0<\/p>\n<p>Erwachsene denken mit dem Teil des Gehirns, der als pr\u00e4frontaler Kortex bezeichnet wird und rationale Entscheidungen trifft. Der pr\u00e4frontale Kortex reagiert auf Situationen mit rationalem Urteilsverm\u00f6gen und ber\u00fccksichtigt langfristige Konsequenzen.\u00a0<\/p>\n<p>Jugendliche <b>Verarbeiten Sie Informationen mit der Amygdala, dem emotionalen Teil des Gehirns.<\/b>\u00a0 Die Verbindungen zwischen dem emotionalen Zentrum des Gehirns und dem Entscheidungszentrum entwickeln sich im Gehirn von Teenagern noch.\u00a0<\/p>\n<p>Manchmal bemerken Sie vielleicht, dass das Denken und Verhalten Ihres Teenagers recht reif wirkt, manchmal aber auch nicht. Das liegt daran, dass der pr\u00e4frontale Cortex zu den letzten Hirnregionen geh\u00f6rt, die vollst\u00e4ndig ausreifen.<\/p>\n<p>&nbsp;<\/p>\n<figure data-animation-delay=\"0\" data-animation-duration=\"1\" itemscope itemtype=\"https:\/\/schema.org\/ImageObject\">\n\t\t\t\t<img decoding=\"async\" src=\"https:\/\/marylandefc.org\/wp-content\/uploads\/2024\/02\/Visual-image-of-teenage-brain-under-construction-and-the-emotions.jpg\" alt=\"Girl looking up at drawing of brain with various colors for emotions\" height=\"1518\" width=\"2000\" title=\"Blonder Teenager-Kopf und kreatives Denkkonzept\" onerror=\"this.style.display='none'\" loading=\"lazy\" \/>\n\t<\/figure>\n\t<iframe loading=\"lazy\" width=\"560\" height=\"315\" src=\"https:\/\/www.youtube.com\/embed\/dISmdb5zfiQ?si=1n3tCXe4Z3_CvbTs\" title=\"YouTube-Videoplayer\" frameborder=\"0\" allow=\"accelerometer; autoplay; clipboard-write; encrypted-media; gyroscope; picture-in-picture; web-share\" allowfullscreen><\/iframe>\n\t<h2>3. Das Gehirn von Teenagern durchl\u00e4uft eine Phase der \u201cUmstrukturierung\u201d.\u201d<\/h2>\n<p>So wie wir H\u00e4user umbauen, wenn unsere Familien wachsen und sich ver\u00e4ndern, durchl\u00e4uft auch das Gehirn von Teenagern eine Umbauphase. Sie hilft ihm, sich auf alle neuen Funktionen vorzubereiten, die es als unabh\u00e4ngiger Erwachsener \u00fcbernehmen muss.<\/p>\n<p>Diese Umgestaltung integriert und verbindet auch verschiedene Gehirnregionen, die die Entscheidungsf\u00e4higkeit steigern, effizienter. Diese Umgestaltung braucht Zeit.\u00a0<\/p>\n<p>Die Verbindungen zwischen dem emotionalen Gehirn und den Entscheidungszentren des Gehirns entwickeln sich noch und werden sich erst im Alter von 25 bis 30 Jahren vollst\u00e4ndig entwickeln.<\/p>\n\t<h2>4. Wie Teenager ihre Zeit verbringen, ist entscheidend f\u00fcr die Entwicklung des Gehirns.<\/h2>\n<p>Im Jugendalter beginnt das Gehirn, sich selbst zu \u201cverj\u00fcngen\u201d, indem es nicht genutzte Schaltkreise abbaut und genutzte st\u00e4rkt. Diese Verj\u00fcngung des Gehirns in der Pubert\u00e4t folgt dem Prinzip \u201cWer rastet, der rostet\u201d. <\/p>\n<p>Es ist wichtig, die Bandbreite der Aktivit\u00e4ten und Erfahrungen zu ber\u00fccksichtigen, denen Ihr Kind nachgeht und ausgesetzt ist \u2013 Musik, Sport, Lernen, Sprachen und Videospiele. Wie pr\u00e4gen diese Erfahrungen das Gehirn Ihres Kindes, das es als Erwachsener ben\u00f6tigt?<\/p>\n\t<iframe loading=\"lazy\" width=\"560\" height=\"315\" src=\"https:\/\/www.youtube.com\/embed\/0O1u5OEc5eY?si=cAVi7SyxcbQ2EC82\" title=\"YouTube-Videoplayer\" frameborder=\"0\" allow=\"accelerometer; autoplay; clipboard-write; encrypted-media; gyroscope; picture-in-picture; web-share\" allowfullscreen><\/iframe>\n<figure data-animation-delay=\"0\" data-animation-duration=\"1\" itemscope itemtype=\"https:\/\/schema.org\/ImageObject\">\n\t\t\t\t<img decoding=\"async\" src=\"https:\/\/marylandefc.org\/wp-content\/uploads\/2024\/02\/teenager-playing-the-trumpet-helping-brain-develop-scaled.jpg\" alt=\"Kid playing the trumpet\" height=\"1707\" width=\"2560\" title=\"M\u00e4nnlich, Sch\u00fcler, spielen, Trompete, In, High, School, Orchester\" onerror=\"this.style.display='none'\" loading=\"lazy\" \/>\n\t<\/figure>\n\t<h2>5. Es werden schnellere Gehirnschaltkreise aufgebaut, um die Entwicklung von F\u00e4higkeiten auf h\u00f6herem Niveau zu erm\u00f6glichen.<\/h2>\n<p>Dieser Prozess hei\u00dft Myelinbildung und findet im vorderen Teil des Gehirns statt, der mit dem Denken, Lernen, Verstehen und Erinnern Ihres Teenagers verbunden ist.<\/p>\n<p>Insbesondere hilft ihnen die Myelinisierung bei kritischen <a href=\"\/de\/grownups\/early-years\/#regulation\">Exekutive Funktionen oder F\u00e4higkeiten im Bereich der Flugsicherung<\/a>, wie Planung, Argumentation und Entscheidungsfindung.<\/p>\n<p><a href=\"https:\/\/harvardcenter.wpenginepowered.com\/wp-content\/uploads\/2015\/05\/Activities-for-Adolescents.pdf\" target=\"_blank\" rel=\"noopener\">Versuchen Sie diese<\/a> Aktivit\u00e4ten zu exekutiven Funktionen f\u00fcr Jugendliche.<\/p>\n<p>&nbsp;<\/p>\n\t<h2>6. Jugendliche w\u00e4gen Risiken und Vorteile anders ab als Erwachsene.<\/h2>\n<p>Das Gehirn von Jugendlichen reagiert empfindlicher auf zwei Neurotransmitter (die chemischen Botenstoffe des K\u00f6rpers):<\/p>\n<ul>\n<li>Dopamin \u2013 beteiligt an Belohnungskreisl\u00e4ufen im Gehirn\u00a0<\/li>\n<li>Oxytocin \u2013 das die Bindung f\u00f6rdert und soziale Kontakte lohnender macht.\u00a0<\/li>\n<\/ul>\n<p>Diese Sensibilit\u00e4t gegen\u00fcber Dopamin und Oxytocin tr\u00e4gt dazu bei, zu erkl\u00e4ren, warum Jugendliche in ihrem Leben nach Gleichaltrigen und Aufregung suchen \u2013 sogar nach Menschen und Erlebnissen, die ihnen letztendlich schaden k\u00f6nnten.<\/p>\n<figure data-animation-delay=\"0\" data-animation-duration=\"1\" itemscope itemtype=\"https:\/\/schema.org\/ImageObject\">\n\t\t\t\t<img decoding=\"async\" src=\"https:\/\/marylandefc.org\/wp-content\/uploads\/2024\/02\/Adolescents-with-skateboardsand-weighing-risks-and-rewards.jpg\" alt=\"Adolescents with skateboards weighing risks and rewards\" height=\"800\" width=\"1200\" title=\"Jugendliche mit Skateboards diskutieren Risiken und Vorteile.\" onerror=\"this.style.display='none'\" loading=\"lazy\" \/>\n\t<\/figure>\n<figure data-animation-delay=\"0\" data-animation-duration=\"1\" itemscope itemtype=\"https:\/\/schema.org\/ImageObject\">\n\t\t\t\t<img decoding=\"async\" src=\"https:\/\/marylandefc.org\/wp-content\/uploads\/2024\/02\/Teen-listening-to-music.jpg\" alt=\"Teen listening to music\" height=\"800\" width=\"1200\" title=\"Teenager h\u00f6rt Musik\" onerror=\"this.style.display='none'\" loading=\"lazy\" \/>\n\t<\/figure>\n<figure itemscope itemtype=\"https:\/\/schema.org\/ImageObject\">\n\t\t\t\t<img decoding=\"async\" src=\"https:\/\/marylandefc.org\/wp-content\/uploads\/2024\/01\/MEC-Icons_idea.svg\" alt=\"Light bulb icon for information\" height=\"300\" width=\"300\" title=\"MEC-Icons_idee\" onerror=\"this.style.display='none'\" loading=\"lazy\" \/>\n\t<\/figure>\n\t<h3>Jugendlichen helfen, mit Emotionen umzugehen<\/h3>\n\t<p>Wie k\u00f6nnen Sie also Jugendlichen helfen, die Verbindungen zwischen den emotionalen und entscheidungsrelevanten Teilen des Gehirns zu st\u00e4rken?<\/p>\n<p>Sie k\u00f6nnen Ihren Teenager ermutigen, Folgendes auszuprobieren:<\/p>\n<ul>\n<li aria-level=\"1\">Tagebuch f\u00fchren<\/li>\n<li aria-level=\"1\">Atem\u00fcbungen (<a href=\"https:\/\/www.edutopia.org\/article\/emotional-regulation-activities-tweens-and-teens\/\" target=\"_blank\" rel=\"noopener\">Blasenatmung<\/a>, <a href=\"https:\/\/www.cedars-sinai.org\/blog\/five-deep-breathing-exercises-for-kids-and-teens.html\" target=\"_blank\" rel=\"noopener\">Keksatmung<\/a>, <a href=\"https:\/\/www.cedars-sinai.org\/blog\/five-deep-breathing-exercises-for-kids-and-teens.html\" target=\"_blank\" rel=\"noopener\">Pausenatmung<\/a>, <a href=\"https:\/\/www.cedars-sinai.org\/blog\/five-deep-breathing-exercises-for-kids-and-teens.html#\" target=\"_blank\" rel=\"noopener\">Bauchatmung<\/a>)<\/li>\n<li aria-level=\"1\">Progressive Muskelentspannung<\/li>\n<li aria-level=\"1\">ein Abk\u00fchlbereich<\/li>\n<li aria-level=\"1\">Schreib\u00fcbung mit positiven Affirmationen<\/li>\n<li aria-level=\"1\">Die f\u00fcnf Sinne ansprechen<\/li>\n<\/ul>\n<p>Interessiert an einer dieser Techniken? Erfahren Sie, wie Sie sie in Ihrer Familie, Ihrem Klassenzimmer oder Ihrer Gemeindegruppe umsetzen k\u00f6nnen, mit Beispielen aus <a href=\"https:\/\/www.edutopia.org\/article\/emotional-regulation-activities-tweens-and-teens\/\" target=\"_blank\" rel=\"noopener\">Edutopia<\/a> Und <a href=\"https:\/\/www.cedars-sinai.org\/blog\/five-deep-breathing-exercises-for-kids-and-teens.html#\" target=\"_blank\" rel=\"noopener\">Zedern Sinai<\/a>.<\/p>\n<h2>\n\t\t\tWas k\u00f6nnen Eltern und betreuende Erwachsene tun?\t<\/h2>\n\t\t<h3>1. Sorgen Sie f\u00fcr sichere, stabile und f\u00f6rdernde Beziehungen.<\/h3><p>Dies ist einer der wichtigsten Faktoren, die Kindern helfen, zu gedeihen. Es kann ihnen helfen, Stress zu ertragen, auch schweren, weil es <a href=\"\/de\/grownups\/protective-factors\/\">hilft ihnen, die negativen Auswirkungen abzufedern<\/a>. <\/p>\n\t\t<h3>2. Helfen Sie Ihrem Teenager, Stress, Herausforderungen und Frustrationen als Chancen zu betrachten.<\/h3><p><a href=\"\/de\/grownups\/teen-challenges\/\">Leugnen Sie nicht ihre Frustration.<\/a>. Erinnern Sie sie daran, dass sie kompetent und belastbar sind, und weisen Sie auf schwierige Zeiten in der Vergangenheit hin, die sich mit der Zeit gebessert haben.<\/p>\n\t\t<h3>3. Wenn Ihr Teenager mit einem Problem zu Ihnen kommt, fragen Sie ihn, ob Sie antworten oder nur zuh\u00f6ren m\u00f6chten.<\/h3><p>Vermeiden Sie es, Ratschl\u00e4ge zu geben, um das Problem zu l\u00f6sen oder Schuld zuzuweisen. Dadurch wird es weniger wahrscheinlich, dass sie in Zukunft offen zu Ihnen kommen.<\/p>\n\t\t<h3>4. Ermutigen Sie Ihren Teenager, gesunde Erfahrungen zu machen.<\/h3><p>Das k\u00f6nnten anspruchsvolle F\u00f6rderkurse, Musik, Kunst und Sport sein, um die Welt zu erkunden und gesunde Risiken einzugehen, um neue Ideen und Erfahrungen auszuprobieren. <\/p>\n\t\t<h3>5. Suchen Sie nach realen Szenarien f\u00fcr Ihre Entscheidungsfindung und Emotionsregulation.<\/h3><p>Helfen Sie ihnen, die Vor- und Nachteile sowie die m\u00f6glichen Folgen ihrer Handlungen zu durchdenken und die Entwicklung eines Plans A und B als Reaktion auf unterschiedliche Szenarien zu erarbeiten.<\/p>\n\t\t<h3>6. Helfen Sie Ihrem Teenager, M\u00f6glichkeiten f\u00fcr ehrenamtliches Engagement zu finden.<\/h3><p>Dies hilft, einen Sinn f\u00fcr Bedeutung und Zweck zu entwickeln, ein wichtiges Merkmal von <a href=\"\/de\/grownups\/resilience\/\">Widerstandsf\u00e4higkeit<\/a>.<\/p>\n\t\t<h3>7. Helfen Sie Ihrem Teenager, m\u00f6gliche Ausl\u00f6ser f\u00fcr negatives Verhalten zu erkennen.<\/h3><p>und \u00fcben Sie wirksame Strategien zur Stressbew\u00e4ltigung. <\/p>\n\t\t<h3>8. Ermutigen Sie Ihren Teenager, sich sozialen, k\u00fcnstlerischen und sportlichen Vereinen anzuschlie\u00dfen und an F\u00f6rderprogrammen teilzunehmen.<\/h3><p>Sie sind positive Wege, um Respekt zu verdienen und unter Gleichaltrigen und Erwachsenen Kontakte zu kn\u00fcpfen, w\u00e4hrend <a href=\"\/de\/grownups\/resilience\/\">Entwicklung eines Gef\u00fchls von Kompetenz und F\u00fcrsorge<\/a> und Respekt f\u00fcr sich selbst und andere. <\/p>\n<p>Dar\u00fcber hinaus hilft es Tweens und Teenagern dabei, pers\u00f6nliche Werte und Ziele zu entwickeln und ein positives Identit\u00e4tsgef\u00fchl zu entwickeln. <\/p>","protected":false},"excerpt":{"rendered":"<p>Entwicklung von Jugendlichen und jungen Erwachsenen: Chancen und Entdeckungen Die Adoleszenz \u2013 die Jahre zwischen 10 und etwa 25 \u2013 ist eine Zeit bemerkenswerter M\u00f6glichkeiten. Es ist eine Phase rasanten Wachstums, Entwicklung und Lernens, in der wir die Welt um uns herum entdecken und uns an sie anpassen. In dieser Zeit der Entdeckung formen wir unser Selbstverst\u00e4ndnis\u2026<\/p>","protected":false},"author":1,"featured_media":27040,"parent":26895,"menu_order":0,"comment_status":"closed","ping_status":"closed","template":"","meta":{"footnotes":""},"class_list":["post-26901","page","type-page","status-publish","has-post-thumbnail","hentry"],"_links":{"self":[{"href":"https:\/\/marylandefc.org\/de\/wp-json\/wp\/v2\/pages\/26901","targetHints":{"allow":["GET"]}}],"collection":[{"href":"https:\/\/marylandefc.org\/de\/wp-json\/wp\/v2\/pages"}],"about":[{"href":"https:\/\/marylandefc.org\/de\/wp-json\/wp\/v2\/types\/page"}],"author":[{"embeddable":true,"href":"https:\/\/marylandefc.org\/de\/wp-json\/wp\/v2\/users\/1"}],"replies":[{"embeddable":true,"href":"https:\/\/marylandefc.org\/de\/wp-json\/wp\/v2\/comments?post=26901"}],"version-history":[{"count":0,"href":"https:\/\/marylandefc.org\/de\/wp-json\/wp\/v2\/pages\/26901\/revisions"}],"up":[{"embeddable":true,"href":"https:\/\/marylandefc.org\/de\/wp-json\/wp\/v2\/pages\/26895"}],"wp:featuredmedia":[{"embeddable":true,"href":"https:\/\/marylandefc.org\/de\/wp-json\/wp\/v2\/media\/27040"}],"wp:attachment":[{"href":"https:\/\/marylandefc.org\/de\/wp-json\/wp\/v2\/media?parent=26901"}],"curies":[{"name":"wp","href":"https:\/\/api.w.org\/{rel}","templated":true}]}}