{"id":26903,"date":"2024-02-06T16:12:20","date_gmt":"2024-02-07T00:12:20","guid":{"rendered":"https:\/\/marylandefc.org\/?page_id=26903"},"modified":"2024-11-30T07:17:49","modified_gmt":"2024-11-30T15:17:49","slug":"teen-challenges","status":"publish","type":"page","link":"https:\/\/marylandefc.org\/de\/grownups\/teen-challenges\/","title":{"rendered":"Herausforderungen in der Entwicklung von Kindern und Jugendlichen und wie man sie bew\u00e4ltigt"},"content":{"rendered":"<img loading=\"lazy\" decoding=\"async\" src=\"https:\/\/marylandefc.org\/wp-content\/uploads\/2024\/02\/Mom-helping-teen-daughter-drive-scaled.jpg\" alt=\"Mom helping teen daughter drive\" itemprop=\"image\" height=\"1440\" width=\"2560\" title=\"Teenager, M\u00e4dchen, Im, Auto, Mit, Fahren, Lektion, Von, Weiblich, Lehrer\" onerror=\"this.style.display='none'\"  \/>\n\t<h1>ENTWICKLUNGSHERAUSFORDERUNGEN F\u00dcR TEENAGERS UND TWEEN-KINDER<\/h1>\n\t<h2>Herausforderungen vorbeugen und bew\u00e4ltigen<\/h2>\n<p>So wie jede Lebensphase einzigartige M\u00f6glichkeiten bietet, bringt jede Phase auch ihre Herausforderungen mit sich. W\u00e4hrend einige Herausforderungen wie Launenhaftigkeit oder Impulsivit\u00e4t Teil von <a href=\"https:\/\/marylandefc.org\/de\/grownups\/teen-development\/\">gesunde Entwicklung f\u00fcr Jugendliche<\/a>, Manche Erfahrungen k\u00f6nnen eine gesunde Entwicklung beeintr\u00e4chtigen. Erfahren Sie, wie Sie dem vorbeugen und Ihrem Teenager helfen k\u00f6nnen, Beziehungen aufzubauen und F\u00e4higkeiten zu entwickeln, um die Herausforderungen des Lebens zu meistern.\u00a0<\/p>\n\t<h2>Beziehungen<\/h2>\n<p>Beziehungen bilden den Kern des menschlichen Lebens: eine grundlegende menschliche Erfahrung, die bei der Geburt beginnt. W\u00e4hrend wir wachsen, interagieren wir mit Freunden, Familie, Lehrern, Trainern und mehr. Diese Menschen helfen uns zu lernen, wer wir sind und wer wir werden k\u00f6nnen.\u00a0<\/p>\n<p>Starke Entwicklungsbeziehungen sind f\u00fcr junge Menschen jeden Alters, jeder Rasse und jedes sozio\u00f6konomischen Hintergrunds wichtig. Diese engen Verbindungen sind besonders wichtig f\u00fcr junge Menschen, die unter schwierigen Umst\u00e4nden aufwachsen.\u00a0<\/p>\n<p>Junge Menschen gedeihen, wenn sie ein starkes Netz von Entwicklungsbeziehungen in ihren Familien, Klassenzimmern, Jugendprogrammen und Glaubensgemeinschaften erleben. Es ist besonders wichtig f\u00fcr <a href=\"https:\/\/marylandefc.org\/de\/grownups\/teen-development\/\">Entwicklung von Jugendlichen<\/a> und f\u00fcr die psychische Gesundheit ist es wichtig, Erwachsene zu haben, mit denen sie \u00fcber ihre Gef\u00fchle sprechen k\u00f6nnen.<\/p>\n<blockquote><p>Doch in Maryland haben nur 36,81 % der befragten Highschool-Sch\u00fcler das Gef\u00fchl, dass sie einen Erwachsenen haben, mit dem sie \u00fcber ihre Gef\u00fchle sprechen k\u00f6nnen. <a href=\"https:\/\/health.maryland.gov\/phpa\/ccdpc\/Reports\/Pages\/State-Level-Data,-2021-2022.aspx\" target=\"_blank\" rel=\"noopener\">Risikoumfrage f\u00fcr Jugendliche des Gesundheitsministeriums von Maryland\/Umfrage zum Thema Tabakkonsum an Highschools<\/a> (2021-2022).\u00a0<\/p>\n<p>Andere f\u00fchren Beziehungen, in denen Gewalt, Mobbing oder andere ungesunde Aspekte eine Rolle spielen. <\/p><\/blockquote>\n<p>Deshalb ist es wichtig, dass Erwachsene wissen, wie sie jungen Menschen helfen k\u00f6nnen, gesunde Beziehungen aufzubauen und schwierige Beziehungen zu bew\u00e4ltigen.\u00a0<\/p>\n\t\t\t\t<img loading=\"lazy\" decoding=\"async\" src=\"https:\/\/marylandefc.org\/wp-content\/uploads\/2024\/02\/teens-building-their-relationship-by-talking-scaled.jpg\" alt=\"Teens laughing in the hallway\" itemprop=\"image\" height=\"1707\" width=\"2560\" title=\"Fr\u00f6hlich, Teenager, M\u00e4dchen, Spa\u00df, W\u00e4hrend, Studieren, In, High, School\" onerror=\"this.style.display='none'\"  \/>\n\t<iframe loading=\"lazy\" title=\"Sie pr\u00e4gen, wer wir sind\" width=\"500\" height=\"281\" src=\"https:\/\/www.youtube.com\/embed\/0i4Hv5xGFNI?feature=oembed\" frameborder=\"0\" allow=\"accelerometer; autoplay; clipboard-write; encrypted-media; gyroscope; picture-in-picture; web-share\" referrerpolicy=\"strict-origin-when-cross-origin\" allowfullscreen><\/iframe>\n\t<p>Quelle: <a href=\"https:\/\/searchinstitute.org\/\" target=\"_blank\" rel=\"noopener\">Suche Institut<\/a><\/p>\n\t\t<p>Um sich optimal zu entwickeln, brauchen Jugendliche f\u00f6rderliche Beziehungen. Lesen Sie weiter mit <a href=\"https:\/\/info.searchinstitute.org\/developmental-relationships-help-young-people-thrive\" target=\"_blank\" rel=\"noopener\">dieses 5-stufige Entwicklungsrahmenwerk f\u00fcr Beziehungen<\/a> vom Search Institute.<\/p>\n<p>Und h\u00f6ren Sie zu, wenn Jugendliche \u00fcber die Auswirkungen entwicklungsbezogener Beziehungen auf ihr Leben sprechen. <\/p>\n\t\t\t\t<img loading=\"lazy\" decoding=\"async\" src=\"https:\/\/marylandefc.org\/wp-content\/uploads\/2024\/01\/MEC-Icons_idea.svg\" alt=\"Light bulb icon for information\" itemprop=\"image\" height=\"300\" width=\"300\" title=\"MEC-Icons_idee\" onerror=\"this.style.display='none'\"  \/>\n\t\t<h3><a href=\"https:\/\/podcasts.apple.com\/us\/podcast\/episode-2-5-clay-cook-establish-maintain-restore\/id1593749081?i=1000569761799\" target=\"_blank\" rel=\"noopener\">Lernen Sie weiter<\/a><\/h3><p>Wie baut man also Beziehungen zu jungen Menschen auf und h\u00e4lt sie \u00fcber die Jahre hinweg stark? H\u00f6ren Sie sich diese Podcast-Folge \u201eRooted in Relationships\u201c an, in der Experten f\u00fcr das Wohlbefinden von Jugendlichen zu Wort kommen.<\/p>\n\t\t\t<a href=\"https:\/\/podcasts.apple.com\/us\/podcast\/episode-2-5-clay-cook-establish-maintain-restore\/id1593749081?i=1000569761799\" target=\"_blank\" rel=\"noopener\">\n\t\t\t\t\t\t\tJetzt anh\u00f6ren\n\t\t\t\t\t<\/a>\n\t\t\t\t<img loading=\"lazy\" decoding=\"async\" src=\"https:\/\/marylandefc.org\/wp-content\/uploads\/2024\/02\/kid-painting-in-community-building-positive-mental-health-scaled.jpg\" alt=\"Teen painting a mural in the city\" itemprop=\"image\" height=\"1707\" width=\"2560\" title=\"Gruppe,von,hilfreichen,Teenagern,die,ein,Gemeinschaftskunstprojekt,erstellen,und,aufrecht,erhalten\" onerror=\"this.style.display='none'\"  \/>\n\t<h2>Positive psychische Gesundheit<\/h2>\n<p>Eine positive psychische Gesundheit gibt jungen Menschen ein Gef\u00fchl von Sicherheit und Gl\u00fcck, f\u00f6rdert positive Beziehungen und erm\u00f6glicht jungen Menschen, ihre Lebenskompetenzen stetig zu entwickeln. Wenn wir Jugendliche mit Bedingungen und Erfahrungen umgeben, die ihre Entwicklungsbed\u00fcrfnisse unterst\u00fctzen, k\u00f6nnen junge Menschen gedeihen.\u00a0<\/p>\n<h2>\n\t\tSchaffen Sie positive Erfahrungen, indem Sie daf\u00fcr sorgen, dass Teenager folgende Erfahrungen machen:\n\t<\/h2>\n\t\t<h3>Szenarien aus der Praxis<\/h3><p>die die Entscheidungsfindung und die Regulierung von Emotionen unterst\u00fctzen. <\/p>\n\t\t<h3>Gesunde Risiken<\/h3><p>um neue Ideen auszuprobieren. Sie k\u00f6nnen diese durch die Teilnahme an anspruchsvollen Kursen, au\u00dferschulischen Aktivit\u00e4ten und anderen Erfahrungen f\u00f6rdern.<\/p>\n\t\t<h3>M\u00f6glichkeiten, die ihnen helfen, Sinn und Zweck zu entwickeln.<\/h3><p>Dies kann eine ehrenamtliche T\u00e4tigkeit oder eine andere Aktivit\u00e4t sein, bei der sie einen Beitrag f\u00fcr Gleichaltrige, Familien und Gemeinschaften leisten.<\/p>\n\t\t<h3>Positive Situationen, die ihnen helfen, Respekt zu verdienen und Kontakte zu kn\u00fcpfen<\/h3><p>mit Gleichaltrigen, Teenagern und Erwachsenen. Dazu k\u00f6nnen sie an Gemeinschafts- und Schulaktivit\u00e4ten und Sport teilnehmen, um Kompetenzen und Respekt f\u00fcr sich selbst und andere zu entwickeln.\u00a0<\/p>\n\t\t<h3>Situationen, die pers\u00f6nliche Werte definieren,<\/h3><p>Ziele und ein positives Identit\u00e4tsgef\u00fchl.<\/p>\n\t\t<h3>Erwachsene, die Mitgef\u00fchl zeigen<\/h3><p>und Support.<\/p>\n\t<h3>Stress und Widrigkeiten bew\u00e4ltigen<\/h3>\n<p>Andererseits k\u00f6nnen verschiedene Arten von Stress oder Widrigkeiten die psychische Gesundheit von Jugendlichen beeintr\u00e4chtigen. Wenn Jugendliche die Welt um sich herum erkunden, k\u00f6nnen sie \u00c4ngste vor sozialen Problemen wie Waffengewalt, Klimawandel, globalen Konflikten oder anderen schwerwiegenden Themen entwickeln.\u00a0<\/p>\n<p>Sie k\u00f6nnen aufgrund ihrer Herkunft, ihres Geschlechts, ihrer sexuellen Orientierung, ihrer Sprache, ihrer Religion, einer Behinderung, ihres Gewichts oder anderer Aspekte ihrer sich entwickelnden Identit\u00e4t Mobbing oder Diskriminierung erfahren. Jugendliche k\u00f6nnen Probleme mit den Familienfinanzen oder der Wohnungssituation haben oder sich unter Druck gesetzt f\u00fchlen, alles richtig zu machen und ihre Zukunft zu gestalten.\u00a0<\/p>\n<p>Lesen Sie weiter \u00fcber einige der Belastungen, denen Teenager ausgesetzt sind, und die <a href=\"https:\/\/www.healthychildren.org\/English\/ages-stages\/teen\/Pages\/Mental-Health-and-Teens-Watch-for-Danger-Signs.aspx\" target=\"_blank\" rel=\"noopener\">die h\u00e4ufigsten psychischen Erkrankungen<\/a>.<\/p>\n\t<h3><b>Unterst\u00fctzung Ihres\/Ihrer Teenager<\/b><\/h3>\n<p>Eltern und Betreuer sind wichtige Unterst\u00fctzungsquellen f\u00fcr die psychische Gesundheit von Teenagern und Tweens. Erfahren Sie weiter, wie Sie jungen Menschen helfen k\u00f6nnen, mit Stress umzugehen und psychische Probleme zu bew\u00e4ltigen. Handeln Sie mit diesen <a href=\"https:\/\/parentandteen.com\/support-teen-mental-health-stand-by-teens\/\" target=\"_blank\" rel=\"noopener\">5 M\u00f6glichkeiten, Ihrem Teenager beizustehen<\/a>.<\/p>\n\t<iframe loading=\"lazy\" width=\"560\" height=\"315\" src=\"https:\/\/www.youtube.com\/embed\/yWkepfPInnk?si=CrykbTWBhfk-8tms\" title=\"YouTube-Videoplayer\" frameborder=\"0\" allow=\"accelerometer; autoplay; clipboard-write; encrypted-media; gyroscope; picture-in-picture; web-share\" allowfullscreen><\/iframe>\n\t\t\t\t<img loading=\"lazy\" decoding=\"async\" src=\"https:\/\/marylandefc.org\/wp-content\/uploads\/2024\/03\/Black-Lives-Matter-march.jpg\" alt=\"Black Lives Matter March\" itemprop=\"image\" height=\"800\" width=\"1200\" title=\"Black Lives Matter-Marsch\" onerror=\"this.style.display='none'\"  \/>\n\t<h2>Rassismus betrifft Jugendliche<\/h2>\n<p>Da Rassismus in der Gesellschaft viele Formen hat, begegnen Jugendliche ihm bei der Erkundung ihrer Welt auf unterschiedliche Weise.<\/p>\n<p>Teenager und Tweens k\u00f6nnen Zeuge oder Zeuge werden, wie Menschen voreingenommen und voreingenommen gegen\u00fcber farbigen Menschen sprechen oder handeln, und zwar auf eine Art und Weise, die entweder offensichtlich oder subtil sein kann. Wenn Jugendliche Musik, Filme und andere Medieninhalte erkunden, k\u00f6nnen sie Bildern und Erz\u00e4hlungen ausgesetzt sein, die voller rassistischer Stereotypen sind, einer Form des kulturellen Rassismus.<\/p>\n<p>Rassismus zeigt sich auch in der Gesellschaft, wenn Systeme wie Bildung, Besch\u00e4ftigung und Polizei auf eine Weise funktionieren, die Wei\u00dfen zugutekommt, aber Menschen mit dunkler Hautfarbe behindert, ausschlie\u00dft oder ihnen schadet. Da Jugendliche und ihre Familien mit diesen Systemen interagieren, pr\u00e4gt struktureller Rassismus die Art und Weise, wie junge Menschen ihre Identit\u00e4t entwickeln und ihren Weg in der Welt finden.<\/p>\n\t<p>Diese verschiedenen Formen des Rassismus setzen junge Menschen mit dunkler Hautfarbe st\u00e4ndigen Stressfaktoren aus. <a href=\"https:\/\/harvardcenter.wpenginepowered.com\/wp-content\/uploads\/2020\/11\/RacismInfographic_2020.pdf\" target=\"_blank\" rel=\"noopener\">Dauerhafte Stressfaktoren k\u00f6nnen eine gesunde Entwicklung beeintr\u00e4chtigen<\/a> und sie schaffen Hindernisse f\u00fcr die Realisierung der Chancen der Adoleszenz. Eine \u00dcberlastung durch Stress kann Kindern, Jugendlichen und Familien echten und langfristigen Schaden zuf\u00fcgen.<\/p>\n<ul>\n<li>Es ist wichtig, dass wir als Eltern und Betreuungspersonen erkennen, dass Rassismus einer der negativen Einfl\u00fcsse im Umfeld unserer jugendlichen Kinder ist.<\/li>\n<li>Es ist wichtig, dass Jugendliche sich an einen f\u00fcrsorglichen, vertrauensw\u00fcrdigen Erwachsenen wenden k\u00f6nnen, um ihre Gedanken und Gef\u00fchle zum Thema Rassismus zu besprechen.<\/li>\n<li>Wir k\u00f6nnen die negativen Erfahrungen und Auswirkungen von Rassismus ausgleichen durch <a href=\"https:\/\/marylandefc.org\/de\/grownups\/protective-factors\/#PCE\">positive Erfahrungen<\/a>, aktive Unterst\u00fctzung und <a href=\"http:\/\/search.marylandefc.org\" target=\"_blank\" rel=\"noopener\">Zugang zu den lebenswichtigen Ressourcen f\u00fcr Gesundheit und Wohlbefinden<\/a>.<\/li>\n<\/ul>\n<p>Genauso wie wir nach Wegen suchen, anderen Formen von Widrigkeiten vorzubeugen, k\u00f6nnen wir nach Wegen suchen, die Auswirkungen des systemischen Rassismus auf Kinder, Jugendliche und Familien zu verringern, indem wir aktiv auf gerechtere soziale und wirtschaftliche Bedingungen hinarbeiten.<\/p>\n\t\t\t\t<img loading=\"lazy\" decoding=\"async\" src=\"https:\/\/marylandefc.org\/wp-content\/uploads\/2024\/03\/Barber-cutting-teens-hair-courtesy-Healing-City-Baltimore-scaled.jpg\" alt=\"Barber-cutting-teens-hair-courtesy-Healing-City-Baltimore\" itemprop=\"image\" height=\"2560\" width=\"1707\" title=\"Friseur schneidet Teenagern die Haare \u2013 mit freundlicher Genehmigung von Healing City Baltimore\" onerror=\"this.style.display='none'\"  \/>\n<h2>\n\t\tWie k\u00f6nnen Erwachsene helfen?\n\t<\/h2>\n\t\t<h3>Suchen und reduzieren Sie unbewusste Vorurteile in uns selbst.<\/h3><p>Lesen <a href=\"https:\/\/www.aafp.org\/pubs\/fpm\/blogs\/inpractice\/entry\/implicit_bias.html\" target=\"_blank\" rel=\"noopener\"><em>Acht Taktiken zur Identifizierung und Reduzierung Ihrer impliziten<\/em><\/a><em> Vorurteile <\/em>von der American Academy of Family Praktikers.<\/p>\n\t\t<h3>Wenn unsere Kinder ein hasserf\u00fclltes rassistisches Ereignis erleben oder miterleben, k\u00f6nnen wir auf der Hut sein<\/h3><p>f\u00fcr <a href=\"https:\/\/www.mhanational.org\/racial-trauma\" target=\"_blank\" rel=\"noopener\">Anzeichen und Symptome eines rassistischen Traumas<\/a> und reagieren Sie mit zeitnaher Unterst\u00fctzung.<\/p>\n\t\t<h3>Vorbildliche und f\u00f6rdernde Verhaltensweisen wie die Nutzung gesunder Ablenkungen,<\/h3><p>Dr\u00fccken Sie Ihre Gef\u00fchle auf positive Weise aus und praktizieren Sie Selbstf\u00fcrsorge und Entspannungstechniken wie Sport, Achtsamkeit und Yoga.<\/p>\n\t\t<h3>Sprechen Sie mit Ihren Teenagern und Tweens \u00fcber Rasse und Identit\u00e4t<\/h3><p>Indem wir gemeinsam \u00fcber Rassismus lesen, Videos ansehen, Videos anh\u00f6ren, uns damit auseinandersetzen und dar\u00fcber sprechen. Schauen Sie sich zum Beispiel dieses Video aus der Sendung \u201eAbove the Noise\u201c des \u00f6ffentlich-rechtlichen Fernsehsenders Maryland Public Television an:\u00a0 <a href=\"https:\/\/mpt.pbslearningmedia.org\/resource\/what-does-it-mean-to-be-anti-racist-video\/above-the-noise\/\" target=\"_blank\" rel=\"noopener\">Was bedeutet es, Antirassist zu sein?<\/a><\/p>\n\t\t<h3>Entwickeln Sie ein Community-Supportsystem<\/h3><p>von Freunden, Familien, P\u00e4dagogen, religi\u00f6sen F\u00fchrern und Dienstleistern.<\/p>\n\t\t<h3>Erfahren Sie mehr \u00fcber institutionellen Rassismus in unserer Sozial- und Wirtschaftspolitik,<\/h3><p>einschlie\u00dflich hoffnungsvoller Beispiele f\u00fcr effektive Strategien im ganzen Land. Sehen Sie sich diesen TedTalk an <a href=\"https:\/\/www.youtube.com\/watch?v=VzyjDR_AWzE\" target=\"_blank\" rel=\"noopener\">Wie Rassismus uns krank macht<\/a> von Dr. David R. Williams, PhD, MPH, Vorsitzender der Abteilung f\u00fcr Sozial- und Verhaltenswissenschaften an der Harvard TH Chan School of Public Health<\/p>\n\t\t<h3>Lesen Sie mehr \u00fcber<\/h3><p><a href=\"https:\/\/developingadolescent.semel.ucla.edu\/assets\/uploads\/research\/resources\/Anti-racism_brief_Sep21.pdf\" target=\"_blank\" rel=\"noopener\"><em>Wie die Entwicklungswissenschaft helfen kann, strukturellen Rassismus gegen Schwarze in der Adoleszenz anzugehen<\/em><\/a> vom UCLA Center for the Developing Adolescent.<\/p>\n\t\t<h3>Wir alle spielen eine wichtige Rolle bei der F\u00f6rderung der Gerechtigkeit!<\/h3><p><a href=\"https:\/\/marylandefc.org\/de\/get-involved\/\">\u00a0Treten Sie dem EFC bei<\/a> indem wir politische Entscheidungstr\u00e4ger dazu dr\u00e4ngen, bei allen Entscheidungen, die Familien betreffen, die Gerechtigkeit zu ber\u00fccksichtigen.<\/p>\n\t\t\t\t<img loading=\"lazy\" decoding=\"async\" src=\"https:\/\/marylandefc.org\/wp-content\/uploads\/2024\/01\/MEC-Icons_idea.svg\" alt=\"Light bulb icon for information\" itemprop=\"image\" height=\"300\" width=\"300\" title=\"MEC-Icons_idee\" onerror=\"this.style.display='none'\"  \/>\n<h3>Unterst\u00fctzung bei psychischen Problemen erhalten<\/h3><p>Wenn Ihr Teenager emotionale oder Verhaltensprobleme hat oder Anzeichen von Angstzust\u00e4nden oder Depressionen zeigt, gibt es M\u00f6glichkeiten, Hilfe zu bekommen. <\/p>\n<ol>\n<li><a href=\"http:\/\/search.marylandefc.org\" target=\"_blank\" rel=\"noopener\">Durchsuchen Sie die EFC-Ressourcendatenbank<\/a> f\u00fcr psychiatrische Dienste nach Alter.<\/li>\n<li>Rufen Sie die Notrufnummer 988 an, wenn Ihr Jugendlicher Selbstmordgedanken hat oder Sie Bedenken hinsichtlich des Substanzkonsums haben.*<\/li>\n<li>Senden Sie eine SMS mit dem Text \u201eHOME\u201c an 741741, um die Krisen-Text-Hotline zu erreichen.*<\/li>\n<\/ol>\n<p><i>*Beide Ressourcen sind kostenlos und vertraulich.<\/i><\/p>\n\t\t\t\t<img loading=\"lazy\" decoding=\"async\" src=\"https:\/\/marylandefc.org\/wp-content\/uploads\/2024\/02\/kids-taking-risks-skateboarding-scaled.jpg\" alt=\"kids taking risks skateboarding\" itemprop=\"image\" height=\"1709\" width=\"2560\" title=\"Kinder gehen beim Skateboarden Risiken ein\" onerror=\"this.style.display='none'\"  \/>\n\t<h2>Risikobereitschaft<\/h2>\n<p>Es ist nicht nur normal, dass Jugendliche Risiken eingehen und neue Dinge ausprobieren, es ist ein wesentlicher Bestandteil des Lernprozesses in diesen Jahren.\u00a0<\/p>\n<p>So wie Kleinkinder Spielzeug immer wieder fallen lassen, um zu lernen, dass es immer herunterf\u00e4llt, gehen Jugendliche immer wieder Risiken ein, um ungewisse Ausg\u00e4nge kennenzulernen. Wir haben in der Jugend einen nat\u00fcrlichen Drang, neue Dinge zu erkunden, damit wir entdecken k\u00f6nnen, wer wir sind, unsere F\u00e4higkeiten erweitern und uns darauf vorbereiten k\u00f6nnen, ein unabh\u00e4ngiger Erwachsener zu werden.\u00a0<\/p>\n<p>Risikobereitschaft kann sowohl negative als auch positive Auswirkungen haben. Jugendliche k\u00f6nnen lernen und sich weiterentwickeln, indem sie Neues ausprobieren, dessen Ausgang ungewiss ist \u2013 sei es die Teilnahme an einer neuen Aktivit\u00e4t oder das Kennenlernen neuer Leute.\u00a0<\/p>\n<p>Durch gesundes Entdecken haben Teenager die M\u00f6glichkeit, in einem positiven und unterst\u00fctzenden Umfeld Risiken zu erleben.\u00a0<\/p>\n<p>Manchmal experimentieren Jugendliche auf eine Weise, die ihre Gesundheit und ihr Wohlbefinden gef\u00e4hrdet. So kann beispielsweise der fr\u00fche Umgang mit sch\u00e4dlichen Substanzen wie Tabak, Alkohol, Marihuana oder anderen Drogen zu unmittelbaren Problemen wie Unf\u00e4llen oder Verletzungen sowie zu l\u00e4ngerfristigen Gesundheits- und Verhaltensproblemen f\u00fchren.\u00a0<\/p>\n<p>Unabh\u00e4ngig davon, ob Jugendliche auf gesunde oder gef\u00e4hrliche Weise experimentieren, sieht die wirksame Unterst\u00fctzung durch Erwachsene weitgehend gleich aus.\u00a0<\/p>\n\t\t\t\t<img loading=\"lazy\" decoding=\"async\" src=\"https:\/\/marylandefc.org\/wp-content\/uploads\/2024\/01\/MEC-Icons_idea.svg\" alt=\"Light bulb icon for information\" itemprop=\"image\" height=\"300\" width=\"300\" title=\"MEC-Icons_idee\" onerror=\"this.style.display='none'\"  \/>\n\t\t<p>Erfahren Sie weiter, wie Sie Jugendliche bei ihren Entdeckungsreisen unterst\u00fctzen k\u00f6nnen. Erfahren Sie, was Sie als Eltern tun k\u00f6nnen, um <a href=\"https:\/\/extension.umn.edu\/teen-development\/teens-and-risk-taking\" target=\"_blank\" rel=\"noopener\">Helfen Sie Ihrem Kind beim Entdecken neuer Ideen<\/a>. <\/p>\n\t<h3><b>Tipps und Tools<\/b><\/h3>\n<p>Wenn Erwachsene ihnen altersgerechte Unterst\u00fctzung bieten, k\u00f6nnen junge Menschen wachsen und aus Schwierigkeiten lernen. Aber niemand von uns muss sich die Dinge im Lauf der Zeit ausdenken. Es gibt bew\u00e4hrte, wissenschaftlich fundierte Methoden, um mit den Herausforderungen umzugehen, denen Kinder in verschiedenen Altersstufen und Entwicklungsstadien gegen\u00fcberstehen.<\/p>\n<p><b>M\u00f6chten Sie besser mit Ihrem Teenager oder Tween kommunizieren?\u00a0 <a href=\"https:\/\/parentandteen.com\/\" target=\"_blank\" rel=\"noopener\">Schauen Sie sich das Center for Parent &amp; Teen Communication an<\/a>.<\/b><\/p>\n<p>&nbsp;<\/p>","protected":false},"excerpt":{"rendered":"<p>Entwicklungsherausforderungen bei Teenagern und Kindern im Vorpubert\u00e4tsalter: Vorbeugen und Bew\u00e4ltigen von Herausforderungen. Jede Lebensphase bietet einzigartige Chancen, bringt aber auch Herausforderungen mit sich. W\u00e4hrend manche Herausforderungen wie Stimmungsschwankungen oder Impulsivit\u00e4t zur gesunden Entwicklung von Jugendlichen geh\u00f6ren, k\u00f6nnen andere Erfahrungen diese Entwicklung beeintr\u00e4chtigen. Erfahren Sie, wie Sie vorbeugen und Ihr Kind in der Entwicklung unterst\u00fctzen k\u00f6nnen\u2026<\/p>","protected":false},"author":1,"featured_media":27056,"parent":26895,"menu_order":0,"comment_status":"closed","ping_status":"closed","template":"","meta":{"footnotes":""},"class_list":["post-26903","page","type-page","status-publish","has-post-thumbnail","hentry"],"_links":{"self":[{"href":"https:\/\/marylandefc.org\/de\/wp-json\/wp\/v2\/pages\/26903","targetHints":{"allow":["GET"]}}],"collection":[{"href":"https:\/\/marylandefc.org\/de\/wp-json\/wp\/v2\/pages"}],"about":[{"href":"https:\/\/marylandefc.org\/de\/wp-json\/wp\/v2\/types\/page"}],"author":[{"embeddable":true,"href":"https:\/\/marylandefc.org\/de\/wp-json\/wp\/v2\/users\/1"}],"replies":[{"embeddable":true,"href":"https:\/\/marylandefc.org\/de\/wp-json\/wp\/v2\/comments?post=26903"}],"version-history":[{"count":0,"href":"https:\/\/marylandefc.org\/de\/wp-json\/wp\/v2\/pages\/26903\/revisions"}],"up":[{"embeddable":true,"href":"https:\/\/marylandefc.org\/de\/wp-json\/wp\/v2\/pages\/26895"}],"wp:featuredmedia":[{"embeddable":true,"href":"https:\/\/marylandefc.org\/de\/wp-json\/wp\/v2\/media\/27056"}],"wp:attachment":[{"href":"https:\/\/marylandefc.org\/de\/wp-json\/wp\/v2\/media?parent=26903"}],"curies":[{"name":"wp","href":"https:\/\/api.w.org\/{rel}","templated":true}]}}