{"id":26905,"date":"2024-02-06T16:12:43","date_gmt":"2024-02-07T00:12:43","guid":{"rendered":"https:\/\/marylandefc.org\/?page_id=26905"},"modified":"2026-02-12T15:35:28","modified_gmt":"2026-02-12T23:35:28","slug":"aces","status":"publish","type":"page","link":"https:\/\/marylandefc.org\/de\/grownups\/aces\/","title":{"rendered":"Umgang mit negativen Kindheitserlebnissen (ACEs)"},"content":{"rendered":"<figure itemscope itemtype=\"https:\/\/schema.org\/ImageObject\">\n\t\t\t\t<img decoding=\"async\" src=\"https:\/\/marylandefc.org\/wp-content\/uploads\/2024\/02\/mom-comforting-daughter-during-adversity-scaled.jpg\" alt=\"mom comforting daughter during adversity\" height=\"1707\" width=\"2560\" title=\"Hinten, Zur\u00fcck, Ansicht, Schwarz, Mutter, Und, Tochter, Umarmung, Sitzen, Auf\" onerror=\"this.style.display='none'\" loading=\"lazy\" \/>\n\t<\/figure>\n\t<h1>ASSE<\/h1>\n\t<h2>Kindern in Not helfen<\/h2>\n<p>Adverse childhood experiences and environments (ACEs) are common. If children don&#8217;t get support when facing adversity, it can cause long-lasting harm. There are things we can all do together to buffer the impact of adversity.\u00a0<\/p>\n<p><b>Der allerwichtigste Faktor ist, dass es zu Hause und in der Gemeinschaft einen sicheren, stabilen und f\u00fcrsorglichen Erwachsenen gibt, auf den sich das Kind st\u00fctzen kann.\u00a0<\/b><\/p>\n<p>Es gibt viele M\u00f6glichkeiten, positive Kindheitserlebnisse zu schaffen und gemeinsam die Gesundheit und das Wohlbefinden unserer Kinder zu f\u00f6rdern.\u00a0<\/p>\n\t<h2>Was sind ACEs<\/h2>\n<p>The original ACE Study examined 10 childhood adversities: forms of child abuse and neglect &#8211; physical abuse, physical neglect, emotional abuse, emotional neglect and sexual abuse, as well as household challenges &#8211; domestic violence, divorce, serious mental illness, substance use disorder or incarceration of a household member.<\/p>\n<p>Negative Kindheits- und Gemeinschaftserlebnisse (ACEs) k\u00f6nnen in der Familie\/im Haushalt, in der Gemeinde oder im Umfeld auftreten. Denken Sie daran, dass wir als Eltern und Erwachsene, als politische Entscheidungstr\u00e4ger und als Partner in der Gemeinde zusammenarbeiten k\u00f6nnen, um etwas zu bewirken!\u00a0<\/p>\n<figure data-animation-delay=\"0\" data-animation-duration=\"1\" itemscope itemtype=\"https:\/\/schema.org\/ImageObject\">\n\t\t\t\t<img decoding=\"async\" src=\"https:\/\/marylandefc.org\/wp-content\/uploads\/2024\/02\/Maryland-Community-members-talking-about-ACEs-.jpg\" alt=\"Maryland community members talking about ACEs\" height=\"800\" width=\"1200\" title=\"Mitglieder der Maryland Community sprechen \u00fcber ACEs\" onerror=\"this.style.display='none'\" loading=\"lazy\" \/>\n\t<\/figure>\n<figure itemscope itemtype=\"https:\/\/schema.org\/ImageObject\">\n\t\t\t\t<img decoding=\"async\" src=\"https:\/\/marylandefc.org\/wp-content\/uploads\/2024\/02\/Dr.-Anda-ACE-Study-talking-at-ACE-Interface-Policy-Maker-Reception-5.jpg\" alt=\"Dr. Anda of ACE Interface Study talking at Policy Maker Reception\" height=\"930\" width=\"620\" title=\"Dr. Anda ACE Study spricht beim ACE Interface Policy Maker Reception 5\" onerror=\"this.style.display='none'\" loading=\"lazy\" \/>\n\t\t<figcaption>Dr. Robert Anda, CDC&#8217;s principal investigator on ACE Study at EFC ACE &amp; The Family Tree&#8217;s Interface Policy Maker Reception<\/figcaption>\n\t<\/figure>\n\t<h2>Was hat uns die urspr\u00fcngliche ACE-Studie gesagt?<\/h2>\n<p>In the mid-1990&#8217;s Dr. Robert Anda at the CDC and Dr. Vincent Felitti at Kaiser Permanente in San Diego, California were co-investigators of the groundbreaking ACE Study. \u00a0It was one of the largest studies of childhood adversity and its connection to life-long health and well-being of its kind, involving 17,000 participants.<\/p>\n<p>Es gibt drei Ergebnisse der ACE-Studie:\u00a0\u00a0<\/p>\n<ol>\n<li> ACEs sind h\u00e4ufig.\u00a0\u00a0<\/li>\n<li> ACEs are rarely found in isolation&#8212; where you find one, you are likely to find others.\u00a0\u00a0<\/li>\n<li> ACEs haben einen starken Einfluss auf die sp\u00e4tere Gesundheit und das Wohlbefinden.<\/li>\n<\/ol>\n<p>In der urspr\u00fcnglichen ACE-Studie:<\/p>\n<ul>\n<li aria-level=\"2\">67% der Studienteilnehmer gaben an, mindestens ein ACE zu haben.\u00a0<\/li>\n<\/ul>\n<ul>\n<li aria-level=\"2\">26% gab an, drei oder mehr ACEs zu haben.\u00a0<\/li>\n<\/ul>\n<ul>\n<li aria-level=\"2\">24% gab an, drei oder mehr ACEs zu haben.<\/li>\n<\/ul>\n<h3>In Maryland&#8230;<\/h3>\n<p>Ungef\u00e4hr 60% der Umfrageteilnehmer gaben an, mindestens ein ACE zu haben. <a href=\"https:\/\/marylandefc.org\/de\/partners\/meetings-reports\/\">\u00dcberpr\u00fcfen Sie die SCCAN-Jahresberichte<\/a> f\u00fcr weitere Maryland-spezifische Daten zu ACEs.\u00a0<\/p>\n<p>&nbsp;<\/p>\n\t\t<h3>Erweiterung des Wissens \u00fcber ACEs<\/h3>\n<p>Nachfolgende ACE-Umfragen und Fortschritte in der Wissenschaft haben unser Wissen erweitert.<\/p>\n<ol>\n<li>Die ACE-Studie und nachfolgende ACE-Umfragen ergaben, dass ACEs h\u00e4ufig sind und sich lebenslang auf die Gesundheit und das Wohlbefinden auswirken (Epidemiologie).<\/li>\n<li>Toxic stress from ACEs can damage children&#8217;s developing brains and affect our short- and long-term health (neurobiology or brain science).<\/li>\n<li>Wir k\u00f6nnen ACEs \u00fcber unsere Gene von Generation zu Generation weitergeben (Epigenetik).<\/li>\n<li>Our brains are &#8220;plastic&#8221; &#8211; can reorganize their structure, functions, and connections &#8211; and our bodies can heal through implementing protective factors and resilience-building practices based on ACEs science. (neuroplasticity and resilience)<\/li>\n<\/ol>\n<p>Erweiterte ACE-Umfragen wie die <a href=\"https:\/\/www.philadelphiaaces.org\/philadelphia-ace-survey\" target=\"_blank\" rel=\"noopener\">Philadelphia ACE-Umfrage<\/a> untersuchten weitere negative Erfahrungen in der Kindheit und in der Gemeinschaft, wie etwa Mobbing, Gewalt in der Gemeinschaft, das Leben in Pflegefamilien, Rassismuserfahrungen und die Sicherheit in der Nachbarschaft.<\/p>\n<p>Erfahren Sie, wie sich gesellschaftliche Bedingungen wie Armut, Rassismus und Gewalt auf Kinder auswirken.\u00a0<\/p>\n\t\t<iframe loading=\"lazy\" src=\"https:\/\/player.vimeo.com\/video\/114595623?h=0cae101bc0&amp;color=b44d0f&amp;byline=0&amp;portrait=0\" width=\"640\" height=\"360\" frameborder=\"0\" allowfullscreen=\"allowfullscreen\"><\/iframe>\t\n\t\t<h3>Gemeinsam gegen ACEs<\/h3><p>Wir k\u00f6nnen als Eltern, Erwachsene, politische Entscheidungstr\u00e4ger und Partner in der Gemeinde zusammenarbeiten, um etwas zu bewirken! Maryland Essentials for Childhood (EFC) arbeitet mit The Family Tree und unseren Partnern in der Gemeinde zusammen, um Menschen im ganzen Bundesstaat \u00fcber ACEs und die M\u00f6glichkeiten ihrer gemeinsamen Reduzierung zu informieren.<\/p>\n<p><a href=\"https:\/\/marylandefc.org\/de\/get-involved\/ace-science\/#training\" target=\"_blank\" rel=\"noopener\">Bringen Sie ein ACE-Training in Ihre Gemeinde<\/a>.<\/p>\n<figure itemscope itemtype=\"https:\/\/schema.org\/ImageObject\">\n\t\t\t\t<img decoding=\"async\" src=\"https:\/\/marylandefc.org\/wp-content\/uploads\/2024\/02\/ACE-Instructor-Training.jpg\" alt=\"ACE Instructor Training\" height=\"800\" width=\"1200\" title=\"ACE-Ausbilderausbildung\" onerror=\"this.style.display='none'\" loading=\"lazy\" \/>\n\t<\/figure>\n<h2>\n\t\t\tKindern und Jugendlichen helfen, mit starkem Stress umzugehen\t<\/h2>\n\t\t<h3>POSITIV<\/h3><p>Kurzzeitige Erh\u00f6hung der Herzfrequenz, leichte Erh\u00f6hung des Stresshormonspiegels.<\/p>\n\t\t<h3>ERTR\u00c4GLICH<\/h3><p>Schwere, vor\u00fcbergehende Stressreaktionen, die durch unterst\u00fctzende Beziehungen abgefedert werden.<\/p>\n\t\t<h3>GIFTIG<\/h3><p>L\u00e4ngere Aktivierung von Stressreaktionssystemen ohne sch\u00fctzende Beziehungen.<\/p>\n\t<p>When children are exposed to ACEs and other adversities like racism, poverty, bullying and other forms of violence, and adults aren&#8217;t there to help them cope, their stress systems can over-activate. Their developing bodies and brains are flooded with harmful levels of stress hormones. <\/p>\n<p>This excessive activation of the stress response system produces wear and tear on the child&#8217;s developing body and brain. This &#8220;toxic stress response&#8221; is similar to revving a car engine for days and weeks at a time and can increase the risk of later health problems. \u00a0\u00a0\u00a0\u00a0\u00a0<\/p>\n<p>Jedoch, <strong>children can tolerate even severe stress &#8212; if safe, stable, and nurturing adult relationships are in place<\/strong> um die negativen Auswirkungen abzufedern.<\/p>\n<figure itemscope itemtype=\"https:\/\/schema.org\/ImageObject\">\n\t\t\t\t<img decoding=\"async\" src=\"https:\/\/marylandefc.org\/wp-content\/uploads\/2024\/01\/MEC-Icons_idea.svg\" alt=\"Light bulb icon for information\" height=\"300\" width=\"300\" title=\"MEC-Icons_idee\" onerror=\"this.style.display='none'\" loading=\"lazy\" \/>\n\t<\/figure>\n\t\t<h3><a href=\"https:\/\/developingchild.harvard.edu\/resources\/aces-and-toxic-stress-frequently-asked-questions\/\" target=\"_blank\" rel=\"noopener\">ACEs literally &#8220;get under the skin&#8221;<\/a><\/h3><p>Sehen Sie sich dieses Video an, um zu erfahren, wie sie sich auf Gehirn, K\u00f6rper und Verhalten auswirken k\u00f6nnen.<\/p>\n<p><iframe loading=\"lazy\" title=\"Negative Kindheitserlebnisse (ACEs): Auswirkungen auf Gehirn, K\u00f6rper und Verhalten\" width=\"500\" height=\"281\" src=\"https:\/\/www.youtube.com\/embed\/W-8jTTIsJ7Q?feature=oembed\" frameborder=\"0\" allow=\"accelerometer; autoplay; clipboard-write; encrypted-media; gyroscope; picture-in-picture; web-share\" referrerpolicy=\"strict-origin-when-cross-origin\" allowfullscreen><\/iframe><\/p>\n<p>Sehen Sie sich diese Infografik an und lesen Sie mehr \u00fcber ACEs und toxischen Stress vom Center on the Developing Child.<\/p>\n\t\t\t<a href=\"https:\/\/developingchild.harvard.edu\/resources\/aces-and-toxic-stress-frequently-asked-questions\/\" target=\"_blank\" rel=\"noopener\">\n\t\t\t\t\t\t\tWeiterlesen\n\t\t\t\t\t<\/a>\n<figure data-animation-delay=\"0\" data-animation-duration=\"1\" itemscope itemtype=\"https:\/\/schema.org\/ImageObject\">\n\t\t\t\t<img decoding=\"async\" src=\"https:\/\/marylandefc.org\/wp-content\/uploads\/2024\/02\/Child-receiving-asthma-treatment-with-breathing-mask.jpg\" alt=\"Child receiving asthma treatment with breathing mask\" height=\"800\" width=\"1200\" title=\"Kind erh\u00e4lt Asthmabehandlung mit Atemmaske\" onerror=\"this.style.display='none'\" loading=\"lazy\" \/>\n\t<\/figure>\n\t<h2>How do ACEs impact health &#8211; physical, mental, social and behavioral?<\/h2>\n<p><strong>ACEs k\u00f6nnen einen starken Einfluss auf die sp\u00e4tere Gesundheit und das Wohlbefinden haben.\u00a0\u00a0<\/strong><\/p>\n<p>Schwerere oder h\u00e4ufigere negative Erlebnisse in der Kindheit erh\u00f6hen die Wahrscheinlichkeit, dass Betroffene als Jugendliche oder Erwachsene unter k\u00f6rperlichen, geistigen und verhaltensbezogenen Gesundheitsproblemen leiden.\u00a0<\/p>\n<p>Mit zunehmender Anzahl von ACEs steigt auch das Risiko f\u00fcr bestimmte Krankheiten, chronische Gesundheitsprobleme und weniger gesunde Verhaltensweisen.\u00a0<\/p>\n<h2>\n\t\t\tACEs k\u00f6nnen das Risiko f\u00fcr schlechte soziale Ergebnisse, Krankheit und Tod erh\u00f6hen\t<\/h2>\n\t<p>Untersuchungen zeigen, dass eine erh\u00f6hte Anzahl von ACEs mit vielen der h\u00e4ufigsten Todesursachen wie Herzkrankheiten und Krebs in Zusammenhang steht.<\/p>\n\t\t<h3><a href=\"https:\/\/vetoviolence.cdc.gov\/apps\/aces-infographic\/\" target=\"_blank\" rel=\"noopener\">Chronische Gesundheitszust\u00e4nde<\/a><\/h3><ul>\n<li>Koronare Herzkrankheit<\/li>\n<li>Schlaganfall<\/li>\n<li>Asthma<\/li>\n<li>Chronisch obstruktive Lungenerkrankung (COPD)<\/li>\n<li>Krebs<\/li>\n<li>Nierenerkrankung<\/li>\n<li>Diabetes<\/li>\n<li>Fettleibigkeit<\/li>\n<\/ul>\n\t\t<h3><a href=\"https:\/\/vetoviolence.cdc.gov\/apps\/aces-infographic\/\" target=\"_blank\" rel=\"noopener\">Gesundheitsgef\u00e4hrdendes Verhalten<\/a><\/h3><ul>\n<li>Rauchen<\/li>\n<li>\u00dcberm\u00e4\u00dfiger Alkoholkonsum<\/li>\n<li>Drogenmissbrauch<\/li>\n<li>K\u00f6rperliche Inaktivit\u00e4t<\/li>\n<li>Sexuelles Risikoverhalten<\/li>\n<li>Suizidgedanken und -verhalten<\/li>\n<\/ul>\n\t\t<h3><a href=\"https:\/\/vetoviolence.cdc.gov\/apps\/aces-infographic\/\" target=\"_blank\" rel=\"noopener\">Soziale Ergebnisse<\/a><\/h3><ul>\n<li>Fehlende Krankenversicherung<\/li>\n<li>Arbeitslosigkeit<\/li>\n<li>Weniger als Abitur oder gleichwertige Ausbildung<\/li>\n<\/ul>\n\t\t<h3><a href=\"https:\/\/vetoviolence.cdc.gov\/apps\/aces-infographic\/\" target=\"_blank\" rel=\"noopener\">Psychische Erkrankungen und Substanzst\u00f6rungen<\/a><\/h3><ul>\n<li>Depression<\/li>\n<li>Substanzgebrauchsst\u00f6rung, einschlie\u00dflich Alkohol, Opioide und Tabak<\/li>\n<\/ul>\n\t\t\t<a href=\"https:\/\/vetoviolence.cdc.gov\/apps\/aces-infographic\/\" target=\"_blank\" rel=\"noopener\">\n\t\t\t\t\t\t\tMehr anzeigen\n\t\t\t<\/a>\n\t<h2>Wie Gemeinden zur Vorbeugung von ACEs beitragen k\u00f6nnen<\/h2>\n<p>To nurture children&#8217;s potential, it is important that we work together to prevent serious adversity through good <a href=\"\/de\/policy\/policies-matter\/\">Richtlinien und Programme<\/a>. \u00a0\u00a0\u00a0\u00a0\u00a0<\/p>\n<p>Wir k\u00f6nnen auch daf\u00fcr sorgen, dass jede Gemeinschaft in der Lage ist, Menschen zu unterst\u00fctzen, die schwere Not erlitten haben. <a href=\"\/de\/grownups\/resilience\/\">Widerstandsf\u00e4higkeit<\/a> eine echte M\u00f6glichkeit.<\/p>\n<figure data-animation-delay=\"0\" data-animation-duration=\"1\" itemscope itemtype=\"https:\/\/schema.org\/ImageObject\">\n\t\t\t\t<img decoding=\"async\" src=\"https:\/\/marylandefc.org\/wp-content\/uploads\/2024\/02\/Maryland-15-minimum-wage-rally.jpg\" alt=\"Maryland $15 minimum wage rally\" height=\"800\" width=\"1200\" title=\"Maryland $15 Mindestlohnkundgebung\" onerror=\"this.style.display='none'\" loading=\"lazy\" \/>\n\t<\/figure>\n<h2>\n\t\t\tWas k\u00f6nnen WIR ALLE tun, um ACEs zu verhindern?\t<\/h2>\n\t<p>Wir ALLE haben die n\u00f6tigen Mittel, um die Auswirkungen von ACEs auf ein Kind zu verhindern. Wenn wir gemeinsam an diesen Faktoren arbeiten, k\u00f6nnen wir etwas bewirken! Erwachsene k\u00f6nnen sicherstellen, dass sie:<\/p>\n\t\t<p><strong>Sorgen Sie f\u00fcr sichere, stabile und f\u00f6rdernde Beziehungen zu Hause und in der Gemeinschaft.<\/strong><\/p>\n<p>It&#8217;s the <a href=\"\/de\/grownups\/protective-factors\/#stable-nurturing-relationships\">der wichtigste Faktor<\/a> bei der Verhinderung von ACEs und der Abschw\u00e4chung ihrer Auswirkungen.<\/p>\n\t\t<p><strong>Erf\u00fcllen Sie die Grundbed\u00fcrfnisse eines Kindes. Wenn Sie Hilfe ben\u00f6tigen, <\/strong><strong>Stellen Sie eine Verbindung zu Community-Ressourcen her.<\/strong> <\/p>\n<p>Rufen Sie 2-1-1 an oder <a href=\"http:\/\/search.marylandefc.org\" target=\"_blank\" rel=\"noopener\">Suche nach lokalem Support<\/a>.\u00a0<\/p>\n\t\t<p><strong>Create opportunities for <a href=\"\/de\/grownups\/protective-factors\/#PCE\">positive Kindheitserlebnisse<\/a> and buffer children from the impact of ACEs. <\/strong><\/p>\n<p>Sie f\u00f6rdern eine gesunde Entwicklung und sch\u00fctzen Kinder vor den Auswirkungen von ACEs. <a href=\"\/de\/grownups\/protective-factors\/#PCE\">Lernen Sie weiter<\/a>.<\/p>\n\t\t<p><strong>Auch die Community spielt eine Rolle.<\/strong> <\/p>\n<p><a href=\"\/de\/policy\/policies-matter\/\" target=\"_blank\" rel=\"noopener\">Gehen Sie tiefer auf wichtige Richtlinien ein<\/a> f\u00fcr Kinder, Familien und die Gemeinschaft.\u00a0<a href=\"\/de\/grownups\/protective-factors\/\" target=\"_blank\" rel=\"noopener\">Lesen Sie weiter \u00fcber weitere Schutzfaktoren.<\/a><\/p>\n<p>&nbsp;<\/p>\n<h2>\n\t\t\tWas k\u00f6nnen Eltern tun, um ACEs zu verhindern?\t<\/h2>\n\t\t<p><strong>Suchen Sie nach Ressourcen in Ihrer Community.<\/strong> ACEs kommen h\u00e4ufig vor, Heilung ist m\u00f6glich und Sie sind nicht allein.<\/p>\n\t\t<p><strong>Kn\u00fcpfen Sie Kontakte zu anderen Erwachsenen, die mit PACEs Eltern sind.<\/strong><\/p>\n<p><a href=\"https:\/\/www.pacesconnection.com\/g\/Parenting-with-ACEs\" target=\"_blank\" rel=\"noopener\">Treten Sie dieser Online-Community bei<\/a>.<\/p>\n\t\t<p><strong>Bringen Sie ein ACE-Training in Ihre Community.<\/strong><\/p>\n<p><a href=\"https:\/\/marylandefc.org\/de\/get-involved\/ace-science\/#training\" target=\"_blank\" rel=\"noopener\">Vereinbaren Sie ein Training<\/a>.<\/p>\n\t\t<strong>Sprechen Sie mit Ihrem Kinderarzt.<\/strong><br \/>\nNicht jeder kennt die Bedeutung, aber geben Sie sich alle M\u00fche, jemanden zu finden, der sie kennt.\n<p>Verwenden Sie die <a href=\"https:\/\/www.wellvisitplanner.org\/\" target=\"_blank\" rel=\"noopener\">CAMHI-Brunnenbesuchsplaner<\/a> to prepare for a conversation with your child&#8217;s pediatrician<\/p>\n\t\t<p><strong>Sehen Sie sich dieses kurze Video an, um mehr \u00fcber Widrigkeiten und Traumata in der Kindheit zu erfahren.<\/strong><\/p>\n<p>Negative Kindheitserlebnisse <a href=\"https:\/\/youtu.be\/XHgLYI9KZ-A?feature=shared\" target=\"_blank\" rel=\"noopener\">(ACEs)<\/a>, \u00d6ffentliches Gesundheitsnetzwerk Cymru<\/p>\n\t\t<p><strong>Entdecken Sie Ihren ACE-Verlauf.<\/strong><\/p>\n<p><a href=\"https:\/\/numberstory.org\/\" target=\"_blank\" rel=\"noopener\">It can impact your child&#8217;s.<\/a><\/p>","protected":false},"excerpt":{"rendered":"<p>ACES Helping Children With Adversity Adverse childhood experiences and environments (ACEs) are common. If children don&#8217;t get support when facing adversity, it can cause long-lasting harm. There are things we can all do together to buffer the impact of adversity.\u00a0 The single most important factor is having a safe, stable and nurturing adult in the&hellip;<\/p>","protected":false},"author":1,"featured_media":27077,"parent":26895,"menu_order":0,"comment_status":"closed","ping_status":"closed","template":"","meta":{"footnotes":""},"class_list":["post-26905","page","type-page","status-publish","has-post-thumbnail","hentry"],"_links":{"self":[{"href":"https:\/\/marylandefc.org\/de\/wp-json\/wp\/v2\/pages\/26905","targetHints":{"allow":["GET"]}}],"collection":[{"href":"https:\/\/marylandefc.org\/de\/wp-json\/wp\/v2\/pages"}],"about":[{"href":"https:\/\/marylandefc.org\/de\/wp-json\/wp\/v2\/types\/page"}],"author":[{"embeddable":true,"href":"https:\/\/marylandefc.org\/de\/wp-json\/wp\/v2\/users\/1"}],"replies":[{"embeddable":true,"href":"https:\/\/marylandefc.org\/de\/wp-json\/wp\/v2\/comments?post=26905"}],"version-history":[{"count":0,"href":"https:\/\/marylandefc.org\/de\/wp-json\/wp\/v2\/pages\/26905\/revisions"}],"up":[{"embeddable":true,"href":"https:\/\/marylandefc.org\/de\/wp-json\/wp\/v2\/pages\/26895"}],"wp:featuredmedia":[{"embeddable":true,"href":"https:\/\/marylandefc.org\/de\/wp-json\/wp\/v2\/media\/27077"}],"wp:attachment":[{"href":"https:\/\/marylandefc.org\/de\/wp-json\/wp\/v2\/media?parent=26905"}],"curies":[{"name":"wp","href":"https:\/\/api.w.org\/{rel}","templated":true}]}}