{"id":26909,"date":"2024-02-06T16:13:35","date_gmt":"2024-02-07T00:13:35","guid":{"rendered":"https:\/\/marylandefc.org\/?page_id=26909"},"modified":"2025-06-16T11:12:49","modified_gmt":"2025-06-16T18:12:49","slug":"protective-factors","status":"publish","type":"page","link":"https:\/\/marylandefc.org\/de\/grownups\/protective-factors\/","title":{"rendered":"Wir alle k\u00f6nnen Kinder vor ACEs sch\u00fctzen (mit positiven Kindheitserlebnissen)"},"content":{"rendered":"<img decoding=\"async\" src=\"https:\/\/marylandefc.org\/wp-content\/uploads\/2024\/02\/Family-having-fun-on-beach-towel.jpg\" alt=\"family having fun on beach towel\" itemprop=\"image\" height=\"5464\" width=\"8192\" title=\"Hoch, Winkel, Ansicht, Von, Afro, Amerikaner, Eltern, Und, Kinder, Lachen\" onerror=\"this.style.display='none'\" loading='lazy' \/>\n\t<h1>SCHUTZFAKTOREN<\/h1>\n\t<h2>So sch\u00fctzen Sie Kinder, wenn das Leben passiert<\/h2>\n<p>Even when we have built a strong foundation for well-being in our families and communities, life&#8217;s &#8220;storms&#8221; can hit hard. There are ways we can individually, and more importantly, as a community, protect children and adolescents.\u00a0<\/p>\n<h3>Was sind Schutzfaktoren?<\/h3>\n<p>Protective factors are tangible things that are good for children&#8217;s health and development. When a child has many protective factors in their life, it is less likely that they will experience severe adversity or develop a toxic stress response. For children who experience many ACEs in the early years, protective factors are especially important as a counterbalance.\u00a0<\/p>\n<p>Protective factors can exist in children&#8217;s lives, in families and in communities. Keep reading about these factors that buffer a child from ACEs and promote healthy development.<\/p>\n\t<h2>Kinderschutzfaktoren<\/h2>\n<ul>\n<li aria-level=\"1\">Positive Freundschaften und Peer-Netzwerke.<\/li>\n<li aria-level=\"1\">Gute Leistungen in der Schule.<\/li>\n<li aria-level=\"1\">F\u00fcrsorgliche Erwachsene au\u00dferhalb der Familie, die als Mentoren\/Vorbilder dienen.<\/li>\n<\/ul>\n<p>Research shows children thrive when they have\u00a0 at least two adults in their life who are not their parents, but who genuinely care about the child. These trusted adults can be extended family members like grandparents, aunts, uncles or community members like coaches, teachers, youth group leaders, neighbors or family friends. <\/p>\n\t\t\t\t<img decoding=\"async\" src=\"https:\/\/marylandefc.org\/wp-content\/uploads\/2024\/02\/teacher-helping-students.jpg\" alt=\"Group o felementary students\" itemprop=\"image\" height=\"5368\" width=\"10847\" title=\"Gruppe, Von, Grundschule, Schule, Kinder, Stehen, Um, Ein, Tisch, In\" onerror=\"this.style.display='none'\" loading='lazy' \/>\n\t\t\t\t<img decoding=\"async\" src=\"https:\/\/marylandefc.org\/wp-content\/uploads\/2024\/02\/family-swinging-on-swing-caring-for-children.jpg\" alt=\"Muslim family playing on swing in park\" itemprop=\"image\" height=\"1333\" width=\"2000\" title=\"Muslimische Familie spielt Schaukel im Park\" onerror=\"this.style.display='none'\" loading='lazy' \/>\n\t<h2>Famili\u00e4re Schutzfaktoren<\/h2>\n<p>Dazu geh\u00f6ren:<\/p>\n<ul>\n<li aria-level=\"1\">A child&#8217;s basic needs of food, shelter and health services are met. If you need help with essential needs, call 2-1-1 or <a href=\"http:\/\/search.marylandefc.org\" target=\"_blank\" rel=\"noopener\">Suchen Sie nach Ressourcen in unserer Datenbank<\/a>.<\/li>\n<li aria-level=\"1\">Erwachsene Familienmitglieder verf\u00fcgen \u00fcber starke soziale Unterst\u00fctzungsnetzwerke und positive Beziehungen zu den Menschen in ihrer Umgebung.<\/li>\n<li aria-level=\"1\">Erwachsene Familienmitglieder bew\u00e4ltigen ihre Konflikte friedlich und helfen den Kindern, die Herausforderungen in ihrem Leben zu bew\u00e4ltigen, sei es in der <a href=\"https:\/\/marylandefc.org\/de\/grownups\/developmental-challenges\/\">fr\u00fche Jahre<\/a> oder <a href=\"https:\/\/marylandefc.org\/de\/grownups\/teen-challenges\/\">Tweens\/Teens<\/a>.\u00a0<\/li>\n<li aria-level=\"1\">Familien unternehmen gemeinsam lustige und positive Aktivit\u00e4ten.<\/li>\n<\/ul>\n\t<h2>Gemeinschaftliche Schutzfaktoren<\/h2>\n<p>Maryland Essentials for Childhood arbeitet auf Gemeinschaften hin, in denen alle Kinder, Jugendlichen und ihre Familien gedeihen k\u00f6nnen <a href=\"https:\/\/marylandefc.org\/de\/grownups\/protective-factors\/#stable-nurturing-relationships\">sichere, stabile und f\u00f6rdernde Beziehungen<\/a> und Umgebungen. Unsere Arbeit, sei es die Information der Politik, die Zusammenarbeit mit gemeindebasierten Organisationen oder die Bereitstellung von Ressourcen f\u00fcr Familien, basiert auf dieser Vision.\u00a0<\/p>\n<p>Wir m\u00fcssen alle zusammenarbeiten, um Kinder zu unterst\u00fctzen und Gemeinschaften zu schaffen, in denen jeder erfolgreich ist. Zu den Schutzfaktoren in einer Gemeinschaft geh\u00f6ren Dinge wie:<\/p>\n<ul>\n<li>Alle Familien haben Zugang zu Arbeitsm\u00f6glichkeiten mit familienfreundlichen Richtlinien.\u00a0<\/li>\n<li>Wirtschaftliche und finanzielle Hilfe.<\/li>\n<li>Medizinische Versorgung und psychiatrische Dienste.<\/li>\n<li>Sicheres und stabiles Wohnen.<\/li>\n<li>Hochwertige Kinderbetreuung.<\/li>\n<li>Sichere und spannende Programme und Aktivit\u00e4ten nach der Schule.<\/li>\n<li>Gewaltfreie Nachbarschaften, in denen sich die Bewohner miteinander verbunden f\u00fchlen und in die Gemeinschaft eingebunden sind.<\/li>\n<\/ul>\n\t\t\t\t<img decoding=\"async\" src=\"https:\/\/marylandefc.org\/wp-content\/uploads\/2024\/02\/donating-food-to-neighbor.jpg\" alt=\"Neighbors helping each other with food donation\" itemprop=\"image\" height=\"5464\" width=\"8192\" title=\"Helfen, Nachbarn., Junge, Frau, Mit, Net, Tasche, Von, Produkten, Besuchen\" onerror=\"this.style.display='none'\" loading='lazy' \/>\n\t<h3>Finden Sie Community-Support<\/h3>\n<p>Die 211 kann Ihnen helfen, viele dieser Schutzfaktoren in der Gemeinde zu erreichen. W\u00e4hlen Sie die 211, um Kontakt mit der Gemeindeunterst\u00fctzung aufzunehmen. Sie k\u00f6nnen rund um die Uhr anrufen. Oder: <a href=\"http:\/\/search.marylandefc.org\" target=\"_blank\" rel=\"noopener\">Suchen Sie nach Ressourcen f\u00fcr Eltern und wichtige Themen in Ihrer N\u00e4he<\/a>.<\/p>\n\t\t\t\t<img decoding=\"async\" src=\"https:\/\/marylandefc.org\/wp-content\/uploads\/2024\/02\/doctor-listening-to-child-heart-with-stethescope.jpg\" alt=\"doctor listening to child heart with stethescope\" itemprop=\"image\" height=\"675\" width=\"1200\" title=\"Arzt h\u00f6rt das Herz eines Kindes mit einem Stethoskop ab\" onerror=\"this.style.display='none'\" loading='lazy' \/>\n\t<h3>Wie Ihr Kinderarzt helfen kann<\/h3>\n<p>Der Zugang zur medizinischen Versorgung ist ein entscheidender Schutzfaktor.\u00a0<\/p>\n<p>The American Academy of Pediatrics (AAP) recommends 15 well-child visits during the first six years of your child&#8217;s life. Well-child visits are an opportunity for you and your health providers to connect and celebrate what&#8217;s going well, meet your family&#8217;s needs and address any concerns.\u00a0<\/p>\n<p>It&#8217;s also a good time for health care providers to learn about any family traditions or cultural norms that might impact your child&#8217;s health and development. <\/p>\n<p>Der <a href=\"http:\/\/www.WellVisitPlanner.org\" target=\"_blank\" rel=\"noopener\">Online-Tool \u201eWell Visit Planner\u201c<\/a> can help make those visits to the pediatrician&#8217;s office as meaningful as possible.\u00a0<\/p>\n<p>Dieses kostenlose Tool auf Englisch und Spanisch, das speziell von und f\u00fcr Familien entwickelt wurde, bietet nachweislich:<\/p>\n<ul>\n<li aria-level=\"1\">Sie sparen Zeit bei Ihrem Besuch<\/li>\n<li aria-level=\"1\">make more time for personalized conversations with your child&#8217;s health provider\u00a0<\/li>\n<li aria-level=\"1\">hilft Ihnen und Ihrem Betreuungsteam, sich auf die Diskussion Ihrer Priorit\u00e4ten und Ziele vorzubereiten<\/li>\n<\/ul>\n<p>Das Tool ist durchdacht konzipiert und durch Forschung gest\u00fctzt, sodass Sie darauf vertrauen k\u00f6nnen, dass die bereitgestellten Informationen und Ergebnisse qualitativ hochwertig und von Experten anerkannt sind. <a href=\"http:\/\/www.WellVisitPlanner.org\" target=\"_blank\" rel=\"noopener\">Holen Sie sich den Well Visit Planner<\/a>.\u00a0<\/p>\n\t<h2>Positive Kindheitserlebnisse legen den Grundstein f\u00fcr eine gesunde Entwicklung<\/h2>\n<p>Our knowledge of what factors impact healthy child development has expanded dramatically over the past few decades. While science informs our actions at Maryland Essentials for Childhood, all trusted adults have the tools to build a child&#8217;s brain and encourage healthy development. You are the single most important factor in helping a child develop a strong foundation. <\/p>\n<p>Die Wissenschaft sagt uns, dass positive Kindheitserlebnisse Schutzfaktoren sind, um die Auswirkungen von <a href=\"https:\/\/marylandefc.org\/de\/grownups\/aces\/\">belastende Kindheitserlebnisse<\/a>.\u00a0<\/p>\n<p>Positive Childhood Experiences (PCEs) are experiences during childhood that promote safe, stable, and nurturing relationships and environments &#8211; at home, at school, and in the community &#8211; and are protective factors for ACEs.\u00a0<\/p>\n\t\t\t\t<img decoding=\"async\" src=\"https:\/\/marylandefc.org\/wp-content\/uploads\/2024\/02\/mom-and-daughter-blowing-bubbles-positive-interaction.jpg\" alt=\"Mom and daughter blowing bubbles\" itemprop=\"image\" height=\"1325\" width=\"2000\" title=\"Gl\u00fcckliches kleines lockiges M\u00e4dchen, das mit ihrer Mutter in der Sommernatur vor unscharfem Hintergrund mit Seifenblasen spielt\" onerror=\"this.style.display='none'\" loading='lazy' \/>\n\t<p><strong>PCEs legen den Grundstein f\u00fcr eine optimale Entwicklung des Kindes und soziale Verbundenheit trotz Widrigkeiten<\/strong>. PCEs k\u00f6nnen auch negative Kindheitserlebnisse (Adverse Childhood Experiences, ACEs) verhindern und Kinder vor den lebenslangen negativen Auswirkungen von ACEs auf Gesundheit, Verhalten und Beziehungen sch\u00fctzen, wenn diese auftreten. (CDC, 2019).<\/p>\n<h2>\n\t\t\tPositive Childhood Experiences are&#8230;\t<\/h2>\n\t\t<h3>1. Die F\u00e4higkeit, mit der Familie \u00fcber Gef\u00fchle zu sprechen.<\/h3>\t\n\t\t<h3>2. Das Gef\u00fchl, dass meine Familie mich in schwierigen Zeiten unterst\u00fctzt.<\/h3>\t\n\t\t<h3>3. Freude an der Teilnahme an Gemeinschaftstraditionen.<\/h3>\t\n\t\t<h3>4. Zugeh\u00f6rigkeitsgef\u00fchle in der High School.<\/h3>\t\n\t\t<h3>5. Das Gef\u00fchl, von Freunden unterst\u00fctzt zu werden.<\/h3>\t\n\t\t<h3>6. Zwei Erwachsene (keine Familienmitglieder) haben, die sich wirklich um das Kind k\u00fcmmern.<\/h3>\t\n\t\t<h3>7. Sich zu Hause sicher und geborgen f\u00fchlen.<\/h3>\t\n\t\t\t\t<img decoding=\"async\" src=\"https:\/\/marylandefc.org\/wp-content\/uploads\/2024\/01\/MEC-Icons_idea.svg\" alt=\"Light bulb icon for information\" itemprop=\"image\" height=\"300\" width=\"300\" title=\"MEC-Icons_idee\" onerror=\"this.style.display='none'\" loading='lazy' \/>\n\t<h3>Lernen Sie weiter, indem Sie sich dieses Video ansehen<\/h3>\n\t<p>zur Wissenschaft positiver Kindheitserlebnisse.<\/p>\n\t<iframe loading=\"lazy\" width=\"560\" height=\"315\" src=\"https:\/\/www.youtube.com\/embed\/pFh6_lvioos?si=9ZHNRXN4g0O24QCw\" title=\"YouTube-Videoplayer\" frameborder=\"0\" allow=\"accelerometer; autoplay; clipboard-write; encrypted-media; gyroscope; picture-in-picture; web-share\" allowfullscreen><\/iframe>\n\t\t\t\t<img decoding=\"async\" src=\"https:\/\/marylandefc.org\/wp-content\/uploads\/2024\/02\/dad-and-son-being-superheros-scaled.jpg\" alt=\"Father and son dressed as superheroes\" itemprop=\"image\" height=\"1709\" width=\"2560\" title=\"Vater,Und,Sohn,In,Rot,Superhelden,Kost\u00fcme,Spielen,Mit,Apple\" onerror=\"this.style.display='none'\" loading='lazy' \/>\n\t<h3>Die Superkraft sicherer, stabiler und f\u00f6rdernder Beziehungen<\/h3>\n<p>The CDC uses the phrase &#8220;safe, stable, and nurturing relationships and environments&#8221; to describe the types of personal connections and everyday conditions that prevent child maltreatment, promote healthy development and build resilience.\u00a0\u00a0<\/p>\n<p><strong>Sie definieren die Begriffe wie folgt:<\/strong><\/p>\n<p><strong>Sicher <\/strong>&#8211; A child is free from fear and secure from physical or psychological harm within the relationship and the environment.<\/p>\n<p><strong>Stabil<\/strong>\u00a0 &#8211; The child can count on the adult to be there for them. The child can predictably and consistently depend upon the physical environment.<\/p>\n<p><strong>Pflege<\/strong> &#8211; The adult consistently and sensitively meets the child&#8217;s physical, emotional and developmental needs.<\/p>\n<p>To be a caring adult who meet a child&#8217;s needs, <strong>perfection isn&#8217;t required, but consistency is important<\/strong>. Nat\u00fcrlich wird es Zeiten geben, in denen wir einen schlechten Tag haben, niedergeschlagen sind oder die Fassung verlieren. In diesen Momenten ist es vielleicht weniger wahrscheinlich, dass wir uns auf das Kind einlassen oder F\u00fcrsorge und Anteilnahme zeigen. Wenn diese Momente vor\u00fcbergehend und gelegentlich sind, k\u00f6nnen sich Kinder trotzdem sicher f\u00fchlen und wissen, dass sie auf uns z\u00e4hlen k\u00f6nnen.\u00a0<\/p>\n\t<h3>So erstellen Sie diese Beziehungen<\/h3>\n<p>Versuchen Sie diese M\u00f6glichkeiten, um mit Liebe, F\u00fcrsorge und Anteilnahme eine gesunde Entwicklung in Ihrer sicheren, stabilen und f\u00f6rdernden Beziehung zu f\u00f6rdern:<\/p>\n<ul>\n<li aria-level=\"1\">Get to know the child, what&#8217;s happening in his life and what interests him.\u00a0 Be someone who is interested in him.<\/li>\n<li aria-level=\"1\">Be in the moment with the child. There are times when it is important just to be present and &#8220;be with&#8221; the child&#8230; there is no need to &#8220;fix&#8221; what may be a concern&#8230; sometimes your &#8220;being with&#8221; and present is all that is needed. Be someone they can lean on.<\/li>\n<li aria-level=\"1\">Put away or turn off distractions&#8230;phones, work, TV, etc.<\/li>\n<li aria-level=\"1\">Seien Sie ein guter Zuh\u00f6rer, neugierig, nachdenklich und vorurteilsfrei.<\/li>\n<li aria-level=\"1\">Don&#8217;t use shame and guilt to control behavior.<\/li>\n<li aria-level=\"1\">Attend important events in the child&#8217;s life. Be someone who believes in them.<\/li>\n<li aria-level=\"1\">Bieten Sie viele M\u00f6glichkeiten, gemeinsam zu lachen und zu spielen.<\/li>\n<li aria-level=\"1\">Denken Sie daran: Weder Sie noch das Kind m\u00fcssen perfekt sein, um eine liebevolle und unterst\u00fctzende Beziehung aufzubauen.<\/li>\n<\/ul>\n\t\t\t\t<img decoding=\"async\" src=\"https:\/\/marylandefc.org\/wp-content\/uploads\/2024\/02\/Dad-helping-kid-learn-how-to-bike.jpg\" alt=\"Dad helping kid learn how to bike\" itemprop=\"image\" height=\"800\" width=\"1200\" title=\"Vater hilft Kind beim Fahrradfahren\" onerror=\"this.style.display='none'\" loading='lazy' \/>\n\t\t\t\t<img decoding=\"async\" src=\"https:\/\/marylandefc.org\/wp-content\/uploads\/2024\/01\/MEC-Icons_idea.svg\" alt=\"Light bulb icon for information\" itemprop=\"image\" height=\"300\" width=\"300\" title=\"MEC-Icons_idee\" onerror=\"this.style.display='none'\" loading='lazy' \/>\n<h3>211 und The Family Tree bieten Unterst\u00fctzung<\/h3><p>Wissen Sie, dass die Community Ihnen helfen kann! Wenn Sie eine Frage zur Kindererziehung haben, erhalten Sie Antworten, indem Sie anrufen <a href=\"https:\/\/www.familytreemd.org\/programs\/helpline\/\" target=\"_blank\" rel=\"noopener\">Die Family Tree-Helpline f\u00fcr Eltern, die rund um die Uhr erreichbar ist<\/a> unter 1-800-243-7337.\u00a0<\/p>\n<p>If you&#8217;re feeling stressed or have other mental health concerns, dial 211.\u00a0<\/p>","protected":false},"excerpt":{"rendered":"<p>PROTECTIVE FACTORS How to protect children when life happens Even when we have built a strong foundation for well-being in our families and communities, life&#8217;s &#8220;storms&#8221; can hit hard. There are ways we can individually, and more importantly, as a community, protect children and adolescents.\u00a0 What are protective factors? Protective factors are tangible things that&hellip;<\/p>","protected":false},"author":1,"featured_media":27130,"parent":26895,"menu_order":0,"comment_status":"closed","ping_status":"closed","template":"","meta":{"footnotes":""},"class_list":["post-26909","page","type-page","status-publish","has-post-thumbnail","hentry"],"_links":{"self":[{"href":"https:\/\/marylandefc.org\/de\/wp-json\/wp\/v2\/pages\/26909","targetHints":{"allow":["GET"]}}],"collection":[{"href":"https:\/\/marylandefc.org\/de\/wp-json\/wp\/v2\/pages"}],"about":[{"href":"https:\/\/marylandefc.org\/de\/wp-json\/wp\/v2\/types\/page"}],"author":[{"embeddable":true,"href":"https:\/\/marylandefc.org\/de\/wp-json\/wp\/v2\/users\/1"}],"replies":[{"embeddable":true,"href":"https:\/\/marylandefc.org\/de\/wp-json\/wp\/v2\/comments?post=26909"}],"version-history":[{"count":0,"href":"https:\/\/marylandefc.org\/de\/wp-json\/wp\/v2\/pages\/26909\/revisions"}],"up":[{"embeddable":true,"href":"https:\/\/marylandefc.org\/de\/wp-json\/wp\/v2\/pages\/26895"}],"wp:featuredmedia":[{"embeddable":true,"href":"https:\/\/marylandefc.org\/de\/wp-json\/wp\/v2\/media\/27130"}],"wp:attachment":[{"href":"https:\/\/marylandefc.org\/de\/wp-json\/wp\/v2\/media?parent=26909"}],"curies":[{"name":"wp","href":"https:\/\/api.w.org\/{rel}","templated":true}]}}