{"id":27731,"date":"2024-02-22T15:32:18","date_gmt":"2024-02-22T23:32:18","guid":{"rendered":"https:\/\/marylandefc.org\/?page_id=27731"},"modified":"2026-03-03T06:14:52","modified_gmt":"2026-03-03T14:14:52","slug":"ace-science","status":"publish","type":"page","link":"https:\/\/marylandefc.org\/de\/about\/ace-science\/","title":{"rendered":"ACE Wissenschaft"},"content":{"rendered":"<figure itemscope itemtype=\"https:\/\/schema.org\/ImageObject\">\n\t\t\t\t<img decoding=\"async\" src=\"https:\/\/marylandefc.org\/wp-content\/uploads\/2024\/02\/Anda-talking-to-a-community-crowd.jpg\" alt=\"Anda discussion in the community\" height=\"800\" width=\"1200\" title=\"Anda spricht zu einer Menschenmenge aus der Gemeinde\" onerror=\"this.style.display='none'\" loading=\"lazy\" \/>\n\t<\/figure>\n\t<h1>WISSENSCHAFTS-ACE<\/h1>\n\t<h2>Verstehen Sie die Wissenschaft hinter der ACE-Studie<\/h2>\n<p>Erfahren Sie mehr \u00fcber diese bahnbrechende Studie und wie sie unser Verst\u00e4ndnis der Auswirkungen negativer Kindheitserlebnisse auf die Gehirnentwicklung erweitert hat.\u00a0 <\/p>\n<figure data-animation-delay=\"0\" data-animation-duration=\"1\" itemscope itemtype=\"https:\/\/schema.org\/ImageObject\">\n\t\t\t\t<img decoding=\"async\" src=\"https:\/\/marylandefc.org\/wp-content\/uploads\/2024\/03\/Kids-holding-magnifying-glass.jpg\" alt=\"Kids holding magnifying glass\" height=\"800\" width=\"1200\" title=\"Kinder halten sich eine Lupe vors Gesicht\" onerror=\"this.style.display='none'\" loading=\"lazy\" \/>\n\t<\/figure>\n\t<h2>\u00dcber die ACE-Studie<\/h2>\n\t<p>Dr. Robert Anda und Dr. Vincent Felitti sind die Co-Leiter der bahnbrechenden ACE-Studie, die Mitte der 1990er Jahre von Kaiser Permanente und den Centers for Disease Control and Prevention (CDC) gef\u00f6rdert wurde.<\/p>\n<blockquote><p>Die ACE-Studie ist eine der umfangreichsten Studien zu Belastungen in der Kindheit und deren Zusammenhang mit der Gesundheit und dem Wohlbefinden im weiteren Lebensverlauf. Sie umfasst 17.000 Teilnehmer aus San Diego, Kalifornien.\u00a0<\/p><\/blockquote>\n<p>Diese Studie war wichtig, weil sie mit wissenschaftlichen Beweisen best\u00e4tigte, dass <a href=\"https:\/\/marylandefc.org\/de\/grownups\/aces\/\">belastende Kindheitserlebnisse<\/a> Fr\u00fche Todesf\u00e4lle sind nicht nur h\u00e4ufig, sondern erh\u00f6hen auch das Risiko f\u00fcr k\u00f6rperliche, geistige und Verhaltensprobleme im Laufe des Lebens, darunter 5 der 10 h\u00e4ufigsten Todesursachen in den USA.\u00a0<\/p>\n\t<h3>Ergebnisse der ACE-Studie<\/h3>\n\t<p>Wenn man sich \u00fcber die ACE-Studie informiert, ist es wichtig, sich bewusst zu machen, dass es sich dabei um eine epidemiologische Studie handelt, die sich mit Gesundheitsrisiken auf Bev\u00f6lkerungsebene und nicht auf individueller Ebene besch\u00e4ftigt. <\/p>\n<p>Die ACE-Geschichte eines jeden ist einzigartig \u2013 unsere pers\u00f6nliche Geschichte und nicht unser Schicksal.\u00a0\u00a0<\/p>\n<p>Die Ergebnisse der ACE-Studie stehen auch im Einklang mit \u00fcbereinstimmenden Erkenntnissen in der Neurobiologie (<a href=\"\/de\/grownups\/early-years\/\">Gehirnforschung<\/a>) und die Wirkung von <a href=\"\/de\/grownups\/aces\/\">toxischer Stress<\/a> auf die Entwicklung des Gehirns und K\u00f6rpers. <\/p>\n<p>Weitere wissenschaftliche Erkenntnisse und ACE-Studien erweitern unser Verst\u00e4ndnis der Auswirkungen negativer Erfahrungen in der Gemeinschaft, historischer Traumata und generations\u00fcbergreifender H\u00e4rten auf Familien und die gesunde Entwicklung von Kindern. Der Schl\u00fcssel zu dieser laufenden Forschung liegt in den Auswirkungen von Stressfaktoren in der Kindheit auf allgemeinere Probleme der \u00f6ffentlichen Gesundheit. <\/p>\n<figure data-animation-delay=\"0\" data-animation-duration=\"1\" itemscope itemtype=\"https:\/\/schema.org\/ImageObject\">\n\t\t\t\t<img decoding=\"async\" src=\"https:\/\/marylandefc.org\/wp-content\/uploads\/2024\/03\/Kids-navigating-challenges-on-obstacle-course-in-trees.jpg\" alt=\"Kids navigating challenges on obstacle course in trees\" height=\"800\" width=\"1200\" title=\"Ein Kind bew\u00e4ltigt einen anspruchsvollen Hindernisparcours in den B\u00e4umen\" onerror=\"this.style.display='none'\" loading=\"lazy\" \/>\n\t<\/figure>\n<figure itemscope itemtype=\"https:\/\/schema.org\/ImageObject\">\n\t\t\t\t<img decoding=\"async\" src=\"https:\/\/marylandefc.org\/wp-content\/uploads\/2024\/01\/MEC-Icons_idea.svg\" alt=\"Light bulb icon for information\" height=\"300\" width=\"300\" title=\"MEC-Icons_idee\" onerror=\"this.style.display='none'\" loading=\"lazy\" \/>\n\t<\/figure>\n\t\t<h3>Weiterlesen<\/h3>\n\t\t<p>Das CDC bietet einen vollst\u00e4ndigen \u00dcberblick \u00fcber die Fakten und Auswirkungen der ACE-Studie.<\/p>\n\t\t\t<a href=\"https:\/\/www.cdc.gov\/aces\/about\/index.html\" target=\"_self\" rel=\"noopener\">\n\t\t\t\t\t\t\tACE-\u00dcbersicht anzeigen\n\t\t\t\t\t<\/a>\n\t<h3>Die Erkenntnisse, die wir hervorheben m\u00f6chten<\/h3>\n<ul>\n<li aria-level=\"1\">ACEs sind weit verbreitet: Etwa 641 TP3T der Erwachsenen in den USA gaben an, vor dem 18. Lebensjahr mindestens eine Art von ACE erlebt zu haben, und fast jeder Sechste (17,31 TP3T) gab an, vier oder mehr Arten von ACEs erlebt zu haben. (CDC)<\/li>\n<li aria-level=\"1\">ACEs sind vermeidbar. <br \/>\n\u201eACEs sind ein hoher Indikator f\u00fcr viele der schlimmsten gesundheitlichen und sozialen Probleme unseres Landes. Die gute Nachricht ist jedoch: Was vorhersehbar ist, ist vermeidbar.\u201c Dr. Robert Anda\u00a0<\/li>\n<\/ul>\n<a href=\"\/de\/grownups\/protective-factors\/\">Schutzfaktoren<\/a> sind Dinge, die wir alle tun k\u00f6nnen, um die Auswirkungen von Stress im Leben von Kindern zu mildern.\u00a0<br \/>\n\n<figure data-animation-delay=\"0\" data-animation-duration=\"1\" itemscope itemtype=\"https:\/\/schema.org\/ImageObject\">\n\t\t\t\t<img decoding=\"async\" src=\"https:\/\/marylandefc.org\/wp-content\/uploads\/2024\/02\/Community-gathering.jpg\" alt=\"Community gathering\" height=\"800\" width=\"1200\" title=\"Gemeinschaftsfeier\" onerror=\"this.style.display='none'\" loading=\"lazy\" \/>\n\t<\/figure>\n\t<h2>Bereit, tiefer einzutauchen und Ma\u00dfnahmen zu ergreifen?<\/h2>\n\t<p>The Family Tree leitet in Partnerschaft mit EFC die Bem\u00fchungen in Maryland, unsere Gemeinden \u00fcber die Wissenschaft und die Auswirkungen von ACEs zu informieren, und zwar durch das renommierte Schulungsprogramm \u201eACE Interface\u201c.\u00a0<\/p>\n<p>ACE-Schnittstellenschulungen sollen ein allgemeines Bewusstsein schaffen, das Verst\u00e4ndnis f\u00f6rdern und Gemeinschaften bef\u00e4higen, die Gesundheit und das Wohlbefinden in der gesamten Gesellschaft zu verbessern.<\/p>\n\t<iframe loading=\"lazy\" width=\"560\" height=\"315\" src=\"https:\/\/www.youtube.com\/embed\/49YZ2rn5R2M?si=Atuz1z7bg0XySREq\" title=\"YouTube-Videoplayer\" frameborder=\"0\" allow=\"accelerometer; autoplay; clipboard-write; encrypted-media; gyroscope; picture-in-picture; web-share\" allowfullscreen><\/iframe>\n\t<h2>Veranstalten Sie eine Filmvorf\u00fchrung<\/h2>\n\t<p>Im Jahr 2016 f\u00fchrte James Redford Regie und produzierte <i>Resilienz: Die Biologie des Stresses und die Wissenschaft der Hoffnung, <\/i>ein einst\u00fcndiger Dokumentarfilm \u00fcber die Auswirkungen von toxischem Stress auf Kinder und die Gesellschaft. Der Film ermutigt uns, landesweit wirksame Programme zu untersuchen und kreative L\u00f6sungen f\u00fcr unsere eigenen Gemeinden zu finden. <\/p>","protected":false},"excerpt":{"rendered":"<p>ACE-WISSENSCHAFT Verstehen Sie die Wissenschaft hinter der ACE-Studie. Erfahren Sie mehr \u00fcber diese bahnbrechende Studie und wie sie unser Verst\u00e4ndnis der Auswirkungen negativer Kindheitserlebnisse auf die Gehirnentwicklung erweitert hat. \u00dcber die ACE-Studie Dr. Robert Anda und Dr. Vincent Felitti sind die Co-Leiter der bahnbrechenden ACE-Studie, die von Kaiser Permanente gesponsert wird\u2026<\/p>","protected":false},"author":1,"featured_media":27148,"parent":25,"menu_order":0,"comment_status":"closed","ping_status":"closed","template":"","meta":{"footnotes":""},"class_list":["post-27731","page","type-page","status-publish","has-post-thumbnail","hentry"],"_links":{"self":[{"href":"https:\/\/marylandefc.org\/de\/wp-json\/wp\/v2\/pages\/27731","targetHints":{"allow":["GET"]}}],"collection":[{"href":"https:\/\/marylandefc.org\/de\/wp-json\/wp\/v2\/pages"}],"about":[{"href":"https:\/\/marylandefc.org\/de\/wp-json\/wp\/v2\/types\/page"}],"author":[{"embeddable":true,"href":"https:\/\/marylandefc.org\/de\/wp-json\/wp\/v2\/users\/1"}],"replies":[{"embeddable":true,"href":"https:\/\/marylandefc.org\/de\/wp-json\/wp\/v2\/comments?post=27731"}],"version-history":[{"count":0,"href":"https:\/\/marylandefc.org\/de\/wp-json\/wp\/v2\/pages\/27731\/revisions"}],"up":[{"embeddable":true,"href":"https:\/\/marylandefc.org\/de\/wp-json\/wp\/v2\/pages\/25"}],"wp:featuredmedia":[{"embeddable":true,"href":"https:\/\/marylandefc.org\/de\/wp-json\/wp\/v2\/media\/27148"}],"wp:attachment":[{"href":"https:\/\/marylandefc.org\/de\/wp-json\/wp\/v2\/media?parent=27731"}],"curies":[{"name":"wp","href":"https:\/\/api.w.org\/{rel}","templated":true}]}}