{"id":27733,"date":"2024-02-22T15:32:46","date_gmt":"2024-02-22T23:32:46","guid":{"rendered":"https:\/\/marylandefc.org\/?page_id=27733"},"modified":"2025-02-18T14:11:56","modified_gmt":"2025-02-18T22:11:56","slug":"ace-impact","status":"publish","type":"page","link":"https:\/\/marylandefc.org\/de\/partners\/ace-impact\/","title":{"rendered":"ACE-Auswirkungen"},"content":{"rendered":"<img loading=\"lazy\" decoding=\"async\" src=\"https:\/\/marylandefc.org\/wp-content\/uploads\/2024\/03\/Panoramic-photo-of-Maryland-bridge.jpg\" alt=\"Panoramic photo fo Maryland bridge\" itemprop=\"image\" height=\"800\" width=\"1200\" title=\"Panoramafoto der Maryland Bridge\" onerror=\"this.style.display='none'\"  \/>\n\t<h1>SCHNITTSTELLE IN ZAHLEN<\/h1>\n\t<h2>Erfolge des ACE Interface-Trainings in Maryland<\/h2>\n<p>Since 2017, in partnership with The Family Tree, we&#8217;ve had success across the state in bringing this critical information to members of the community across sectors and regions. <\/p>\n\t<h3>Im Jahr 2017: Der Stammbaum.<\/h3>\n<p>in Partnerschaft mit EFC wurde das ACE Interface Master Trainer Program unter der Leitung von Dr. Robert Anda und Lara Porter nach Maryland gebracht. ACE Interface zielt darauf ab, ACE und Resilienzwissenschaft auf eine Weise zu verbreiten, die es Einzelpersonen und Gemeinschaften erm\u00f6glicht, das Potenzial eines heilungsorientierten Engagements zu erkennen.<\/p>\n<p>Since 2017, 28,508 community members have been educated across all of Maryland&#8217;s 24 jurisdictions.<\/p>\n<p>F\u00fcr Fachleute, die den ACE Interface-Lehrplan in ihre Gemeinde einbringen m\u00f6chten, bewerben Sie sich bei <a href=\"#master\">Werden Sie ACE Interface Master Trainer\/Moderator.<\/a><\/p>\n\t\t\t\t<img loading=\"lazy\" decoding=\"async\" src=\"https:\/\/marylandefc.org\/wp-content\/uploads\/2024\/02\/People-Trained-in-ACEs-by-county.svg\" alt=\"People Trained in Aces by County\" itemprop=\"image\" height=\"422\" width=\"392\" title=\"In ACEs ausgebildete Personen nach Landkreis\" onerror=\"this.style.display='none'\"  \/>\n\t\t\t\t<img loading=\"lazy\" decoding=\"async\" src=\"https:\/\/marylandefc.org\/wp-content\/uploads\/2024\/02\/ACE-Trainer-Pie-Chart.svg\" alt=\"ACE Trainer Pie Chart\" itemprop=\"image\" height=\"435\" width=\"392\" title=\"ACE Trainer Kreisdiagramm\" onerror=\"this.style.display='none'\"  \/>\n\t<h2>Werden Sie Master-Trainer<\/h2>\n\t<p>As Maryland&#8217;s leader in preventing child abuse, The Shepard Training Institute at The Family Tree provides technical assistance, skills-based learning and evidence-informed training opportunities to caregivers, professionals, nonprofits, community organizations and state agencies that build skills and knowledge about identifying child abuse, reporting child maltreatment, understanding child development and the impact of trauma on family systems.\u00a0<\/p>\n<p>One of The Family Tree&#8217;s core professional development opportunities is the Understanding N.E.A.R. (neurobiology, epigenetics, ACEs, and resilience) Science, ACE Interface Master Train the Trainer event. This two-day professional development opportunity is designed to train highly skilled, well-informed Master Trainers and Presenters on the N.E.A.R. science and its impact on both individual health and community well-being.<\/p>\n<p>Derzeit gibt es 300 ACE Interface Master Trainer und Moderatoren aus den verschiedensten Branchenbereichen, darunter Mediziner, Anw\u00e4lte, Sozialarbeiter, P\u00e4dagogen, Strafverfolgungsbeh\u00f6rden und gemeinn\u00fctzige Organisationen. <\/p>\n\t\t\t\t<img loading=\"lazy\" decoding=\"async\" src=\"https:\/\/marylandefc.org\/wp-content\/uploads\/2024\/02\/MEC-Icons_v2_websearch.svg\" alt=\"web search icon\" itemprop=\"image\" height=\"300\" width=\"300\" title=\"MEC-Icons_v2_websearch\" onerror=\"this.style.display='none'\"  \/>\n\t\t<h3>Melden Sie sich an<\/h3><p>zu werden <b>ACE Interface Master Trainer und Moderator.<\/b><\/p>","protected":false},"excerpt":{"rendered":"<p>INTERFACE BY THE NUMBERS Maryland ACE Interface Training Successes Since 2017, in partnership with The Family Tree, we&#8217;ve had success across the state in bringing this critical information to members of the community across sectors and regions. In 2017 The Family Tree.. in partnership with EFC, brought the ACE Interface Master Trainer Program led by&hellip;<\/p>","protected":false},"author":1,"featured_media":28179,"parent":26571,"menu_order":0,"comment_status":"closed","ping_status":"closed","template":"","meta":{"footnotes":""},"class_list":["post-27733","page","type-page","status-publish","has-post-thumbnail","hentry"],"_links":{"self":[{"href":"https:\/\/marylandefc.org\/de\/wp-json\/wp\/v2\/pages\/27733","targetHints":{"allow":["GET"]}}],"collection":[{"href":"https:\/\/marylandefc.org\/de\/wp-json\/wp\/v2\/pages"}],"about":[{"href":"https:\/\/marylandefc.org\/de\/wp-json\/wp\/v2\/types\/page"}],"author":[{"embeddable":true,"href":"https:\/\/marylandefc.org\/de\/wp-json\/wp\/v2\/users\/1"}],"replies":[{"embeddable":true,"href":"https:\/\/marylandefc.org\/de\/wp-json\/wp\/v2\/comments?post=27733"}],"version-history":[{"count":0,"href":"https:\/\/marylandefc.org\/de\/wp-json\/wp\/v2\/pages\/27733\/revisions"}],"up":[{"embeddable":true,"href":"https:\/\/marylandefc.org\/de\/wp-json\/wp\/v2\/pages\/26571"}],"wp:featuredmedia":[{"embeddable":true,"href":"https:\/\/marylandefc.org\/de\/wp-json\/wp\/v2\/media\/28179"}],"wp:attachment":[{"href":"https:\/\/marylandefc.org\/de\/wp-json\/wp\/v2\/media?parent=27733"}],"curies":[{"name":"wp","href":"https:\/\/api.w.org\/{rel}","templated":true}]}}