{"id":27812,"date":"2024-02-26T00:01:30","date_gmt":"2024-02-26T08:01:30","guid":{"rendered":"https:\/\/marylandefc.org\/?page_id=27812"},"modified":"2026-03-03T06:37:22","modified_gmt":"2026-03-03T14:37:22","slug":"dive-deeper-grown-ups","status":"publish","type":"page","link":"https:\/\/marylandefc.org\/de\/dive-deeper-grown-ups\/","title":{"rendered":"Tauche tiefer ein | Erwachsene"},"content":{"rendered":"<figure itemscope itemtype=\"https:\/\/schema.org\/ImageObject\">\n\t\t\t\t<img decoding=\"async\" src=\"https:\/\/marylandefc.org\/wp-content\/uploads\/2024\/02\/grown-ups-looking-at-resources-on-a-computer.jpg\" alt=\"grown-ups looking at resources on a computer\" height=\"800\" width=\"1200\" title=\"Erwachsene schauen sich Ressourcen auf einem Computer an\" onerror=\"this.style.display='none'\" loading=\"lazy\" \/>\n\t<\/figure>\n\t<h1>TIEFER EINTAUCHEN | ERWACHSENE<\/h1>\n\t<p>Looking for more information on a specific topic? You can dig deeper here. Need to talk to someone right now? Here&#8217;s available <a href=\"https:\/\/marylandefc.org\/de\/grownups\/hotlines\/\">Helplines und Hotlines<\/a> die Unterst\u00fctzung und Verbindung bieten k\u00f6nnen.<\/p>\n\t\t<h2>Negative Kindheitserlebnisse<\/h2><p><strong>Understanding ACE&#8217;s<\/strong><\/p>\n<p><i>PACEs-Verbindung<\/i><\/p>\n<p>Zweiseitiger Flyer f\u00fcr Eltern in <a href=\"https:\/\/www.pacesconnection.com\/ws\/UnderstandingACEs_English.pdf\" target=\"_blank\" rel=\"noopener\">Englisch<\/a> Und <a href=\"https:\/\/www.pacesconnection.com\/ws\/UnderstandingACEs_Spanish.pdf\" target=\"_blank\" rel=\"noopener\">Spanisch<\/a> um ACEs, ihre Auswirkungen und den Aufbau von Resilienz zu erkl\u00e4ren.<\/p>\n\t\t<h3>Elternschaft mit ACEs<\/h3><p><i>ACE-Ressourcennetzwerk<\/i><\/p>\n<p><a href=\"https:\/\/numberstory.org\/\" target=\"_blank\" rel=\"noopener\">NumberStory.Org<\/a><\/p>\n<p>Verstehen Sie Ihre eigene pers\u00f6nliche ACE-Geschichte und finden Sie Wege zur Heilung.<\/p>\n<p><b>Erziehung zur Vorbeugung und Heilung von ACEs<\/b><\/p>\n<p><i>Donna Jackson Nakazawa und PACEs Connection<\/i><\/p>\n<p>Zweiseitige Infografik, die Unterst\u00fctzung f\u00fcr Erwachsene mit ACE-Erkrankungen beschreibt, um ihnen bei der Heilung und auch bei der Vorbeugung von ACE-Erkrankungen bei ihren Kindern zu helfen. Verf\u00fcgbar in <a href=\"https:\/\/www.pacesconnection.com\/ws\/ParentingPreventACEs-English.pdf\" target=\"_blank\" rel=\"noopener\">Englisch<\/a> Und <a href=\"https:\/\/www.pacesconnection.com\/ws\/ParentingPreventACEs-Spanish.pdf\" target=\"_blank\" rel=\"noopener\">Spanisch<\/a>.<\/p>\n\t\t<h3>Selbstpflege f\u00fcr Erwachsene<\/h3><p><b>ACEs Aware Selbstpflegetool f\u00fcr Erwachsene<\/b><\/p>\n<p><i>ACEs-bewusst<\/i><\/p>\n<p><a href=\"https:\/\/www.acesaware.org\/wp-content\/uploads\/2019\/12\/Self-Care-Tool-for-Adults.pdf\" target=\"_blank\" rel=\"noopener\">Tipps und eine Checkliste<\/a> um Ihnen zu helfen, Ihre Stressreaktion zu bew\u00e4ltigen.<\/p>\n<p>&nbsp;<\/p>\n<p><b>Selbstf\u00fcrsorge f\u00fcr die Pflegeperson<\/b><\/p>\n<p><i>Medizinische Fakult\u00e4t der Harvard-Universit\u00e4t<\/i><\/p>\n<p><a href=\"https:\/\/www.health.harvard.edu\/blog\/self-care-for-the-caregiver-2018101715003\" target=\"_blank\" rel=\"noopener\">Der Artikel<\/a> beschreibt die Auswirkungen von Pflegestress und 5 wissenschaftlich fundierte M\u00f6glichkeiten, wie Sie den Stress von Eltern und Pflegekr\u00e4ften ausgleichen k\u00f6nnen.<\/p>\n\t\t<h3>Psychische Gesundheit in der fr\u00fchen Kindheit<\/h3><p><b>InBrief: Psychische Gesundheit in der fr\u00fchen Kindheit<\/b><\/p>\n<p><i>Harvard-Zentrum f\u00fcr die Entwicklung des Kindes<\/i><\/p>\n<p><a href=\"https:\/\/www.youtube.com\/watch?v=L41k2p-YRCs\" target=\"_blank\" rel=\"noopener\">8-min\u00fctiges Video<\/a> das die psychische Gesundheit in der fr\u00fchen Kindheit definiert und was wir dar\u00fcber wissen, wie man die Grundlagen f\u00fcr eine gute psychische Gesundheit entwickelt und psychische Gesundheitsprobleme im sp\u00e4teren Leben reduziert.<\/p>\n\t\t<h3>Teenager und Tweens<\/h3><p><b>Von 10 bis 25: Ein Entdeckungsspiel f\u00fcr Jugendliche<\/b><\/p>\n<p><em>UCLA-Zentrum f\u00fcr die Entwicklung von Jugendlichen<\/em><\/p>\n<p><a href=\"https:\/\/developingadolescent.semel.ucla.edu\/core-science-of-adolescence\/from-10-to-25-a-game-of-adolescent-discovery\" target=\"_blank\" rel=\"noopener\">Ein kollaboratives Kartenerz\u00e4hlspiel<\/a> about adolescent discovery created by the UCLA Center for the Developing Adolescent and FrameWorks Institute. The game is designed to be played by adults who have influence on the lives of young people to build understanding of what adolescence is, why it&#8217;s such an important time, and what young people need to establish positive trajectories.<\/p>\n\t\t<h3>Grief &#038; Loss<\/h3><p><b>Auf Ver\u00e4nderungen und Verluste reagieren, zur Unterst\u00fctzung von Kindern, Jugendlichen und Familien<\/b><\/p>\n<p><i>Ein Toolkit der National Alliance for Grieving Children<\/i><\/p>\n<p><a href=\"https:\/\/indd.adobe.com\/view\/c213f5cc-0e37-4c6d-b1b9-1aacd7a10aa7\" target=\"_blank\" rel=\"noopener\">Eine Arbeitsmappe<\/a> to process and create space for everyone&#8217;s emotions and connect your family&#8217;s stories. For their more thorough <a href=\"https:\/\/nacg.org\/resource-library\/\" target=\"_blank\" rel=\"noopener\">Ressourcenbibliothek<\/a> zu besonderen Umst\u00e4nden der Trauer, z. B. Tod durch Drogenmissbrauch, Selbstmord oder Gro\u00dfeltern, die ihre Enkel gro\u00dfziehen, siehe.<\/p>\n<p><b>After a Loved One Dies-How Children Grieve and How Parents and Other Adults Can Support Them<\/b><\/p>\n<p><i>New York Life Stiftung<\/i><\/p>\n<p><a href=\"https:\/\/www.newyorklife.com\/assets\/docs\/pdfs\/claims\/Bereavement-bklet-English.pdf\" target=\"_blank\" rel=\"noopener\">Umfassender Leitfaden<\/a> f\u00fcr Eltern und andere Erwachsene zur Unterst\u00fctzung von Kindern und Jugendlichen im Trauerprozess.<\/p>\n<p>&nbsp;<\/p>\n<p><b>Trauer. Ihre Liebe und Unterst\u00fctzung k\u00f6nnen Kindern helfen, den Tod zu verstehen und mit der Trauer umzugehen.<\/b><\/p>\n<p><i>Sesam-Werkstatt<\/i><\/p>\n<p><a href=\"https:\/\/sesameworkshop.org\/topics\/grief\/\" target=\"_blank\" rel=\"noopener\">Videos und Ressourcen zum Thema Trauer<\/a> um Eltern und anderen Erwachsenen zu helfen, ihre kleinen Kinder in der Zeit von Tod und Trauer zu unterst\u00fctzen.<\/p>\n\t\t<h3>Emotionale Entwicklung und Wohlbefinden<\/h3><p><b>Sesamstra\u00dfe-Toolkit zur emotionalen Entwicklung f\u00fcr Eltern<\/b><\/p>\n<p><em>Sesamstra\u00dfe<\/em><\/p>\n<p><a href=\"https:\/\/www.sesamestreet.org\/parents\/learning-areas\/emotional-development\" target=\"_blank\" rel=\"noopener\">Videos<\/a> mit Strategien, die Kindern helfen, ihre Gef\u00fchle zu erkennen, zu benennen, zu verstehen und zu bew\u00e4ltigen.<\/p>\n<p>&nbsp;<\/p>\n<p><b>Digitale Tools zur F\u00f6rderung des emotionalen Wohlbefindens bei Kindern und Jugendlichen<\/b><\/p>\n<p><i>Nationale Akademien der Wissenschaften, Ingenieurwissenschaften und Medizin (National Academies), ICF International und die Centers for Disease, Control, Prevention (CDC, 200-2011-38807\/75D30120F00087)<\/i><\/p>\n<p><a href=\"https:\/\/nap.nationalacademies.org\/resource\/other\/dbasse\/wellbeing-tools\/interactive\/pdf\/CDC%20Forum%20Digital%20Tools%20Fact%20Sheet.pdf\" target=\"_blank\" rel=\"noopener\">Kostenlose, interaktive Tools<\/a> ist auf Englisch und Spanisch f\u00fcr Familien erh\u00e4ltlich und vermittelt Kindern F\u00e4higkeiten, mit denen sie verhindern k\u00f6nnen, dass aus kleinen Sorgen gro\u00dfe Sorgen werden.<\/p>\n<p>&nbsp;<\/p>\n\t\t<h3>Exekutive Funktionen<\/h3><p><b>B\u00fccher und Tipps zur F\u00f6rderung von Lebenskompetenzen<\/b><\/p>\n<p><i>Der Geist im Werden<\/i><\/p>\n<p><a href=\"https:\/\/www.mindinthemaking.org\/book-tips\" target=\"_blank\" rel=\"noopener\">Buchtipps<\/a> F\u00f6rdern Sie wissenschaftlich fundiertes Lernen f\u00fcr bestimmte Lebenskompetenzen sowie Spa\u00df und Engagement zwischen Kindern und Erwachsenen. Die B\u00fccher sind auf Englisch und Spanisch erh\u00e4ltlich und f\u00fcr drei Altersgruppen konzipiert: S\u00e4uglinge und Kleinkinder, Vorschulkinder und Kinder im Schulalter.<\/p>\n<p><strong>Gehirnentwicklung durch Spielen: Aktivit\u00e4ten f\u00fcr S\u00e4uglinge, Kleinkinder und Kinder\u00a0<\/strong><\/p>\n<p><em>Zentrum f\u00fcr die Entwicklung des Kindes und LEGO Stiftung<\/em><\/p>\n<p>Play is an important part of a child&#8217;s life, and grown-ups can build meaningful moments with children of all ages through play and games. These moments develop and strengthen executive function skills that will help children throughout life. <a href=\"https:\/\/developingchild.harvard.edu\/resources\/handouts-tools\/brainbuildingthroughplay\" target=\"_blank\" rel=\"noopener\">Laden Sie die Arbeitsbl\u00e4tter herunter.<\/a> von Babys bis zum Teenageralter.<\/p>\n\t\t<h3>Pr\u00e4vention von sexuellem Kindesmissbrauch<\/h3><p><b>Talk to Me First, Everything You Need to Know to Become Your Kids&#8217; &#8220;Go-To&#8221; Person About Sex; and other books<\/b><\/p>\n<p><i>Deborah Roffman, Sexualp\u00e4dagogin<\/i><\/p>\n<p>A <a href=\"https:\/\/sexandsensibility.net\/books\/\" target=\"_blank\" rel=\"noopener\">F\u00fchrung<\/a> to help you become your kids&#8217; number one source for information and guidance on human sexuality. Just as children develop physically, cognitively, and emotionally in developmental stages, they do so sexually as well. The author gives strategies for handling embarrassing or difficult conversations, offering the best ways to make sure you both keep talking (and listening) at different developmental stages.<\/p>\n<p>&nbsp;<\/p>\n<p><b>Ressourcen f\u00fcr Eltern, Betreuer und Kinder zur Verhinderung von sexuellem Kindesmissbrauch<\/b><\/p>\n<p><i>Moore-Zentrum zur Pr\u00e4vention von sexuellem Kindesmissbrauch, Johns Hopkins School of Public Health<\/i><\/p>\n<p><a href=\"https:\/\/publichealth.jhu.edu\/moore-center-for-the-prevention-of-child-sexual-abuse\/get-support\/resources-for-parents-caregivers-and-children-to-prevent-child-sexual-abuse\" target=\"_blank\" rel=\"noopener\">Ressourcen<\/a> um sexuellen Kindesmissbrauch zu verhindern, bevor er geschieht.<\/p>\n\t\t<h3>Psychische Gesundheit von Jugendlichen<\/h3><p><b>Psychische Gesundheit bei Jugendlichen: Wir helfen Ihnen, die Unterst\u00fctzung zu finden, die Sie brauchen<\/b><\/p>\n<p><i>Gesundheitsministerium von Maryland<\/i><\/p>\n<p><a href=\"https:\/\/health.maryland.gov\/bha\/Documents\/Youth%20Mental%20Health%201-pager.pdf\" target=\"_blank\" rel=\"noopener\">Wichtige Hotlines, Helplines und Ressourcen zur Unterst\u00fctzung der psychischen Gesundheit junger Menschen.<\/a><\/p>\n<p><b>JED&#8217;s Mental Health Resource Center<\/b><\/p>\n<p><em>Die JED-Stiftung<\/em><\/p>\n<p>The Jed Foundation is a nonprofit that protects emotional health and prevents suicide for our nation&#8217;s teens and young adults, giving them the skills and support they need to thrive.\u00a0 The <a href=\"https:\/\/jedfoundation.org\/mental-health-resource-center\/\" target=\"_blank\" rel=\"noopener\">Webseite<\/a> bietet Ressourcen f\u00fcr Teenager, junge Erwachsene und die Erwachsenen und Gemeinschaften, die sie unterst\u00fctzen.<\/p>\n\t\t<h3>Widerstandsf\u00e4higkeit<\/h3><p><b>St\u00e4rkung der Resilienz, Strong4Life<\/b><\/p>\n<p><i>Children&#8217;s Healthcare of Atlanta<\/i><\/p>\n<p><a href=\"https:\/\/www.strong4life.com\/en\/emotional-wellness\/raising-resilience\" target=\"_blank\" rel=\"noopener\">Tools und Factsheets<\/a> f\u00fcr alle Entwicklungsstadien.<\/p>\n\t\t<h3>Motivation<\/h3><p><b>So motivieren Sie Kinder: Wissenschaftlich fundierte Ans\u00e4tze f\u00fcr Eltern, Erzieher und Lehrer<\/b><\/p>\n<p><i>Harvard-Zentrum f\u00fcr die Entwicklung des Kindes<\/i><\/p>\n<p>Die Forschung zeigt neun M\u00f6glichkeiten auf, wie Eltern und Fachkr\u00e4fte w\u00e4hrend der Entwicklung positive Motivation und Lernen f\u00f6rdern k\u00f6nnen. <a href=\"https:\/\/developingchild.harvard.edu\/resources\/how-to-motivate-children-science-based-approaches-for-parents-caregivers-and-teachers\/\" target=\"_blank\" rel=\"noopener\">Lernen<\/a> \u00fcber diese 9 M\u00f6glichkeiten und mehr!<\/p>\n\t\t<h3>Vertrauensw\u00fcrdige Websites f\u00fcr Eltern<\/h3><p><b>HealthyChildren.org <\/b><\/p>\n<p><em>The American Academy of Pediatrics Parenting Website\/ \u200bDie Seite \u00fcber die Kinderkritik der AAP<\/em><\/p>\n<p>Eltern-Website der American Academy of Pediatrics, verf\u00fcgbar in <a href=\"https:\/\/healthychildren.org\/English\/Pages\/default.aspx\" target=\"_blank\" rel=\"noopener\">Englisch<\/a> Und <a href=\"https:\/\/www.healthychildren.org\/spanish\/Paginas\/default.aspx\" target=\"_blank\" rel=\"noopener\">Spanisch<\/a>.<\/p>\n<p>&nbsp;<\/p>\n<p><strong>Schl\u00fcsselkonzepte f\u00fcr die kindliche Entwicklung<\/strong><\/p>\n<p><em>Harvard-Zentrum f\u00fcr die Entwicklung des Kindes<\/em><\/p>\n<p>Vermittelt wichtige wissenschaftliche Konzepte zur kindlichen Entwicklung, darunter <a href=\"https:\/\/developingchild.harvard.edu\/science\/key-concepts\/\" target=\"_blank\" rel=\"noopener\">Videoclips und andere Ressourcen<\/a> wissenschaftliche Erkenntnisse in nutzbare Werkzeuge f\u00fcr Eltern, politische Entscheidungstr\u00e4ger und Gemeindemitglieder umzusetzen.<\/p>\n<p>&nbsp;<\/p>\n<p><strong>Wichtige Konzepte f\u00fcr Jugendliche<\/strong><\/p>\n<p><em>UCLA-Zentrum f\u00fcr die Entwicklung von Jugendlichen<\/em><\/p>\n<p><a href=\"https:\/\/developingadolescent.semel.ucla.edu\/core-science-of-adolescence\/key-concepts\" target=\"_blank\" rel=\"noopener\">Mal geteilt<\/a> die Wissenschaft der Jugendentwicklung, um sie f\u00fcr politische Entscheidungstr\u00e4ger, Fachkr\u00e4fte in der Jugendarbeit, Eltern und die jungen Menschen selbst n\u00fctzlich und zug\u00e4nglich zu machen.<\/p>\n\t\t<h3>Immigration &#038; Deportation<\/h3><p><b>Schritt-f\u00fcr-Schritt-Vorsorgeplan f\u00fcr die Familie<\/b><\/p>\n<p><i>Rechtsressourcenzentrum f\u00fcr Einwanderer<\/i><\/p>\n<p>Das <a href=\"https:\/\/www.ilrc.org\/resources\/step-step-family-preparedness-plan\" target=\"_blank\" rel=\"noopener\">Ressourcen-Toolkit<\/a> hilft Erwachsenen bei der Erstellung eines Familienvorsorgeplans f\u00fcr den Fall einer Einwanderung. Informieren Sie sich \u00fcber die Kinderbetreuung bei Abwesenheit eines Elternteils und wo Sie Einwanderungsdienste finden.<\/p>\n<strong><br \/>\nLove and Monsters in Sofia&#8217;s Life<\/strong>\n<p><em>Autor: Belinda Hern\u00e1ndez Arriaga<\/em><\/p>\n<p>Der <a href=\"https:\/\/www.conocimientospressllc.com\/books\/love-and-monsters\" target=\"_blank\" rel=\"noopener\">vollfarbiges Bilderbuch<\/a> erz\u00e4hlt die Geschichte von Sofia, die lernt, sich auf die Liebe und das Vertrauen ihrer Familie zu verlassen, um ihre Angst vor dem Monster \u201eLa Migra\u201c zu \u00fcberwinden.<\/p>\n<p>&nbsp;<\/p>\n<p><strong>Wie man mit einem Kind spricht, das sich Sorgen wegen einer Abschiebung macht<\/strong><\/p>\n<p><em>Zentrum f\u00fcr Kinderstress und -gesundheit am Florida State University College of Medicine<\/em><\/p>\n<p>Der <a href=\"http:\/\/fsustress.org\/pdfs\/CCSH_Deportation_EN.pdf\" target=\"_blank\" rel=\"noopener\">PDF-Tippblatt<\/a> listet h\u00e4ufige Probleme auf, die bei Kindern in stressigen Zeiten auftreten, und wie Sie ihnen helfen k\u00f6nnen.<\/p>\n<p>&nbsp;<\/p>\n<p><strong>Heilung und Resilienz: Ein Besch\u00e4ftigungsbuch f\u00fcr lateinamerikanische Kinder, die von Abschiebung betroffen sind<\/strong><\/p>\n<p><em>Children&#8217;s Psychological Health Center<\/em><\/p>\n<p>Das gef\u00fchrte Aktivit\u00e4tsbuch (<a href=\"http:\/\/www.childrenspsychologicalhealthcenter.org\/wp-content\/uploads\/2014\/11\/Healing-and-Resilience%E2%80%94An-Activity-Book-for-Latino-Children-Impacted-by-Deportation%E2%80%94English.pdf\" target=\"_blank\" rel=\"noopener\">Englisch<\/a> | <a href=\"http:\/\/www.childrenspsychologicalhealthcenter.org\/wp-content\/uploads\/2014\/11\/Recuperacio%CC%81n-y-Resiliencia%E2%80%94Un-Libro-de-Actividades-para-Nin%CC%83os-Latinos-Impactados-por-la-Deportacio%CC%81n%E2%80%94Espan%CC%83ol.pdf\" target=\"_blank\" rel=\"noopener\">Spanisch<\/a>) hilft Kindern, denen die Abschiebung eines Elternteils droht oder die dies bereits erlebt haben. Das Programm richtet sich an Kinder im Alter von 8 bis 12 Jahren, kann aber auch f\u00fcr \u00e4ltere und j\u00fcngere Kinder hilfreich sein.<\/p>\n<p>&nbsp;<\/p>\n\t<h3>Index<\/h3>\n<ul>\n<li><a href=\"#adverse-childhood-experiences\">Negative Kindheitserlebnisse<\/a><\/li>\n<li><a href=\"#parenting-with-aces\">Elternschaft mit ACEs<\/a><\/li>\n<li><a href=\"#self-care-grownups\">Selbstpflege f\u00fcr Erwachsene<\/a><\/li>\n<li><a href=\"#early-childhood-mental-health\">Psychische Gesundheit in der fr\u00fchen Kindheit<\/a><\/li>\n<li><a href=\"#teens-tweens\">Teenager und Tweens<\/a><\/li>\n<li><a href=\"#grief-loss\">Trauer &amp; Verlust<\/a><\/li>\n<li><a href=\"#emotional-development\">Emotionale Entwicklung und Wohlbefinden<\/a><\/li>\n<li><a href=\"#executive-function-skills\">Exekutive Funktionen<\/a><\/li>\n<li><a href=\"#preventing-child-sexual-abuse\">Pr\u00e4vention von sexuellem Kindesmissbrauch<\/a><\/li>\n<li><a href=\"#youth-mental-health\">Psychische Gesundheit von Jugendlichen<\/a><\/li>\n<li><a href=\"#resilience\">Widerstandsf\u00e4higkeit<\/a><\/li>\n<li><a href=\"#motivation\">Motivation<\/a><\/li>\n<li><a href=\"#trusted-parenting-websites\">Vertrauensw\u00fcrdige Websites f\u00fcr Eltern<\/a><\/li>\n<li><a href=\"#immigration\">Einwanderung und Abschiebung<\/a><\/li>\n<\/ul>","protected":false},"excerpt":{"rendered":"<p>DIVE DEEPER | GROWN-UPS Looking for more information on a specific topic? You can dig deeper here. Need to talk to someone right now? Here&#8217;s available helplines and hotlines that can provide support and connection. Adverse Childhood Experiences Understanding ACE&#8217;s PACEs Connection Two-page flyer for parents in English and Spanish to explain ACEs, their impact,&hellip;<\/p>","protected":false},"author":1,"featured_media":28024,"parent":0,"menu_order":0,"comment_status":"closed","ping_status":"closed","template":"","meta":{"footnotes":""},"class_list":["post-27812","page","type-page","status-publish","has-post-thumbnail","hentry"],"_links":{"self":[{"href":"https:\/\/marylandefc.org\/de\/wp-json\/wp\/v2\/pages\/27812","targetHints":{"allow":["GET"]}}],"collection":[{"href":"https:\/\/marylandefc.org\/de\/wp-json\/wp\/v2\/pages"}],"about":[{"href":"https:\/\/marylandefc.org\/de\/wp-json\/wp\/v2\/types\/page"}],"author":[{"embeddable":true,"href":"https:\/\/marylandefc.org\/de\/wp-json\/wp\/v2\/users\/1"}],"replies":[{"embeddable":true,"href":"https:\/\/marylandefc.org\/de\/wp-json\/wp\/v2\/comments?post=27812"}],"version-history":[{"count":0,"href":"https:\/\/marylandefc.org\/de\/wp-json\/wp\/v2\/pages\/27812\/revisions"}],"wp:featuredmedia":[{"embeddable":true,"href":"https:\/\/marylandefc.org\/de\/wp-json\/wp\/v2\/media\/28024"}],"wp:attachment":[{"href":"https:\/\/marylandefc.org\/de\/wp-json\/wp\/v2\/media?parent=27812"}],"curies":[{"name":"wp","href":"https:\/\/api.w.org\/{rel}","templated":true}]}}