{"id":27814,"date":"2024-02-26T00:02:07","date_gmt":"2024-02-26T08:02:07","guid":{"rendered":"https:\/\/marylandefc.org\/?page_id=27814"},"modified":"2025-04-28T08:10:02","modified_gmt":"2025-04-28T15:10:02","slug":"dive-deeper-partners","status":"publish","type":"page","link":"https:\/\/marylandefc.org\/de\/dive-deeper-partners\/","title":{"rendered":"Tiefer eintauchen | Partner"},"content":{"rendered":"<img loading=\"lazy\" decoding=\"async\" src=\"https:\/\/marylandefc.org\/wp-content\/uploads\/2024\/02\/Partners-Gathering.jpg\" alt=\"Partners gathering\" itemprop=\"image\" height=\"800\" width=\"1200\" title=\"Partnertreffen\" onerror=\"this.style.display='none'\"  \/>\n\t<h1>TIEFER EINTAUCHEN | PARTNER<\/h1>\n\t<h2>Community-Partner<\/h2>\n<p>EFC st\u00fctzt sich auf die Erfahrung, das Fachwissen und die fundierten Kenntnisse unserer Partner in vielen verschiedenen Bereichen und Sektoren, um unsere gemeinsame Arbeit zu leiten. Nehmen Sie sich die Zeit, tiefer zu graben und <a href=\"https:\/\/marylandefc.org\/de\/partners\/\">Hier direkt verbinden<\/a>.<\/p>\n\t\t<h3>PACEs Online-Netzwerke<\/h3><p><strong>Starten und erweitern Sie PACE-Initiativen<\/strong><\/p>\n<p><em>PACEs-Verbindung<\/em><\/p>\n<p>Sie vernetzen Menschen aus aller Welt, die sich f\u00fcr die Wissenschaft positiver und negativer Kindheitserfahrungen interessieren. Sie bieten staatlichen und lokalen Gemeinschaften die M\u00f6glichkeit, <a href=\"https:\/\/www.pacesconnection.com\/\" target=\"_blank\" rel=\"noopener\">PACE-Initiativen starten und ausbauen<\/a>, online und pers\u00f6nlich, und stellen Ihnen Tools zur Verf\u00fcgung, mit denen Sie Ihre Fortschritte messen k\u00f6nnen. <\/p>\n\t\t<h3>ACEs-Schulung<\/h3><p><b>Wir alle haben eine Rolle zu spielen<\/b><\/p>\n<p><i>Online-ACE-Schulung zum Thema Veto-Gewalt der CDC<\/i><\/p>\n<p><a href=\"https:\/\/vetoviolence.cdc.gov\/apps\/aces-training\/#\/\" target=\"_blank\" rel=\"noopener\">90-min\u00fctiges Online-Training<\/a> zur Pr\u00e4vention belastender Kindheitserlebnisse.<\/p>\n\t\t<h3>Aufbau exekutiver F\u00e4higkeiten f\u00fcr Erwachsene<\/h3><p><b>Aufbau der F\u00e4higkeiten, die Erwachsene f\u00fcr das Leben brauchen: Ein Leitfaden f\u00fcr Praktiker<\/b><\/p>\n<p><i>Harvard-Zentrum f\u00fcr die Entwicklung des Kindes<\/i><\/p>\n<p><a href=\"https:\/\/harvardcenter.wpenginepowered.com\/wp-content\/uploads\/2017\/08\/HCDC_BuildingCoreLifeSkills.pdf\" target=\"_blank\" rel=\"noopener\">Enth\u00e4lt<\/a> 5 M\u00f6glichkeiten, wie Praktiker den Erwachsenen im Leben von Kindern helfen k\u00f6nnen, grundlegende Lebenskompetenzen zu erlernen.<\/p>\n\t\t<h3>Kommunikation der Entwicklungswissenschaft<\/h3><p><b>Die Resilienzskala \u2013 Verwendung von Metaphern zur Vermittlung einer entwicklungsbezogenen Perspektive auf Resilienz<\/b><\/p>\n<p><i>Das FrameWorks Institute, Nathaniel Kendall-Taylor, Mai 2012<\/i><\/p>\n<p>A <a href=\"https:\/\/www.frameworksinstitute.org\/wp-content\/uploads\/2020\/03\/resilience_em_report_final.pdf\" target=\"_blank\" rel=\"noopener\">F\u00fchrung<\/a> zur Verwendung der Metapher der Resilienzskala, um die Wissenschaft der Resilienz zu erkl\u00e4ren.<\/p>\n<p>&nbsp;<\/p>\n<p><b>Die Geschichte des Gehirns teilen \u2013 Metaphern zur Erkl\u00e4rung der kindlichen Entwicklung verwenden<\/b><\/p>\n<p><i>NSPCC 2021. Nationale Gesellschaft zur Verh\u00fctung von Grausamkeit gegen\u00fcber Kindern. Eingetragene Wohlt\u00e4tigkeitsorganisation in England und Wales 216401, Schottland SC037717 und Jersey 384. Illustrationen von Fred und Eric. J20201187.<\/i><\/p>\n<p>A <a href=\"https:\/\/learning.nspcc.org.uk\/media\/2547\/sharing-the-brain-story-metaphors-summary-booklet.pdf\" target=\"_blank\" rel=\"noopener\">F\u00fchrung<\/a> zur Verwendung von Metaphern zur Erkl\u00e4rung der Wissenschaft der Kindesentwicklung.<\/p>\n<p>&nbsp;<\/p>\n<p><b>Neubewertung von Widrigkeiten in der Kindheit: F\u00f6rderung von Upstream-Ans\u00e4tzen<\/b><\/p>\n<p><i>FrameWorks Institut<\/i><\/p>\n<p>A <a href=\"https:\/\/www.frameworksinstitute.org\/wp-content\/uploads\/2021\/03\/ReframingChildhoodAdversity2021.pdf\" target=\"_blank\" rel=\"noopener\">F\u00fchrung<\/a> basierend auf Kommunikationsforschung zur effektiven Darstellung und Vermittlung der Wissenschaft \u00fcber Widrigkeiten in der Kindheit.<\/p>\n\t\t<h3>Wichtige Dinge f\u00fcr die Kindheit<\/h3><p><b>CDCs Essentials f\u00fcr die Kindheit: Schaffung sicherer, stabiler und f\u00f6rdernder Beziehungen und Umgebungen f\u00fcr alle Kinder<\/b><\/p>\n<p><i>Zentren f\u00fcr Krankheitskontrolle und Pr\u00e4vention<\/i><\/p>\n<p><a href=\"https:\/\/www.cdc.gov\/violenceprevention\/pdf\/essentials-for-childhood-framework508.pdf\" target=\"_blank\" rel=\"noopener\">36-seitiges Essentials for Childhood Framework<\/a> umfasst Strategien, die den Bundesstaaten dabei helfen, Beziehungen und Umgebungen zu f\u00f6rdern, die zur Schaffung von Nachbarschaften, Gemeinschaften und einer Welt beitragen k\u00f6nnen, in der jedes Kind gedeihen kann.<\/p>\n\t\t<h3>Filme f\u00fcr \u00f6ffentliche Vorf\u00fchrungen und Diskussionen<\/h3><p><b>Schwarze Jungs<\/b><\/p>\n<p><i>Fl\u00fcstere niemals Gerechtigkeit<\/i><\/p>\n<p>In einer Nation, die immer noch darum k\u00e4mpft, ihr rassistisches Erbe zu korrigieren \u2013 <a href=\"https:\/\/www.blackboysfilm.com\/\" target=\"_blank\" rel=\"noopener\">BLACK BOYS FILM<\/a> beleuchtet die ganze Menschlichkeit schwarzer Jungen und M\u00e4nner in Amerika.<\/p>\n<p>&nbsp;<\/p>\n<p><b>Schwarze M\u00e4dchen <\/b>&#8211;<i>kommt bald<\/i><\/p>\n<p><i>Fl\u00fcstere niemals Gerechtigkeit<\/i><\/p>\n<p>Der Film beleuchtet das Spektrum der Menschlichkeit schwarzer Frauen in Amerika. Eine intime, generations\u00fcbergreifende Erkundung, <a href=\"https:\/\/neverwhisperjustice.com\/portfolio\/black-girls\/\" target=\"_blank\" rel=\"noopener\">SCHWARZE M\u00c4DCHEN<\/a> strebt nach Einblicken in Identit\u00e4t und Chancen an der Schnittstelle von Kultur, Bildung und heilungsorientiertem Engagement.<\/p>\n<p>&nbsp;<\/p>\n<p><b>Zum Totlachen: Die Darrell Hammond Story<\/b><\/p>\n<p><i>Michelle Esrick<\/i><\/p>\n<p>Der <a href=\"https:\/\/www.crackedupmovie.com\/\" target=\"_blank\" rel=\"noopener\">Cracked Up Ganzer Film GermanCracked Up kostenlos sehenCracked Up german stream<\/a> Die unglaubliche Geschichte des Schauspielers, Komikers, Meister-Imitators und Saturday Night Live-Veteranen Darrell Hammond beleuchtet die Auswirkungen belastender Kindheitserlebnisse auf das ganze Leben. Sie hilft uns, die Auswirkungen von Kindheitstraumata in einem neuen Licht zu verstehen, Stigmatisierungen abzubauen und Scham durch Mitgef\u00fchl und Hoffnung zu ersetzen.<\/p>\n<p>&nbsp;<\/p>\n<p><b>Tolles Foto, sch\u00f6nes Leben<\/b><\/p>\n<p><i>HBO Max<\/i><\/p>\n<p>Im Film <a href=\"https:\/\/www.hbo.com\/movies\/great-photo-lovely-life-facing-a-familys-secrets\" target=\"_blank\" rel=\"noopener\">Tolles Foto, sch\u00f6nes Leben<\/a>Die Fotojournalistin Amanda Mustard untersucht den jahrzehntelangen sexuellen Missbrauch durch ihren Gro\u00dfvater. Aufschlussreiche Interviews, Archivfotos und intime Privatvideos enth\u00fcllen eine Welt voller Geheimnisse und veranschaulichen Mustards Bem\u00fchungen, den Kreislauf generations\u00fcbergreifender Traumata zu durchbrechen und den \u00dcberlebenden Kraft zu geben, weiterzumachen. Gespr\u00e4chsleitf\u00e4den sind auf der Website verf\u00fcgbar.<\/p>\n<p>&nbsp;<\/p>\n<p><b>Heilendes Neen<\/b><\/p>\n<p><em>Tonier Cain<\/em><\/p>\n<p>Die Geschichte von <a href=\"https:\/\/www.youtube.com\/watch?v=AnK00sXdTW8\" target=\"_blank\" rel=\"noopener\">die erstaunliche Genesung von Tonier \u201eNeen\u201c<\/a> Cain entwickelte sich von einem Leben voller Missbrauch und Drogensucht zu einer landesweit bekannten Rednerin und P\u00e4dagogin \u00fcber die verheerenden Folgen von Traumata und die Hoffnung auf Genesung. Neens Geschichte weist auf die individuellen und gesellschaftlichen Folgen unbehandelter Traumata hin und zeigt die Notwendigkeit traumainformierter Ans\u00e4tze und Dienstleistungen in allen unseren Systemen, einschlie\u00dflich Kinderschutz, psychischer Gesundheit, Sucht, Justiz, Wohnungswesen und Strafvollzug.<\/p>\n<p>&nbsp;<\/p>\n<p><b>Papiertiger<\/b><\/p>\n<p><i>KPJR-Filme<\/i><\/p>\n<p><a href=\"https:\/\/kpjrfilms.co\/paper-tigers\/\" target=\"_blank\" rel=\"noopener\">Papiertiger<\/a> begleitet ein Jahr im Leben einer High School, die ihren Ansatz zur Disziplinierung ihrer Sch\u00fcler radikal ge\u00e4ndert hat und zu einem Modell f\u00fcr traumainformierte Betreuung geworden ist und zeigt, wie der Kreislauf von Armut, Gewalt und Krankheit, der Familien betrifft, durchbrochen werden kann.<\/p>\n<p>&nbsp;<\/p>\n<p><b>Die Maske, in der du lebst<\/b><\/p>\n<p><i>Das Restaurierungsprojekt<\/i><\/p>\n<p><a href=\"https:\/\/therepproject.org\/films\/the-mask-you-live-in\/\" target=\"_blank\" rel=\"noopener\">Die Maske, in der du lebst<\/a> folgt Jungen und jungen M\u00e4nnern in ihrem Kampf, sich selbst treu zu bleiben, w\u00e4hrend sie mit der engen amerikanischen Definition von M\u00e4nnlichkeit zurechtkommen.<\/p>\n<p>&nbsp;<\/p>\n<p><b>Der Aufstieg Amerikas<\/b><\/p>\n<p><i>Dokumentarfilm \u201eRaising of America\u201c<\/i><\/p>\n<p>Das <a href=\"https:\/\/www.raisingofamerica.org\/\" target=\"_blank\" rel=\"noopener\">f\u00fcnfteilige Dokumentarserie<\/a> und begleitende Tools veranschaulichen, wie ein guter Start f\u00fcr alle unsere Kinder zu besseren individuellen Ergebnissen UND einem ges\u00fcnderen, sichereren, wohlhabenderen und gerechteren Amerika f\u00fchren kann.<\/p>\n<p>&nbsp;<\/p>\n<p><b>Resilienz, die Biologie des Stresses und die Wissenschaft der Hoffnung<\/b><\/p>\n<p><a href=\"https:\/\/kpjrfilms.co\/resilience\/\" target=\"_blank\" rel=\"noopener\"><i>KPJR-Filme<\/i><\/a><\/p>\n<p>Dieser Dokumentarfilm erweckt die Wissenschaft der ACEs und der Resilienz zum Leben und untersucht, was Gemeinschaften tun, um die Wissenschaft vor Ort in die Tat umzusetzen.<\/p>\n\t\t<h3>Heilungszentriert<\/h3><p><b>Was ist heilungszentriertes Engagement?<\/b><\/p>\n<p><i>Aufbau heilender Verhaltensgesundheitssysteme, gef\u00f6rdert durch das Gesundheitsministerium von Maryland, Behavioral Health Administration<\/i><\/p>\n<p>Definiert heilungszentriertes Engagement und bietet zus\u00e4tzliche <a href=\"https:\/\/www.healingsystemsdata.org\/wp-content\/uploads\/2023\/07\/6.-Healing-Centered-Prinicples-CARMA.pdf\" target=\"_blank\" rel=\"noopener\">Ressourcen zum heilungszentrierten Engagement<\/a>.\u00a0<\/p>\n<p>&nbsp;<\/p>\n<p><b>Selbstheilende Gemeinschaften: Ein Transformationsmodell zur Verbesserung der generations\u00fcbergreifenden Gesundheit<\/b><\/p>\n<p><i>Robert Wood Johnson Foundation, Laura Porter, Kimberly Martin, PhD, Robert Anda, MD, MS\u00a0<\/i><\/p>\n<p><a href=\"https:\/\/cmfdn.org\/wp-content\/uploads\/2018\/06\/Self-Healing-Communities-ES_RWJ-Final.pdf\" target=\"_blank\" rel=\"noopener\">Dieser Artikel<\/a> stellt das Modell der Selbstheilenden Gemeinschaften vor, das sich als erfolgreich bei der Verbesserung der H\u00e4ufigkeit vieler miteinander verbundener und generations\u00fcbergreifender gesundheitlicher und sozialer Probleme erwiesen hat, indem in die am st\u00e4rksten gef\u00e4hrdeten Menschen investiert wird und die Grundursache dieser Probleme reduziert und verhindert wird: Negative Kindheitserlebnisse (ACEs).<\/p>\n\t\t<h3>Trauma-informiert<\/h3><p><b>Praktischer Leitfaden zur Umsetzung eines traumainformierten Ansatzes<\/b><\/p>\n<p><i>SAMHSA<\/i><\/p>\n<p><a href=\"https:\/\/store.samhsa.gov\/sites\/default\/files\/pep23-06-05-005.pdf\" target=\"_blank\" rel=\"noopener\">51-seitiger Leitfaden<\/a> um Gesundheits- und Verhaltensgesundheitssystemen zu helfen, \u00fcber Traumata informiert zu sein.<\/p>\n<p>&nbsp;<\/p>\n<p><b>Aufbau eines Data-to-Action-Toolkits f\u00fcr Heilsysteme<\/b><\/p>\n<p><i>Aufbau von Healing Behavioral Health Systems (BHBHS), Maryland Department of Health, University of Maryland School of Medicine Department of Psychiatry, Bowie State University, in Zusammenarbeit mit Gemeinschaftsorganisationen und Menschen mit gelebter Erfahrung<\/i><\/p>\n<p><a href=\"https:\/\/www.healingsystemsdata.org\/\" target=\"_blank\" rel=\"noopener\">Dieses Toolkit<\/a> wurde geschaffen, um die \u00f6ffentlichen Gesundheitssysteme f\u00fcr psychische Erkrankungen in Maryland dabei zu unterst\u00fctzen, traumainformiert und heilungszentriert zu arbeiten. Es ist auch auf andere Systeme, Beh\u00f6rden und Organisationen anwendbar, die traumainformiert und heilungszentriert arbeiten m\u00f6chten.<\/p>\n<p>&nbsp;<\/p>\n<p><b><i>Sekund\u00e4rer traumatischer Stress: Ein Informationsblatt f\u00fcr Fachkr\u00e4fte in der Kinderbetreuung<\/i><\/b><\/p>\n<p><a href=\"https:\/\/www.nctsn.org\/sites\/default\/files\/resources\/fact-sheet\/secondary_traumatic_stress_child_serving_professionals.pdf\" target=\"_blank\" rel=\"noopener\">7-seitiges Factsheet<\/a> f\u00fcr Fachkr\u00e4fte im Bereich Kinderbetreuung \u00fcber die Auswirkungen sekund\u00e4rer Traumata und Schritte zu deren Linderung.<\/p>\n<p>&nbsp;<\/p>\n<p><b>Evidenzbasierte Behandlungen f\u00fcr Traumata<\/b><\/p>\n<p><i>Aufbau heilender Verhaltensgesundheitssysteme, gef\u00f6rdert durch das Gesundheitsministerium von Maryland, Behavioral Health Administration<\/i><\/p>\n<p><a href=\"https:\/\/www.healingsystemsdata.org\/?page_id=224\" target=\"_blank\" rel=\"noopener\">Eine nicht abschlie\u00dfende Liste<\/a> von evidenzbasierten Behandlungsarten f\u00fcr Erwachsene, Familien und Kinder, die belastende und\/oder traumatische Ereignisse erlebt haben.\u00a0<\/p>\n\t\t<h3>Wirtschaftsf\u00fchrer<\/h3><p><b>Wirtschaftliche Argumente f\u00fcr die Pr\u00e4vention von ACEs<\/b><\/p>\n<p><i>Verhindern Sie Kindesmissbrauch in Kansas und der Kansas Children&#039;s Service League<\/i><\/p>\n<p><a href=\"https:\/\/www.kdhe.ks.gov\/DocumentCenter\/View\/11429\/Business-Case-for-Prevention-PDF\" target=\"_blank\" rel=\"noopener\">PowerPoint-Pr\u00e4sentationsfolien<\/a> die daf\u00fcr pl\u00e4dieren, dass sich Unternehmen aktiv f\u00fcr die Verhinderung von ACEs einsetzen, und entsprechende Schritte vorschlagen.<\/p>\n<p>&nbsp;<\/p>\n<p><b>Was gut f\u00fcrs Gesch\u00e4ft ist, ist auch gut f\u00fcr Kinder<\/b><\/p>\n<p><em>EPIC \u2013 F\u00fchrungskr\u00e4fte schlie\u00dfen sich zusammen, um in Kinder zu investieren \u2013 Colorado<\/em><\/p>\n<p><a href=\"https:\/\/www.coloradoepic.org\/\" target=\"_blank\" rel=\"noopener\">Wirtschaftsf\u00fchrer in Colorado<\/a> Wir arbeiten partnerschaftlich zusammen, um in Kinder zu investieren und ein Erbe echten Fortschritts und nachhaltiger Ver\u00e4nderungen zu hinterlassen, das der Arbeitswelt der Zukunft zugutekommt.<\/p>\n\t\t<h3>P\u00e4dagogen<\/h3><p><b>CDC-Veto: Online-Schulung zur Gewaltpr\u00e4vention bei ACEs f\u00fcr P\u00e4dagogen<\/b><\/p>\n<p><i>Zentren f\u00fcr Krankheitskontrolle und Pr\u00e4vention (CDC)<\/i><\/p>\n<p><a href=\"https:\/\/vetoviolence.cdc.gov\/apps\/aces-training\/#\/edu#top\" target=\"_blank\" rel=\"noopener\">90-min\u00fctiges Online-Training<\/a> f\u00fcr P\u00e4dagogen bei der Pr\u00e4vention von ACEs.<\/p>\n<p>&nbsp;<\/p>\n<p><b>Traumasensible Schulen<\/b><\/p>\n<p><i>Trauma- und Lernpolitikinitiative<\/i><\/p>\n<p><a href=\"https:\/\/traumasensitiveschools.org\/\" target=\"_blank\" rel=\"noopener\">Tools und Ressourcen<\/a> dass Schulen traumasensibel werden, um sicherzustellen, dass alle Sch\u00fcler, auch die von Traumata Betroffenen, in der Schule und im Leben ihr Bestes geben.<\/p>\n\t\t<h3>Glaubens-, spirituelle und religi\u00f6se Gemeinschaften<\/h3><p><b>CDCs Veto gegen Gewalt \u2013 ACEs Online-Schulung f\u00fcr Glaubens-, spirituelle und religi\u00f6se Gemeinschaften<\/b><\/p>\n<p><i>Zentren f\u00fcr Krankheitskontrolle und Pr\u00e4vention (CDC)<\/i><\/p>\n<p><a href=\"https:\/\/vetoviolence.cdc.gov\/apps\/aces-training\/#\/fsr#top\" target=\"_blank\" rel=\"noopener\">90-min\u00fctiges Online-Training<\/a> zur Verhinderung von ACEs f\u00fcr Glaubens-, spirituelle und religi\u00f6se Gemeinschaften.<\/p>\n\t\t<h3>Justizsysteme<\/h3><p><b>Wesentliche Elemente eines traumainformierten Jugendstrafrechtssystems<\/b><\/p>\n<p><i>Nationales Netzwerk f\u00fcr traumatische Belastungen bei Kindern<\/i><\/p>\n<p><a href=\"https:\/\/www.nctsn.org\/sites\/default\/files\/resources\/\/essential_elements_trauma_informed_juvenile_justice_system.pdf\" target=\"_blank\" rel=\"noopener\">9-seitiges Briefing<\/a> zur Schaffung eines traumainformierten Jugendstrafrechtssystems.<\/p>\n\t\t<h3>Medizinisches Fachpersonal<\/h3><p><b>CDCs Veto-Gewalt \u2013 ACEs Online-Schulung f\u00fcr Kinder\u00e4rzte<\/b><\/p>\n<p><i>Zentren f\u00fcr Krankheitskontrolle und Pr\u00e4vention (CDC)<\/i><\/p>\n<p><a href=\"https:\/\/vetoviolence.cdc.gov\/apps\/aces-training\/#\/ped\/4-0-1\" target=\"_blank\" rel=\"noopener\">70-min\u00fctiges Online-Training<\/a> zur Vorbeugung von ACEs f\u00fcr medizinisches Fachpersonal.<\/p>\n<p>&nbsp;<\/p>\n<p><b>Schulungen und Ressourcen f\u00fcr medizinisches Fachpersonal<\/b><\/p>\n<p><i>ACEs-bewusst<\/i><\/p>\n<p><a href=\"https:\/\/training.acesaware.org\/aa\/\" target=\"_blank\" rel=\"noopener\">Online-Schulung<\/a> f\u00fcr medizinisches Fachpersonal zu ACEs und Screening.<\/p>\n\t\t<h3>Strafverfolgung<\/h3><p><b>Entschlie\u00dfung zu ACEs\u00a0<\/b><\/p>\n<p><em>Internationale Polizeichefs<\/em><\/p>\n<p><a href=\"https:\/\/www.theiacp.org\/sites\/default\/files\/Adopted%202019%20Resolutions__Final.pdf\" target=\"_blank\" rel=\"noopener\">Siehe Seite 23<\/a> f\u00fcr die Entschlie\u00dfung zur F\u00f6rderung des Bewusstseins und zur Entwicklung geeigneter Ressourcen.<\/p>\n<p>&nbsp;<\/p>\n<p><b>Schaffung eines traumainformierten Strafverfolgungssystems<\/b><\/p>\n<p><i>Nationales Netzwerk f\u00fcr traumatische Belastungen bei Kindern<\/i><\/p>\n<p><a href=\"https:\/\/www.nctsn.org\/sites\/default\/files\/resources\/\/creating_trauma_informed_law_enforcement_systems.pdf\" target=\"_blank\" rel=\"noopener\">7-seitiger Leitfaden<\/a> zur Schaffung traumainformierter Strafverfolgungssysteme.<\/p>\n<p>&nbsp;<\/p>\n<p><b>Trauma-Training f\u00fcr Fachkr\u00e4fte der Strafjustiz<\/b><\/p>\n<p><em>Verwaltung f\u00fcr Drogenmissbrauch und psychische Gesundheit<\/em><\/p>\n<p>Das GAINS Center bietet Schulungen an, die Fachkr\u00e4fte der Strafjustiz \u00fcber die Auswirkungen von Traumata und die Entwicklung traumainformierter Reaktionen informieren. Sie k\u00f6nnen<a href=\"https:\/\/www.samhsa.gov\/gains-center\/trauma-training-criminal-justice-professionals\" target=\"_blank\" rel=\"noopener\"> Suche nach Trainern in deiner N\u00e4he<\/a>.<\/p>\n<p>&nbsp;<\/p>\n<p><b>Polizeireform und traumainformierte Versorgung \u2013 Webinar der Kampagne f\u00fcr traumainformierte Politik und Praxis (CTIPP)<\/b><\/p>\n<p><i>Kampagne f\u00fcr traumainformierte Politik und Praxis<\/i><\/p>\n<p>Webinar-Panel mit f\u00fcnf Vertretern der Strafverfolgungsbeh\u00f6rden aus dem ganzen Land, darunter zwei Polizeichefs, die \u00fcber ihre Bem\u00fchungen berichten, den Strafverfolgungsbeh\u00f6rden zu helfen, sich \u00fcber Traumata zu informieren. <a href=\"https:\/\/www.ctipp.org\/post\/october-2020-ctipp-can-call\" target=\"_blank\" rel=\"noopener\">Video startet bei 15:04.<\/a><\/p>\n\t\t<h3>Fachkr\u00e4fte im Sozialwesen<\/h3><p><b>Aufbau eines Data-to-Action-Toolkits f\u00fcr Heilsysteme<\/b><\/p>\n<p><i>Aufbau von Healing Behavioral Health Systems (BHBHS), Maryland Department of Health, University of Maryland School of Medicine Department of Psychiatry, Bowie State University, in Zusammenarbeit mit Gemeinschaftsorganisationen und Menschen mit gelebter Erfahrung<\/i><\/p>\n<p><a href=\"https:\/\/www.healingsystemsdata.org\/\" target=\"_blank\" rel=\"noopener\">Dieses Toolkit<\/a> wurde geschaffen, um die \u00f6ffentlichen Gesundheitssysteme f\u00fcr psychische Erkrankungen in Maryland dabei zu unterst\u00fctzen, traumainformiert und heilungszentriert zu arbeiten. Es ist auch auf andere Systeme, Beh\u00f6rden und Organisationen anwendbar, die traumainformiert und heilungszentriert arbeiten m\u00f6chten.<\/p>\n<p>&nbsp;<\/p>\n<p><b>Was sie tragen: Trauma-informierte Reaktionen auf die Misshandlung \u00e4lterer Menschen vorantreiben<\/b><\/p>\n<p><i>Das Harry und Jeanette Weinberg Center for Elder Justice im Hebrew Home in Riverdale<\/i><\/p>\n<p><a href=\"https:\/\/theweinbergcenter.org\/wp-content\/uploads\/2020\/01\/TheThingsTheyCarry-JAN2020.pdf\" target=\"_blank\" rel=\"noopener\">52-seitiges Briefing<\/a> sammelt Informationen und Erkenntnisse zum Thema Traumata bei \u00e4lteren Erwachsenen und gibt Empfehlungen, wie Organisationen, Systeme und Gemeinschaften besser auf die \u00e4lteren Menschen eingehen k\u00f6nnen, die infolge von Missbrauch und anderen traumatischen Erlebnissen an K\u00f6rper, Geist, Herz und Seele leiden, um Heilung und Hoffnung zu f\u00f6rdern.<\/p>\n\t\t<h3>Fachkr\u00e4fte f\u00fcr Verhaltensgesundheit<\/h3><p><b>Online-Schulung \u201eVeto Violence ACEs\u201c der CDC f\u00fcr Anbieter psychischer Gesundheitsversorgung<\/b><\/p>\n<p><i>Zentren f\u00fcr Krankheitskontrolle und Pr\u00e4vention (CDC)<\/i><\/p>\n<p><a href=\"https:\/\/vetoviolence.cdc.gov\/apps\/aces-training\/#\/mhp\/3-0-1#top\" target=\"_blank\" rel=\"noopener\">60-min\u00fctiges Online-Training<\/a> zur Verhinderung von ACEs f\u00fcr Anbieter psychischer Gesundheitsversorgung.<\/p>\n<p>&nbsp;<\/p>\n<p><b>Aufbau eines Data-to-Action-Toolkits f\u00fcr Heilsysteme<\/b><\/p>\n<p><i>Aufbau von Healing Behavioral Health Systems (BHBHS), Maryland Department of Health, University of Maryland School of Medicine Department of Psychiatry, Bowie State University, in Zusammenarbeit mit Gemeinschaftsorganisationen und Menschen mit gelebter Erfahrung<\/i><\/p>\n<p><a href=\"https:\/\/www.healingsystemsdata.org\/\" target=\"_blank\" rel=\"noopener\">Dieses Toolkit<\/a> wurde geschaffen, um die \u00f6ffentlichen Gesundheitssysteme f\u00fcr psychische Erkrankungen in Maryland dabei zu unterst\u00fctzen, traumainformiert und heilungszentriert zu arbeiten. Es ist auch auf andere Systeme, Beh\u00f6rden und Organisationen anwendbar, die traumainformiert und heilungszentriert arbeiten m\u00f6chten.<\/p>\n\t\t<h3>Fachkr\u00e4fte f\u00fcr Kinderschutz<\/h3><p><b><i>Anwendung der Wissenschaft der Kinderentwicklung in Kinderschutzsystemen<\/i><\/b><\/p>\n<p><a href=\"https:\/\/harvardcenter.wpenginepowered.com\/wp-content\/uploads\/2019\/04\/HCDC_InBrief_Child_Welfare_Systems.pdf\" target=\"_blank\" rel=\"noopener\">2-seitiges Briefing<\/a> Es legt die wissenschaftlichen Erkenntnisse zur Kindesentwicklung dar und bietet \u00f6ffentlichen und privaten Einrichtungen, Gerichten, Pflegeeltern und ehrenamtlichen Helfern im Kinderschutzsystem die M\u00f6glichkeit, diese Erkenntnisse in die Praxis umzusetzen.<\/p>\n<p>&nbsp;<\/p>\n<p><b>Trainings-Toolkit f\u00fcr Kinderschutztraumata<\/b><\/p>\n<p><i>Nationales Netzwerk f\u00fcr traumatische Belastungen bei Kindern<\/i><\/p>\n<p><a href=\"https:\/\/www.nctsn.org\/resources\/child-welfare-trauma-training-toolkit\" target=\"_blank\" rel=\"noopener\">Online-Schulung<\/a> f\u00fcr Fachkr\u00e4fte des Kinderschutzes bei der Umsetzung traumainformierter Kenntnisse und F\u00e4higkeiten in ihren t\u00e4glichen Interaktionen, professionellen Diensten und der Organisationskultur.<\/p>\n\t\t<h3>Pflegeeltern<\/h3><p><b>Online-Lehrplan f\u00fcr Ressourceneltern<\/b><\/p>\n<p><i>Nationales Netzwerk f\u00fcr traumatische Belastungen bei Kindern<\/i><\/p>\n<p><a href=\"https:\/\/www.nctsn.org\/resources\/resource-parent-curriculum-rpc-online\" target=\"_blank\" rel=\"noopener\">Ein Online-Lehrplan<\/a> f\u00fcr Anbieter und Pflegeeltern, die das <i>Betreuung traumatisierter Kinder: Ein Workshop f\u00fcr Pflegeeltern<\/i> Lehrplan in ihren Gemeinden.<\/p>\n\t<h3>Index<\/h3>\n<ul>\n<li><a href=\"#paces-online-network\">PACEs Online-Netzwerke<\/a><\/li>\n<li><a href=\"#aces-training\">ACEs-Schulung<\/a><\/li>\n<li><a href=\"#adult-executive-function-skills\">Aufbau exekutiver F\u00e4higkeiten f\u00fcr Erwachsene<\/a><\/li>\n<li><a href=\"#communicating-developmental-science\">Entwicklungswissenschaftliche Kommunikation<\/a><\/li>\n<li><a href=\"#essentials-for-childhood\">Wichtige Dinge f\u00fcr die Kindheit<\/a><\/li>\n<li><a href=\"#community-screenings-discussions\">Filme f\u00fcr \u00f6ffentliche Vorf\u00fchrungen und Diskussionen<\/a><\/li>\n<li><a href=\"#healing-centered\">Heilungszentriert<\/a><\/li>\n<li><a href=\"#trauma-informed\">Trauma-informiert<\/a><\/li>\n<\/ul>\n<h3>Professionelle Ressourcen<\/h3>\n<ul>\n<li><a href=\"#business-leaders\">Wirtschaftsf\u00fchrer<\/a><\/li>\n<li><a href=\"#educators\">P\u00e4dagogen<\/a><\/li>\n<li><a href=\"#religious-communities\">Religionsgemeinschaften<\/a><\/li>\n<li><a href=\"#justice-systems\">Justizsysteme<\/a><\/li>\n<li><a href=\"#medical-professionals\">Medizinisches Fachpersonal<\/a><\/li>\n<li><a href=\"#law-enforcement\">Strafverfolgung<\/a><\/li>\n<li><a href=\"#social-services-professionals\">Fachkr\u00e4fte im Sozialwesen<\/a><\/li>\n<li><a href=\"#behavioral-health-professionals\">Fachkr\u00e4fte f\u00fcr Verhaltensgesundheit<\/a><\/li>\n<li><a href=\"#child-welfare-professionals\">Fachkr\u00e4fte f\u00fcr Kinderschutz<\/a><\/li>\n<li><a href=\"#foster-parents\">Pflegeeltern<\/a><\/li>\n<\/ul>","protected":false},"excerpt":{"rendered":"<p>TIEFER EINTAUCHEN | PARTNER Community-Partner EFC st\u00fctzt sich bei unserer gemeinsamen Arbeit auf die Erfahrung, das Fachwissen und die fundierten Kenntnisse unserer Partner aus vielen verschiedenen Bereichen und Sektoren. Nehmen Sie sich die Zeit, tiefer zu graben und sich direkt hier zu vernetzen. PACEs Online-Netzwerke starten und erweitern PACEs-Initiativen PACEs Connection Sie verbinden Menschen aus aller Welt\u2026<\/p>","protected":false},"author":1,"featured_media":28027,"parent":0,"menu_order":0,"comment_status":"closed","ping_status":"closed","template":"","meta":{"footnotes":""},"class_list":["post-27814","page","type-page","status-publish","has-post-thumbnail","hentry"],"_links":{"self":[{"href":"https:\/\/marylandefc.org\/de\/wp-json\/wp\/v2\/pages\/27814","targetHints":{"allow":["GET"]}}],"collection":[{"href":"https:\/\/marylandefc.org\/de\/wp-json\/wp\/v2\/pages"}],"about":[{"href":"https:\/\/marylandefc.org\/de\/wp-json\/wp\/v2\/types\/page"}],"author":[{"embeddable":true,"href":"https:\/\/marylandefc.org\/de\/wp-json\/wp\/v2\/users\/1"}],"replies":[{"embeddable":true,"href":"https:\/\/marylandefc.org\/de\/wp-json\/wp\/v2\/comments?post=27814"}],"version-history":[{"count":0,"href":"https:\/\/marylandefc.org\/de\/wp-json\/wp\/v2\/pages\/27814\/revisions"}],"wp:featuredmedia":[{"embeddable":true,"href":"https:\/\/marylandefc.org\/de\/wp-json\/wp\/v2\/media\/28027"}],"wp:attachment":[{"href":"https:\/\/marylandefc.org\/de\/wp-json\/wp\/v2\/media?parent=27814"}],"curies":[{"name":"wp","href":"https:\/\/api.w.org\/{rel}","templated":true}]}}