{"id":3255,"date":"2024-01-18T10:42:45","date_gmt":"2024-01-18T18:42:45","guid":{"rendered":"https:\/\/marylandefc.org\/?page_id=3255"},"modified":"2026-03-25T10:38:03","modified_gmt":"2026-03-25T17:38:03","slug":"policy","status":"publish","type":"page","link":"https:\/\/marylandefc.org\/de\/policy\/","title":{"rendered":"Entscheidungstr\u00e4ger und Interessenvertreter"},"content":{"rendered":"<figure itemscope itemtype=\"https:\/\/schema.org\/ImageObject\">\n\t\t\t\t<img decoding=\"async\" src=\"https:\/\/marylandefc.org\/wp-content\/uploads\/2024\/01\/Maryland-statehouse-in-Annapolis-scaled.jpeg\" alt=\"Maryland state house in Annapolis\" height=\"1440\" width=\"2560\" title=\"Maryland State House in Annapolis\" onerror=\"this.style.display='none'\" loading=\"lazy\" \/>\n\t<\/figure>\n\t<h1>POLITISCHE ENTSCHEIDUNGSTR\u00c4GER UND VERTRETER<\/h1>\n\t<h2>Auswirkungen von Richtlinien auf Familien<\/h2>\n<p>Maryland Essentials for Childhood (EFC) ist sich der Bedeutung politischer Arbeit bewusst. Legislative und exekutive Ma\u00dfnahmen k\u00f6nnen das Leben der Einwohner Marylands positiv beeinflussen und die Bew\u00e4ltigung und Pr\u00e4vention von Traumata \u00fcber Generationen hinweg positiv beeinflussen. Gemeinsam mit einer breiten Koalition aus Organisationen, Interessenvertretern und Gemeindemitgliedern bietet EFC den Abgeordneten der Legislative und der Landesregierung Marylands wertvolle Perspektiven. <\/p>\n\t\t\t<a href=\"\/de\/policy\/policies-matter\/\"  target=\"_self\">\n\t\t\t\t\t\t\tWarum Richtlinien wichtig sind\n\t\t\t\t\t<\/a>\n\t\t<h2><a href=\"\/de\/policy\/legislative-action\/\" target=\"_self\">Gemeinsam erreichen wir unsere politischen Ziele<\/a><\/h2><p>Unsere Zusammenarbeit mit Partnern, Gemeindegruppen und anderen Koalitionen hat in den letzten sieben Jahren zu mehr als einem Dutzend politischer Erfolge f\u00fcr Maryland beigetragen. Einige davon sind:\u00a0<\/p>\n<ul>\n<li aria-level=\"1\">\u00c4rztlicher Direktor f\u00fcr Kinderwohlfahrt<\/li>\n<li aria-level=\"1\">SESAME (Stoppt sexuellen Missbrauch, Fehlverhalten und Ausbeutung von P\u00e4dagogen)<\/li>\n<li aria-level=\"1\">Bezahlter Familienurlaub<\/li>\n<\/ul>\n\t\t\t<a href=\"\/de\/policy\/legislative-action\/\"  target=\"_self\">\n\t\t\t\t\t\t\tSehen Sie sich die Legislaturzeitleiste an\n\t\t\t\t\t<\/a>\n<figure data-animation-delay=\"0\" data-animation-duration=\"1\" itemscope itemtype=\"https:\/\/schema.org\/ImageObject\">\n\t\t\t\t<img decoding=\"async\" src=\"https:\/\/marylandefc.org\/wp-content\/uploads\/2024\/01\/Together-We-reach-our-policy-goals-Essentials-for-Chilhood-maryland--scaled.jpg\" alt=\"Two people hugging\" height=\"1920\" width=\"2560\" title=\"Gemeinsam erreichen wir unsere politischen Ziele - Essentials for Childhood Maryland\" onerror=\"this.style.display='none'\" loading=\"lazy\" \/>\n\t<\/figure>\n<figure data-animation-delay=\"0\" data-animation-duration=\"1\" itemscope itemtype=\"https:\/\/schema.org\/ImageObject\">\n\t\t\t\t<img decoding=\"async\" src=\"https:\/\/marylandefc.org\/wp-content\/uploads\/2024\/02\/Communitymember-at-trauma-informed-event-Courtesy-Healing-City-Baltimore.jpg\" alt=\"Community member at trauma-informed event\" height=\"800\" width=\"1200\" title=\"Community-Mitglied bei einer Veranstaltung zum Thema Trauma. Mit freundlicher Genehmigung von Healing City Baltimore\" onerror=\"this.style.display='none'\" loading=\"lazy\" \/>\n\t\t<figcaption>Mit freundlicher Genehmigung von Healing City Baltimore<\/figcaption>\n\t<\/figure>\n\t\t<h2><a href=\"\/de\/policy\/informing-policy\/\" target=\"_self\">F\u00fchrende Diskussion \u00fcber traumainformierte Versorgung<\/a><\/h2><p>Als landesweite Gruppe mit kollektiver Wirkung legt EFC politische Agenden mit White Papers fest, die von f\u00fchrenden Experten f\u00fcr traumainformierte Forschung und Politik erstellt wurden.<\/p>\n<p>Diese Arbeit tr\u00e4gt dazu bei, in Maryland eine Politik zu gestalten, die ein Umfeld schafft, in dem Kinder und Familien gedeihen k\u00f6nnen. <\/p>\n\t\t\t<a href=\"\/de\/policy\/informing-policy\/\"  target=\"_self\">\n\t\t\t\t\t\t\tLesen Sie die Whitepaper von EFC\n\t\t\t\t\t<\/a>\n\t\t<h2><a href=\"\/de\/get-involved\/\" target=\"_self\">Werden Sie aktiv mit EFC<\/a><\/h2><p>Teilen Sie uns Ihre E-Mail-Adresse mit, damit wir gemeinsam an traumainformierten Strategien arbeiten k\u00f6nnen. Wir informieren Sie au\u00dferdem \u00fcber M\u00f6glichkeiten, ACE-Interface-Schulungen in Ihre Gemeinde zu integrieren und EFC-Veranstaltungen zu veranstalten, die Interessenvertreter f\u00fcr einen gemeinschaftlichen Dialog zusammenbringen und so eine bessere Zukunft f\u00fcr Kinder und Familien in Maryland f\u00f6rdern. <\/p>\n\t\t\t<a href=\"\/de\/get-involved\/\"  target=\"_self\">\n\t\t\t\t\t\t\tMachen Sie mit\n\t\t\t\t\t<\/a>\n<figure data-animation-delay=\"0\" data-animation-duration=\"1\" itemscope itemtype=\"https:\/\/schema.org\/ImageObject\">\n\t\t\t\t<img decoding=\"async\" src=\"https:\/\/marylandefc.org\/wp-content\/uploads\/2024\/02\/Maryland-Police-Officers-at-a-resilience-workshop.jpg\" alt=\"Maryland Police Officers at a resilience workshop\" height=\"800\" width=\"1200\" title=\"Polizeibeamte aus Maryland bei einem Resilienz-Workshop\" onerror=\"this.style.display='none'\" loading=\"lazy\" \/>\n\t<\/figure>\n<figure data-animation-delay=\"0\" data-animation-duration=\"1\" itemscope itemtype=\"https:\/\/schema.org\/ImageObject\">\n\t\t\t\t<img decoding=\"async\" src=\"https:\/\/marylandefc.org\/wp-content\/uploads\/2024\/02\/Teacher-talking-to-students-about-digging-deeper.jpg\" alt=\"Teacher talking to students about digging deeper\" height=\"800\" width=\"1200\" title=\"Lehrer spricht mit Sch\u00fclern \u00fcber tieferes Graben\" onerror=\"this.style.display='none'\" loading=\"lazy\" \/>\n\t<\/figure>\n\t\t<h2><a href=\"\/de\/dive-deeper-policy-makers\/\" target=\"_self\">Tauchen Sie tiefer ein<\/a><\/h2><p>Sehen Sie sich die <a href=\"https:\/\/marylandefc.org\/de\/partners\/meetings-reports\/\">SCCAN-Jahresberichte<\/a> oder eine kuratierte Liste mit Forschungsergebnissen, Richtlinien, Whitepapers und Podcasts und lassen Sie sich inspirieren, gemeinsam mit uns aktiv zu werden.<\/p>\n\t\t\t<a href=\"\/de\/dive-deeper-policy-makers\/\"  target=\"_self\">\n\t\t\t\t\t\t\tSich informieren\n\t\t\t\t\t<\/a>","protected":false},"excerpt":{"rendered":"<p>POLITIKER &amp; VERTRETER Richtlinien beeinflussen Familien Maryland Essentials for Childhood (EFC) ist sich der Bedeutung politischer Arbeit bewusst. Legislative und exekutive Ma\u00dfnahmen k\u00f6nnen das Leben der Einwohner Marylands positiv beeinflussen und die Bew\u00e4ltigung und Pr\u00e4vention von Traumata \u00fcber Generationen hinweg pr\u00e4gen. Gemeinsam mit einer breiten Koalition aus Organisationen, Interessenvertretern und Gemeindemitgliedern bietet EFC seinen Mitgliedern wertvolle Perspektiven\u2026<\/p>","protected":false},"author":1,"featured_media":26720,"parent":0,"menu_order":0,"comment_status":"closed","ping_status":"closed","template":"","meta":{"footnotes":""},"class_list":["post-3255","page","type-page","status-publish","has-post-thumbnail","hentry"],"_links":{"self":[{"href":"https:\/\/marylandefc.org\/de\/wp-json\/wp\/v2\/pages\/3255","targetHints":{"allow":["GET"]}}],"collection":[{"href":"https:\/\/marylandefc.org\/de\/wp-json\/wp\/v2\/pages"}],"about":[{"href":"https:\/\/marylandefc.org\/de\/wp-json\/wp\/v2\/types\/page"}],"author":[{"embeddable":true,"href":"https:\/\/marylandefc.org\/de\/wp-json\/wp\/v2\/users\/1"}],"replies":[{"embeddable":true,"href":"https:\/\/marylandefc.org\/de\/wp-json\/wp\/v2\/comments?post=3255"}],"version-history":[{"count":0,"href":"https:\/\/marylandefc.org\/de\/wp-json\/wp\/v2\/pages\/3255\/revisions"}],"wp:featuredmedia":[{"embeddable":true,"href":"https:\/\/marylandefc.org\/de\/wp-json\/wp\/v2\/media\/26720"}],"wp:attachment":[{"href":"https:\/\/marylandefc.org\/de\/wp-json\/wp\/v2\/media?parent=3255"}],"curies":[{"name":"wp","href":"https:\/\/api.w.org\/{rel}","templated":true}]}}