{"id":3278,"date":"2024-01-18T13:30:27","date_gmt":"2024-01-18T21:30:27","guid":{"rendered":"https:\/\/marylandefc.org\/?page_id=3278"},"modified":"2026-03-03T05:57:18","modified_gmt":"2026-03-03T13:57:18","slug":"values","status":"publish","type":"page","link":"https:\/\/marylandefc.org\/de\/about\/values\/","title":{"rendered":"Unsere Werte"},"content":{"rendered":"<figure itemscope=\"\" itemtype=\"https:\/\/schema.org\/ImageObject\">\n\t\t\t\t<img decoding=\"async\" src=\"https:\/\/marylandefc.org\/wp-content\/uploads\/2024\/02\/Community-members-holding-hands-united-in-the-same-values.jpg\" alt=\"Community members working together united in the same values\" height=\"800\" width=\"1200\" title=\"Gemeindemitglieder halten sich an den H\u00e4nden und sind in den gleichen Werten vereint\" onerror=\"this.style.display='none'\" loading=\"lazy\">\n\t<\/figure>\n\t<h1>WERTE<\/h1>\n\t<h2>Worauf legen wir Wert?<\/h2>\n<p>Maryland Essentials for Childhood (EFC) verbindet Wissenschaft, Politik und Menschen, damit Kinder gedeihen k\u00f6nnen. Um dieses Ziel zu verwirklichen, <strong>Maryland in eine traumainformierte Gemeinschaft f\u00fcr alle zu verwandeln.<\/strong><\/p>\n\t<h2>Zusammenarbeit<\/h2>\n<p>EFC m\u00f6chte Menschen zusammenbringen, um ihre F\u00e4higkeiten, ihre Lebenserfahrung und ihr Fachwissen zur Erf\u00fcllung unserer Mission einzusetzen. Dieser Prozess umfasst die Entwicklung einer umfassenden gemeinsamen Agenda und die Anwendung eines kollektiven Wirkungsansatzes zur Erreichung des Erfolgs.&nbsp;<\/p>\n<figure data-animation-delay=\"0\" data-animation-duration=\"1\" itemscope=\"\" itemtype=\"https:\/\/schema.org\/ImageObject\">\n\t\t\t\t<img decoding=\"async\" src=\"https:\/\/marylandefc.org\/wp-content\/uploads\/2024\/01\/MEC-Graphics_mid-orange-circle.svg\" alt=\"orange circle\" height=\"374\" width=\"374\" title=\"MEC-Graphics_mittlerer orangefarbener Kreis\" onerror=\"this.style.display='none'\" loading=\"lazy\">\n\t<\/figure>\n<figure itemscope=\"\" itemtype=\"https:\/\/schema.org\/ImageObject\">\n\t\t\t\t<img decoding=\"async\" src=\"https:\/\/marylandefc.org\/wp-content\/uploads\/2024\/02\/Trauma_Labeled_EFC_icons.svg\" alt=\"Trauma Informed process with icons\" height=\"429\" width=\"1291\" title=\"Trauma_Labeled_EFC_icons\" onerror=\"this.style.display='none'\" loading=\"lazy\">\n\t<\/figure>\n\t\t<h2>Trauma-informierter Prozess<\/h2>\n\t\t<p>EFC ist sich bewusst, dass es mehrere Schritte gibt, um \u00fcber Traumata informiert zu werden. Wir unterst\u00fctzen Einzelpersonen, Gemeinschaften, Organisationen und gew\u00e4hlte Amtstr\u00e4ger dabei, diesen Prozess zu durchlaufen:<\/p>\n<ul>\n<li>Trauma Aware = Bewusstsein<\/li>\n<li>Traumasensitiv = Wissen &amp; F\u00e4higkeiten<\/li>\n<li>Traumaresponsiv = Ver\u00e4nderung und Integration<\/li>\n<li>Trauma-Informiert = F\u00fchrung<\/li>\n<\/ul>\n\t\t\t<a href=\"https:\/\/marylandefc.org\/wp-content\/uploads\/2024\/01\/FINAL-Toward-A-More-Prosperous-Maryland-ACEs-Legislative-Brief.pdf\" target=\"_self\">\n\t\t\t\t\t\tMehr erfahren\n\t\t\t\t\t<\/a>\n\t\t<h2>Gemeinsame Agenda<\/h2><h3>Die Bem\u00fchungen von Maryland Essentials for Childhood folgen diesen Leitprinzipien:<\/h3>\n<figure data-animation-delay=\"0\" data-animation-duration=\"1\" itemscope=\"\" itemtype=\"https:\/\/schema.org\/ImageObject\">\n\t\t\t\t<img decoding=\"async\" src=\"https:\/\/marylandefc.org\/wp-content\/uploads\/2024\/01\/MEC-Graphics_rayeshalf-light-aqua.svg\" alt=\"aqua colored circle with speckled dots\" height=\"374\" width=\"374\" title=\"MEC-Graphics_rayes+halbhelles Aqua\" onerror=\"this.style.display='none'\" loading=\"lazy\">\n\t<\/figure>\n\t\t<h3>1. Sicherstellung sicherer, stabiler und f\u00f6rdernder Beziehungen und Umgebungen<\/h3><p>damit alle Kinder und Familien ihr volles Potenzial als eigenst\u00e4ndige, sozial engagierte und produktive B\u00fcrger aussch\u00f6pfen k\u00f6nnen.<\/p>\n\t\t<h3>2. Aufrechterhaltung einer branchen\u00fcbergreifenden Zusammenarbeit<\/h3><p>strategische und sich gegenseitig verst\u00e4rkende Aktivit\u00e4ten durchzuf\u00fchren, die auf unsere gemeinsame Agenda ausgerichtet sind.<\/p>\n\t\t<h3>3. Das Erreichen unserer Ziele erfordert \u00c4nderungen in mehreren Systemen,<\/h3><p>mit Schwerpunkt auf allgemeinen sozialen und wirtschaftlichen Determinanten, sich \u00e4ndernden sozialen Normen sowie staatlichen und institutionellen Richtlinien.<\/p>\n\t\t<h3>4. Erdungssysteme \u00e4ndern sich nach den besten verf\u00fcgbaren Erkenntnissen<\/h3><p>und streben kontinuierlich danach, die Qualit\u00e4t von Programmen, Diensten und Systemen zu verbessern.<\/p>\n\t\t<h3>5. Bereitstellung einer kulturell und sprachlich kongruenten Pflege<\/h3><p>f\u00fcr diejenigen, die innerhalb von Programmen, Diensten und Systemen bedient werden.<\/p>\n\t\t<h3>6. Ma\u00dfnahmen zur Verringerung von Ungleichheiten und Disparit\u00e4ten<\/h3><p>die vermeidbar, ungerecht und vermeidbar sind, um die allgemeine Gesundheit und das Wohlbefinden von Kindern zu verbessern.<\/p>\n\t\t\t<a href=\"https:\/\/marylandefc.org\/wp-content\/uploads\/2025\/02\/EFC-Anti-Racist-Statement-FINAL-2025.pdf\" target=\"_blank\" rel=\"noopener\">\n\t\t\t\t\t\tLesen Sie die Antirassismus-Erkl\u00e4rung des Maryland EFC\n\t\t\t\t\t<\/a>\n\t\t<h3>Erfahren Sie mehr \u00fcber die gemeinsame Agenda<\/h3>\n\t\t\t<a href=\"https:\/\/marylandefc.org\/wp-content\/uploads\/2024\/01\/Maryland-Common-Agenda-Document-10-3.docx.pdf\" target=\"_blank\" rel=\"noopener\">\n\t\t\t\t\t\tTauchen Sie tiefer ein\n\t\t\t\t\t<\/a>","protected":false},"excerpt":{"rendered":"<p>WERTE Was ist uns wichtig? Maryland Essentials for Childhood (EFC) vernetzt Wissenschaft, Politik und Menschen, damit Kinder gedeihen. Um dieses Ziel zu verwirklichen, m\u00fcssen wir Maryland in eine traumainformierte Gemeinschaft f\u00fcr alle verwandeln. Zusammenarbeit EFC ist bestrebt, Menschen zusammenzubringen, damit sie ihre F\u00e4higkeiten, Lebenserfahrungen und ihr Fachwissen nutzen k\u00f6nnen, um unsere Mission zu erf\u00fcllen. Dieser Prozess\u2026<\/p>","protected":false},"author":1,"featured_media":27611,"parent":25,"menu_order":0,"comment_status":"closed","ping_status":"closed","template":"","meta":{"footnotes":""},"class_list":["post-3278","page","type-page","status-publish","has-post-thumbnail","hentry"],"_links":{"self":[{"href":"https:\/\/marylandefc.org\/de\/wp-json\/wp\/v2\/pages\/3278","targetHints":{"allow":["GET"]}}],"collection":[{"href":"https:\/\/marylandefc.org\/de\/wp-json\/wp\/v2\/pages"}],"about":[{"href":"https:\/\/marylandefc.org\/de\/wp-json\/wp\/v2\/types\/page"}],"author":[{"embeddable":true,"href":"https:\/\/marylandefc.org\/de\/wp-json\/wp\/v2\/users\/1"}],"replies":[{"embeddable":true,"href":"https:\/\/marylandefc.org\/de\/wp-json\/wp\/v2\/comments?post=3278"}],"version-history":[{"count":0,"href":"https:\/\/marylandefc.org\/de\/wp-json\/wp\/v2\/pages\/3278\/revisions"}],"up":[{"embeddable":true,"href":"https:\/\/marylandefc.org\/de\/wp-json\/wp\/v2\/pages\/25"}],"wp:featuredmedia":[{"embeddable":true,"href":"https:\/\/marylandefc.org\/de\/wp-json\/wp\/v2\/media\/27611"}],"wp:attachment":[{"href":"https:\/\/marylandefc.org\/de\/wp-json\/wp\/v2\/media?parent=3278"}],"curies":[{"name":"wp","href":"https:\/\/api.w.org\/{rel}","templated":true}]}}