{"id":12,"date":"2018-10-28T20:35:06","date_gmt":"2018-10-28T20:35:06","guid":{"rendered":"https:\/\/marylandefc.org\/?page_id=12"},"modified":"2026-03-25T10:41:30","modified_gmt":"2026-03-25T17:41:30","slug":"home","status":"publish","type":"page","link":"https:\/\/marylandefc.org\/es\/","title":{"rendered":"Hogar"},"content":{"rendered":"<h1>\n\t\t\tConectando la ciencia, la pol\u00edtica y las personas para que los ni\u00f1os prosperen.\t<\/h1>\n\t<p>Maryland Essentials for Childhood es una iniciativa estatal de impacto colectivo. <\/p>\n<p><strong>Cada ni\u00f1o est\u00e1 lleno de tremendas promesas,<\/strong> y tenemos la obligaci\u00f3n compartida de fomentar su potencial.<\/p>\n\t<h2>\u00a1Involucrarse!<\/h2>\n\t\t\t<a href=\"\/es\/grownups\/\"  target=\"_self\">\n\t\t\t\t\t\t\tLos adultos\n\t\t\t\t\t<\/a>\n\t\t\t<a href=\"\/es\/policy\/\"  target=\"_self\">\n\t\t\t\t\t\t\tResponsables pol\u00edticos\n\t\t\t\t\t<\/a>\n\t\t\t<a href=\"\/es\/partners\/\"  target=\"_self\">\n\t\t\t\t\t\t\tSocios\n\t\t\t\t\t<\/a>\n<figure itemscope itemtype=\"https:\/\/schema.org\/ImageObject\">\n\t\t\t\t<img decoding=\"async\" src=\"https:\/\/marylandefc.org\/wp-content\/uploads\/2024\/02\/Maryland-community-members-holding-hands-coming-together-to-act.jpg\" alt=\"Maryland community members holding hands coming together to act\" height=\"800\" width=\"1200\" title=\"Juntos podemos aprender y compartir recursos.\" onerror=\"this.style.display='none'\" loading=\"lazy\" \/>\n\t<\/figure>\n\t<h2>Juntos podemos aprender, compartir recursos e impactar las pol\u00edticas.<\/h2>\n<h3>\u00a1Comencemos!<\/h3>\n\t\t<figure itemscope itemtype=\"https:\/\/schema.org\/ImageObject\">\n\t\t\t\t<img decoding=\"async\" src=\"https:\/\/marylandefc.org\/wp-content\/uploads\/2024\/01\/MEC-Icons_brain.svg\" alt=\"Brain icon\" height=\"300\" width=\"300\" title=\"MEC-Iconos_cerebro\" onerror=\"this.style.display='none'\" loading=\"lazy\" \/>\n\t<\/figure>\n<h3>Ciencia<\/h3><p>La ciencia nos demuestra que los eventos en las primeras etapas de la vida pueden influir en el desarrollo de un ni\u00f1o. La buena noticia es que nunca es tarde para generar un impacto positivo. Encuentra las herramientas que necesitas para dar el siguiente paso. <\/p>\n\t\t\t<a href=\"\/es\/grownups\/early-years\/\"  target=\"_self\">\n\t\t\t\t\t\t\tVer kit de herramientas para el desarrollo del cerebro\n\t\t\t\t\t<\/a>\n\t\t<figure itemscope itemtype=\"https:\/\/schema.org\/ImageObject\">\n\t\t\t\t<img decoding=\"async\" src=\"https:\/\/marylandefc.org\/wp-content\/uploads\/2024\/02\/LegislatureGovernment_EFC_icon.svg\" alt=\"Legislature Government icon\" height=\"376\" width=\"376\" title=\"LegislaturaGobierno_EFC_icon\" onerror=\"this.style.display='none'\" loading=\"lazy\" \/>\n\t<\/figure>\n<h3>Pol\u00edtica<\/h3><p>Las decisiones pol\u00edticas nos afectan a todos. Cada pol\u00edtica que establezcamos debe promover un desarrollo saludable y reducir cargas innecesarias para los ni\u00f1os y los adultos en sus vidas.<\/p>\n\t\t\t<a href=\"\/es\/policy\/policies-matter\/\"  target=\"_self\">\n\t\t\t\t\t\t\tAprende m\u00e1s\n\t\t\t\t\t<\/a>\n\t\t<figure itemscope itemtype=\"https:\/\/schema.org\/ImageObject\">\n\t\t\t\t<img decoding=\"async\" src=\"https:\/\/marylandefc.org\/wp-content\/uploads\/2024\/01\/MEC-Icons_people.svg\" alt=\"People icon\" height=\"300\" width=\"300\" title=\"MEC-Iconos_personas\" onerror=\"this.style.display='none'\" loading=\"lazy\" \/>\n\t<\/figure>\n<h3>Gente<\/h3><p>Conozca a nuestros socios en todo el estado que comparten la ciencia con los habitantes de Maryland y promueven pol\u00edticas que ayudan a nuestros ni\u00f1os a prosperar.<\/p>\n\t\t\t<a href=\"\/es\/partners\/meet-our-partners\/\"  target=\"_self\">\n\t\t\t\t\t\t\tConozca a nuestros socios\n\t\t\t\t\t<\/a>\n\t<h2>\u00bfListo para el siguiente paso?<\/h2>\n<h3>Invol\u00facrate en tu comunidad y con EFC.<\/h3>\n<figure data-animation-delay=\"0\" data-animation-duration=\"1\" itemscope itemtype=\"https:\/\/schema.org\/ImageObject\">\n\t\t\t\t<img decoding=\"async\" src=\"https:\/\/marylandefc.org\/wp-content\/uploads\/2024\/02\/Community-members-walking-together.jpg\" alt=\"Community members walking together\" height=\"800\" width=\"1200\" title=\"listo para el siguiente paso\" onerror=\"this.style.display='none'\" loading=\"lazy\" \/>\n\t<\/figure>\n\t\t<figure itemscope itemtype=\"https:\/\/schema.org\/ImageObject\">\n\t\t\t\t<img decoding=\"async\" src=\"https:\/\/marylandefc.org\/wp-content\/uploads\/2024\/02\/MEC-Icons_v2_teach.svg\" alt=\"Teach skills icon with teacher at blackboard\" height=\"300\" width=\"300\" title=\"MEC-Icons_v2_teach\" onerror=\"this.style.display='none'\" loading=\"lazy\" \/>\n\t<\/figure>\n<h3>Involucrarse<\/h3><p>Explore formas de actuar. Puede organizar o asistir a una capacitaci\u00f3n, compartir recursos en su comunidad, aprender sobre pol\u00edticas importantes y m\u00e1s.<\/p>\n\t\t\t<a href=\"\/es\/get-involved\/\"  target=\"_self\">\n\t\t\t\t\t\t\tInvolucrarse\n\t\t\t\t\t<\/a>\n\t\t<figure itemscope itemtype=\"https:\/\/schema.org\/ImageObject\">\n\t\t\t\t<img decoding=\"async\" src=\"https:\/\/marylandefc.org\/wp-content\/uploads\/2024\/02\/MEC-Icons_v2_connect-to-adults-and-activities.svg\" alt=\"Connect youth to caring adults icon with two people holding hands\" height=\"300\" width=\"300\" title=\"MEC-Icons_v2_conectar a adultos y actividades\" onerror=\"this.style.display='none'\" loading=\"lazy\" \/>\n\t<\/figure>\n<h3>\u00danase al esfuerzo<\/h3><p>\u00danase a EFC como miembro de la comunidad para mantenerse conectado y mostrar su apoyo a nuestro trabajo.<\/p>\n<p>Pregunte a las organizaciones sin fines de lucro de su \u00e1rea si forman parte de EFC y an\u00edmelas a conectarse.<\/p>\n<p>&nbsp;<\/p>\n\t\t\t<a href=\"\/es\/partners\/\"  target=\"_self\">\n\t\t\t\t\t\t\tConvertirse en un compa\u00f1ero\n\t\t\t\t\t<\/a>\n\t\t<figure itemscope itemtype=\"https:\/\/schema.org\/ImageObject\">\n\t\t\t\t<img decoding=\"async\" src=\"https:\/\/marylandefc.org\/wp-content\/uploads\/2024\/02\/MEC-Icons_v2_strong-start.svg\" alt=\"Ensure strong start icon with baby carriage and family\" height=\"300\" width=\"300\" title=\"MEC-Icons_v2_strong-start\" onerror=\"this.style.display='none'\" loading=\"lazy\" \/>\n\t<\/figure>\n<h3>Los adultos<\/h3><p>Obtenga m\u00e1s informaci\u00f3n sobre la ciencia del cerebro y c\u00f3mo puede ayudar a los ni\u00f1os a prosperar.\u00a0<\/p>\n<p>Comparta esta informaci\u00f3n sobre el desarrollo saludable con sus amigos y vecinos para que podamos apoyar a todos los ni\u00f1os de nuestras comunidades.<\/p>\n\t\t\t<a href=\"\/es\/grownups\/protective-factors\/\"  target=\"_self\">\n\t\t\t\t\t\t\tLea sobre el desarrollo del cerebro\n\t\t\t\t\t<\/a>\n<figure itemscope itemtype=\"https:\/\/schema.org\/ImageObject\">\n\t\t\t\t<img decoding=\"async\" src=\"https:\/\/marylandefc.org\/wp-content\/uploads\/2024\/02\/Dad-parenting-son.jpg\" alt=\"Dad parenting son\" height=\"800\" width=\"1200\" title=\"encontrar apoyo comunitario\" onerror=\"this.style.display='none'\" loading=\"lazy\" \/>\n\t<\/figure>\n\t<h2>Encuentre apoyos comunitarios para padres y cuidadores<\/h2>\n<h3>\u00a1Cuidar a los ni\u00f1os es un trabajo duro!<\/h3>\n\t\t\t<a href=\"https:\/\/search.marylandefc.org\"  target=\"_blank\" rel=\"noopener\">\n\t\t\t\t\t\t\tBuscar servicios\n\t\t\t\t\t<\/a>","protected":false},"excerpt":{"rendered":"<p>Conectando la ciencia, las pol\u00edticas y las personas para que los ni\u00f1os prosperen. Maryland Essentials for Childhood es una iniciativa estatal de impacto colectivo. Cada ni\u00f1o tiene un potencial enorme, y tenemos la obligaci\u00f3n compartida de fomentar su potencial. \u00a1Participa! Adultos, legisladores, socios. Juntos, podemos aprender, compartir recursos e influir en las pol\u00edticas. \u00a1Comencemos! Ciencia\u2026<\/p>","protected":false},"author":1,"featured_media":28300,"parent":0,"menu_order":0,"comment_status":"closed","ping_status":"closed","template":"","meta":{"footnotes":""},"class_list":["post-12","page","type-page","status-publish","has-post-thumbnail","hentry"],"_links":{"self":[{"href":"https:\/\/marylandefc.org\/es\/wp-json\/wp\/v2\/pages\/12","targetHints":{"allow":["GET"]}}],"collection":[{"href":"https:\/\/marylandefc.org\/es\/wp-json\/wp\/v2\/pages"}],"about":[{"href":"https:\/\/marylandefc.org\/es\/wp-json\/wp\/v2\/types\/page"}],"author":[{"embeddable":true,"href":"https:\/\/marylandefc.org\/es\/wp-json\/wp\/v2\/users\/1"}],"replies":[{"embeddable":true,"href":"https:\/\/marylandefc.org\/es\/wp-json\/wp\/v2\/comments?post=12"}],"version-history":[{"count":0,"href":"https:\/\/marylandefc.org\/es\/wp-json\/wp\/v2\/pages\/12\/revisions"}],"wp:featuredmedia":[{"embeddable":true,"href":"https:\/\/marylandefc.org\/es\/wp-json\/wp\/v2\/media\/28300"}],"wp:attachment":[{"href":"https:\/\/marylandefc.org\/es\/wp-json\/wp\/v2\/media?parent=12"}],"curies":[{"name":"gracias","href":"https:\/\/api.w.org\/{rel}","templated":true}]}}