{"id":25,"date":"2019-04-05T20:40:50","date_gmt":"2019-04-05T20:40:50","guid":{"rendered":"https:\/\/marylandefc.org\/?page_id=25"},"modified":"2026-02-13T15:17:14","modified_gmt":"2026-02-13T23:17:14","slug":"about","status":"publish","type":"page","link":"https:\/\/marylandefc.org\/es\/about\/","title":{"rendered":"Acerca de"},"content":{"rendered":"<figure itemscope itemtype=\"https:\/\/schema.org\/ImageObject\">\n\t\t\t\t<img decoding=\"async\" src=\"https:\/\/marylandefc.org\/wp-content\/uploads\/2024\/02\/Community-members-planting-a-tree.jpg\" alt=\"Community members planting a tree\" height=\"800\" width=\"1200\" title=\"Gente plantando un \u00e1rbol\" onerror=\"this.style.display='none'\" loading=\"lazy\" \/>\n\t<\/figure>\n\t<h1>SOBRE NOSOTROS<\/h1>\n\t<h2>Quienes somos<\/h2>\n<p>Maryland Essentials for Childhood (EFC) es una iniciativa de impacto colectivo a nivel estatal para prevenir experiencias adversas en la ni\u00f1ez. <\/p>\n<p>Nosotros animamos <strong>un enfoque multigeneracional que promueve relaciones y entornos seguros, estables y enriquecedores que ayudan a los ni\u00f1os a crecer y convertirse en ciudadanos saludables y productivos. <\/strong><\/p>\n<p>A su vez, esos ciudadanos pueden construir familias y comunidades m\u00e1s fuertes y seguras para sus hijos.<\/p>\n\t<h3>Nuestra visi\u00f3n<\/h3>\n<p>Todos los ni\u00f1os, j\u00f3venes y sus familias de Maryland prosperan en entornos y relaciones seguros, estables y enriquecedores.<\/p>\n<figure data-animation-delay=\"0\" data-animation-duration=\"1\" itemscope itemtype=\"https:\/\/schema.org\/ImageObject\">\n\t\t\t\t<img decoding=\"async\" src=\"https:\/\/marylandefc.org\/wp-content\/uploads\/2024\/02\/Adolescents-with-skateboardsand-weighing-risks-and-rewards.jpg\" alt=\"Adolescents with skateboards weighing risks and rewards\" height=\"800\" width=\"1200\" title=\"Adolescentes con patinetas discuten riesgos y recompensas\" onerror=\"this.style.display='none'\" loading=\"lazy\" \/>\n\t<\/figure>\n<figure data-animation-delay=\"0\" data-animation-duration=\"1\" itemscope itemtype=\"https:\/\/schema.org\/ImageObject\">\n\t\t\t\t<img decoding=\"async\" src=\"https:\/\/marylandefc.org\/wp-content\/uploads\/2024\/02\/Girls-on-a-mission-raking-leaves.jpg\" alt=\"Girls on a mission raking leaves\" height=\"800\" width=\"1200\" title=\"Chicas rastrillando hojas\" onerror=\"this.style.display='none'\" loading=\"lazy\" \/>\n\t<\/figure>\n\t<h3>Nuestra misi\u00f3n<\/h3>\n<p>Desarrollar una agenda com\u00fan entre m\u00faltiples agencias y partes interesadas para alinear actividades, programas, pol\u00edticas y financiamiento para que todos los ni\u00f1os, j\u00f3venes y familias de Maryland tengan relaciones y entornos seguros, estables y enriquecedores.<\/p>\n\t<h2>Nuestros objetivos<\/h2>\n<p>EFC emplea los principios del impacto colectivo y la investigaci\u00f3n en constante evoluci\u00f3n en la ciencia del cerebro, la epigen\u00e9tica y la resiliencia para avanzar en nuestros objetivos.<\/p>\n<p><strong>Logramos esto mediante:<\/strong><\/p>\n\t\t<figure itemscope itemtype=\"https:\/\/schema.org\/ImageObject\">\n\t\t\t\t<img decoding=\"async\" src=\"https:\/\/marylandefc.org\/wp-content\/uploads\/2024\/01\/MEC-Icons_brain.svg\" alt=\"Brain icon\" height=\"300\" width=\"300\" title=\"MEC-Iconos_cerebro\" onerror=\"this.style.display='none'\" loading=\"lazy\" \/>\n\t<\/figure>\n<h3>Educar a todos sobre la ciencia del cerebro,<\/h3><p>Experiencias adversas en la infancia (ACE) y resiliencia; con el fin de poner la ciencia en acci\u00f3n para reducir las ACE y crear relaciones y entornos seguros, estables y enriquecedores para todos los ni\u00f1os de Maryland.<\/p>\n<p><strong><a href=\"\/es\/grownups\/\">Aprende m\u00e1s<\/a><\/strong><\/p>\n\t\t<figure itemscope itemtype=\"https:\/\/schema.org\/ImageObject\">\n\t\t\t\t<a href=\"\/es\/partners\/meetings-reports\/\"  target=\"_self\" itemprop=\"url\">\n\t\t\t\t<img decoding=\"async\" src=\"https:\/\/marylandefc.org\/wp-content\/uploads\/2024\/01\/MEC-Icons_data.svg\" alt=\"Data icon\" height=\"300\" width=\"300\" title=\"Datos de iconos MEC\" onerror=\"this.style.display='none'\" loading=\"lazy\" \/>\n\t\t\t\t<\/a>\n\t<\/figure>\n<h3><a href=\"\/es\/partners\/meetings-reports\/\" target=\"_self\">Recopilaci\u00f3n, evaluaci\u00f3n y uso de datos<\/a><\/h3><p>Para informar acciones y hacer recomendaciones para mejorar el sistema.<\/p>\n<a href=\"\/es\/partners\/meetings-reports\/\"  target=\"_self\">Aprende m\u00e1s<\/a>\t\n\t\t<figure itemscope itemtype=\"https:\/\/schema.org\/ImageObject\">\n\t\t\t\t<a href=\"\/es\/partners\/\"  target=\"_self\" itemprop=\"url\">\n\t\t\t\t<img decoding=\"async\" src=\"https:\/\/marylandefc.org\/wp-content\/uploads\/2024\/01\/MEC-Icons_people.svg\" alt=\"People icon\" height=\"300\" width=\"300\" title=\"MEC-Iconos_personas\" onerror=\"this.style.display='none'\" loading=\"lazy\" \/>\n\t\t\t\t<\/a>\n\t<\/figure>\n<h3><a href=\"\/es\/partners\/\" target=\"_self\">Trabajando colectivamente<\/a><\/h3><p>Integrar la ciencia de las Experiencias Positivas y Adversas de la Infancia (PACEs) en todos los sistemas, servicios y programas.<\/p>\n<a href=\"\/es\/partners\/\"  target=\"_self\">Aprende m\u00e1s<\/a>\t\n\t\t<figure itemscope itemtype=\"https:\/\/schema.org\/ImageObject\">\n\t\t\t\t<a href=\"\/es\/policy\/\"  target=\"_self\" itemprop=\"url\">\n\t\t\t\t<img decoding=\"async\" src=\"https:\/\/marylandefc.org\/wp-content\/uploads\/2024\/02\/LegislatureGovernment_EFC_icon.svg\" alt=\"Legislature Government icon\" height=\"376\" width=\"376\" title=\"LegislaturaGobierno_EFC_icon\" onerror=\"this.style.display='none'\" loading=\"lazy\" \/>\n\t\t\t\t<\/a>\n\t<\/figure>\n<h3><a href=\"\/es\/policy\/\" target=\"_self\">Trabajar con los gobiernos estatales y locales<\/a><\/h3><p>integrar la ciencia de PACE en las recomendaciones de pol\u00edticas y financiaci\u00f3n.<\/p>\n<a href=\"\/es\/policy\/\"  target=\"_self\">Aprende m\u00e1s<\/a>","protected":false},"excerpt":{"rendered":"<p>ABOUT US Who We Are Maryland Essentials for Childhood (EFC) is a statewide collective impact initiative to prevent adverse childhood experiences. We encourage a multi-generational approach that promotes safe, stable, and nurturing relationships and environments that help children grow up to be healthy and productive citizens. In turn, those citizens can build stronger and safer&hellip;<\/p>","protected":false},"author":1,"featured_media":27614,"parent":0,"menu_order":0,"comment_status":"closed","ping_status":"closed","template":"","meta":{"footnotes":""},"class_list":["post-25","page","type-page","status-publish","has-post-thumbnail","hentry"],"_links":{"self":[{"href":"https:\/\/marylandefc.org\/es\/wp-json\/wp\/v2\/pages\/25","targetHints":{"allow":["GET"]}}],"collection":[{"href":"https:\/\/marylandefc.org\/es\/wp-json\/wp\/v2\/pages"}],"about":[{"href":"https:\/\/marylandefc.org\/es\/wp-json\/wp\/v2\/types\/page"}],"author":[{"embeddable":true,"href":"https:\/\/marylandefc.org\/es\/wp-json\/wp\/v2\/users\/1"}],"replies":[{"embeddable":true,"href":"https:\/\/marylandefc.org\/es\/wp-json\/wp\/v2\/comments?post=25"}],"version-history":[{"count":0,"href":"https:\/\/marylandefc.org\/es\/wp-json\/wp\/v2\/pages\/25\/revisions"}],"wp:featuredmedia":[{"embeddable":true,"href":"https:\/\/marylandefc.org\/es\/wp-json\/wp\/v2\/media\/27614"}],"wp:attachment":[{"href":"https:\/\/marylandefc.org\/es\/wp-json\/wp\/v2\/media?parent=25"}],"curies":[{"name":"gracias","href":"https:\/\/api.w.org\/{rel}","templated":true}]}}