{"id":26565,"date":"2024-01-18T14:45:21","date_gmt":"2024-01-18T22:45:21","guid":{"rendered":"https:\/\/marylandefc.org\/?page_id=26565"},"modified":"2026-02-12T15:05:07","modified_gmt":"2026-02-12T23:05:07","slug":"timeline","status":"publish","type":"page","link":"https:\/\/marylandefc.org\/es\/about\/timeline\/","title":{"rendered":"L\u00ednea de tiempo"},"content":{"rendered":"<figure itemscope itemtype=\"https:\/\/schema.org\/ImageObject\">\n\t\t\t\t<img decoding=\"async\" src=\"https:\/\/marylandefc.org\/wp-content\/uploads\/2024\/02\/Group-of-people-running-in-a-race.jpg\" alt=\"Group of people running in a race\" height=\"800\" width=\"1200\" title=\"Historia de Maryland EFC\" onerror=\"this.style.display='none'\" loading=\"lazy\" \/>\n\t<\/figure>\n\t<h1>NUESTRA HISTORIA<\/h1>\n\t<h2>A trav\u00e9s de los a\u00f1os<\/h2>\n<p>Maryland Essentials for Childhood se cre\u00f3 en 2014, pero los pelda\u00f1os hacia esta iniciativa de impacto colectivo comenzaron a tomar forma d\u00e9cadas antes.<\/p>\n\t<h3>1974<\/h3>\n<p>La Ley de Prevenci\u00f3n y Tratamiento del Abuso Infantil (CAPTA) se convirti\u00f3 en ley federal.<\/p>\n\t<h3>1999<\/h3>\n<p>Consejo Estatal sobre Abuso y Negligencia Infantil (SCCAN) establecido por la Asamblea General de Maryland.<\/p>\n\t<h3>2006<\/h3>\n<p>SCCAN crea el Grupo de Trabajo de Prevenci\u00f3n.<\/p>\n\t<h3>2007-2009<\/h3>\n<p>El equipo del Grupo de Trabajo de Prevenci\u00f3n de SCCAN participa en el Instituto PREVENT de Maltrato Infantil financiado por la Fundaci\u00f3n Doris Duke y los CDC.<\/p>\n\t<h3>2012<\/h3>\n<p>SCCAN adopta los objetivos esenciales para la infancia de los CDC para orientar su trabajo.<\/p>\n\t<h3>2014<\/h3>\n<p>El Comit\u00e9 de Prevenci\u00f3n de SCCAN se expande y se convierte en Maryland Essentials for Childhood. SCCAN y The Family Tree acuerdan servir como organizaciones principales.<\/p>\n\t<h3>2015<\/h3>\n<p>Maryland comienza a recolectar <a href=\"https:\/\/health.maryland.gov\/phpa\/ccdpc\/Reports\/Documents\/MD-BRFSS\/2018%20Maryland%20BRFSS%20-%20ACEs%20by%20County%20-%201-29-2020.pdf\" target=\"_blank\" rel=\"noopener\">Datos de ACE<\/a> en su Encuesta de Factores de Riesgo Conductuales.<\/p>\n\t<h3>2017<\/h3>\n<p>De Maryland <a href=\"https:\/\/marylandefc.org\/es\/get-involved\/ace-impact\/\">Proyecto de interfaz ACE<\/a> iniciado.<\/p>\n\t<h3>2018<\/h3>\n<p>Maryland comienza a recopilar datos de PACE en su <a href=\"https:\/\/health.maryland.gov\/phpa\/ccdpc\/Reports\/Pages\/YRBS-Main.aspx\" target=\"_blank\" rel=\"noopener\">Encuesta sobre comportamientos de riesgo en j\u00f3venes\/Encuesta sobre tabaco en j\u00f3venes.<\/a><\/p>\n\t<h3>2019<\/h3>\n<p>Maryland Essentials for Childhood organiza el <a href=\"https:\/\/marylandefc.org\/es\/policy\/informing-policy\/\">Mesa redonda de ACE<\/a> para los miembros de la Asamblea General de Maryland.<\/p>\n\t<h3>2020<\/h3>\n<p>Se form\u00f3 el Grupo de Trabajo para el logro de la equidad racial y el Equipo de Acci\u00f3n para la Resiliencia Infantil.<\/p>\n\t<h3>2020-2021<\/h3>\n<p>SCCAN y otros socios de agencias estatales participan en el Programa Colaborativo de Aprendizaje Estatal ACE de la Asociaci\u00f3n Nacional de Gobernadores.<\/p>\n\t<h3>2021<\/h3>\n<p>El Gobernador emite la Orden Ejecutiva de las ACE y la Asamblea General establece la <a href=\"https:\/\/goccp.maryland.gov\/councils-commissions-and-workgroups\/commission-on-trauma-informed-care\/\" target=\"_blank\" rel=\"noopener\">Comisi\u00f3n de Atenci\u00f3n Informada sobre Traumas de Maryland.<\/a><\/p>\n\t<h3>2022<\/h3>\n<p>La Red de Informaci\u00f3n de Maryland, que impulsa los servicios 211 en Maryland, se une a The Family Tree y SCCAN como organizaci\u00f3n principal.<\/p>\n\t<h3>2024<\/h3>\n<p>Maryland Essentials for Childhood renueva su marca y lanza un nuevo <a href=\"https:\/\/marylandefc.org\/es\/grownups\/\">Conjunto de herramientas para el desarrollo cerebral.<\/a>.<\/p>\n\t<h3>2026<\/h3>\n<p>Prevent Child Abuse America presenta Maryland Essentials for Childhood como una <a href=\"https:\/\/preventchildabuse.org\/wp-content\/uploads\/2025\/12\/EfC-Case-Study-Nov-2025.pdf\" target=\"_blank\" rel=\"noopener\">estudio de caso<\/a> en <em>Conexiones esenciales<\/em>.<\/p>","protected":false},"excerpt":{"rendered":"<p>NUESTRA HISTORIA A trav\u00e9s de los a\u00f1os, Maryland Essentials for Childhood se cre\u00f3 en 2014, pero los pelda\u00f1os de esta iniciativa de impacto colectivo comenzaron a gestarse d\u00e9cadas antes. 1974 Se promulg\u00f3 la Ley de Prevenci\u00f3n y Tratamiento del Abuso Infantil (CAPTA) como ley federal. 1999 La Asamblea General de Maryland estableci\u00f3 el Consejo Estatal sobre Abuso y Negligencia Infantil (SCCAN). 2006\u2026<\/p>","protected":false},"author":1,"featured_media":27091,"parent":25,"menu_order":0,"comment_status":"closed","ping_status":"closed","template":"","meta":{"footnotes":""},"class_list":["post-26565","page","type-page","status-publish","has-post-thumbnail","hentry"],"_links":{"self":[{"href":"https:\/\/marylandefc.org\/es\/wp-json\/wp\/v2\/pages\/26565","targetHints":{"allow":["GET"]}}],"collection":[{"href":"https:\/\/marylandefc.org\/es\/wp-json\/wp\/v2\/pages"}],"about":[{"href":"https:\/\/marylandefc.org\/es\/wp-json\/wp\/v2\/types\/page"}],"author":[{"embeddable":true,"href":"https:\/\/marylandefc.org\/es\/wp-json\/wp\/v2\/users\/1"}],"replies":[{"embeddable":true,"href":"https:\/\/marylandefc.org\/es\/wp-json\/wp\/v2\/comments?post=26565"}],"version-history":[{"count":0,"href":"https:\/\/marylandefc.org\/es\/wp-json\/wp\/v2\/pages\/26565\/revisions"}],"up":[{"embeddable":true,"href":"https:\/\/marylandefc.org\/es\/wp-json\/wp\/v2\/pages\/25"}],"wp:featuredmedia":[{"embeddable":true,"href":"https:\/\/marylandefc.org\/es\/wp-json\/wp\/v2\/media\/27091"}],"wp:attachment":[{"href":"https:\/\/marylandefc.org\/es\/wp-json\/wp\/v2\/media?parent=26565"}],"curies":[{"name":"gracias","href":"https:\/\/api.w.org\/{rel}","templated":true}]}}