{"id":26575,"date":"2024-01-18T14:47:11","date_gmt":"2024-01-18T22:47:11","guid":{"rendered":"https:\/\/marylandefc.org\/?page_id=26575"},"modified":"2025-04-10T11:40:36","modified_gmt":"2025-04-10T18:40:36","slug":"how-we-work","status":"publish","type":"page","link":"https:\/\/marylandefc.org\/es\/partners\/how-we-work\/","title":{"rendered":"C\u00f3mo trabajamos"},"content":{"rendered":"<img loading=\"lazy\" decoding=\"async\" src=\"https:\/\/marylandefc.org\/wp-content\/uploads\/2024\/02\/Group-of-community-members-workign-together.jpg\" alt=\"Group of community members working together\" itemprop=\"image\" height=\"800\" width=\"1200\" title=\"Grupo de miembros de la comunidad trabajando juntos\" onerror=\"this.style.display='none'\"  \/>\n\t<h1>C\u00d3MO TRABAJAMOS<\/h1>\n\t<h2>Nuestro proceso<\/h2>\n<p>EFC recognizes that our vision for a state where all children, youth and their families thrive in safe, stable and nurturing relationships and environments will take action across multiple public and private systems to achieve. That&#8217;s why our work relies on collaboration and a common agenda to lead our conversation and chart our path forward. <\/p>\n\t<h2>Colaboraci\u00f3n<\/h2>\n<p>Trabajando en todos los sectores, desde el gobierno hasta las organizaciones sin fines de lucro, la educaci\u00f3n superior y los grupos de defensa comunitarios, Maryland EFC reconoce la importancia de brindar oportunidades para que todos participen en el proceso. Al fomentar y dar la bienvenida a una amplia gama de voces, formulamos recomendaciones basadas en la ciencia, guiadas por la investigaci\u00f3n y fundamentadas en la experiencia.\u00a0<\/p>\n<p>Existen \u00e1reas problem\u00e1ticas en las que EFC proporciona liderazgo al formular recomendaciones de pol\u00edticas, abogar ante legisladores y formar una coalici\u00f3n de socios. En otras ocasiones, EFC aporta su experiencia a otras organizaciones y presenta a l\u00edderes de opini\u00f3n de todo el pa\u00eds. Nuestro proceso nos permite responder en el momento, liderar cuando es necesario y colaborar con otros. <\/p>\n\t\t\t\t<img loading=\"lazy\" decoding=\"async\" src=\"https:\/\/marylandefc.org\/wp-content\/uploads\/2024\/02\/Legislators-Dave--scaled.jpg\" alt=\"Legislators gathered at EFC award ceremony\" itemprop=\"image\" height=\"2410\" width=\"2560\" title=\"Legisladores y Dave\" onerror=\"this.style.display='none'\"  \/>\n\t\t<h2>Agenda com\u00fan<\/h2><h3>Los esfuerzos de Maryland Essentials for Childhood siguen estos principios rectores:<\/h3>\n\t\t<h3>1. Garantizar relaciones y entornos seguros, estables y enriquecedores.<\/h3><p>para que todos los ni\u00f1os y familias puedan alcanzar su m\u00e1ximo potencial como ciudadanos autosuficientes, socialmente comprometidos y productivos.<\/p>\n\t\t<h3>2. Mantener una colaboraci\u00f3n entre m\u00faltiples sectores<\/h3><p>realizar actividades estrat\u00e9gicas y de refuerzo mutuo alineadas con nuestra agenda com\u00fan.<\/p>\n\t\t<h3>3. Lograr nuestros objetivos requiere cambios en m\u00faltiples sistemas,<\/h3><p>centr\u00e1ndose en los determinantes sociales y econ\u00f3micos amplios, las normas sociales cambiantes y las pol\u00edticas gubernamentales e institucionales.<\/p>\n\t\t<h3>4. Los sistemas de puesta a tierra cambian seg\u00fan la mejor evidencia disponible<\/h3><p>y esforzarnos continuamente por mejorar la calidad de los programas, servicios y sistemas.<\/p>\n\t\t<h3>5. Brindar atenci\u00f3n cultural y ling\u00fc\u00edsticamente congruente<\/h3><p>a aquellos atendidos dentro de programas, servicios y sistemas.<\/p>\n\t\t<h3>6. Adoptar medidas para reducir las desigualdades y las disparidades<\/h3><p>que sean evitables, injustas y prevenibles con el fin de mejorar la salud y el bienestar general de los ni\u00f1os.<\/p>\n\t\t\t<a href=\"https:\/\/marylandefc.org\/wp-content\/uploads\/2024\/01\/Maryland-Common-Agenda-Document-10-3.docx.pdf\" target=\"_blank\" rel=\"noopener\">\n\t\t\t\t\t\tSigue leyendo\n\t\t\t\t\t<\/a>\n\t\t\t\t<img loading=\"lazy\" decoding=\"async\" src=\"https:\/\/marylandefc.org\/wp-content\/uploads\/2025\/04\/MD-EFC-Awards-full-group.jpg\" alt=\"MD EFC Awards Full Group\" itemprop=\"image\" height=\"1920\" width=\"1920\" title=\"Premios MD-EFC-grupo completo\" onerror=\"this.style.display='none'\"  \/>\n\t<h3>Premios de liderazgo EFC de SCCAN y MD<\/h3>\n<p>Desde 2019, <a href=\"\/es\/about\/how-we-started\/\">junto con SCCAN<\/a>, EFC has issued awards to key individuals and organizations in the following categories for outstanding vision, dedication and commitment to ACE &amp; Resilience Informed Policy:\u00a0<\/p>\n<h4>Legislador del a\u00f1o:<\/h4>\n<ul>\n<li>Delegado 2019 CT Wilson<\/li>\n<li>2020 Congresista Elijah Cummings, emitido p\u00f3stumamente<\/li>\n<li>2023 Senador William C. Smith, Jr.<\/li>\n<\/ul>\n<p>En 2023, el Premio Legado de Liderazgo Legislativo se otorg\u00f3 al delegado CT Wilson en reconocimiento a su profundo e inquebrantable apoyo a los ni\u00f1os y su compromiso con la b\u00fasqueda de justicia para los sobrevivientes.\u00a0<\/p>\n<h4>Socio comunitario del a\u00f1o:<\/h4>\n<ul>\n<li>2018 La Junta Directiva y el personal de The Family Tree<\/li>\n<li>2019 La Junta Directiva y el personal de No M\u00e1s Infancia Robada<\/li>\n<li>2024 Centro de Estudios Infantiles Taghi Modarressi, UMMS<\/li>\n<\/ul>\n<h4>Defensor del a\u00f1o: <\/h4>\n<ul>\n<li>2018 Frank Kros, MSW, JD<\/li>\n<li>2019 Joan L. Stine, MHS, MS<\/li>\n<li>2022 Wendy G. Lane, MD, MPH<\/li>\n<li>2024 D&#8217;Lisa Worthy, M.Ed<\/li>\n<\/ul>","protected":false},"excerpt":{"rendered":"<p>HOW WE WORK Our Process EFC recognizes that our vision for a state where all children, youth and their families thrive in safe, stable and nurturing relationships and environments will take action across multiple public and private systems to achieve. That&#8217;s why our work relies on collaboration and a common agenda to lead our conversation&hellip;<\/p>","protected":false},"author":1,"featured_media":27464,"parent":26571,"menu_order":0,"comment_status":"closed","ping_status":"closed","template":"","meta":{"footnotes":""},"class_list":["post-26575","page","type-page","status-publish","has-post-thumbnail","hentry"],"_links":{"self":[{"href":"https:\/\/marylandefc.org\/es\/wp-json\/wp\/v2\/pages\/26575","targetHints":{"allow":["GET"]}}],"collection":[{"href":"https:\/\/marylandefc.org\/es\/wp-json\/wp\/v2\/pages"}],"about":[{"href":"https:\/\/marylandefc.org\/es\/wp-json\/wp\/v2\/types\/page"}],"author":[{"embeddable":true,"href":"https:\/\/marylandefc.org\/es\/wp-json\/wp\/v2\/users\/1"}],"replies":[{"embeddable":true,"href":"https:\/\/marylandefc.org\/es\/wp-json\/wp\/v2\/comments?post=26575"}],"version-history":[{"count":0,"href":"https:\/\/marylandefc.org\/es\/wp-json\/wp\/v2\/pages\/26575\/revisions"}],"up":[{"embeddable":true,"href":"https:\/\/marylandefc.org\/es\/wp-json\/wp\/v2\/pages\/26571"}],"wp:featuredmedia":[{"embeddable":true,"href":"https:\/\/marylandefc.org\/es\/wp-json\/wp\/v2\/media\/27464"}],"wp:attachment":[{"href":"https:\/\/marylandefc.org\/es\/wp-json\/wp\/v2\/media?parent=26575"}],"curies":[{"name":"gracias","href":"https:\/\/api.w.org\/{rel}","templated":true}]}}