{"id":26577,"date":"2024-01-18T14:47:26","date_gmt":"2024-01-18T22:47:26","guid":{"rendered":"https:\/\/marylandefc.org\/?page_id=26577"},"modified":"2026-01-12T11:56:20","modified_gmt":"2026-01-12T19:56:20","slug":"meetings-reports","status":"publish","type":"page","link":"https:\/\/marylandefc.org\/es\/get-involved\/meetings-reports\/","title":{"rendered":"Reuniones e informes"},"content":{"rendered":"<img decoding=\"async\" src=\"https:\/\/marylandefc.org\/wp-content\/uploads\/2024\/02\/AACF-Safe-Babies-Court-Courtesy-Zero-to-Three.jpg\" alt=\"AACF Safe Babies Court\" itemprop=\"image\" height=\"1440\" width=\"1920\" title=\"Cortes\u00eda de la AACF Safe Babies Court Zero to Three\" onerror=\"this.style.display='none'\" loading=\"lazy\" \/>\n\t<h1>REUNIONES E INFORMES<\/h1>\n\t<h2>Asiste, lee y comparte<\/h2>\n<p>Lo invitamos a asistir a nuestras reuniones, leer nuestros informes anuales y compartir la informaci\u00f3n con sus colegas. Juntos podemos hacer crecer nuestra red de socios para fortalecer nuestros esfuerzos y hacer que Maryland avance. <\/p>\n\t<h3>Asistir a una reuni\u00f3n<\/h3>\n<p>El EFC se re\u00fane el primer jueves de ciertos meses, alternando con las reuniones mensuales del Consejo Estatal de Maryland sobre Abuso y Negligencia Infantil (SCCAN). <\/p>\n<p>Meetings may be held either virtually or in-person from 1:00 &#8211; 3:00PM (EST).\u00a0<\/p>\n<p>Meses de reuni\u00f3n: 5 de febrero | 2 de abril | 4 de junio | 1 de octubre | 3 de diciembre<\/p>\n<p>Las reuniones est\u00e1n abiertas a los miembros de la comunidad y a las organizaciones asociadas. <a href=\"https:\/\/marylandefc.org\/es\/contact\/\">Cont\u00e1ctenos<\/a> para recibir nuestras actualizaciones por correo electr\u00f3nico.\u00a0<\/p>\n<p>&nbsp;<\/p>\n\t\t\t\t<img decoding=\"async\" src=\"https:\/\/marylandefc.org\/wp-content\/uploads\/2019\/01\/SCCAN-LOGO-CLEAR.png\" alt=\"SCCAN logo\" itemprop=\"image\" height=\"333\" width=\"579\" title=\"BORRAR EL LOGOTIPO DE SCCAN\" onerror=\"this.style.display='none'\" loading=\"lazy\" \/>\n\t<h3>Lea los informes de SCCAN<\/h3>\n\t<p><strong>Centro de Informaci\u00f3n y An\u00e1lisis de Maryland<\/strong> Emite un informe anual al Gobernador y a la Asamblea General para proporcionar un marco para el trabajo realizado por el Consejo y hacer recomendaciones para avanzar en el trabajo. En estos informes anuales se incluyen actualizaciones sobre las actividades de Maryland EFC y nuestros esfuerzos compartidos para ese a\u00f1o. <\/p>\n\t<h3>Informes anuales<\/h3>\n\t\t\t<a href=\"\/wp-content\/uploads\/2025\/01\/2022-2023-Annual-Report-Final.pdf\" target=\"_blank\" rel=\"noopener\">\n\t\t\t\t\t\t2022 &#8211; 2023 SCCAN Annual Report\n\t\t\t\t\t<\/a>\n\t\t\t<a href=\"\/wp-content\/uploads\/2024\/02\/MSAR-5519-2021_FL5-7A-09b_DHS_State-Council-on-Child-Abuse-and-Neglect-SCCAN-2020-2021-Annual-Report.pdf\" target=\"_blank\" rel=\"noopener\">\n\t\t\t\t\t\t2020 &#8211; 2021 SCCAN Annual Report\n\t\t\t\t\t<\/a>\n\t\t\t<a href=\"https:\/\/marylandefc.org\/wp-content\/uploads\/2024\/02\/2019-SCCAN-Annual-Report-with-Appendices-FINAL-Report-Approved.pdf\" target=\"_blank\" rel=\"noopener\">\n\t\t\t\t\t\tInforme anual de la SCCAN 2019\n\t\t\t\t\t<\/a>\n\t\t\t<a href=\"\/wp-content\/uploads\/2024\/02\/2018-SCCAN-Annual-Report-FINAL-_6-28-2019.pdf\" target=\"_blank\" rel=\"noopener\">\n\t\t\t\t\t\tInforme anual de la SCCAN 2018\n\t\t\t\t\t<\/a>\n\t\t\t<a href=\"\/wp-content\/uploads\/2024\/02\/FINAL-1-2017-SCCAN-Annual-Report-7-12-18-1.pdf\" target=\"_blank\" rel=\"noopener\">\n\t\t\t\t\t\tInforme anual de la SCCAN 2017\n\t\t\t\t\t<\/a>\n\t\t\t\t<img decoding=\"async\" src=\"https:\/\/marylandefc.org\/wp-content\/uploads\/2024\/02\/Girls-on-a-mission-raking-leaves.jpg\" alt=\"Girls on a mission raking leaves\" itemprop=\"image\" height=\"800\" width=\"1200\" title=\"Chicas en una misi\u00f3n rastrillando hojas\" onerror=\"this.style.display='none'\" loading=\"lazy\" \/>\n\t<h3>Compartir datos<\/h3>\n\t<p>Junto con la mayor\u00eda de los estados, Maryland participa en la Encuesta sobre comportamiento de riesgo entre j\u00f3venes (YRBS) y la Encuesta sobre tabaco entre j\u00f3venes (YTS) patrocinadas por los CDC.<\/p>\n<p>La encuesta YRBS\/YTS de Maryland realiza encuestas an\u00f3nimas a estudiantes de escuelas secundarias y preparatorias p\u00fablicas de Maryland. Se centra en los comportamientos que contribuyen a las principales causas de muerte y discapacidad, incluidos, entre otros, el consumo de alcohol y otras drogas, el consumo de tabaco, las conductas sexuales, las lesiones y la violencia no intencionales, y la actividad f\u00edsica y los h\u00e1bitos alimentarios deficientes.<\/p>\n<h3>Encuesta PACE para adolescentes<\/h3>\n<p>En 2018-2019, Maryland se convirti\u00f3 en el primero de dos estados en comenzar a recopilar datos de experiencias infantiles positivas y adversas (PACE) entre estudiantes de secundaria.<\/p>\n<p>La Asamblea General de Maryland institucionaliz\u00f3 la recopilaci\u00f3n de datos PACE entre estudiantes de secundaria y preparatoria en el YRBS\/YTS en 2021.<\/p>\n\t\t\t<a href=\"https:\/\/health.maryland.gov\/newsroom\/Pages\/Maryland-Department-of-Health-releases-2021-2022-Youth-Risk-Behavior-Survey-and-Youth-Tobacco-Survey-data.aspx\" target=\"_blank\" rel=\"noopener\">\n\t\t\t\t\t\tVer nota de prensa\n\t\t\t\t\t<\/a>\n\t\t\t\t<img decoding=\"async\" src=\"https:\/\/marylandefc.org\/wp-content\/uploads\/2024\/02\/MEC-Icons_v2_teach.svg\" alt=\"Teach skills icon with teacher at blackboard\" itemprop=\"image\" height=\"300\" width=\"300\" title=\"MEC-Icons_v2_teach\" onerror=\"this.style.display='none'\" loading=\"lazy\" \/>\n\t\t<h3><a href=\"\/wp-content\/uploads\/2024\/02\/Adverse-Childhood-Experiences-2021-2022-YRBS-YTS.pdf\" target=\"_blank\"  rel=\"noopener\">Encuesta YRBS\/YTS de Maryland<\/a><\/h3><p>La YRBS\/YTS de Maryland se llev\u00f3 a cabo en el oto\u00f1o de 2021 entre casi 60 000 estudiantes en 366 escuelas intermedias y secundarias p\u00fablicas de todo el estado.<\/p>\n<p>Nuestros socios del Departamento de Salud de Maryland compartieron una descripci\u00f3n general de los resultados de los datos de YRBS\/YTS PACE.<\/p>\n\t\t\t<a href=\"\/wp-content\/uploads\/2024\/02\/Adverse-Childhood-Experiences-2021-2022-YRBS-YTS.pdf\" target=\"_blank\" rel=\"noopener\">\n\t\t\t\t\t\tVer presentaci\u00f3n\n\t\t\t\t\t<\/a>\n\t\t\t\t<img decoding=\"async\" src=\"https:\/\/marylandefc.org\/wp-content\/uploads\/2026\/01\/PCA-Case-Study-Report.jpg\" alt=\"Prevent Child Abuse America Case Study on Maryland EFC\" itemprop=\"image\" height=\"800\" width=\"1200\" title=\"Informe de estudio de caso de PCA\" onerror=\"this.style.display='none'\" loading=\"lazy\" \/>\n\t\t<h3><a href=\"https:\/\/preventchildabuse.org\/wp-content\/uploads\/2025\/12\/EfC-Case-Study-Nov-2025.pdf\" target=\"_blank\" rel=\"noopener\">Maryland destacado por Prevent Child Abuse America<\/a><\/h3><p>Maryland Essentials for Childhood (Maryland EFC) fue uno de los dos estados que present\u00f3 Prevent Child Abuse America (PCA). PCA entrevist\u00f3 a l\u00edderes anteriores y actuales de Maryland EFC y present\u00f3 la historia del programa, la implementaci\u00f3n de medidas de prevenci\u00f3n y las lecciones aprendidas como estado autosuficiente.<\/p>\n<blockquote><p>&#8220;I think what&#8217;s really important in the work, is to know who can lead that (policy) best and sometimes you follow, and sometimes you lead, and people start to respect you as a partner that way.&#8221;<\/p>\n<p>&#8211; Claudia Remington, former executive director fo Maryland SCCAN<\/p><\/blockquote>\n<p>Georgia, que es un estado financiado, tambi\u00e9n apareci\u00f3.<\/p>\n<p>&nbsp;<\/p>\n\t\t\t<a href=\"https:\/\/preventchildabuse.org\/wp-content\/uploads\/2025\/12\/EfC-Case-Study-Nov-2025.pdf\" target=\"_blank\" rel=\"noopener\">\n\t\t\t\t\t\tLea el estudio de caso\n\t\t\t\t\t<\/a>","protected":false},"excerpt":{"rendered":"<p>MEETINGS &amp; REPORTS Attend, Read and Share We invite you to attend our meetings, read our annual reports and share the information with your colleagues. Together we can grow our network of partners to strengthen our efforts and move Maryland forward. Attend a Meeting EFC meets on the first Thursday of certain months, alternating with&hellip;<\/p>","protected":false},"author":1,"featured_media":27470,"parent":26597,"menu_order":0,"comment_status":"closed","ping_status":"closed","template":"","meta":{"footnotes":""},"class_list":["post-26577","page","type-page","status-publish","has-post-thumbnail","hentry"],"_links":{"self":[{"href":"https:\/\/marylandefc.org\/es\/wp-json\/wp\/v2\/pages\/26577","targetHints":{"allow":["GET"]}}],"collection":[{"href":"https:\/\/marylandefc.org\/es\/wp-json\/wp\/v2\/pages"}],"about":[{"href":"https:\/\/marylandefc.org\/es\/wp-json\/wp\/v2\/types\/page"}],"author":[{"embeddable":true,"href":"https:\/\/marylandefc.org\/es\/wp-json\/wp\/v2\/users\/1"}],"replies":[{"embeddable":true,"href":"https:\/\/marylandefc.org\/es\/wp-json\/wp\/v2\/comments?post=26577"}],"version-history":[{"count":0,"href":"https:\/\/marylandefc.org\/es\/wp-json\/wp\/v2\/pages\/26577\/revisions"}],"up":[{"embeddable":true,"href":"https:\/\/marylandefc.org\/es\/wp-json\/wp\/v2\/pages\/26597"}],"wp:featuredmedia":[{"embeddable":true,"href":"https:\/\/marylandefc.org\/es\/wp-json\/wp\/v2\/media\/27470"}],"wp:attachment":[{"href":"https:\/\/marylandefc.org\/es\/wp-json\/wp\/v2\/media?parent=26577"}],"curies":[{"name":"gracias","href":"https:\/\/api.w.org\/{rel}","templated":true}]}}