{"id":26765,"date":"2024-01-29T14:32:11","date_gmt":"2024-01-29T22:32:11","guid":{"rendered":"https:\/\/marylandefc.org\/?page_id=26765"},"modified":"2026-02-12T15:24:59","modified_gmt":"2026-02-12T23:24:59","slug":"informing-policy","status":"publish","type":"page","link":"https:\/\/marylandefc.org\/es\/policy\/informing-policy\/","title":{"rendered":"Pol\u00edtica informativa"},"content":{"rendered":"<figure itemscope itemtype=\"https:\/\/schema.org\/ImageObject\">\n\t\t\t\t<img decoding=\"async\" src=\"https:\/\/marylandefc.org\/wp-content\/uploads\/2024\/01\/The-Science-of-the-Developing-Child.jpg\" alt=\"The Science of the Developing Child white paper mockup\" height=\"800\" width=\"1200\" title=\"La ciencia del ni\u00f1o en desarrollo\" onerror=\"this.style.display='none'\" loading=\"lazy\" \/>\n\t<\/figure>\n\t<h1>RESPONSABLES DE POL\u00cdTICAS<\/h1>\n\t<h2>Pol\u00edtica informativa<\/h2>\n<p>Para promover pol\u00edticas efectivas, Maryland Essentials for Childhood invierte significativamente en identificar las mejores pr\u00e1cticas a nivel nacional, internacional y en otros estados, aprendiendo de los investigadores en el campo y brindando una oportunidad para el di\u00e1logo entre nuestros socios.\u00a0<\/p>\n<p>En 2016, el Centro de Educaci\u00f3n Familiar (EFC) de Maryland public\u00f3 un marco para nuestras prioridades, basado en los campos emergentes de la neurociencia y las experiencias adversas en la infancia. Ese informe t\u00e9cnico, <i>La ciencia del cerebro en desarrollo, las ACE y la resiliencia: un s\u00f3lido argumento a favor de un Maryland pr\u00f3spero<\/i> Todav\u00eda da forma al trabajo que hacemos hoy. <\/p>\n\t\t\t<a href=\"https:\/\/marylandefc.org\/wp-content\/uploads\/2024\/03\/Prosperous-Maryland-white-paper-by-Maryland-Essentials-for-Childhood.pdf\"  target=\"_blank\" rel=\"noopener\">\n\t\t\t\t\t\t\tSigue leyendo\n\t\t\t<\/a>\n\t<h3>Hacia un Maryland m\u00e1s pr\u00f3spero<\/h3>\n<p>En 2019, Maryland Essentials for Childhood public\u00f3 un informe t\u00e9cnico, <i>Hacia un Maryland m\u00e1s pr\u00f3spero: soluciones legislativas para prevenir y mitigar las experiencias adversas en la infancia (ACE) y construir comunidades resilientes. <\/i>Los legisladores de todo el pa\u00eds se est\u00e1n capacitando en neurociencia de vanguardia, epigen\u00e9tica, el estudio ACE y resiliencia (NEAR Science) y est\u00e1n tomando medidas pol\u00edticas para promover un desarrollo saludable y un futuro pr\u00f3spero para sus electores.<\/p>\n<p>Este informe comparte los conceptos b\u00e1sicos de NEAR (neurobiolog\u00eda, epigen\u00e9tica, ACE y ciencia de la resiliencia), junto con las pol\u00edticas innovadoras y basadas en evidencia que est\u00e1n implementando los gobiernos federales y estatales para prevenir y mitigar el trauma infantil y promover la resiliencia familiar y comunitaria.\u00a0<\/p>\n<p>Este documento ha sido una herramienta poderosa para educar a los legisladores y l\u00edderes de opini\u00f3n sobre la ciencia y las soluciones.\u00a0<\/p>\n<p>El libro blanco no habr\u00eda sido posible sin el trabajo dedicado de nuestros socios de Maryland Essentials for Childhood, Change the Conversation, anteriormente No More Stolen Childhoods, SCCAN y el Programa de liderazgo sin fines de lucro de Sondheim.\u00a0<\/p>\n\t\t\t<a href=\"https:\/\/marylandefc.org\/wp-content\/uploads\/2024\/01\/FINAL-Toward-A-More-Prosperous-Maryland-ACEs-Legislative-Brief.pdf\"  target=\"_blank\" rel=\"noopener\">\n\t\t\t\t\t\t\tSigue leyendo\n\t\t\t<\/a>\n<figure data-animation-delay=\"0\" data-animation-duration=\"1\" itemscope itemtype=\"https:\/\/schema.org\/ImageObject\">\n\t\t\t\t<a href=\"\/wp-content\/uploads\/2024\/01\/FINAL-Toward-A-More-Prosperous-Maryland-ACEs-Legislative-Brief.pdf\"  target=\"_blank\" rel=\"noopener\"  itemprop=\"url\">\n\t\t\t\t<img decoding=\"async\" src=\"https:\/\/marylandefc.org\/wp-content\/uploads\/2024\/01\/Toward-a-More-Prosperous-Maryland.jpg\" alt=\"Toward a More Prosperous Maryland white paper mockup\" height=\"800\" width=\"1200\" title=\"Hacia un Maryland m\u00e1s pr\u00f3spero\" onerror=\"this.style.display='none'\" loading=\"lazy\" \/>\n\t\t\t\t<\/a>\n\t<\/figure>\n\t\t<p>Las relaciones y entornos seguros, estables y enriquecedores sirven como factores de protecci\u00f3n y son esenciales para la salud y el bienestar de nuestros ni\u00f1os, garantizando que todos los ni\u00f1os de Maryland tengan las mismas oportunidades de prosperar. Todos los habitantes de Maryland desempe\u00f1an un papel importante en asegurar la salud y el bienestar de la pr\u00f3xima generaci\u00f3n y un futuro pr\u00f3spero para todos. Ninguna persona, organizaci\u00f3n, sector o rama del gobierno puede prevenir las experiencias adversas en la infancia (ACE) y los traumas ni mitigar su impacto por s\u00ed sola.<\/p>\n<p>&nbsp;<\/p>\n<p><strong>~ Desde <i>Hacia un Maryland m\u00e1s pr\u00f3spero: soluciones legislativas para prevenir y mitigar las experiencias adversas en la infancia (ACE) y construir comunidades resilientes.<\/i>\u00a0\u00a0<\/strong><\/p>\n\t<h2>Sesi\u00f3n de mesa redonda de ACE<\/h2>\n<p><b>Patrocinado por: la delegada Vanessa E. Atterbeary y el senador Antonio Hayes<\/b><\/p>\n<p>En diciembre de 2019, Maryland Essentials for Childhood organiz\u00f3 una Mesa Redonda sobre ACEs para los miembros de la Asamblea General de Maryland. El evento brind\u00f3 a legisladores y l\u00edderes comunitarios la oportunidad de escuchar a expertos y debatir maneras de aprobar e implementar pol\u00edticas y pr\u00e1cticas que: <\/p>\n<ul>\n<li>Tienen un efecto poderoso y comprobado en <a href=\"https:\/\/marylandefc.org\/es\/grownups\/early-years\/\">ni\u00f1o sano<\/a> y <a href=\"https:\/\/marylandefc.org\/es\/grownups\/teen-development\/\">desarrollo adolescente<\/a>.<\/li>\n<li>Prevenir, reducir y curar <a href=\"https:\/\/marylandefc.org\/es\/get-involved\/ace-impact\/\">adversidad y trauma<\/a>.<\/li>\n<li>Construir <a href=\"https:\/\/marylandefc.org\/es\/grownups\/resilience\/\">resiliencia<\/a>.<\/li>\n<\/ul>\n<figure itemscope itemtype=\"https:\/\/schema.org\/ImageObject\">\n\t\t\t\t<img decoding=\"async\" src=\"https:\/\/marylandefc.org\/wp-content\/uploads\/2024\/01\/ACEs-Roundtable-Image-BrainScience-1-scaled.jpg\" alt=\"Infographic of ACEs roundtable findings\" height=\"1205\" width=\"2560\" title=\"Mesa redonda de ACEs Imagen BrainScience (1)\" onerror=\"this.style.display='none'\" loading=\"lazy\" \/>\n\t<\/figure>\n<figure itemscope itemtype=\"https:\/\/schema.org\/ImageObject\">\n\t\t\t\t<img decoding=\"async\" src=\"https:\/\/marylandefc.org\/wp-content\/uploads\/2024\/02\/ACE-Roundtable-Drawing-about-Surprises-with-the-Science-scaled.jpg\" alt=\"ACE Roundtable drawing about surprises with the science\" height=\"1205\" width=\"2560\" title=\"Mesa redonda de ACE sobre sorpresas con la ciencia\" onerror=\"this.style.display='none'\" loading=\"lazy\" \/>\n\t<\/figure>\n\t<h3>El d\u00eda incluy\u00f3 presentaciones y debates con:<\/h3>\n<ul>\n<li aria-level=\"1\">Frank Kros de Kros Learning\u00a0<\/li>\n<li aria-level=\"1\">Melissa Merrick, directora ejecutiva de Prevent Child Abuse America y se desempe\u00f1\u00f3 como cient\u00edfica principal del estudio ACE en los CDC.\u00a0<\/li>\n<li aria-level=\"1\">Kate Blackman, Conferencia Nacional de Legisladores Estatales<\/li>\n<li aria-level=\"1\"><a href=\"https:\/\/www.youtube.com\/watch?v=NyEcWHURXPw&amp;t=30s\" target=\"_blank\" rel=\"noopener\">Primera Dama de Delaware, Tracey Quillen Carney<\/a>\u00a0<\/li>\n<li aria-level=\"1\">Mary Rolando, directora de innovaciones de ACE en el Departamento de Servicios para Ni\u00f1os de Tennessee <\/li>\n<li aria-level=\"1\">Michael Castognola, miembro del personal del Comit\u00e9 de Supervisi\u00f3n y Reforma de la C\u00e1mara de Representantes y el difunto congresista Elijah Cummings\u00a0<\/li>\n<li aria-level=\"1\">Joan Gillece de la Asociaci\u00f3n Nacional de Directores de Programas Estatales de Salud Mental<\/li>\n<\/ul>\n<p>Durante un almuerzo circular con legisladores, expertos locales, l\u00edderes de las iniciativas ACE de la comunidad de Maryland y socios de Maryland Essentials for Childhood de todo el estado tuvieron la oportunidad de compartir <b>C\u00f3mo la ciencia se est\u00e1 traduciendo en acci\u00f3n sobre el terreno en las comunidades de todo el estado.<\/b>\u00a0<\/p>\n<p>Se anim\u00f3 a los legisladores a unirse <a href=\"https:\/\/www.pacesconnection.com\/g\/maryland-state-aces\" target=\"_blank\" rel=\"noopener\">Acci\u00f3n de ACE de Maryland<\/a> Mantenerse conectado con organizaciones en todo el estado que trabajan para promover la concientizaci\u00f3n sobre la investigaci\u00f3n de ACE y las pr\u00e1cticas basadas en el trauma y que fomentan la resiliencia.<\/p>\n<p>La Fundaci\u00f3n Abell brind\u00f3 un generoso apoyo para la facilitaci\u00f3n y el registro gr\u00e1fico del evento.<\/p>","protected":false},"excerpt":{"rendered":"<p>RESPONSABLES DE POL\u00cdTICAS: Informando Pol\u00edticas. Para promover pol\u00edticas efectivas, Maryland Essentials for Childhood invierte significativamente en la identificaci\u00f3n de las mejores pr\u00e1cticas a nivel nacional, internacional y en otros estados, aprendiendo de investigadores en el campo y brindando oportunidades para el di\u00e1logo entre nuestros socios. En 2016, Maryland EFC public\u00f3 un marco para nuestras prioridades, basado en los campos emergentes\u2026<\/p>","protected":false},"author":1,"featured_media":26773,"parent":3255,"menu_order":0,"comment_status":"closed","ping_status":"closed","template":"","meta":{"footnotes":""},"class_list":["post-26765","page","type-page","status-publish","has-post-thumbnail","hentry"],"_links":{"self":[{"href":"https:\/\/marylandefc.org\/es\/wp-json\/wp\/v2\/pages\/26765","targetHints":{"allow":["GET"]}}],"collection":[{"href":"https:\/\/marylandefc.org\/es\/wp-json\/wp\/v2\/pages"}],"about":[{"href":"https:\/\/marylandefc.org\/es\/wp-json\/wp\/v2\/types\/page"}],"author":[{"embeddable":true,"href":"https:\/\/marylandefc.org\/es\/wp-json\/wp\/v2\/users\/1"}],"replies":[{"embeddable":true,"href":"https:\/\/marylandefc.org\/es\/wp-json\/wp\/v2\/comments?post=26765"}],"version-history":[{"count":0,"href":"https:\/\/marylandefc.org\/es\/wp-json\/wp\/v2\/pages\/26765\/revisions"}],"up":[{"embeddable":true,"href":"https:\/\/marylandefc.org\/es\/wp-json\/wp\/v2\/pages\/3255"}],"wp:featuredmedia":[{"embeddable":true,"href":"https:\/\/marylandefc.org\/es\/wp-json\/wp\/v2\/media\/26773"}],"wp:attachment":[{"href":"https:\/\/marylandefc.org\/es\/wp-json\/wp\/v2\/media?parent=26765"}],"curies":[{"name":"gracias","href":"https:\/\/api.w.org\/{rel}","templated":true}]}}