{"id":26895,"date":"2024-02-06T16:08:37","date_gmt":"2024-02-07T00:08:37","guid":{"rendered":"https:\/\/marylandefc.org\/?page_id=26895"},"modified":"2026-03-03T06:19:10","modified_gmt":"2026-03-03T14:19:10","slug":"grownups","status":"publish","type":"page","link":"https:\/\/marylandefc.org\/es\/grownups\/","title":{"rendered":"Kit de herramientas para desarrollar el cerebro de los ni\u00f1os y ayudarlos a prosperar"},"content":{"rendered":"<figure itemscope itemtype=\"https:\/\/schema.org\/ImageObject\">\n\t\t\t\t<img decoding=\"async\" src=\"https:\/\/marylandefc.org\/wp-content\/uploads\/2024\/02\/Grown-ups-playing-with-their-children-to-build-their-brains.jpg\" alt=\"Grown-ups playing with their children to build their brains\" height=\"800\" width=\"1200\" title=\"Adultos jugando con sus hijos para desarrollar sus cerebros\" onerror=\"this.style.display='none'\" loading=\"lazy\" \/>\n\t<\/figure>\n\t<h1>LOS ADULTOS<\/h1>\n\t\t<h2>Conjunto de herramientas para el desarrollo cerebral.<\/h2><p>Welcome to the brain-building toolkit, a one-stop location for all of us to get the necessary tools to help children thrive. Maryland Essentials for Childhood&#8217;s (Maryland EFC) Childhood Resilience Action Team gathered resources from leading experts, our backbone organizations and community partners to give parents and trusted adults easy access to the latest tips to support children.<\/p>\n<p>Our knowledge of what can help healthy child development and hurt it has expanded dramatically over the past few decades. While science informs our actions at Maryland EFC, you don&#8217;t have to be a brain scientist to build a child&#8217;s brain. ALL trusted adults have the tools, and in fact, <b>T\u00da <\/b>are the key ingredient to a child&#8217;s strong foundation.<\/p>\n<p>Science shows us that events early in life can shape a child&#8217;s development. The good news is that it&#8217;s never too late to make a positive impact.<\/p>\n<a href=\"\"  target=\"_self\"><\/a>\t\n\t\t\t<a href=\"\/es\/grownups\/early-years\/\"  target=\"_self\">\n\t\t\t\t\t\t\tAqu\u00ed para aprender sobre<br \/>desarrollo temprano\n\t\t\t\t\t<\/a>\n\t\t\t<a href=\"\/es\/grownups\/teen-development\/\"  target=\"_self\">\n\t\t\t\t\t\t\tAqu\u00ed para aprender sobre<br \/>Desarrollo de adolescentes y preadolescentes\n\t\t\t\t\t<\/a>\n\t\t<h2>Ayudar a los adultos y a los ni\u00f1os a ser resilientes<\/h2><p>When we, as grown-ups, are under stress, it&#8217;s harder to tune into children&#8217;s needs.<\/p>\n<p>Try these ways to reduce stress and support your and your child&#8217;s resilience.<\/p>\n<figure data-animation-delay=\"0\" data-animation-duration=\"1\" itemscope itemtype=\"https:\/\/schema.org\/ImageObject\">\n\t\t\t\t<img decoding=\"async\" src=\"https:\/\/marylandefc.org\/wp-content\/uploads\/2024\/02\/dad-cheering-with-his-daughter.jpg\" alt=\"dad cheering with his daughter\" height=\"800\" width=\"1200\" title=\"Pap\u00e1 animando con su hija\" onerror=\"this.style.display='none'\" loading=\"lazy\" \/>\n\t<\/figure>\n\t\t<h3>1. Construir relaciones de apoyo<\/h3><p>Para usted y su hijo con amigos, familiares, proveedores de atenci\u00f3n m\u00e9dica, l\u00edderes religiosos, educadores, mentores y entrenadores.<\/p>\n\t\t<h3>2. Establecer rutinas familiares<\/h3><p>Tener una rutina predecible genera una sensaci\u00f3n de seguridad y pertenencia y nutre las relaciones.<\/p>\n\t\t<h3>3. Centrarse en los h\u00e1bitos de estilo de vida<\/h3><p>Como un sue\u00f1o reparador, la actividad f\u00edsica y una alimentaci\u00f3n equilibrada. Si tiene dificultades para conseguir alimentos saludables para su familia, llame al 211 y pregunte por bancos de alimentos cerca de usted.<\/p>\n\t\t<h3>4. Salga a la naturaleza<\/h3><p>Reduce las hormonas del estr\u00e9s y aumenta las hormonas que reducen el dolor y mejoran el estado de \u00e1nimo.\u00a0<\/p>\n\t\t<h3>5. Pasa tiempo con tus mascotas<\/h3><p>If you don&#8217;t have one, volunteer your time at a pet shelter or organization.<\/p>\n\t\t<h3>6. Practica la atenci\u00f3n plena<\/h3><p>Puede ser un superpoder. <a href=\"https:\/\/www.youtube.com\/watch?v=w6T02g5hnT4\" target=\"_blank\" rel=\"noopener\">Mira este video<\/a> Para empezar.<\/p>\n\t\t<h2>Apoyo comunitario para ayudar en tiempos de necesidad<\/h2><p>Sabemos que ser padre y cuidar ni\u00f1os es una tarea dif\u00edcil. Conozca los recursos comunitarios cerca de usted que pueden ayudarlo en su camino como padre. <\/p>\n<figure data-animation-delay=\"0\" data-animation-duration=\"1\" itemscope itemtype=\"https:\/\/schema.org\/ImageObject\">\n\t\t\t\t<img decoding=\"async\" src=\"https:\/\/marylandefc.org\/wp-content\/uploads\/2019\/01\/cropped-LBH_TFT_VERT_logo_rgb.png\" alt=\"The Family Tree logo\" height=\"332\" width=\"1046\" title=\"recortado-LBH_TFT_VERT_logo_rgb\" onerror=\"this.style.display='none'\" loading=\"lazy\" \/>\n\t<\/figure>\n\t\t<h3><a href=\"https:\/\/www.familytreemd.org\/programs\/helpline\/\" target=\"_blank\" rel=\"noopener\">Llama a la l\u00ednea de ayuda para padres<br \/> 1-800-243-7337<\/a><\/h3><p>Si tiene alguna pregunta sobre crianza de los hijos, la l\u00ednea de ayuda para padres disponible las 24 horas puede brindarle asesoramiento, recursos y apoyo gratuitos y confidenciales. <a href=\"https:\/\/www.familytreemd.org\/programs\/helpline\/\" target=\"_blank\" rel=\"noopener\">l\u00ednea de ayuda para padres<\/a>\u00a0es un servicio de The Family Tree.<\/p>\n\t\t\t<a href=\"https:\/\/www.familytreemd.org\/programs\/helpline\/\" target=\"_blank\" rel=\"noopener\">\n\t\t\t\t\t\tL\u00ednea de ayuda para padres\n\t\t\t\t\t<\/a>\n\t\t<h3><a href=\"http:\/\/search.marylandefc.org\/\" target=\"_blank\" rel=\"noopener\">Marque 211<\/a><\/h3><p><a href=\"http:\/\/211md.org\" target=\"_blank\" rel=\"noopener\">211<\/a> is an Information and Referral System with community resources available for essential health and human services like food, housing, child care, utility assistance and mental health support. It&#8217;s powered by the Maryland Information Network and is available any time of day or night.\u00a0<\/p>\n<p>Maryland Essentials for Childhood (EFC) se ha asociado con 211 para conectarlo con recursos para ni\u00f1os y familias en su comunidad.\u00a0<\/p>\n<p>Busque por c\u00f3digo postal para encontrar apoyo comunitario cerca de usted.<\/p>\n\t\t\t<a href=\"http:\/\/search.marylandefc.org\/\" target=\"_blank\" rel=\"noopener\">\n\t\t\t\t\t\t\tB\u00fasqueda de recursos\n\t\t\t<\/a>\n<figure data-animation-delay=\"0\" data-animation-duration=\"1\" itemscope itemtype=\"https:\/\/schema.org\/ImageObject\">\n\t\t\t\t<img decoding=\"async\" src=\"https:\/\/marylandefc.org\/wp-content\/uploads\/2025\/06\/211-MIN_Logo-rgb.svg\" alt=\"211 MIN Logo RGB\" height=\"310\" width=\"1366\" title=\"211-MIN_Logo-rgb\" onerror=\"this.style.display='none'\" loading=\"lazy\" \/>\n\t<\/figure>\n<figure itemscope itemtype=\"https:\/\/schema.org\/ImageObject\">\n\t\t\t\t<img decoding=\"async\" src=\"https:\/\/marylandefc.org\/wp-content\/uploads\/2024\/02\/family-playing-soccer-together.jpg\" alt=\"family playing soccer together\" height=\"800\" width=\"1200\" title=\"Familia jugando al f\u00fatbol juntos\" onerror=\"this.style.display='none'\" loading=\"lazy\" \/>\n\t<\/figure>\n\t\t<figure itemscope itemtype=\"https:\/\/schema.org\/ImageObject\">\n\t\t\t\t<a href=\"\/es\/grownups\/resilience\/\"  target=\"_self\" itemprop=\"url\">\n\t\t\t\t<img decoding=\"async\" src=\"https:\/\/marylandefc.org\/wp-content\/uploads\/2024\/01\/MEC-Icons_idea.svg\" alt=\"Light bulb icon for information\" height=\"300\" width=\"300\" title=\"Iconos MEC_idea\" onerror=\"this.style.display='none'\" loading=\"lazy\" \/>\n\t\t\t\t<\/a>\n\t<\/figure>\n<h3><a href=\"\/es\/grownups\/resilience\/\" target=\"_self\">Obtenga m\u00e1s herramientas de resiliencia<\/a><\/h3>\n\t\t\t<a href=\"\/es\/grownups\/resilience\/\"  target=\"_self\">\n\t\t\t\t\t\t\tSigue leyendo\n\t\t\t\t\t<\/a>","protected":false},"excerpt":{"rendered":"<p>GROWN-UPS Brain-Building Toolkit Welcome to the brain-building toolkit, a one-stop location for all of us to get the necessary tools to help children thrive. Maryland Essentials for Childhood&#8217;s (Maryland EFC) Childhood Resilience Action Team gathered resources from leading experts, our backbone organizations and community partners to give parents and trusted adults easy access to the&hellip;<\/p>","protected":false},"author":1,"featured_media":27535,"parent":0,"menu_order":0,"comment_status":"closed","ping_status":"closed","template":"","meta":{"footnotes":""},"class_list":["post-26895","page","type-page","status-publish","has-post-thumbnail","hentry"],"_links":{"self":[{"href":"https:\/\/marylandefc.org\/es\/wp-json\/wp\/v2\/pages\/26895","targetHints":{"allow":["GET"]}}],"collection":[{"href":"https:\/\/marylandefc.org\/es\/wp-json\/wp\/v2\/pages"}],"about":[{"href":"https:\/\/marylandefc.org\/es\/wp-json\/wp\/v2\/types\/page"}],"author":[{"embeddable":true,"href":"https:\/\/marylandefc.org\/es\/wp-json\/wp\/v2\/users\/1"}],"replies":[{"embeddable":true,"href":"https:\/\/marylandefc.org\/es\/wp-json\/wp\/v2\/comments?post=26895"}],"version-history":[{"count":0,"href":"https:\/\/marylandefc.org\/es\/wp-json\/wp\/v2\/pages\/26895\/revisions"}],"wp:featuredmedia":[{"embeddable":true,"href":"https:\/\/marylandefc.org\/es\/wp-json\/wp\/v2\/media\/27535"}],"wp:attachment":[{"href":"https:\/\/marylandefc.org\/es\/wp-json\/wp\/v2\/media?parent=26895"}],"curies":[{"name":"gracias","href":"https:\/\/api.w.org\/{rel}","templated":true}]}}