{"id":27731,"date":"2024-02-22T15:32:18","date_gmt":"2024-02-22T23:32:18","guid":{"rendered":"https:\/\/marylandefc.org\/?page_id=27731"},"modified":"2026-03-03T06:14:52","modified_gmt":"2026-03-03T14:14:52","slug":"ace-science","status":"publish","type":"page","link":"https:\/\/marylandefc.org\/es\/about\/ace-science\/","title":{"rendered":"Ciencia ACE"},"content":{"rendered":"<figure itemscope itemtype=\"https:\/\/schema.org\/ImageObject\">\n\t\t\t\t<img decoding=\"async\" src=\"https:\/\/marylandefc.org\/wp-content\/uploads\/2024\/02\/Anda-talking-to-a-community-crowd.jpg\" alt=\"Anda discussion in the community\" height=\"800\" width=\"1200\" title=\"Anda hablando ante una multitud de la comunidad.\" onerror=\"this.style.display='none'\" loading=\"lazy\" \/>\n\t<\/figure>\n\t<h1>CIENCIA ACE<\/h1>\n\t<h2>Comprenda la ciencia detr\u00e1s del estudio ACE<\/h2>\n<p>Obtenga m\u00e1s informaci\u00f3n sobre este estudio innovador y c\u00f3mo ha ampliado nuestra comprensi\u00f3n de los impactos de las experiencias adversas de la infancia en el desarrollo del cerebro.\u00a0 <\/p>\n<figure data-animation-delay=\"0\" data-animation-duration=\"1\" itemscope itemtype=\"https:\/\/schema.org\/ImageObject\">\n\t\t\t\t<img decoding=\"async\" src=\"https:\/\/marylandefc.org\/wp-content\/uploads\/2024\/03\/Kids-holding-magnifying-glass.jpg\" alt=\"Kids holding magnifying glass\" height=\"800\" width=\"1200\" title=\"Ni\u00f1os sosteniendo una lupa en su cara\" onerror=\"this.style.display='none'\" loading=\"lazy\" \/>\n\t<\/figure>\n\t<h2>Acerca del estudio ACE<\/h2>\n\t<p>El Dr. Robert Anda y el Dr. Vincent Felitti son los coinvestigadores principales del innovador estudio ACE patrocinado por Kaiser Permanente y los Centros para el Control y la Prevenci\u00f3n de Enfermedades (CDC) a mediados de la d\u00e9cada de 1990.<\/p>\n<blockquote><p>El estudio ACE es uno de los estudios m\u00e1s grandes sobre la adversidad infantil y su conexi\u00f3n con la salud y el bienestar a lo largo de la vida, en el que participaron 17.000 personas en San Diego, California.\u00a0<\/p><\/blockquote>\n<p>Este estudio fue importante porque confirm\u00f3, con evidencia cient\u00edfica, que <a href=\"https:\/\/marylandefc.org\/es\/grownups\/aces\/\">Experiencias adversas en la infancia<\/a> Los ataques al coraz\u00f3n en etapas tempranas de la vida no solo son comunes, sino que aumentan el riesgo de problemas de salud f\u00edsica, mental y conductual a lo largo de la vida, incluidas 5 de las 10 principales causas de muerte en los EE. UU.\u00a0<\/p>\n\t<h3>Resultados del estudio ACE<\/h3>\n\t<p>Al aprender sobre el Estudio ACE, es importante recordar que es un estudio epidemiol\u00f3gico sobre el riesgo de salud a nivel poblacional y no a nivel individual. <\/p>\n<p>La historia ACE de cada uno es \u00fanica: nuestra historia personal y no nuestro destino.\u00a0\u00a0<\/p>\n<p>Los hallazgos del estudio ACE tambi\u00e9n son consistentes con los descubrimientos convergentes en neurobiolog\u00eda (<a href=\"\/es\/grownups\/early-years\/\">ciencia del cerebro<\/a>) y el efecto de <a href=\"\/es\/grownups\/aces\/\">estr\u00e9s t\u00f3xico<\/a> sobre el cerebro y el cuerpo en desarrollo. <\/p>\n<p>Otros hallazgos cient\u00edficos y estudios sobre la ACE contin\u00faan ampliando nuestra comprensi\u00f3n del impacto de las experiencias comunitarias adversas, el trauma hist\u00f3rico y las dificultades generacionales en las familias y el desarrollo infantil saludable. La clave de esta investigaci\u00f3n en curso es el impacto que los factores estresantes de la infancia tienen en problemas de salud p\u00fablica m\u00e1s amplios. <\/p>\n<figure data-animation-delay=\"0\" data-animation-duration=\"1\" itemscope itemtype=\"https:\/\/schema.org\/ImageObject\">\n\t\t\t\t<img decoding=\"async\" src=\"https:\/\/marylandefc.org\/wp-content\/uploads\/2024\/03\/Kids-navigating-challenges-on-obstacle-course-in-trees.jpg\" alt=\"Kids navigating challenges on obstacle course in trees\" height=\"800\" width=\"1200\" title=\"Un ni\u00f1o navegando por una desafiante carrera de obst\u00e1culos entre los \u00e1rboles.\" onerror=\"this.style.display='none'\" loading=\"lazy\" \/>\n\t<\/figure>\n<figure itemscope itemtype=\"https:\/\/schema.org\/ImageObject\">\n\t\t\t\t<img decoding=\"async\" src=\"https:\/\/marylandefc.org\/wp-content\/uploads\/2024\/01\/MEC-Icons_idea.svg\" alt=\"Light bulb icon for information\" height=\"300\" width=\"300\" title=\"Iconos MEC_idea\" onerror=\"this.style.display='none'\" loading=\"lazy\" \/>\n\t<\/figure>\n\t\t<h3>Sigue leyendo<\/h3>\n\t\t<p>Los CDC proporcionan una descripci\u00f3n completa de los hechos y los impactos del estudio ACE.<\/p>\n\t\t\t<a href=\"https:\/\/www.cdc.gov\/aces\/about\/index.html\" target=\"_self\" rel=\"noopener\">\n\t\t\t\t\t\t\tVer descripci\u00f3n general de ACE\n\t\t\t\t\t<\/a>\n\t<h3>Los puntos que queremos destacar<\/h3>\n<ul>\n<li aria-level=\"1\">Las ACE son comunes: alrededor del 64% de los adultos estadounidenses informaron que hab\u00edan experimentado al menos un tipo de ACE antes de los 18 a\u00f1os, y casi 1 de cada 6 (17,3%) informaron que hab\u00edan experimentado cuatro o m\u00e1s tipos de ACE. (CDC)<\/li>\n<li aria-level=\"1\">Las ACE se pueden prevenir. <br \/>\nLas ACE son altamente predictivas de muchos de los peores problemas sociales y de salud de nuestro pa\u00eds. Sin embargo, la buena noticia es que lo predictivo es prevenible. Dr. Robert Anda\u00a0<\/li>\n<\/ul>\n<a href=\"\/es\/grownups\/protective-factors\/\">Factores de protecci\u00f3n<\/a> Hay cosas que todos podemos hacer para mitigar el impacto del estr\u00e9s en las vidas de los ni\u00f1os.\u00a0<br \/>\n\n<figure data-animation-delay=\"0\" data-animation-duration=\"1\" itemscope itemtype=\"https:\/\/schema.org\/ImageObject\">\n\t\t\t\t<img decoding=\"async\" src=\"https:\/\/marylandefc.org\/wp-content\/uploads\/2024\/02\/Community-gathering.jpg\" alt=\"Community gathering\" height=\"800\" width=\"1200\" title=\"Celebraci\u00f3n comunitaria\" onerror=\"this.style.display='none'\" loading=\"lazy\" \/>\n\t<\/figure>\n\t<h2>\u00bfListo para profundizar y tomar acci\u00f3n?<\/h2>\n\t<p>The Family Tree, en asociaci\u00f3n con EFC, est\u00e1 liderando el esfuerzo en Maryland para informar a nuestras comunidades sobre la ciencia y el impacto de las ACE, a trav\u00e9s del reconocido programa de capacitaci\u00f3n conocido como ACE Interface.\u00a0<\/p>\n<p>Las capacitaciones de ACE Interface est\u00e1n dise\u00f1adas para respaldar la concientizaci\u00f3n generalizada, promover la comprensi\u00f3n y empoderar a las comunidades para mejorar la salud y el bienestar en toda la sociedad.<\/p>\n\t<iframe loading=\"lazy\" width=\"560\" height=\"315\" src=\"https:\/\/www.youtube.com\/embed\/49YZ2rn5R2M?si=Atuz1z7bg0XySREq\" title=\"Reproductor de v\u00eddeo de YouTube\" frameborder=\"0\" allow=\"accelerometer; autoplay; clipboard-write; encrypted-media; gyroscope; picture-in-picture; web-share\" allowfullscreen><\/iframe>\n\t<h2>Organice una proyecci\u00f3n de pel\u00edcula<\/h2>\n\t<p>En 2016, James Redford dirigi\u00f3 y produjo <i>Resiliencia: la biolog\u00eda del estr\u00e9s y la ciencia de la esperanza, <\/i>Un documental de una hora sobre los efectos del estr\u00e9s t\u00f3xico en los ni\u00f1os y la sociedad. La pel\u00edcula nos anima a examinar los programas que funcionan en todo el pa\u00eds y a encontrar soluciones creativas para nuestras propias comunidades. <\/p>","protected":false},"excerpt":{"rendered":"<p>CIENCIA ACE: Comprenda la ciencia detr\u00e1s del estudio ACE. Aprenda m\u00e1s sobre este estudio pionero y c\u00f3mo ha ampliado nuestra comprensi\u00f3n del impacto de las experiencias adversas en la infancia en el desarrollo cerebral. Acerca del estudio ACE: El Dr. Robert Anda y el Dr. Vincent Felitti son los coinvestigadores principales del innovador estudio ACE, patrocinado por Kaiser Permanente\u2026<\/p>","protected":false},"author":1,"featured_media":27148,"parent":25,"menu_order":0,"comment_status":"closed","ping_status":"closed","template":"","meta":{"footnotes":""},"class_list":["post-27731","page","type-page","status-publish","has-post-thumbnail","hentry"],"_links":{"self":[{"href":"https:\/\/marylandefc.org\/es\/wp-json\/wp\/v2\/pages\/27731","targetHints":{"allow":["GET"]}}],"collection":[{"href":"https:\/\/marylandefc.org\/es\/wp-json\/wp\/v2\/pages"}],"about":[{"href":"https:\/\/marylandefc.org\/es\/wp-json\/wp\/v2\/types\/page"}],"author":[{"embeddable":true,"href":"https:\/\/marylandefc.org\/es\/wp-json\/wp\/v2\/users\/1"}],"replies":[{"embeddable":true,"href":"https:\/\/marylandefc.org\/es\/wp-json\/wp\/v2\/comments?post=27731"}],"version-history":[{"count":0,"href":"https:\/\/marylandefc.org\/es\/wp-json\/wp\/v2\/pages\/27731\/revisions"}],"up":[{"embeddable":true,"href":"https:\/\/marylandefc.org\/es\/wp-json\/wp\/v2\/pages\/25"}],"wp:featuredmedia":[{"embeddable":true,"href":"https:\/\/marylandefc.org\/es\/wp-json\/wp\/v2\/media\/27148"}],"wp:attachment":[{"href":"https:\/\/marylandefc.org\/es\/wp-json\/wp\/v2\/media?parent=27731"}],"curies":[{"name":"gracias","href":"https:\/\/api.w.org\/{rel}","templated":true}]}}