{"id":27733,"date":"2024-02-22T15:32:46","date_gmt":"2024-02-22T23:32:46","guid":{"rendered":"https:\/\/marylandefc.org\/?page_id=27733"},"modified":"2025-02-18T14:11:56","modified_gmt":"2025-02-18T22:11:56","slug":"ace-impact","status":"publish","type":"page","link":"https:\/\/marylandefc.org\/es\/partners\/ace-impact\/","title":{"rendered":"Impacto de ACE"},"content":{"rendered":"<img loading=\"lazy\" decoding=\"async\" src=\"https:\/\/marylandefc.org\/wp-content\/uploads\/2024\/03\/Panoramic-photo-of-Maryland-bridge.jpg\" alt=\"Panoramic photo fo Maryland bridge\" itemprop=\"image\" height=\"800\" width=\"1200\" title=\"Foto panor\u00e1mica del puente de Maryland\" onerror=\"this.style.display='none'\"  \/>\n\t<h1>LA INTERFAZ EN N\u00daMEROS<\/h1>\n\t<h2>\u00c9xitos de capacitaci\u00f3n sobre la interfaz ACE en Maryland<\/h2>\n<p>Desde 2017, en asociaci\u00f3n con The Family Tree, hemos tenido \u00e9xito en todo el estado al llevar esta informaci\u00f3n fundamental a los miembros de la comunidad en todos los sectores y regiones. <\/p>\n\t<h3>En 2017 El \u00e1rbol geneal\u00f3gico...<\/h3>\n<p>En asociaci\u00f3n con EFC, se llev\u00f3 a Maryland el programa de capacitaci\u00f3n de maestros de ACE Interface dirigido por el Dr. Robert Anda y Lara Porter. ACE Interface tiene como objetivo difundir la ciencia de la resiliencia y la ACE de maneras que empoderen a las personas y las comunidades para que se den cuenta del potencial del compromiso centrado en la curaci\u00f3n.<\/p>\n<p>Desde 2017, se ha educado a 28,508 miembros de la comunidad en las 24 jurisdicciones de Maryland.<\/p>\n<p>Para los profesionales que buscan llevar el plan de estudios de ACE Interface a su comunidad, post\u00falese a <a href=\"#master\">Convi\u00e9rtete en un Master Trainer\/Presentador de ACE Interface.<\/a><\/p>\n\t\t\t\t<img loading=\"lazy\" decoding=\"async\" src=\"https:\/\/marylandefc.org\/wp-content\/uploads\/2024\/02\/People-Trained-in-ACEs-by-county.svg\" alt=\"People Trained in Aces by County\" itemprop=\"image\" height=\"422\" width=\"392\" title=\"Personas capacitadas en ACE por condado\" onerror=\"this.style.display='none'\"  \/>\n\t\t\t\t<img loading=\"lazy\" decoding=\"async\" src=\"https:\/\/marylandefc.org\/wp-content\/uploads\/2024\/02\/ACE-Trainer-Pie-Chart.svg\" alt=\"ACE Trainer Pie Chart\" itemprop=\"image\" height=\"435\" width=\"392\" title=\"Gr\u00e1fico circular de ACE Trainer\" onerror=\"this.style.display='none'\"  \/>\n\t<h2>Convi\u00e9rtete en un Master Trainer<\/h2>\n\t<p>Como l\u00edder de Maryland en la prevenci\u00f3n del abuso infantil, el Instituto de Capacitaci\u00f3n Shepard en The Family Tree brinda asistencia t\u00e9cnica, aprendizaje basado en habilidades y oportunidades de capacitaci\u00f3n basadas en evidencia a cuidadores, profesionales, organizaciones sin fines de lucro, organizaciones comunitarias y agencias estatales que desarrollan habilidades y conocimientos sobre c\u00f3mo identificar el abuso infantil, denunciar el maltrato infantil, comprender el desarrollo infantil y el impacto del trauma en los sistemas familiares.\u00a0<\/p>\n<p>Una de las principales oportunidades de desarrollo profesional de The Family Tree es el evento &quot;Comprendiendo la Ciencia NEAR (neurobiolog\u00eda, epigen\u00e9tica, ACE y resiliencia)&quot;, Formaci\u00f3n de Formadores de la Interfaz ACE. Esta oportunidad de desarrollo profesional de dos d\u00edas est\u00e1 dise\u00f1ada para capacitar a Formadores y Presentadores Expertos altamente capacitados y bien informados sobre la ciencia NEAR y su impacto en la salud individual y el bienestar comunitario.<\/p>\n<p>Actualmente, hay 300 capacitadores y presentadores expertos de ACE Interface que representan una variedad de \u00e1reas de la industria, incluidas las profesiones m\u00e9dicas, abogados, trabajadores sociales, educadores, agentes del orden y profesionales sin fines de lucro. <\/p>\n\t\t\t\t<img loading=\"lazy\" decoding=\"async\" src=\"https:\/\/marylandefc.org\/wp-content\/uploads\/2024\/02\/MEC-Icons_v2_websearch.svg\" alt=\"web search icon\" itemprop=\"image\" height=\"300\" width=\"300\" title=\"B\u00fasqueda web de MEC-Icons_v2\" onerror=\"this.style.display='none'\"  \/>\n\t\t<h3>Inscribirse<\/h3><p>Convertirse en un <b>Entrenador y presentador principal de ACE Interface.<\/b><\/p>","protected":false},"excerpt":{"rendered":"<p>INTERFAZ EN CIFRAS: \u00c9xitos de la capacitaci\u00f3n en Interfaz ACE en Maryland. Desde 2017, en colaboraci\u00f3n con The Family Tree, hemos logrado difundir esta informaci\u00f3n crucial en todo el estado entre la comunidad de todos los sectores y regiones. En 2017, The Family Tree, en colaboraci\u00f3n con EFC, present\u00f3 el Programa de Instructores Maestros de Interfaz ACE, dirigido por\u2026<\/p>","protected":false},"author":1,"featured_media":28179,"parent":26571,"menu_order":0,"comment_status":"closed","ping_status":"closed","template":"","meta":{"footnotes":""},"class_list":["post-27733","page","type-page","status-publish","has-post-thumbnail","hentry"],"_links":{"self":[{"href":"https:\/\/marylandefc.org\/es\/wp-json\/wp\/v2\/pages\/27733","targetHints":{"allow":["GET"]}}],"collection":[{"href":"https:\/\/marylandefc.org\/es\/wp-json\/wp\/v2\/pages"}],"about":[{"href":"https:\/\/marylandefc.org\/es\/wp-json\/wp\/v2\/types\/page"}],"author":[{"embeddable":true,"href":"https:\/\/marylandefc.org\/es\/wp-json\/wp\/v2\/users\/1"}],"replies":[{"embeddable":true,"href":"https:\/\/marylandefc.org\/es\/wp-json\/wp\/v2\/comments?post=27733"}],"version-history":[{"count":0,"href":"https:\/\/marylandefc.org\/es\/wp-json\/wp\/v2\/pages\/27733\/revisions"}],"up":[{"embeddable":true,"href":"https:\/\/marylandefc.org\/es\/wp-json\/wp\/v2\/pages\/26571"}],"wp:featuredmedia":[{"embeddable":true,"href":"https:\/\/marylandefc.org\/es\/wp-json\/wp\/v2\/media\/28179"}],"wp:attachment":[{"href":"https:\/\/marylandefc.org\/es\/wp-json\/wp\/v2\/media?parent=27733"}],"curies":[{"name":"gracias","href":"https:\/\/api.w.org\/{rel}","templated":true}]}}