{"id":27810,"date":"2024-02-26T00:01:10","date_gmt":"2024-02-26T08:01:10","guid":{"rendered":"https:\/\/marylandefc.org\/?page_id=27810"},"modified":"2026-02-12T15:26:07","modified_gmt":"2026-02-12T23:26:07","slug":"dive-deeper-policy-makers","status":"publish","type":"page","link":"https:\/\/marylandefc.org\/es\/dive-deeper-policy-makers\/","title":{"rendered":"Sum\u00e9rgete m\u00e1s profundamente | Responsables pol\u00edticos"},"content":{"rendered":"<figure itemscope itemtype=\"https:\/\/schema.org\/ImageObject\">\n\t\t\t\t<img decoding=\"async\" src=\"https:\/\/marylandefc.org\/wp-content\/uploads\/2024\/02\/Maryland-statehouse-at-night.jpg\" alt=\"Maryland statehouse at night\" height=\"800\" width=\"1200\" title=\"El capitolio estatal de Maryland de noche\" onerror=\"this.style.display='none'\" loading=\"lazy\" \/>\n\t<\/figure>\n\t<h1>PROFUNDIZAR | RESPONSABLES DE LAS POL\u00cdTICAS<\/h1>\n\t<p>EFC understands that developing best practices and policy recommendations for Maryland means collecting and evaluating Maryland data and learning about what&#8217;s happening elsewhere across the country. You can dig deeper by subject matter here.<\/p>\n\t\t<h2>Adversidad infantil<\/h2><p><b>Prevenci\u00f3n de experiencias adversas en la infancia (ACE): aprovechamiento de la mejor evidencia disponible<\/b><\/p>\n<p><i>Centro Nacional para la Prevenci\u00f3n y el Control de Lesiones (EE. UU.). Divisi\u00f3n de Prevenci\u00f3n de la Violencia, 2019<\/i><\/p>\nEstablece <a href=\"https:\/\/stacks.cdc.gov\/view\/cdc\/82316\" target=\"_blank\" rel=\"noopener\">Seis \u00e1reas de pol\u00edtica clave<\/a> para evitar que las ACE ocurran en primer lugar.<br \/>\n\n<p>&nbsp;<\/p>\n<p><b>Hoja de ruta para la resiliencia: <\/b><b>The California Surgeon General&#8217;s Report on Adverse Childhood Experiences, Toxic Stress, and Health<\/b><\/p>\n<p><i>California Surgeon General&#8217;s Office<\/i><\/p>\n<p><a href=\"https:\/\/osg.ca.gov\/wp-content\/uploads\/sites\/266\/2022\/05\/Roadmap-For-Resilience_CA-Surgeon-Generals-Report-on-ACEs-Toxic-Stress-and-Health_12092020.pdf\" target=\"_blank\" rel=\"noopener\">Este informe completo<\/a> ofrece informaci\u00f3n importante para los responsables de las pol\u00edticas, los cient\u00edficos, los proveedores de atenci\u00f3n m\u00e9dica, los educadores y los defensores, pero tambi\u00e9n promueve soluciones y enfoques basados en evidencia para mejorar la salud y la seguridad.<\/p>\n\t\t<h3>Desarrollo infantil<\/h3><p><b>Desarrollar capacidades en los adultos para mejorar los resultados de los ni\u00f1os: una teor\u00eda del cambio<\/b><\/p>\n<p><i>Centro de Harvard sobre el Ni\u00f1o en Desarrollo<\/i><\/p>\n<p><a href=\"https:\/\/www.youtube.com\/watch?v=urU-a_FsS5Y\" target=\"_blank\" rel=\"noopener\">V\u00eddeo de 5 minutos<\/a> depicting a theory of change for achieving breakthrough outcomes for vulnerable children and families. It describes the need to focus on building the capabilities of caregivers and strengthening the communities that together form the environment of relationships essential to children&#8217;s lifelong learning, health, and behavior.<\/p>\n<p>&nbsp;<\/p>\n<p><b>C\u00f3mo los ni\u00f1os y los adultos pueden desarrollar capacidades b\u00e1sicas para la vida<\/b><\/p>\n<p><i>Centro de Harvard sobre el Ni\u00f1o en Desarrollo<\/i><\/p>\n<p><a href=\"https:\/\/www.youtube.com\/watch?v=6NehuwDA45Q&amp;t=0s\" target=\"_blank\" rel=\"noopener\">V\u00eddeo de 5 minutos<\/a> exploring the importance of the development and use of core capabilities &#8211; known as executive function and self-regulation skills &#8211; from early childhood into adolescence and adulthood, so that we build communities that thrive.<\/p>\n\t\t<h3>Primera infancia<\/h3><p><b>Sitio web del Centro de Impacto de Pol\u00edticas Prenatal-a-3<\/b><\/p>\n<p><i>Centro de Impacto de Pol\u00edticas Prenatales a 3 A\u00f1os, Universidad de Vanderbilt<\/i><\/p>\n<p><a href=\"https:\/\/pn3policy.org\/\" target=\"_blank\" rel=\"noopener\">Centro de Impacto de Pol\u00edticas Prenatales a 3 A\u00f1os<\/a> empowers states with rigorous evidence to implement effective and equitable policies that ensure all children thrive from the start. Based in Vanderbilt University&#8217;s Peabody College, our team of researchers and nonpartisan policy experts work directly with state leaders to achieve their goals for child and parent wellbeing-as well as the health, safety, and prosperity of communities.<\/p>\n<p>Ver <a href=\"https:\/\/pn3policy.org\/pn-3-state-policy-roadmap-2023\/md\/,\" target=\"_blank\" rel=\"noopener\">Hoja de ruta de pol\u00edticas de Maryland desde el nacimiento hasta los 3 a\u00f1os<\/a>, Maryland&#8217;s current landscape of policies.<\/p>\n<p>&nbsp;<\/p>\n<p><b>Serie Breves: Res\u00famenes de temas de investigaci\u00f3n sobre el desarrollo infantil<\/b><\/p>\n<p><i>Centro de Harvard sobre el Ni\u00f1o en Desarrollo<\/i><\/p>\n<p>Incluye <a href=\"https:\/\/developingchild.harvard.edu\/inbrief-series\/\" target=\"_blank\" rel=\"noopener\">Informes de pol\u00edticas de 2 a 3 p\u00e1ginas<\/a> sobre conceptos b\u00e1sicos del desarrollo infantil saludable, incluidas recomendaciones de pol\u00edticas.\u00a0 <\/p>\n\t\t<h3>PACE de Maryland y otros datos de salud<\/h3><p><b>MD-IBIS &#8211; Maryland&#8217;s Health Data Resource<\/b><\/p>\n<p><i>Departamento de Salud de Maryland<\/i><\/p>\nMD-IBIS brinda acceso a datos que pueden ayudar a brindar respuestas para alcanzar los objetivos de salud de Maryland. Se pueden realizar b\u00fasquedas sobre muchos riesgos y resultados de salud a nivel estatal y local.<br \/>\n\n<p><a href=\"https:\/\/ibis.health.maryland.gov\/ibisph-view\/about\/Welcome.html\" target=\"_blank\" rel=\"noopener\">Mira el video<\/a> para buscar datos para su jurisdicci\u00f3n.<\/p>\n\n<p><strong>Datos de ACE del Sistema de vigilancia de factores de riesgo conductuales de Maryland (BRFSS) (2015, 2018, 2020)<\/strong><\/p>\n<p><em>Departamento de Salud de Maryland\u00a0<\/em><\/p>\n<p><a href=\"https:\/\/ibis.health.maryland.gov\/ibisph-view\/query\/selection\/brfss\/BRFSSSelection.html\" target=\"_blank\" rel=\"noopener\">Vista<\/a> Los datos.<\/p>\n<p>&nbsp;<\/p>\n<p><strong>Datos de la Encuesta de factores de riesgo de j\u00f3venes de Maryland\/Encuesta sobre tabaquismo entre j\u00f3venes (YRBS\/YTS) PACE (2018-19, 2020-21)<\/strong><\/p>\n<p><em>Departamento de Salud de Maryland\u00a0<\/em><\/p>\n<p><a href=\"https:\/\/health.maryland.gov\/phpa\/ccdpc\/Reports\/Pages\/State-Level-Data%2c-2021-2022.aspx\" target=\"_blank\" rel=\"noopener\">Ver<\/a> Los datos.<\/p>\n<p>&nbsp;<\/p>\n<p><strong>Strong Roots Grow a Strong Nation &#8211; Maryland Fact Sheet 2021<\/strong><\/p>\n<p><i>CAHMI, Iniciativa de medici\u00f3n de la salud infantil y adolescente, Facultad de Salud P\u00fablica de Johns Hopkins<\/i><\/p>\n<p><a href=\"https:\/\/www.cahmi.org\/docs\/default-source\/resources\/2021-aces-fact-sheets\/cahmi-state-fact-sheet---md.pdf?sfvrsn=8909459e_4\" target=\"_blank\" rel=\"noopener\">Vista<\/a> Datos de Maryland PACE recopilados de la Encuesta Nacional de Salud Infantil.<\/p>\n<p>&nbsp;<\/p>\n<p><b>Maryland&#8217;s Health Rankings<\/b><\/p>\n<p><i>America&#8217;s Health Rankings, United Health Foundation<\/i><\/p>\n<p>The longest-running state-by-state analysis of the nation&#8217;s health, the platform provides actionable, data-driven insights that stakeholders can use to effect change in Maryland and other states. The <a href=\"https:\/\/www.americashealthrankings.org\/explore\/states\/MD\" target=\"_blank\" rel=\"noopener\">plataforma<\/a> tiene como objetivo ayudar a los responsables pol\u00edticos, l\u00edderes comunitarios y funcionarios de salud a comprender mejor los problemas de salud espec\u00edficos de sus propias comunidades para que todos podamos trabajar juntos para abordar los desaf\u00edos de salud.<\/p>\n\t\t<h3>Datos PACE nacionales<\/h3><p><b>Signos vitales de los CDC<\/b><\/p>\n<p><em>Centros para el Control y la Prevenci\u00f3n de Enfermedades<\/em><\/p>\n<p>El <a href=\"https:\/\/www.cdc.gov\/vitalsigns\/aces\/pdf\/vs-1105-aces-H.pdf\" target=\"_blank\" rel=\"noopener\">Signos vitales de los CDC<\/a> Los informes cubren amenazas importantes para la salud, este sobre las ACE, y lo que se puede hacer para reducir la enfermedad.<\/p>\n<b><br \/>\nFloreciendo en acci\u00f3n: datos nacionales, estatales y locales<\/b>\n<p><i>CAMHI, Iniciativa de medici\u00f3n de la salud infantil y adolescente, Facultad de Salud P\u00fablica Bloomberg de la Universidad Johns Hopkins<\/i><\/p>\n<p>Comparaci\u00f3n entre estados individuales y nacionales <a href=\"https:\/\/www.cahmi.org\/our-work-in-action\/flourishing-in-action\/data\" target=\"_blank\" rel=\"noopener\">hojas informativas<\/a> using 2018\/2019 National Survey of Children&#8217;s Health data regarding the prevalence of adverse childhood experiences (ACEs) and key child outcomes such as bullying, school engagement, resilience and flourishing.<\/p>\n\t\t<h3>Adicci\u00f3n<\/h3><p><b>Facing Addiction in America: The Surgeon General&#8217;s Report on Alcohol, Drugs, and Health<\/b><\/p>\n<p><i>Oficina del Cirujano General<\/i><\/p>\n<p><a href=\"https:\/\/store.samhsa.gov\/sites\/default\/files\/surgeon-generals-report.pdf\" target=\"_blank\" rel=\"noopener\">Llamado a la acci\u00f3n de 413 p\u00e1ginas<\/a> para poner fin a la crisis de salud p\u00fablica que supone la adicci\u00f3n, incluidas conclusiones clave y recomendaciones para pol\u00edticas y programas basados en evidencia.<\/p>\n\t\t<h3>Abuso sexual infantil<\/h3><p><b>Prevenir juntos: Plan nacional para prevenir el abuso y la explotaci\u00f3n sexual infantil<\/b><\/p>\n<p><i>Coalici\u00f3n Nacional para la Prevenci\u00f3n del Abuso y la Explotaci\u00f3n Sexual Infantil<\/i><\/p>\n<p>Provides a framework &#8211; <a href=\"https:\/\/preventtogether.org\/wp-content\/uploads\/2023\/10\/National-Plan_Oct2023.pdf\" target=\"_blank\" rel=\"noopener\">Seis pilares para prevenir el abuso y la explotaci\u00f3n sexual infantil<\/a> &#8211; for effective, comprehensive, and holistic prevention interventions, including policies, to prevent child sexual abuse before it occurs.<\/p>\n<p>&nbsp;<\/p>\n<p><b>Child USA&#8217;s Gold Standard: Policy Recommendations for Preventing Child Sexual Abuse<\/b><\/p>\n<p><i>Ni\u00f1o de Estados Unidos<\/i><\/p>\n<p><a href=\"https:\/\/childusa.org\/wp-content\/uploads\/2021\/07\/CHILD-USAs-Gold-Standard.pdf\" target=\"_blank\" rel=\"noopener\">Gu\u00eda de 23 p\u00e1ginas<\/a> Esbozando los pasos que las organizaciones que ayudan a ni\u00f1os y j\u00f3venes pueden tomar para prevenir el abuso sexual infantil.<\/p>\n\t\t<h3>Pobreza infantil<\/h3><p><b>The Brain Architects Podcast: A New Lens on Poverty &#8211; Working Towards Fairness of Place in the United States<\/b><\/p>\n<p><em>Centro de Harvard sobre el Ni\u00f1o en Desarrollo<\/em><\/p>\n<p><a href=\"https:\/\/developingchild.harvard.edu\/resources\/the-brain-architects-podcast-a-new-lens-on-poverty\/\" target=\"_blank\" rel=\"noopener\">Podcast<\/a> incluye una discusi\u00f3n con los coautores Mona Hanna-Attisha, MD, MPH, FAAP y H. Luke Shaefer, PhD, y su libro, <i>La injusticia del lugar: descubriendo el legado de la pobreza en Estados Unidos<\/i>Explora el nuevo e innovador programa, <i>Ni\u00f1os Rx<\/i>, un esfuerzo innovador para abordar la pobreza infantil y mejorar la equidad en materia de salud.<\/p>\n\t\t<h3>Servicios de intervenci\u00f3n temprana\/hitos<\/h3><p><b>Intervenci\u00f3n temprana: un apoyo fundamental para beb\u00e9s, ni\u00f1os peque\u00f1os y familias<\/b><\/p>\n<p><i>CLASP y Zero to Three<\/i><\/p>\n<p><a href=\"https:\/\/www.clasp.org\/wp-content\/uploads\/2022\/01\/2017_EarlyInterventionACriticalSupport.pdf\" target=\"_blank\" rel=\"noopener\">Informe de pol\u00edticas de 4 p\u00e1ginas<\/a> sobre la importancia de la intervenci\u00f3n temprana y las lagunas en las pol\u00edticas estatales y federales.<\/p>\n\t\t<h3>Epigen\u00e9tica<\/h3><p><b>\u00bfQu\u00e9 es la epigen\u00e9tica y c\u00f3mo se relaciona con el desarrollo infantil?<\/b><\/p>\n<p><i>Centro de Harvard sobre el Ni\u00f1o en Desarrollo<\/i><\/p>\n<p><a href=\"https:\/\/drive.google.com\/file\/d\/16H-LghnJUNp9PMOe78wajhQ-kooePuQt\/view\" target=\"_blank\" rel=\"noopener\">Infograf\u00eda<\/a> explicando la ciencia epigen\u00e9tica y las implicaciones pol\u00edticas para mejorar los resultados para los ni\u00f1os y la sociedad.<\/p>\n<p>&nbsp;<\/p>\n<p><b>Epigen\u00e9tica: Por qu\u00e9 la herencia es m\u00e1s extra\u00f1a de lo que pens\u00e1bamos<\/b><\/p>\n<p><i>Minuto Tierra<\/i><\/p>\n<p><a href=\"https:\/\/www.youtube.com\/watch?v=AvB0q3mg4sQ\" target=\"_blank\" rel=\"noopener\">V\u00eddeo de 3 minutos<\/a> sobre la epigen\u00e9tica y su impacto en el comportamiento humano.<\/p>\n\t\t<h3>Soledad y aislamiento<\/h3><p><b>Our Epidemic of Loneliness &amp; Isolation: The Surgeon General&#8217;s Advisory on the Healing Effects of Social Connection and Community, 2023<\/b><\/p>\n<p><i>Oficina del Cirujano General<\/i><\/p>\n<p><a href=\"https:\/\/www.hhs.gov\/sites\/default\/files\/surgeon-general-social-connection-advisory.pdf\" target=\"_blank\" rel=\"noopener\">82-page Surgeon General&#8217;s Advisory<\/a> that calls the American people&#8217;s attention to an urgent public health of loneliness and isolation and provides recommendations for how it should be addressed.<\/p>\n\t\t<h3>Racismo<\/h3><p><b>Understanding Racism&#8217;s Impact on Child Development<\/b><\/p>\n<p><em>Centro de Harvard sobre el Ni\u00f1o en Desarrollo\u00a0\u00a0<\/em><\/p>\n<p>Experts across various fields share their latest research and potential solutions to promote healthy child development and dismantle systemic racism; exploring how racism gets &#8220;under the skin&#8221; to impact children&#8217;s development as well as contributes to unequal access to opportunity. <a href=\"https:\/\/developingchild.harvard.edu\/resources\/understanding-racisms-impact-on-child-development\/\" target=\"_blank\" rel=\"noopener\">Mira el video<\/a>.<\/p>\n<b><br \/>\nC\u00f3mo la ciencia del desarrollo puede ayudarnos a abordar las desigualdades durante la adolescencia<\/b>\n<p><i>Centro para el desarrollo del adolescente de la UCLA<\/i><\/p>\n<p><a href=\"https:\/\/developingadolescent.semel.ucla.edu\/assets\/uploads\/research\/resources\/Equity_brief_Nov20_%28updated_11421_by_KI%29.pdf\" target=\"_blank\" rel=\"noopener\">Pol\u00edtica de 4 p\u00e1ginas<\/a> brief that examines how principles of developmental science could play a part in creating more equity in outcomes for all adolescents.<\/p>\n<b><br \/>\nC\u00f3mo la ciencia del desarrollo puede ayudar a abordar el racismo estructural anti-negro durante la adolescencia<\/b>\u00a0\n<p><i>Centro para el desarrollo del adolescente de la UCLA<\/i><\/p>\n<p><a href=\"https:\/\/developingadolescent.semel.ucla.edu\/assets\/uploads\/research\/resources\/Anti-racism_brief_Sep21.pdf\" target=\"_blank\" rel=\"noopener\">Informe de 7 p\u00e1ginas<\/a> sobre c\u00f3mo la ciencia del desarrollo puede respaldar soluciones que aborden las injusticias y los desaf\u00edos basados en la raza que enfrentan los adolescentes negros.<\/p>\n<b><br \/>\n\u00bfQu\u00e9 significa ser antirracista?<\/b>\n<p><i>Por encima del ruido<\/i><\/p>\n<p><a href=\"https:\/\/mpt.pbslearningmedia.org\/resource\/what-does-it-mean-to-be-anti-racist-video\/above-the-noise\/\" target=\"_blank\" rel=\"noopener\">V\u00eddeo de 10 minutos<\/a> sobre lo que significa ser antirracista y por qu\u00e9 es importante.<\/p>\n\t\t<h3>Youth Depression &#038; Suicide<\/h3><p><b>\u00bfQu\u00e9 necesitan los j\u00f3venes en crisis de sus comunidades?<\/b><\/p>\n<p><i>L\u00ednea de texto de crisis<\/i><\/p>\n<p><a href=\"https:\/\/www.crisistextline.org\/wp-content\/uploads\/2024\/02\/community-resilience-report.pdf\" target=\"_blank\" rel=\"noopener\">Lea este informe<\/a> sobre soluciones a la epidemia de depresi\u00f3n y suicidio entre adolescentes en Estados Unidos.<\/p>\n\t<h3>\u00cdndice<\/h3>\n<ul>\n<li><a href=\"#childhood-adversity\">Adversidad infantil<\/a><\/li>\n<li><a href=\"#childhood-development\">Desarrollo infantil<\/a><\/li>\n<li><a href=\"#early-childhood\">Primera infancia<\/a><\/li>\n<li><a href=\"#paces-health-data\">PACE de Maryland y otros datos de salud<\/a><\/li>\n<li><a href=\"#national-paces-data\">Datos PACE nacionales<\/a><\/li>\n<li><a href=\"#addiction\">Adicci\u00f3n<\/a><\/li>\n<li><a href=\"#child-sexual-abuse\">Abuso sexual infantil<\/a><\/li>\n<li><a href=\"#child-poverty\">Pobreza infantil<\/a><\/li>\n<li><a href=\"#intervention\">Intervenci\u00f3n<\/a><\/li>\n<li><a href=\"#epigenetics\">Epigen\u00e9tica<\/a><\/li>\n<li><a href=\"#loneliness\">Soledad y aislamiento<\/a><\/li>\n<li><a href=\"#racism\">Racismo<\/a><\/li>\n<li><a href=\"#youth-depression\">Depresi\u00f3n juvenil<\/a><\/li>\n<\/ul>","protected":false},"excerpt":{"rendered":"<p>DIVE DEEPER | POLICY MAKERS EFC understands that developing best practices and policy recommendations for Maryland means collecting and evaluating Maryland data and learning about what&#8217;s happening elsewhere across the country. You can dig deeper by subject matter here. Childhood Adversity Preventing adverse childhood experiences (ACEs): leveraging the best available evidence National Center for Injury&hellip;<\/p>","protected":false},"author":1,"featured_media":28022,"parent":0,"menu_order":0,"comment_status":"closed","ping_status":"closed","template":"","meta":{"footnotes":""},"class_list":["post-27810","page","type-page","status-publish","has-post-thumbnail","hentry"],"_links":{"self":[{"href":"https:\/\/marylandefc.org\/es\/wp-json\/wp\/v2\/pages\/27810","targetHints":{"allow":["GET"]}}],"collection":[{"href":"https:\/\/marylandefc.org\/es\/wp-json\/wp\/v2\/pages"}],"about":[{"href":"https:\/\/marylandefc.org\/es\/wp-json\/wp\/v2\/types\/page"}],"author":[{"embeddable":true,"href":"https:\/\/marylandefc.org\/es\/wp-json\/wp\/v2\/users\/1"}],"replies":[{"embeddable":true,"href":"https:\/\/marylandefc.org\/es\/wp-json\/wp\/v2\/comments?post=27810"}],"version-history":[{"count":0,"href":"https:\/\/marylandefc.org\/es\/wp-json\/wp\/v2\/pages\/27810\/revisions"}],"wp:featuredmedia":[{"embeddable":true,"href":"https:\/\/marylandefc.org\/es\/wp-json\/wp\/v2\/media\/28022"}],"wp:attachment":[{"href":"https:\/\/marylandefc.org\/es\/wp-json\/wp\/v2\/media?parent=27810"}],"curies":[{"name":"gracias","href":"https:\/\/api.w.org\/{rel}","templated":true}]}}