{"id":28008,"date":"2024-02-29T08:25:39","date_gmt":"2024-02-29T16:25:39","guid":{"rendered":"https:\/\/marylandefc.org\/?page_id=28008"},"modified":"2025-06-16T11:08:43","modified_gmt":"2025-06-16T18:08:43","slug":"hotlines","status":"publish","type":"page","link":"https:\/\/marylandefc.org\/es\/grownups\/hotlines\/","title":{"rendered":"L\u00edneas de ayuda y l\u00edneas directas"},"content":{"rendered":"<img decoding=\"async\" src=\"https:\/\/marylandefc.org\/wp-content\/uploads\/2024\/02\/Mother-on-the-phone-talking-to-a-hotline-for-help.jpg\" alt=\"Mother on the phone talking to a hotline for help\" itemprop=\"image\" height=\"800\" width=\"1200\" title=\"Madre al tel\u00e9fono hablando con una l\u00ednea directa para pedir ayuda\" onerror=\"this.style.display='none'\" loading='lazy' \/>\n\t<h1>L\u00cdNEAS DE AYUDA<\/h1>\n\t<h2>Con\u00e9ctese con el soporte<\/h2>\n<p>Consulte nuestra lista de l\u00edneas de ayuda e informaci\u00f3n a continuaci\u00f3n en momentos de necesidad.<\/p>\n\t\t\t<a href=\"#helplines\" target=\"_self\">\n\t\t\t\t\t\tL\u00edneas de ayuda \/ Referencias\n\t\t\t\t\t<\/a>\n\t<h2>L\u00edneas de ayuda y referencias<\/h2>\n<p>&nbsp;<\/p>\n<ul>\n<li><strong>Servicios de informaci\u00f3n y derivaci\u00f3n (salud\/servicios humanos) \u2013 <\/strong>Marque 211<\/li>\n<li><strong>L\u00ednea de vida para el suicidio y la crisis \u2013 <\/strong>Llama al 9-8-8<\/li>\n<li><strong>L\u00ednea de ayuda para padres de Maryland \u2013 <\/strong>1-800-243-7337<\/li>\n<li><strong>L\u00ednea Nacional de Salud Mental Materna <\/strong>\u2013 1-800-TLC-MAMA (1-833-852-6262)<\/li>\n<li><strong>L\u00ednea Nacional de Ayuda para la Salud de la Mujer y la Lactancia Materna<\/strong> &#8211; 1-800-994-9662<\/li>\n<li><strong>LOCATE Cuidado Infantil<\/strong> &#8211; 877-261-0060<\/li>\n<li><strong>L\u00ednea Nacional de Atenci\u00f3n sobre Violencia Dom\u00e9stica<\/strong> &#8211; 1-800-799-7233*<\/li>\n<li><strong>L\u00ednea de ayuda LGBTQ (El Proyecto Trevor)<\/strong> &#8211; 1-866-488-7386<\/li>\n<li><strong>L\u00ednea directa de abuso infantil<\/strong> \u2013 1-800-91Prevent (1-800-917-7383)<\/li>\n<li><strong>L\u00ednea Nacional de Atenci\u00f3n sobre la Trata de Personas \u2013<\/strong> 1-888-373-7888<\/li>\n<li><strong>Red Nacional contra la Violaci\u00f3n, el Abuso y el Incesto\/L\u00ednea Nacional de Atenci\u00f3n a la Agresi\u00f3n Sexual<\/strong> \u2013 1-800-656-HOPE (4673)<\/li>\n<li><strong>L\u00ednea de ayuda de SAMHSA (Abuso de sustancias y salud mental) \u2013<\/strong> 1-800-662-AYUDA (4357)<\/li>\n<li><strong>L\u00edneas de ayuda para la adicci\u00f3n al juego<\/strong> \u2013 1-800-GAMBLER<\/li>\n<li><strong>Centro de toxicolog\u00eda de Maryland<\/strong> &#8211; 1-800-222-1222<\/li>\n<li><strong>Prevenci\u00f3n del envenenamiento por plomo<\/strong> \u2013 410-537-3825 o 1-800-633-6101, Ext. 3825<\/li>\n<\/ul>","protected":false},"excerpt":{"rendered":"<p>L\u00cdNEAS DE AYUDA Con\u00e9ctese para recibir apoyo. Consulte nuestra lista de l\u00edneas de ayuda e informaci\u00f3n a continuaci\u00f3n en caso de necesidad. L\u00edneas de ayuda \/ Referencias. L\u00edneas de ayuda y referencias. Servicios de informaci\u00f3n y referencias (Salud\/Servicios Humanos): llame al 211. L\u00ednea de ayuda para casos de suicidio y crisis: llame al 9-8-8. L\u00ednea de ayuda para padres de Maryland: 1-800-243-7337. L\u00ednea directa nacional de salud mental materna: 1-800-TLC-MAMA (1-833-852-6262).<\/p>","protected":false},"author":2,"featured_media":28011,"parent":26895,"menu_order":0,"comment_status":"closed","ping_status":"closed","template":"","meta":{"footnotes":""},"class_list":["post-28008","page","type-page","status-publish","has-post-thumbnail","hentry"],"_links":{"self":[{"href":"https:\/\/marylandefc.org\/es\/wp-json\/wp\/v2\/pages\/28008","targetHints":{"allow":["GET"]}}],"collection":[{"href":"https:\/\/marylandefc.org\/es\/wp-json\/wp\/v2\/pages"}],"about":[{"href":"https:\/\/marylandefc.org\/es\/wp-json\/wp\/v2\/types\/page"}],"author":[{"embeddable":true,"href":"https:\/\/marylandefc.org\/es\/wp-json\/wp\/v2\/users\/2"}],"replies":[{"embeddable":true,"href":"https:\/\/marylandefc.org\/es\/wp-json\/wp\/v2\/comments?post=28008"}],"version-history":[{"count":0,"href":"https:\/\/marylandefc.org\/es\/wp-json\/wp\/v2\/pages\/28008\/revisions"}],"up":[{"embeddable":true,"href":"https:\/\/marylandefc.org\/es\/wp-json\/wp\/v2\/pages\/26895"}],"wp:featuredmedia":[{"embeddable":true,"href":"https:\/\/marylandefc.org\/es\/wp-json\/wp\/v2\/media\/28011"}],"wp:attachment":[{"href":"https:\/\/marylandefc.org\/es\/wp-json\/wp\/v2\/media?parent=28008"}],"curies":[{"name":"gracias","href":"https:\/\/api.w.org\/{rel}","templated":true}]}}