{"id":28336,"date":"2025-04-28T12:10:24","date_gmt":"2025-04-28T19:10:24","guid":{"rendered":"https:\/\/marylandefc.org\/?page_id=28336"},"modified":"2026-03-31T12:39:48","modified_gmt":"2026-03-31T19:39:48","slug":"vroom","status":"publish","type":"page","link":"https:\/\/marylandefc.org\/es\/vroom\/","title":{"rendered":"Adultos de Maryland: Obtengan consejos de Vroom\u2122 y desarrollen su cerebro"},"content":{"rendered":"<figure itemscope itemtype=\"https:\/\/schema.org\/ImageObject\">\n\t\t\t\t<img decoding=\"async\" src=\"https:\/\/marylandefc.org\/wp-content\/uploads\/2025\/04\/Grandfather-blowing-bubbles-with-grandaughter.jpg\" alt=\"Grandfather blowing bubbles with grandaughter\" height=\"800\" width=\"1200\" title=\"Abuelo soplando burbujas con su nieta\" onerror=\"this.style.display='none'\" loading=\"lazy\" \/>\n\t<\/figure>\n\t<h2>\u00a1Sea un constructor de cerebro!<\/h2>\n<p>You have what it takes to help your child thrive! Make little changes with your everyday interactions and make a big difference in a child&#8217;s life.<\/p>\n<p>Be a brain builder and add learning during mealtime, playtime, bathtime, and bedtime. Any moment can be a moment you connect with a child &#8211; even waiting in line! We&#8217;ve collaborated with Vroom to connect parents to these easy and fun tips.<\/p>\n<p>Obt\u00e9n consejos gratuitos sobre Vroom\u2122.<\/p>\n\t\t\t<a href=\"https:\/\/app.vroom.org\/?lng=en\" target=\"_blank\" rel=\"noopener\">\n\t\t\t\t\t\t\tConsigue Vroom\n\t\t\t\t\t<\/a>\n<figure itemscope itemtype=\"https:\/\/schema.org\/ImageObject\">\n\t\t\t\t<img decoding=\"async\" src=\"https:\/\/marylandefc.org\/wp-content\/uploads\/2024\/02\/BrainArchitecture_EFC_icon.svg\" alt=\"Brain Architecture icons with brain and scaffolding\" height=\"376\" width=\"376\" title=\"Arquitectura cerebral_EFC_icono\" onerror=\"this.style.display='none'\" loading=\"lazy\" \/>\n\t<\/figure>\n\t\t<h2>Vroom en Maryland<\/h2><p>Vroom Tips\u2122 make brain science simple. Three core principles guide the tips, and they&#8217;re the same ones that guide the science behind our <a href=\"https:\/\/marylandefc.org\/es\/grownups\/\">Conjunto de herramientas para el desarrollo cerebral.<\/a>. That&#8217;s why Maryland Essentials for Childhood collaborated with Vroom to bring these resources to Maryland.<\/p>\n<p>Los tres principios fundamentales son:<\/p>\n<ol>\n<li>Relaciones positivas entre adultos y ni\u00f1os<\/li>\n<li>Back and Forth Interaction &#8211; what we like to call &#8220;serve and return&#8221;<\/li>\n<li>Habilidades para la vida que promueven la funci\u00f3n ejecutiva<\/li>\n<\/ol>\n<p>\u00a1Todos podemos ayudar a los ni\u00f1os a prosperar, un momento, una conexi\u00f3n a la vez!<\/p>\n<h3>Desarrollo cerebral para futuros padres<\/h3>\n<p>Vroom now has new tools for expecting parents. Whether it&#8217;s your first time or you have other children, boost your confidence, connection, and calm even before the baby arrives. Start building parenting skills before the baby even arrives.<\/p>\n<p>&nbsp;<\/p>\n<h2>\n\t\t\tC\u00f3mo usar Vroom\t<\/h2>\n\t\t<figure itemscope itemtype=\"https:\/\/schema.org\/ImageObject\">\n\t\t\t\t<a href=\"\/es\/get-involved\/ace-science\/\"  target=\"_self\" itemprop=\"url\">\n\t\t\t\t<img decoding=\"async\" src=\"https:\/\/marylandefc.org\/wp-content\/uploads\/2024\/02\/MEC-Icons_v2_websearch.svg\" alt=\"web search icon\" height=\"300\" width=\"300\" title=\"B\u00fasqueda web de MEC-Icons_v2\" onerror=\"this.style.display='none'\" loading=\"lazy\" \/>\n\t\t\t\t<\/a>\n\t<\/figure>\n<h3><a href=\"\/es\/get-involved\/ace-science\/\" target=\"_self\">En l\u00ednea<\/a><\/h3><p>Si cuida o apoya a un ni\u00f1o de entre 0 y 5 a\u00f1os, \u00a1estos consejos son perfectos para usted!<\/p>\n<a href=\"https:\/\/app.vroom.org\/?lng=en\" target=\"_blank\" rel=\"noopener\">Consigue Vroom<\/a><br \/>\n(Disponible en ingl\u00e9s y espa\u00f1ol)\n\t\t<figure itemscope itemtype=\"https:\/\/schema.org\/ImageObject\">\n\t\t\t\t<a href=\"\/es\/get-involved\/ace-science\/\"  target=\"_self\" itemprop=\"url\">\n\t\t\t\t<img decoding=\"async\" src=\"https:\/\/marylandefc.org\/wp-content\/uploads\/2024\/01\/MEC-Icons_digital-talk.svg\" alt=\"Talking online with someone icon\" height=\"300\" width=\"300\" title=\"MEC-Iconos_charla-digital\" onerror=\"this.style.display='none'\" loading=\"lazy\" \/>\n\t\t\t\t<\/a>\n\t<\/figure>\n<h3><a href=\"\/es\/get-involved\/ace-science\/\" target=\"_self\">En la aplicaci\u00f3n<\/a><\/h3><p>Download the app and get 1,000+ activities to help your child&#8217;s brain grow. Available in English and Spanish.<\/p>\n<p><a href=\"https:\/\/apps.apple.com\/us\/app\/vroom-early-learning\/id885948312\" target=\"_blank\" rel=\"noopener\">Descargar en la App Store (Apple)<\/a><\/p>\n<p><a href=\"https:\/\/play.google.com\/store\/apps\/details?id=org.joinvroom.dailyvroom&amp;hl=en_US&amp;pli=1\" target=\"_blank\" rel=\"noopener\">Descargar en Google Play (Android)<\/a><\/p>\n\t\t<figure itemscope itemtype=\"https:\/\/schema.org\/ImageObject\">\n\t\t\t\t<a href=\"\/es\/get-involved\/ace-science\/\"  target=\"_self\" itemprop=\"url\">\n\t\t\t\t<img decoding=\"async\" src=\"https:\/\/marylandefc.org\/wp-content\/uploads\/2024\/01\/MEC-Icons_discussion.svg\" alt=\"text message icons\" height=\"300\" width=\"300\" title=\"Discusi\u00f3n sobre iconos de MEC\" onerror=\"this.style.display='none'\" loading=\"lazy\" \/>\n\t\t\t\t<\/a>\n\t<\/figure>\n<h3><a href=\"\/es\/get-involved\/ace-science\/\" target=\"_self\">Mensajes de texto<\/a><\/h3><p>Recibe Vroom Tips\u2122 a trav\u00e9s de mensaje de texto.<\/p>\n<p><a href=\"https:\/\/www.vroom.org\/sms\" target=\"_blank\" rel=\"noopener\">Inscribirse<\/a><\/p>\n<p>(Disponible en ingl\u00e9s y espa\u00f1ol)<\/p>\n\t<h2>Actividades Vroom\u2122 para ni\u00f1os de 0 a 5 a\u00f1os<\/h2>\n<p>Obt\u00e9n m\u00e1s de 1000 ideas para conectar positivamente con ni\u00f1os de 0 a 5 a\u00f1os todos los d\u00edas. Puedes personalizar tus consejos seg\u00fan la edad. Cada consejo incluye informaci\u00f3n para ponerlo en pr\u00e1ctica e informaci\u00f3n de Brainy Background\u2122 que explica la ciencia detr\u00e1s de cada consejo. Lee ejemplos de consejos a continuaci\u00f3n.<\/p>\n\t\t<ul>\n\t\t\t\t<li>\n\t\t\t\t<h2>Detective de im\u00e1genes <br \/> (Edades 2-4)<\/h2><h4>Consejo<\/h4>\n<p>Encourage your child to be a picture detective. Look at a picture in a book or magazine. It can even be in a newspaper or in an ad on a bus or train. Talk about the picture together. Can you find certain objects? Ask questions like, &#8220;Look at that boy&#8217;s face. How do you think he feels?&#8221;<\/p>\n<p><img loading=\"lazy\" decoding=\"async\" role=\"img\" src=\"https:\/\/marylandefc.org\/wp-content\/uploads\/2024\/03\/Kids-holding-magnifying-glass.jpg\" alt=\"Book icon\" width=\"400\" height=\"400\" \/><\/p>\n<h4>La Ciencia Tras La Acci\u00f3n\u2122<\/h4>\n<p>Pictures help your child make connections and to understand that words have meaning. Having them look closely builds focus and self-control. The example here also helps them learn to recognize other people&#8217;s feelings.<\/p>\n<p><img loading=\"lazy\" decoding=\"async\" role=\"img\" src=\"https:\/\/marylandefc.org\/wp-content\/uploads\/2025\/05\/Vroom_Logo_PoweredBy_Orange_RGB_R.png\" alt=\"Book icon\" width=\"400\" height=\"400\" \/><\/p>\n\t\t<\/li>\n\t\t\t<li>\n\t\t\t\t<h2>Un intento m\u00e1s <br \/> (Edades 2-5)<\/h2><h4>Consejo<\/h4>\n<p>If your child gives up easily, show them how to try again. You can say, &#8220;I can&#8217;t find my hat.&#8221; Then add, &#8220;One More Try! I found it!&#8221; Celebrate and reflect on what happened. &#8220;I tried again, and I did it!&#8221; The next time they want to give up, try saying, &#8220;One More Try!&#8221; in a fun and positive voice.<\/p>\n<p><img loading=\"lazy\" decoding=\"async\" role=\"img\" src=\"https:\/\/marylandefc.org\/wp-content\/uploads\/2025\/04\/Mom-hugging-and-comforting-son.jpg\" alt=\"Mom comforting son\" width=\"400\" height=\"400\" \/><\/p>\n<h4>La Ciencia Tras La Acci\u00f3n\u2122<\/h4>\n<p>Giving something &#8220;One More Try&#8221; is easy. It can help your child learn to tackle a job a little bit at a time. Learning not to give up can take time, so try to be patient and make it fun! Sticking with tasks will help your child when they try to learn new skills and reach goals.<\/p>\n<p><img loading=\"lazy\" decoding=\"async\" role=\"img\" src=\"https:\/\/marylandefc.org\/wp-content\/uploads\/2025\/05\/Vroom_Logo_PoweredBy_Orange_RGB_R.png\" alt=\"Book icon\" width=\"400\" height=\"400\" \/><\/p>\n\t\t<\/li>\n\t\t\t<li>\n\t\t\t\t<h2>Maravilla con dientes <br \/> (Ages 12 mo &#8211; 2)<\/h2><p>When you&#8217;re brushing your child&#8217;s teeth, look in the mirror together. Talk about how your teeth are the same and different from theirs. For example, you have more teeth, and bigger teeth, but you both can make funny faces. Follow their lead and talk about what they notice.<\/p>\n<p><img loading=\"lazy\" decoding=\"async\" role=\"img\" src=\"https:\/\/marylandefc.org\/wp-content\/uploads\/2025\/04\/Dad-helping-child-brush-his-teeth.jpg\" alt=\"Dad helping kid brush teeth\" width=\"400\" height=\"400\" \/><\/p>\n<h4>La Ciencia Tras La Acci\u00f3n\u2122<\/h4>\n<p>Comparing things that are the same and different will help your child sort their experiences into categories and make connections-skills that are important in reading, math, and science in the future. This also builds their connection with you!<\/p>\n<p><img loading=\"lazy\" decoding=\"async\" role=\"img\" src=\"https:\/\/marylandefc.org\/wp-content\/uploads\/2025\/05\/Vroom_Logo_PoweredBy_Orange_RGB_R.png\" alt=\"Book icon\" width=\"400\" height=\"400\" \/><\/p>\n\t\t<\/li>\n\t\t<\/ul>\n\t\t\t<a href=\"https:\/\/app.vroom.org\/?lng=en\" target=\"_self\" rel=\"noopener\">\n\t\t\t\t\t\t\tPrueba Vroom\n\t\t\t\t\t<\/a>\n\t<h2>Vroom es para todos<\/h2>\nObtenga hojas de consejos imprimibles para adultos, educadores y grupos comunitarios.<br \/>\nPrint these out and spend a few minutes a day helping a child&#8217;s brain grow strong.\n\t\t<figure itemscope itemtype=\"https:\/\/schema.org\/ImageObject\">\n\t\t\t\t<a href=\"\/es\/get-involved\/ace-science\/\"  target=\"_self\" itemprop=\"url\">\n\t\t\t\t<img decoding=\"async\" src=\"https:\/\/marylandefc.org\/wp-content\/uploads\/2024\/02\/MEC-Icons_v2_strong-start.svg\" alt=\"Ensure strong start icon with baby carriage and family\" height=\"300\" width=\"300\" title=\"MEC-Icons_v2_strong-start\" onerror=\"this.style.display='none'\" loading=\"lazy\" \/>\n\t\t\t\t<\/a>\n\t<\/figure>\n<h3><a href=\"\/es\/get-involved\/ace-science\/\" target=\"_self\">Los adultos<\/a><\/h3><p>Si cuida o apoya a un ni\u00f1o de entre 0 y 5 a\u00f1os, \u00a1estos consejos son perfectos para usted!<\/p>\n\t\t<figure itemscope itemtype=\"https:\/\/schema.org\/ImageObject\">\n\t\t\t\t<a href=\"\/es\/get-involved\/ace-science\/\"  target=\"_self\" itemprop=\"url\">\n\t\t\t\t<img decoding=\"async\" src=\"https:\/\/marylandefc.org\/wp-content\/uploads\/2024\/01\/MEC-Icons_school.svg\" alt=\"School icon\" height=\"300\" width=\"300\" title=\"MEC-Iconos_escuela\" onerror=\"this.style.display='none'\" loading=\"lazy\" \/>\n\t\t\t\t<\/a>\n\t<\/figure>\n<h3><a href=\"\/es\/get-involved\/ace-science\/\" target=\"_self\">Educadores<\/a><\/h3><p>Utilice las herramientas para crear planes de estudio o folletos para padres y cuidadores.<\/p>\n\t\t<figure itemscope itemtype=\"https:\/\/schema.org\/ImageObject\">\n\t\t\t\t<a href=\"\/es\/get-involved\/ace-science\/\"  target=\"_self\" itemprop=\"url\">\n\t\t\t\t<img decoding=\"async\" src=\"https:\/\/marylandefc.org\/wp-content\/uploads\/2024\/02\/CaringRespectforSelfOthers_EFC_icon.svg\" alt=\"Caring respect for others icon hands with heart\" height=\"377\" width=\"377\" title=\"CuidadoRespetoPorUnoMismoOtros_EFC_icon\" onerror=\"this.style.display='none'\" loading=\"lazy\" \/>\n\t\t\t\t<\/a>\n\t<\/figure>\n<h3><a href=\"\/es\/get-involved\/ace-science\/\" target=\"_self\">Grupos comunitarios<\/a><\/h3><p>Incentive a los padres a utilizar las herramientas y proporci\u00f3neles folletos para padres y cuidadores.<\/p>\n\t\t\t<a href=\"https:\/\/www.vroom.org\/vroom-materials\" target=\"_self\" rel=\"noopener\">\n\t\t\t\t\t\t\tDescargar\n\t\t\t\t\t<\/a>","protected":false},"excerpt":{"rendered":"<p>Be A Brain Builder! You have what it takes to help your child thrive! Make little changes with your everyday interactions and make a big difference in a child&#8217;s life. Be a brain builder and add learning during mealtime, playtime, bathtime, and bedtime. Any moment can be a moment you connect with a child &#8211;&hellip;<\/p>","protected":false},"author":2,"featured_media":0,"parent":0,"menu_order":0,"comment_status":"closed","ping_status":"closed","template":"","meta":{"footnotes":""},"class_list":["post-28336","page","type-page","status-publish","hentry"],"_links":{"self":[{"href":"https:\/\/marylandefc.org\/es\/wp-json\/wp\/v2\/pages\/28336","targetHints":{"allow":["GET"]}}],"collection":[{"href":"https:\/\/marylandefc.org\/es\/wp-json\/wp\/v2\/pages"}],"about":[{"href":"https:\/\/marylandefc.org\/es\/wp-json\/wp\/v2\/types\/page"}],"author":[{"embeddable":true,"href":"https:\/\/marylandefc.org\/es\/wp-json\/wp\/v2\/users\/2"}],"replies":[{"embeddable":true,"href":"https:\/\/marylandefc.org\/es\/wp-json\/wp\/v2\/comments?post=28336"}],"version-history":[{"count":0,"href":"https:\/\/marylandefc.org\/es\/wp-json\/wp\/v2\/pages\/28336\/revisions"}],"wp:attachment":[{"href":"https:\/\/marylandefc.org\/es\/wp-json\/wp\/v2\/media?parent=28336"}],"curies":[{"name":"gracias","href":"https:\/\/api.w.org\/{rel}","templated":true}]}}