{"id":3255,"date":"2024-01-18T10:42:45","date_gmt":"2024-01-18T18:42:45","guid":{"rendered":"https:\/\/marylandefc.org\/?page_id=3255"},"modified":"2026-03-25T10:38:03","modified_gmt":"2026-03-25T17:38:03","slug":"policy","status":"publish","type":"page","link":"https:\/\/marylandefc.org\/es\/policy\/","title":{"rendered":"Responsables y defensores de pol\u00edticas"},"content":{"rendered":"<figure itemscope itemtype=\"https:\/\/schema.org\/ImageObject\">\n\t\t\t\t<img decoding=\"async\" src=\"https:\/\/marylandefc.org\/wp-content\/uploads\/2024\/01\/Maryland-statehouse-in-Annapolis-scaled.jpeg\" alt=\"Maryland state house in Annapolis\" height=\"1440\" width=\"2560\" title=\"Casa del estado de Maryland en Annapolis\" onerror=\"this.style.display='none'\" loading=\"lazy\" \/>\n\t<\/figure>\n\t<h1>RESPONSABLES DE LAS POL\u00cdTICAS Y DEFENSORES<\/h1>\n\t<h2>Las pol\u00edticas impactan a las familias<\/h2>\n<p>Maryland Essentials for Childhood (EFC) entiende que el trabajo de pol\u00edticas es importante. Las medidas legislativas y ejecutivas pueden tener un impacto positivo en las vidas de los habitantes de Maryland y tener un impacto generacional en el abordaje y la prevenci\u00f3n de traumas. Junto con una amplia coalici\u00f3n de organizaciones, defensores y miembros de la comunidad, EFC ofrece una perspectiva valiosa a los miembros de la legislatura y el gobierno estatal de Maryland. <\/p>\n\t\t\t<a href=\"\/es\/policy\/policies-matter\/\"  target=\"_self\">\n\t\t\t\t\t\t\tPor qu\u00e9 son importantes las pol\u00edticas\n\t\t\t\t\t<\/a>\n\t\t<h2><a href=\"\/es\/policy\/legislative-action\/\" target=\"_self\">Juntos alcanzamos nuestros objetivos pol\u00edticos<\/a><\/h2><p>Nuestro trabajo colaborativo con socios, grupos comunitarios y otras coaliciones ha contribuido a m\u00e1s de una docena de \u00e9xitos en materia de pol\u00edticas para Maryland en tan solo los \u00faltimos siete a\u00f1os. Algunos de ellos incluyen:\u00a0<\/p>\n<ul>\n<li aria-level=\"1\">Director M\u00e9dico de Bienestar Infantil<\/li>\n<li aria-level=\"1\">SESAME (Detengamos el abuso, la mala conducta y la explotaci\u00f3n sexual de los educadores)<\/li>\n<li aria-level=\"1\">Licencia familiar remunerada<\/li>\n<\/ul>\n\t\t\t<a href=\"\/es\/policy\/legislative-action\/\"  target=\"_self\">\n\t\t\t\t\t\t\tVer la cronolog\u00eda legislativa\n\t\t\t\t\t<\/a>\n<figure data-animation-delay=\"0\" data-animation-duration=\"1\" itemscope itemtype=\"https:\/\/schema.org\/ImageObject\">\n\t\t\t\t<img decoding=\"async\" src=\"https:\/\/marylandefc.org\/wp-content\/uploads\/2024\/01\/Together-We-reach-our-policy-goals-Essentials-for-Chilhood-maryland--scaled.jpg\" alt=\"Two people hugging\" height=\"1920\" width=\"2560\" title=\"Juntos alcanzamos nuestros objetivos pol\u00edticos - Essentials for Childhood Maryland\" onerror=\"this.style.display='none'\" loading=\"lazy\" \/>\n\t<\/figure>\n<figure data-animation-delay=\"0\" data-animation-duration=\"1\" itemscope itemtype=\"https:\/\/schema.org\/ImageObject\">\n\t\t\t\t<img decoding=\"async\" src=\"https:\/\/marylandefc.org\/wp-content\/uploads\/2024\/02\/Communitymember-at-trauma-informed-event-Courtesy-Healing-City-Baltimore.jpg\" alt=\"Community member at trauma-informed event\" height=\"800\" width=\"1200\" title=\"Miembro de la comunidad en un evento sobre traumas Cortes\u00eda de Healing City, Baltimore\" onerror=\"this.style.display='none'\" loading=\"lazy\" \/>\n\t\t<figcaption>Cortes\u00eda de Healing City Baltimore<\/figcaption>\n\t<\/figure>\n\t\t<h2><a href=\"\/es\/policy\/informing-policy\/\" target=\"_self\">Liderando la conversaci\u00f3n sobre la atenci\u00f3n basada en el trauma<\/a><\/h2><p>Como grupo de impacto colectivo a nivel estatal, EFC establece agendas pol\u00edticas con documentos t\u00e9cnicos derivados de expertos l\u00edderes en investigaci\u00f3n y pol\u00edticas basadas en el trauma.<\/p>\n<p>Este trabajo ayuda a dar forma a pol\u00edticas en Maryland que fomentan un entorno en el que los ni\u00f1os y las familias puedan prosperar. <\/p>\n\t\t\t<a href=\"\/es\/policy\/informing-policy\/\"  target=\"_self\">\n\t\t\t\t\t\t\tLea los documentos t\u00e9cnicos de EFC\n\t\t\t\t\t<\/a>\n\t\t<h2><a href=\"\/es\/get-involved\/\" target=\"_self\">Tome medidas con EFC<\/a><\/h2><p>Share your email so we can work together on trauma-informed policies. We&#8217;ll also inform you of ways to bring ACE Interface trainings to your community and EFC events that bring together stakeholders for community dialgoue that promotes a brighter future for Maryland children and families. <\/p>\n\t\t\t<a href=\"\/es\/get-involved\/\"  target=\"_self\">\n\t\t\t\t\t\t\t\u00danase al esfuerzo\n\t\t\t\t\t<\/a>\n<figure data-animation-delay=\"0\" data-animation-duration=\"1\" itemscope itemtype=\"https:\/\/schema.org\/ImageObject\">\n\t\t\t\t<img decoding=\"async\" src=\"https:\/\/marylandefc.org\/wp-content\/uploads\/2024\/02\/Maryland-Police-Officers-at-a-resilience-workshop.jpg\" alt=\"Maryland Police Officers at a resilience workshop\" height=\"800\" width=\"1200\" title=\"Oficiales de polic\u00eda de Maryland en un taller de resiliencia\" onerror=\"this.style.display='none'\" loading=\"lazy\" \/>\n\t<\/figure>\n<figure data-animation-delay=\"0\" data-animation-duration=\"1\" itemscope itemtype=\"https:\/\/schema.org\/ImageObject\">\n\t\t\t\t<img decoding=\"async\" src=\"https:\/\/marylandefc.org\/wp-content\/uploads\/2024\/02\/Teacher-talking-to-students-about-digging-deeper.jpg\" alt=\"Teacher talking to students about digging deeper\" height=\"800\" width=\"1200\" title=\"Profesora hablando con estudiantes sobre profundizar\" onerror=\"this.style.display='none'\" loading=\"lazy\" \/>\n\t<\/figure>\n\t\t<h2><a href=\"\/es\/dive-deeper-policy-makers\/\" target=\"_self\">Sum\u00e9rgete m\u00e1s profundo<\/a><\/h2><p>Ver el <a href=\"https:\/\/marylandefc.org\/es\/partners\/meetings-reports\/\">Informes anuales de SCCAN<\/a> o una lista seleccionada de investigaciones, pol\u00edticas, documentos t\u00e9cnicos y podcasts e insp\u00edrese para actuar con nosotros.<\/p>\n\t\t\t<a href=\"\/es\/dive-deeper-policy-makers\/\"  target=\"_self\">\n\t\t\t\t\t\t\tInf\u00f3rmese\n\t\t\t\t\t<\/a>","protected":false},"excerpt":{"rendered":"<p>POLICY MAKERS &amp; ADVOCATES Policies Impact Families Maryland Essentials for Childhood (EFC) understands that policy work matters. Legislative and executive action can positively impact the lives of Marylanders and have generational impacts in addressing and preventing trauma. Together with a broad coalition of organizations, advocates and community members, EFC provides a valued perspective to members&hellip;<\/p>","protected":false},"author":1,"featured_media":26720,"parent":0,"menu_order":0,"comment_status":"closed","ping_status":"closed","template":"","meta":{"footnotes":""},"class_list":["post-3255","page","type-page","status-publish","has-post-thumbnail","hentry"],"_links":{"self":[{"href":"https:\/\/marylandefc.org\/es\/wp-json\/wp\/v2\/pages\/3255","targetHints":{"allow":["GET"]}}],"collection":[{"href":"https:\/\/marylandefc.org\/es\/wp-json\/wp\/v2\/pages"}],"about":[{"href":"https:\/\/marylandefc.org\/es\/wp-json\/wp\/v2\/types\/page"}],"author":[{"embeddable":true,"href":"https:\/\/marylandefc.org\/es\/wp-json\/wp\/v2\/users\/1"}],"replies":[{"embeddable":true,"href":"https:\/\/marylandefc.org\/es\/wp-json\/wp\/v2\/comments?post=3255"}],"version-history":[{"count":0,"href":"https:\/\/marylandefc.org\/es\/wp-json\/wp\/v2\/pages\/3255\/revisions"}],"wp:featuredmedia":[{"embeddable":true,"href":"https:\/\/marylandefc.org\/es\/wp-json\/wp\/v2\/media\/26720"}],"wp:attachment":[{"href":"https:\/\/marylandefc.org\/es\/wp-json\/wp\/v2\/media?parent=3255"}],"curies":[{"name":"gracias","href":"https:\/\/api.w.org\/{rel}","templated":true}]}}