{"id":3278,"date":"2024-01-18T13:30:27","date_gmt":"2024-01-18T21:30:27","guid":{"rendered":"https:\/\/marylandefc.org\/?page_id=3278"},"modified":"2026-03-03T05:57:18","modified_gmt":"2026-03-03T13:57:18","slug":"values","status":"publish","type":"page","link":"https:\/\/marylandefc.org\/es\/about\/values\/","title":{"rendered":"Nuestros valores"},"content":{"rendered":"<figure itemscope=\"\" itemtype=\"https:\/\/schema.org\/ImageObject\">\n\t\t\t\t<img decoding=\"async\" src=\"https:\/\/marylandefc.org\/wp-content\/uploads\/2024\/02\/Community-members-holding-hands-united-in-the-same-values.jpg\" alt=\"Community members working together united in the same values\" height=\"800\" width=\"1200\" title=\"Miembros de la comunidad tomados de la mano unidos por los mismos valores\" onerror=\"this.style.display='none'\" loading=\"lazy\">\n\t<\/figure>\n\t<h1>VALORES<\/h1>\n\t<h2>\u00bfQu\u00e9 valoramos?<\/h2>\n<p>Maryland Essentials for Childhood (EFC) busca conectar la ciencia, las pol\u00edticas y las personas para que los ni\u00f1os prosperen. Hacer realidad ese objetivo significa... <strong>Transformando Maryland en una comunidad informada sobre el trauma para todos.<\/strong><\/p>\n\t<h2>Colaboraci\u00f3n<\/h2>\n<p>EFC se esfuerza por unir a las personas para que aprovechen sus habilidades, experiencia y conocimientos para lograr nuestra misi\u00f3n. Este proceso incluye el desarrollo de una agenda com\u00fan amplia y la aplicaci\u00f3n de un enfoque de impacto colectivo para alcanzar el \u00e9xito.&nbsp;<\/p>\n<figure data-animation-delay=\"0\" data-animation-duration=\"1\" itemscope=\"\" itemtype=\"https:\/\/schema.org\/ImageObject\">\n\t\t\t\t<img decoding=\"async\" src=\"https:\/\/marylandefc.org\/wp-content\/uploads\/2024\/01\/MEC-Graphics_mid-orange-circle.svg\" alt=\"orange circle\" height=\"374\" width=\"374\" title=\"MEC-Graphics_c\u00edrculo naranja medio\" onerror=\"this.style.display='none'\" loading=\"lazy\">\n\t<\/figure>\n<figure itemscope=\"\" itemtype=\"https:\/\/schema.org\/ImageObject\">\n\t\t\t\t<img decoding=\"async\" src=\"https:\/\/marylandefc.org\/wp-content\/uploads\/2024\/02\/Trauma_Labeled_EFC_icons.svg\" alt=\"Trauma Informed process with icons\" height=\"429\" width=\"1291\" title=\"Iconos EFC etiquetados como trauma\" onerror=\"this.style.display='none'\" loading=\"lazy\">\n\t<\/figure>\n\t\t<h2>Proceso informado sobre el trauma<\/h2>\n\t\t<p>EFC reconoce que existen pasos a seguir para familiarizarse con el trauma. Apoyamos a personas, comunidades, organizaciones y funcionarios electos en este proceso, desde:<\/p>\n<ul>\n<li>Conciencia del trauma = Conciencia<\/li>\n<li>Sensible al trauma = Conocimiento y habilidades<\/li>\n<li>Respuesta al trauma = Cambio e integraci\u00f3n<\/li>\n<li>Liderazgo informado sobre el trauma<\/li>\n<\/ul>\n\t\t\t<a href=\"https:\/\/marylandefc.org\/wp-content\/uploads\/2024\/01\/FINAL-Toward-A-More-Prosperous-Maryland-ACEs-Legislative-Brief.pdf\" target=\"_self\">\n\t\t\t\t\t\tAprende m\u00e1s\n\t\t\t\t\t<\/a>\n\t\t<h2>Agenda com\u00fan<\/h2><h3>Los esfuerzos de Maryland Essentials for Childhood siguen estos principios rectores:<\/h3>\n<figure data-animation-delay=\"0\" data-animation-duration=\"1\" itemscope=\"\" itemtype=\"https:\/\/schema.org\/ImageObject\">\n\t\t\t\t<img decoding=\"async\" src=\"https:\/\/marylandefc.org\/wp-content\/uploads\/2024\/01\/MEC-Graphics_rayeshalf-light-aqua.svg\" alt=\"aqua colored circle with speckled dots\" height=\"374\" width=\"374\" title=\"MEC-Graphics_rayes+media luz aguamarina\" onerror=\"this.style.display='none'\" loading=\"lazy\">\n\t<\/figure>\n\t\t<h3>1. Garantizar relaciones y entornos seguros, estables y enriquecedores.<\/h3><p>para que todos los ni\u00f1os y familias puedan alcanzar su m\u00e1ximo potencial como ciudadanos autosuficientes, socialmente comprometidos y productivos.<\/p>\n\t\t<h3>2. Mantener una colaboraci\u00f3n entre m\u00faltiples sectores<\/h3><p>realizar actividades estrat\u00e9gicas y de refuerzo mutuo alineadas con nuestra agenda com\u00fan.<\/p>\n\t\t<h3>3. Lograr nuestros objetivos requiere cambios en m\u00faltiples sistemas,<\/h3><p>centr\u00e1ndose en los determinantes sociales y econ\u00f3micos amplios, las normas sociales cambiantes y las pol\u00edticas gubernamentales e institucionales.<\/p>\n\t\t<h3>4. Los sistemas de puesta a tierra cambian seg\u00fan la mejor evidencia disponible<\/h3><p>y esforzarnos continuamente por mejorar la calidad de los programas, servicios y sistemas.<\/p>\n\t\t<h3>5. Brindar atenci\u00f3n cultural y ling\u00fc\u00edsticamente congruente<\/h3><p>a aquellos atendidos dentro de programas, servicios y sistemas.<\/p>\n\t\t<h3>6. Adoptar medidas para reducir las desigualdades y las disparidades<\/h3><p>que sean evitables, injustas y prevenibles con el fin de mejorar la salud y el bienestar general de los ni\u00f1os.<\/p>\n\t\t\t<a href=\"https:\/\/marylandefc.org\/wp-content\/uploads\/2025\/02\/EFC-Anti-Racist-Statement-FINAL-2025.pdf\" target=\"_blank\" rel=\"noopener\">\n\t\t\t\t\t\tLea la Declaraci\u00f3n Antirracista de la EFC de Maryland\n\t\t\t\t\t<\/a>\n\t\t<h3>Conozca m\u00e1s sobre la Agenda Com\u00fan<\/h3>\n\t\t\t<a href=\"https:\/\/marylandefc.org\/wp-content\/uploads\/2024\/01\/Maryland-Common-Agenda-Document-10-3.docx.pdf\" target=\"_blank\" rel=\"noopener\">\n\t\t\t\t\t\tSum\u00e9rgete m\u00e1s profundo\n\t\t\t\t\t<\/a>","protected":false},"excerpt":{"rendered":"<p>VALUES What do we value? Maryland Essentials for Childhood (EFC) serves to connect science, policy and people, so children thrive. Making that goal a reality means transforming Maryland into a trauma-informed community for everyone. Collaboration EFC strives to bring people together to leverage their skills, lived experience and expertise to achieve our mission. This process&hellip;<\/p>","protected":false},"author":1,"featured_media":27611,"parent":25,"menu_order":0,"comment_status":"closed","ping_status":"closed","template":"","meta":{"footnotes":""},"class_list":["post-3278","page","type-page","status-publish","has-post-thumbnail","hentry"],"_links":{"self":[{"href":"https:\/\/marylandefc.org\/es\/wp-json\/wp\/v2\/pages\/3278","targetHints":{"allow":["GET"]}}],"collection":[{"href":"https:\/\/marylandefc.org\/es\/wp-json\/wp\/v2\/pages"}],"about":[{"href":"https:\/\/marylandefc.org\/es\/wp-json\/wp\/v2\/types\/page"}],"author":[{"embeddable":true,"href":"https:\/\/marylandefc.org\/es\/wp-json\/wp\/v2\/users\/1"}],"replies":[{"embeddable":true,"href":"https:\/\/marylandefc.org\/es\/wp-json\/wp\/v2\/comments?post=3278"}],"version-history":[{"count":0,"href":"https:\/\/marylandefc.org\/es\/wp-json\/wp\/v2\/pages\/3278\/revisions"}],"up":[{"embeddable":true,"href":"https:\/\/marylandefc.org\/es\/wp-json\/wp\/v2\/pages\/25"}],"wp:featuredmedia":[{"embeddable":true,"href":"https:\/\/marylandefc.org\/es\/wp-json\/wp\/v2\/media\/27611"}],"wp:attachment":[{"href":"https:\/\/marylandefc.org\/es\/wp-json\/wp\/v2\/media?parent=3278"}],"curies":[{"name":"gracias","href":"https:\/\/api.w.org\/{rel}","templated":true}]}}