{"id":12,"date":"2018-10-28T20:35:06","date_gmt":"2018-10-28T20:35:06","guid":{"rendered":"https:\/\/marylandefc.org\/?page_id=12"},"modified":"2026-03-25T10:41:30","modified_gmt":"2026-03-25T17:41:30","slug":"home","status":"publish","type":"page","link":"https:\/\/marylandefc.org\/fr\/","title":{"rendered":"Maison"},"content":{"rendered":"<h1>\n\t\t\tConnecter la science, la politique et les gens pour que les enfants s\u2019\u00e9panouissent.\t<\/h1>\n\t<p>Maryland Essentials for Childhood est une initiative \u00e0 l\u2019\u00e9chelle de l\u2019\u00c9tat pour un impact collectif. <\/p>\n<p><strong>Chaque enfant est rempli d\u2019une promesse immense,<\/strong> et nous avons l\u2019obligation commune de favoriser leur potentiel.<\/p>\n\t<h2>Impliquez-vous!<\/h2>\n\t\t\t<a href=\"\/fr\/grownups\/\"  target=\"_self\">\n\t\t\t\t\t\t\tLes adultes\n\t\t\t\t\t<\/a>\n\t\t\t<a href=\"\/fr\/policy\/\"  target=\"_self\">\n\t\t\t\t\t\t\tD\u00e9cideurs politiques\n\t\t\t\t\t<\/a>\n\t\t\t<a href=\"\/fr\/partners\/\"  target=\"_self\">\n\t\t\t\t\t\t\tPartenaires\n\t\t\t\t\t<\/a>\n<figure itemscope itemtype=\"https:\/\/schema.org\/ImageObject\">\n\t\t\t\t<img decoding=\"async\" src=\"https:\/\/marylandefc.org\/wp-content\/uploads\/2024\/02\/Maryland-community-members-holding-hands-coming-together-to-act.jpg\" alt=\"Maryland community members holding hands coming together to act\" height=\"800\" width=\"1200\" title=\"Ensemble, nous pouvons apprendre et partager des ressources\" onerror=\"this.style.display='none'\" loading=\"lazy\" \/>\n\t<\/figure>\n\t<h2>Ensemble, nous pouvons apprendre, partager des ressources et avoir un impact sur les politiques.<\/h2>\n<h3>Let&#8217;s get started!<\/h3>\n\t\t<figure itemscope itemtype=\"https:\/\/schema.org\/ImageObject\">\n\t\t\t\t<img decoding=\"async\" src=\"https:\/\/marylandefc.org\/wp-content\/uploads\/2024\/01\/MEC-Icons_brain.svg\" alt=\"Brain icon\" height=\"300\" width=\"300\" title=\"Ic\u00f4nes MEC_cerveau\" onerror=\"this.style.display='none'\" loading=\"lazy\" \/>\n\t<\/figure>\n<h3>Science<\/h3><p>Science shows us that events early in life can shape a child&#8217;s development. The good news is that it&#8217;s never too late to make a positive impact. Find the tools you need to take the next step. <\/p>\n\t\t\t<a href=\"\/fr\/grownups\/early-years\/\"  target=\"_self\">\n\t\t\t\t\t\t\tVoir la bo\u00eete \u00e0 outils pour le d\u00e9veloppement du cerveau\n\t\t\t\t\t<\/a>\n\t\t<figure itemscope itemtype=\"https:\/\/schema.org\/ImageObject\">\n\t\t\t\t<img decoding=\"async\" src=\"https:\/\/marylandefc.org\/wp-content\/uploads\/2024\/02\/LegislatureGovernment_EFC_icon.svg\" alt=\"Legislature Government icon\" height=\"376\" width=\"376\" title=\"L\u00e9gislatureGouvernement_EFC_icon\" onerror=\"this.style.display='none'\" loading=\"lazy\" \/>\n\t<\/figure>\n<h3>Politique<\/h3><p>Les d\u00e9cisions politiques ont un impact sur nous tous. Chaque politique que nous d\u00e9finissons doit favoriser un d\u00e9veloppement sain et r\u00e9duire les fardeaux inutiles qui p\u00e8sent sur les enfants et les adultes qui les entourent.<\/p>\n\t\t\t<a href=\"\/fr\/policy\/policies-matter\/\"  target=\"_self\">\n\t\t\t\t\t\t\tApprendre encore plus\n\t\t\t\t\t<\/a>\n\t\t<figure itemscope itemtype=\"https:\/\/schema.org\/ImageObject\">\n\t\t\t\t<img decoding=\"async\" src=\"https:\/\/marylandefc.org\/wp-content\/uploads\/2024\/01\/MEC-Icons_people.svg\" alt=\"People icon\" height=\"300\" width=\"300\" title=\"Ic\u00f4nes MEC_personnes\" onerror=\"this.style.display='none'\" loading=\"lazy\" \/>\n\t<\/figure>\n<h3>Personnes<\/h3><p>Rencontrez nos partenaires \u00e0 travers l&#039;\u00c9tat qui partagent la science avec les Marylanders et promeuvent des politiques qui aident nos enfants \u00e0 s&#039;\u00e9panouir.<\/p>\n\t\t\t<a href=\"\/fr\/partners\/meet-our-partners\/\"  target=\"_self\">\n\t\t\t\t\t\t\tRencontrez nos partenaires\n\t\t\t\t\t<\/a>\n\t<h2>Pr\u00eat pour la prochaine \u00e9tape ?<\/h2>\n<h3>Impliquez-vous dans votre communaut\u00e9 et avec l\u2019EFC.<\/h3>\n<figure data-animation-delay=\"0\" data-animation-duration=\"1\" itemscope itemtype=\"https:\/\/schema.org\/ImageObject\">\n\t\t\t\t<img decoding=\"async\" src=\"https:\/\/marylandefc.org\/wp-content\/uploads\/2024\/02\/Community-members-walking-together.jpg\" alt=\"Community members walking together\" height=\"800\" width=\"1200\" title=\"pr\u00eat pour la prochaine \u00e9tape\" onerror=\"this.style.display='none'\" loading=\"lazy\" \/>\n\t<\/figure>\n\t\t<figure itemscope itemtype=\"https:\/\/schema.org\/ImageObject\">\n\t\t\t\t<img decoding=\"async\" src=\"https:\/\/marylandefc.org\/wp-content\/uploads\/2024\/02\/MEC-Icons_v2_teach.svg\" alt=\"Teach skills icon with teacher at blackboard\" height=\"300\" width=\"300\" title=\"Ic\u00f4nes MEC_v2_teach\" onerror=\"this.style.display='none'\" loading=\"lazy\" \/>\n\t<\/figure>\n<h3>Impliquez-vous<\/h3><p>D\u00e9couvrez des moyens d&#039;agir. Vous pouvez organiser ou participer \u00e0 une formation, partager des ressources dans votre communaut\u00e9, en apprendre davantage sur les politiques importantes et bien plus encore.<\/p>\n\t\t\t<a href=\"\/fr\/get-involved\/\"  target=\"_self\">\n\t\t\t\t\t\t\tImpliquez-vous\n\t\t\t\t\t<\/a>\n\t\t<figure itemscope itemtype=\"https:\/\/schema.org\/ImageObject\">\n\t\t\t\t<img decoding=\"async\" src=\"https:\/\/marylandefc.org\/wp-content\/uploads\/2024\/02\/MEC-Icons_v2_connect-to-adults-and-activities.svg\" alt=\"Connect youth to caring adults icon with two people holding hands\" height=\"300\" width=\"300\" title=\"MEC-Icons_v2_connecter aux adultes et aux activit\u00e9s\" onerror=\"this.style.display='none'\" loading=\"lazy\" \/>\n\t<\/figure>\n<h3>Rejoignez l&#039;effort<\/h3><p>Rejoignez l&#039;EFC en tant que membre de la communaut\u00e9 pour rester connect\u00e9 et montrer votre soutien \u00e0 notre travail.<\/p>\n<p>Demandez aux organismes \u00e0 but non lucratif de votre r\u00e9gion s\u2019ils font partie de l\u2019EFC et encouragez-les \u00e0 se connecter.<\/p>\n<p>&nbsp;<\/p>\n\t\t\t<a href=\"\/fr\/partners\/\"  target=\"_self\">\n\t\t\t\t\t\t\tDevenir partenaire\n\t\t\t\t\t<\/a>\n\t\t<figure itemscope itemtype=\"https:\/\/schema.org\/ImageObject\">\n\t\t\t\t<img decoding=\"async\" src=\"https:\/\/marylandefc.org\/wp-content\/uploads\/2024\/02\/MEC-Icons_v2_strong-start.svg\" alt=\"Ensure strong start icon with baby carriage and family\" height=\"300\" width=\"300\" title=\"Ic\u00f4nes MEC_v2_strong-start\" onerror=\"this.style.display='none'\" loading=\"lazy\" \/>\n\t<\/figure>\n<h3>Les adultes<\/h3><p>Apprenez-en davantage sur la science du cerveau et sur la mani\u00e8re dont vous pouvez aider les enfants \u00e0 s\u2019\u00e9panouir.\u00a0<\/p>\n<p>Partagez ces informations sur le d\u00e9veloppement sain avec vos amis et voisins afin que nous puissions soutenir tous les enfants de nos communaut\u00e9s.<\/p>\n\t\t\t<a href=\"\/fr\/grownups\/protective-factors\/\"  target=\"_self\">\n\t\t\t\t\t\t\tEn savoir plus sur le d\u00e9veloppement du cerveau\n\t\t\t\t\t<\/a>\n<figure itemscope itemtype=\"https:\/\/schema.org\/ImageObject\">\n\t\t\t\t<img decoding=\"async\" src=\"https:\/\/marylandefc.org\/wp-content\/uploads\/2024\/02\/Dad-parenting-son.jpg\" alt=\"Dad parenting son\" height=\"800\" width=\"1200\" title=\"trouver du soutien communautaire\" onerror=\"this.style.display='none'\" loading=\"lazy\" \/>\n\t<\/figure>\n\t<h2>Trouver des soutiens communautaires pour les parents et les tuteurs<\/h2>\n<h3>Prendre soin des enfants est un travail difficile !<\/h3>\n\t\t\t<a href=\"https:\/\/search.marylandefc.org\"  target=\"_blank\" rel=\"noopener\">\n\t\t\t\t\t\t\tRecherche de services\n\t\t\t\t\t<\/a>","protected":false},"excerpt":{"rendered":"<p>Connecting Science, Policy, and People so Children Thrive. Maryland Essentials for Childhood is a statewide initiative for collective impact. Every child is filled with tremendous promise, and we have a shared obligation to foster their potential. Get Involved! Grown-Ups Policy Makers Partners Together, we can learn, share resources and impact policy. Let&#8217;s get started! Science&hellip;<\/p>","protected":false},"author":1,"featured_media":28300,"parent":0,"menu_order":0,"comment_status":"closed","ping_status":"closed","template":"","meta":{"footnotes":""},"class_list":["post-12","page","type-page","status-publish","has-post-thumbnail","hentry"],"_links":{"self":[{"href":"https:\/\/marylandefc.org\/fr\/wp-json\/wp\/v2\/pages\/12","targetHints":{"allow":["GET"]}}],"collection":[{"href":"https:\/\/marylandefc.org\/fr\/wp-json\/wp\/v2\/pages"}],"about":[{"href":"https:\/\/marylandefc.org\/fr\/wp-json\/wp\/v2\/types\/page"}],"author":[{"embeddable":true,"href":"https:\/\/marylandefc.org\/fr\/wp-json\/wp\/v2\/users\/1"}],"replies":[{"embeddable":true,"href":"https:\/\/marylandefc.org\/fr\/wp-json\/wp\/v2\/comments?post=12"}],"version-history":[{"count":0,"href":"https:\/\/marylandefc.org\/fr\/wp-json\/wp\/v2\/pages\/12\/revisions"}],"wp:featuredmedia":[{"embeddable":true,"href":"https:\/\/marylandefc.org\/fr\/wp-json\/wp\/v2\/media\/28300"}],"wp:attachment":[{"href":"https:\/\/marylandefc.org\/fr\/wp-json\/wp\/v2\/media?parent=12"}],"curies":[{"name":"wp","href":"https:\/\/api.w.org\/{rel}","templated":true}]}}