{"id":25,"date":"2019-04-05T20:40:50","date_gmt":"2019-04-05T20:40:50","guid":{"rendered":"https:\/\/marylandefc.org\/?page_id=25"},"modified":"2026-02-13T15:17:14","modified_gmt":"2026-02-13T23:17:14","slug":"about","status":"publish","type":"page","link":"https:\/\/marylandefc.org\/fr\/about\/","title":{"rendered":"\u00c0 propos"},"content":{"rendered":"<figure itemscope itemtype=\"https:\/\/schema.org\/ImageObject\">\n\t\t\t\t<img decoding=\"async\" src=\"https:\/\/marylandefc.org\/wp-content\/uploads\/2024\/02\/Community-members-planting-a-tree.jpg\" alt=\"Community members planting a tree\" height=\"800\" width=\"1200\" title=\"Des gens plantent un arbre\" onerror=\"this.style.display='none'\" loading=\"lazy\" \/>\n\t<\/figure>\n\t<h1>\u00c0 PROPOS DE NOUS<\/h1>\n\t<h2>Qui sommes-nous<\/h2>\n<p>Maryland Essentials for Childhood (EFC) est une initiative d&#039;impact collectif \u00e0 l&#039;\u00e9chelle de l&#039;\u00c9tat visant \u00e0 pr\u00e9venir les exp\u00e9riences n\u00e9gatives de l&#039;enfance. <\/p>\n<p>Nous encourageons <strong>une approche multig\u00e9n\u00e9rationnelle qui favorise des relations et des environnements s\u00fbrs, stables et enrichissants qui aident les enfants \u00e0 grandir et \u00e0 devenir des citoyens sains et productifs. <\/strong><\/p>\n<p>\u00c0 leur tour, ces citoyens peuvent b\u00e2tir des familles et des communaut\u00e9s plus fortes et plus s\u00fbres pour leurs enfants.<\/p>\n\t<h3>Notre vision<\/h3>\n<p>Tous les enfants, les jeunes et leurs familles du Maryland s&#039;\u00e9panouissent dans des relations et des environnements s\u00fbrs, stables et enrichissants.<\/p>\n<figure data-animation-delay=\"0\" data-animation-duration=\"1\" itemscope itemtype=\"https:\/\/schema.org\/ImageObject\">\n\t\t\t\t<img decoding=\"async\" src=\"https:\/\/marylandefc.org\/wp-content\/uploads\/2024\/02\/Adolescents-with-skateboardsand-weighing-risks-and-rewards.jpg\" alt=\"Adolescents with skateboards weighing risks and rewards\" height=\"800\" width=\"1200\" title=\"Des adolescents avec des planches \u00e0 roulettes discutent des risques et des avantages.\" onerror=\"this.style.display='none'\" loading=\"lazy\" \/>\n\t<\/figure>\n<figure data-animation-delay=\"0\" data-animation-duration=\"1\" itemscope itemtype=\"https:\/\/schema.org\/ImageObject\">\n\t\t\t\t<img decoding=\"async\" src=\"https:\/\/marylandefc.org\/wp-content\/uploads\/2024\/02\/Girls-on-a-mission-raking-leaves.jpg\" alt=\"Girls on a mission raking leaves\" height=\"800\" width=\"1200\" title=\"Des filles ratissent les feuilles\" onerror=\"this.style.display='none'\" loading=\"lazy\" \/>\n\t<\/figure>\n\t<h3>Notre mission<\/h3>\n<p>D\u00e9velopper un programme commun \u00e0 plusieurs agences et parties prenantes pour aligner les activit\u00e9s, les programmes, les politiques et le financement afin que tous les enfants, les jeunes et leurs familles du Maryland aient des relations et des environnements s\u00fbrs, stables et enrichissants.<\/p>\n\t<h2>Nos objectifs<\/h2>\n<p>L&#039;EFC utilise les principes de l&#039;impact collectif et la recherche en constante \u00e9volution dans les domaines des sciences du cerveau, de l&#039;\u00e9pig\u00e9n\u00e9tique et de la r\u00e9silience pour faire avancer nos objectifs.<\/p>\n<p><strong>Nous y parvenons en :<\/strong><\/p>\n\t\t<figure itemscope itemtype=\"https:\/\/schema.org\/ImageObject\">\n\t\t\t\t<img decoding=\"async\" src=\"https:\/\/marylandefc.org\/wp-content\/uploads\/2024\/01\/MEC-Icons_brain.svg\" alt=\"Brain icon\" height=\"300\" width=\"300\" title=\"Ic\u00f4nes MEC_cerveau\" onerror=\"this.style.display='none'\" loading=\"lazy\" \/>\n\t<\/figure>\n<h3>\u00c9duquer tout le monde sur les sciences du cerveau,<\/h3><p>Exp\u00e9riences n\u00e9gatives de l&#039;enfance (ACE) et r\u00e9silience ; afin de mettre la science en action pour r\u00e9duire les ACE et cr\u00e9er des relations et des environnements s\u00fbrs, stables et enrichissants pour tous les enfants du Maryland.<\/p>\n<p><strong><a href=\"\/fr\/grownups\/\">Apprendre encore plus<\/a><\/strong><\/p>\n\t\t<figure itemscope itemtype=\"https:\/\/schema.org\/ImageObject\">\n\t\t\t\t<a href=\"\/fr\/partners\/meetings-reports\/\"  target=\"_self\" itemprop=\"url\">\n\t\t\t\t<img decoding=\"async\" src=\"https:\/\/marylandefc.org\/wp-content\/uploads\/2024\/01\/MEC-Icons_data.svg\" alt=\"Data icon\" height=\"300\" width=\"300\" title=\"MEC-Icons_data\" onerror=\"this.style.display='none'\" loading=\"lazy\" \/>\n\t\t\t\t<\/a>\n\t<\/figure>\n<h3><a href=\"\/fr\/partners\/meetings-reports\/\" target=\"_self\">Collecte, \u00e9valuation et utilisation des donn\u00e9es<\/a><\/h3><p>pour \u00e9clairer les actions et faire des recommandations pour l\u2019am\u00e9lioration du syst\u00e8me.<\/p>\n<a href=\"\/fr\/partners\/meetings-reports\/\"  target=\"_self\">Apprendre encore plus<\/a>\t\n\t\t<figure itemscope itemtype=\"https:\/\/schema.org\/ImageObject\">\n\t\t\t\t<a href=\"\/fr\/partners\/\"  target=\"_self\" itemprop=\"url\">\n\t\t\t\t<img decoding=\"async\" src=\"https:\/\/marylandefc.org\/wp-content\/uploads\/2024\/01\/MEC-Icons_people.svg\" alt=\"People icon\" height=\"300\" width=\"300\" title=\"Ic\u00f4nes MEC_personnes\" onerror=\"this.style.display='none'\" loading=\"lazy\" \/>\n\t\t\t\t<\/a>\n\t<\/figure>\n<h3><a href=\"\/fr\/partners\/\" target=\"_self\">Travailler collectivement<\/a><\/h3><p>int\u00e9grer la science des exp\u00e9riences positives et n\u00e9gatives de l\u2019enfance (PACE) dans les syst\u00e8mes, les services et les programmes.<\/p>\n<a href=\"\/fr\/partners\/\"  target=\"_self\">Apprendre encore plus<\/a>\t\n\t\t<figure itemscope itemtype=\"https:\/\/schema.org\/ImageObject\">\n\t\t\t\t<a href=\"\/fr\/policy\/\"  target=\"_self\" itemprop=\"url\">\n\t\t\t\t<img decoding=\"async\" src=\"https:\/\/marylandefc.org\/wp-content\/uploads\/2024\/02\/LegislatureGovernment_EFC_icon.svg\" alt=\"Legislature Government icon\" height=\"376\" width=\"376\" title=\"L\u00e9gislatureGouvernement_EFC_icon\" onerror=\"this.style.display='none'\" loading=\"lazy\" \/>\n\t\t\t\t<\/a>\n\t<\/figure>\n<h3><a href=\"\/fr\/policy\/\" target=\"_self\">Travailler avec les gouvernements des \u00c9tats et locaux<\/a><\/h3><p>d\u2019int\u00e9grer la science des PACE dans les recommandations politiques et de financement.<\/p>\n<a href=\"\/fr\/policy\/\"  target=\"_self\">Apprendre encore plus<\/a>","protected":false},"excerpt":{"rendered":"<p>ABOUT US Who We Are Maryland Essentials for Childhood (EFC) is a statewide collective impact initiative to prevent adverse childhood experiences. We encourage a multi-generational approach that promotes safe, stable, and nurturing relationships and environments that help children grow up to be healthy and productive citizens. In turn, those citizens can build stronger and safer&hellip;<\/p>","protected":false},"author":1,"featured_media":27614,"parent":0,"menu_order":0,"comment_status":"closed","ping_status":"closed","template":"","meta":{"footnotes":""},"class_list":["post-25","page","type-page","status-publish","has-post-thumbnail","hentry"],"_links":{"self":[{"href":"https:\/\/marylandefc.org\/fr\/wp-json\/wp\/v2\/pages\/25","targetHints":{"allow":["GET"]}}],"collection":[{"href":"https:\/\/marylandefc.org\/fr\/wp-json\/wp\/v2\/pages"}],"about":[{"href":"https:\/\/marylandefc.org\/fr\/wp-json\/wp\/v2\/types\/page"}],"author":[{"embeddable":true,"href":"https:\/\/marylandefc.org\/fr\/wp-json\/wp\/v2\/users\/1"}],"replies":[{"embeddable":true,"href":"https:\/\/marylandefc.org\/fr\/wp-json\/wp\/v2\/comments?post=25"}],"version-history":[{"count":0,"href":"https:\/\/marylandefc.org\/fr\/wp-json\/wp\/v2\/pages\/25\/revisions"}],"wp:featuredmedia":[{"embeddable":true,"href":"https:\/\/marylandefc.org\/fr\/wp-json\/wp\/v2\/media\/27614"}],"wp:attachment":[{"href":"https:\/\/marylandefc.org\/fr\/wp-json\/wp\/v2\/media?parent=25"}],"curies":[{"name":"wp","href":"https:\/\/api.w.org\/{rel}","templated":true}]}}