{"id":26565,"date":"2024-01-18T14:45:21","date_gmt":"2024-01-18T22:45:21","guid":{"rendered":"https:\/\/marylandefc.org\/?page_id=26565"},"modified":"2026-02-12T15:05:07","modified_gmt":"2026-02-12T23:05:07","slug":"timeline","status":"publish","type":"page","link":"https:\/\/marylandefc.org\/fr\/about\/timeline\/","title":{"rendered":"Chronologie"},"content":{"rendered":"<figure itemscope itemtype=\"https:\/\/schema.org\/ImageObject\">\n\t\t\t\t<img decoding=\"async\" src=\"https:\/\/marylandefc.org\/wp-content\/uploads\/2024\/02\/Group-of-people-running-in-a-race.jpg\" alt=\"Group of people running in a race\" height=\"800\" width=\"1200\" title=\"Histoire de l&#039;EFC du Maryland\" onerror=\"this.style.display='none'\" loading=\"lazy\" \/>\n\t<\/figure>\n\t<h1>NOTRE HISTOIRE<\/h1>\n\t<h2>Au fil des ann\u00e9es<\/h2>\n<p>Maryland Essentials for Childhood a \u00e9t\u00e9 cr\u00e9\u00e9 en 2014, mais les tremplins vers cette initiative d&#039;impact collectif ont commenc\u00e9 \u00e0 prendre forme des d\u00e9cennies plus t\u00f4t.<\/p>\n\t<h3>1974<\/h3>\n<p>La loi sur la pr\u00e9vention et le traitement de la maltraitance des enfants (CAPTA) est promulgu\u00e9e au niveau f\u00e9d\u00e9ral.<\/p>\n\t<h3>1999<\/h3>\n<p>Conseil d&#039;\u00c9tat sur la maltraitance et la n\u00e9gligence des enfants (SCCAN) cr\u00e9\u00e9 par l&#039;Assembl\u00e9e g\u00e9n\u00e9rale du Maryland.<\/p>\n\t<h3>2006<\/h3>\n<p>Le SCCAN cr\u00e9e le Groupe de travail sur la pr\u00e9vention.<\/p>\n\t<h3>2007-2009<\/h3>\n<p>SCCAN&#8217;s Prevention Workgroup team participates in The PREVENT Child Maltreatment Institute funded by the Doris Duke Foundation and the CDC.<\/p>\n\t<h3>2012<\/h3>\n<p>Le SCCAN adopte les objectifs essentiels du CDC pour l\u2019enfance pour orienter son travail.<\/p>\n\t<h3>2014<\/h3>\n<p>Le comit\u00e9 de pr\u00e9vention du SCCAN s&#039;agrandit et devient Maryland Essentials for Childhood. Le SCCAN et The Family Tree acceptent de servir d&#039;organisations cl\u00e9s.<\/p>\n\t<h3>2015<\/h3>\n<p>Le Maryland commence \u00e0 collecter <a href=\"https:\/\/health.maryland.gov\/phpa\/ccdpc\/Reports\/Documents\/MD-BRFSS\/2018%20Maryland%20BRFSS%20-%20ACEs%20by%20County%20-%201-29-2020.pdf\" target=\"_blank\" rel=\"noopener\">Donn\u00e9es ACE<\/a> dans son enqu\u00eate sur les facteurs de risque comportementaux.<\/p>\n\t<h3>2017<\/h3>\n<p>Maryland&#8217;s <a href=\"https:\/\/marylandefc.org\/fr\/get-involved\/ace-impact\/\">Projet d&#039;interface ACE<\/a> initi\u00e9.<\/p>\n\t<h3>2018<\/h3>\n<p>Le Maryland commence \u00e0 collecter des donn\u00e9es PACE dans son <a href=\"https:\/\/health.maryland.gov\/phpa\/ccdpc\/Reports\/Pages\/YRBS-Main.aspx\" target=\"_blank\" rel=\"noopener\">Enqu\u00eate sur les comportements \u00e0 risque des jeunes\/Enqu\u00eate sur le tabagisme chez les jeunes.<\/a><\/p>\n\t<h3>2019<\/h3>\n<p>Maryland Essentials for Childhood accueille le <a href=\"https:\/\/marylandefc.org\/fr\/policy\/informing-policy\/\">Table ronde des ACE<\/a> pour les membres de l&#039;Assembl\u00e9e g\u00e9n\u00e9rale du Maryland.<\/p>\n\t<h3>2020<\/h3>\n<p>Cr\u00e9ation d\u2019un groupe de travail pour l\u2019\u00e9quit\u00e9 raciale et d\u2019une \u00e9quipe d\u2019action pour la r\u00e9silience de l\u2019enfance.<\/p>\n\t<h3>2020-2021<\/h3>\n<p>SCCAN and other state agency partners participate in the National Governors Association&#8217;s ACEs State Learning Collaborative.<\/p>\n\t<h3>2021<\/h3>\n<p>Le gouverneur publie un d\u00e9cret ex\u00e9cutif sur les ACE et l&#039;Assembl\u00e9e g\u00e9n\u00e9rale \u00e9tablit le <a href=\"https:\/\/goccp.maryland.gov\/councils-commissions-and-workgroups\/commission-on-trauma-informed-care\/\" target=\"_blank\" rel=\"noopener\">Commission des soins tenant compte des traumatismes du Maryland.<\/a><\/p>\n\t<h3>2022<\/h3>\n<p>Le Maryland Information Network, qui alimente les services 211 dans le Maryland, rejoint The Family Tree et SCCAN en tant qu&#039;organisation principale.<\/p>\n\t<h3>2024<\/h3>\n<p>Maryland Essentials for Childhood change de nom et lance une nouvelle <a href=\"https:\/\/marylandefc.org\/fr\/grownups\/\">Bo\u00eete \u00e0 outils pour le d\u00e9veloppement du cerveau<\/a>.<\/p>\n\t<h3>2026<\/h3>\n<p>L&#039;organisme Prevent Child Abuse America pr\u00e9sente Maryland Essentials for Childhood comme un <a href=\"https:\/\/preventchildabuse.org\/wp-content\/uploads\/2025\/12\/EfC-Case-Study-Nov-2025.pdf\" target=\"_blank\" rel=\"noopener\">\u00e9tude de cas<\/a> dans <em>Liens essentiels<\/em>.<\/p>","protected":false},"excerpt":{"rendered":"<p>OUR HISTORY Through the Years Maryland Essentials for Childhood was created in 2014, but the stepping stones to this collective impact initiative began taking shape decades earlier. 1974 Child Abuse Prevention &amp; Treatment Act (CAPTA) enacted into Federal law. 1999 State Council on Child Abuse and Neglect (SCCAN) established by the Maryland General Assembly. 2006&hellip;<\/p>","protected":false},"author":1,"featured_media":27091,"parent":25,"menu_order":0,"comment_status":"closed","ping_status":"closed","template":"","meta":{"footnotes":""},"class_list":["post-26565","page","type-page","status-publish","has-post-thumbnail","hentry"],"_links":{"self":[{"href":"https:\/\/marylandefc.org\/fr\/wp-json\/wp\/v2\/pages\/26565","targetHints":{"allow":["GET"]}}],"collection":[{"href":"https:\/\/marylandefc.org\/fr\/wp-json\/wp\/v2\/pages"}],"about":[{"href":"https:\/\/marylandefc.org\/fr\/wp-json\/wp\/v2\/types\/page"}],"author":[{"embeddable":true,"href":"https:\/\/marylandefc.org\/fr\/wp-json\/wp\/v2\/users\/1"}],"replies":[{"embeddable":true,"href":"https:\/\/marylandefc.org\/fr\/wp-json\/wp\/v2\/comments?post=26565"}],"version-history":[{"count":0,"href":"https:\/\/marylandefc.org\/fr\/wp-json\/wp\/v2\/pages\/26565\/revisions"}],"up":[{"embeddable":true,"href":"https:\/\/marylandefc.org\/fr\/wp-json\/wp\/v2\/pages\/25"}],"wp:featuredmedia":[{"embeddable":true,"href":"https:\/\/marylandefc.org\/fr\/wp-json\/wp\/v2\/media\/27091"}],"wp:attachment":[{"href":"https:\/\/marylandefc.org\/fr\/wp-json\/wp\/v2\/media?parent=26565"}],"curies":[{"name":"wp","href":"https:\/\/api.w.org\/{rel}","templated":true}]}}