{"id":26567,"date":"2024-01-18T14:45:51","date_gmt":"2024-01-18T22:45:51","guid":{"rendered":"https:\/\/marylandefc.org\/?page_id=26567"},"modified":"2024-03-08T01:05:00","modified_gmt":"2024-03-08T09:05:00","slug":"legislative-action","status":"publish","type":"page","link":"https:\/\/marylandefc.org\/fr\/policy\/legislative-action\/","title":{"rendered":"Mesures l\u00e9gislatives"},"content":{"rendered":"<img loading=\"lazy\" decoding=\"async\" src=\"https:\/\/marylandefc.org\/wp-content\/uploads\/2024\/02\/Clippinger-Paid-Family-Leave-Act.jpg\" alt=\"Clippinger Paid Family Leave Act\" itemprop=\"image\" height=\"800\" width=\"1200\" title=\"Loi sur le cong\u00e9 familial pay\u00e9 de Clippinger\" onerror=\"this.style.display='none'\"  \/>\n\t<h1>ACTION L\u00c9GISLATIVE<\/h1>\n\t<h2>Succ\u00e8s de la politique<\/h2>\n<p>Maryland Essentials for Childhoods travaille sans rel\u00e2che avec nos partenaires, les groupes communautaires et d\u2019autres coalitions de premier plan pour d\u00e9fendre la l\u00e9gislation et les mesures ex\u00e9cutives qui contribuent \u00e0 atteindre nos objectifs politiques. Nous sommes fiers du travail accompli par Maryland et nous sommes impatients de continuer \u00e0 b\u00e2tir sur ces succ\u00e8s. <\/p>\n<h3>\n\t\tCette chronologie refl\u00e8te la l\u00e9gislation adopt\u00e9e par l\u2019Assembl\u00e9e g\u00e9n\u00e9rale du Maryland.\n\t<\/h3>\n\t<h4>2012:\u00a0<a href=\"https:\/\/legiscan.com\/MD\/bill\/SB566\/2012\" target=\"_blank\" rel=\"noopener\">Loi de 2012 sur la responsabilit\u00e9 des visites \u00e0 domicile SB 566<\/a><\/h4>\n<p>Requires the State to fund only evidence-based and promising home visiting programs for improving parent and child outcomes; and, requires regular reports by home visiting programs and the Governor&#8217;s Office for Children.<\/p>\n\t<h4>2016:\u00a0<a href=\"https:\/\/legiscan.com\/MD\/bill\/HB72\/2016\" target=\"_blank\" rel=\"noopener\">Sexual Abuse and Assault Awareness and Prevention Program &#8211; Development and Implementation HB 72<\/a><\/h4>\n<p>Known as Erin&#8217;s Law, it requires age-appropriate education for school-age students on awareness and prevention of sexual abuse and assault. <\/p>\n\t<h4>2017: <a href=\"https:\/\/legiscan.com\/MD\/bill\/HB1\/2017\" target=\"_blank\" rel=\"noopener\">Loi HB 1 sur les familles qui travaillent en bonne sant\u00e9 dans le Maryland<\/a><\/h4>\n<p>Oblige les employeurs comptant 15 employ\u00e9s ou plus \u00e0 accorder \u00e0 leurs employ\u00e9s des cong\u00e9s de maladie et de s\u00e9curit\u00e9 gagn\u00e9s ; et les employeurs comptant 14 employ\u00e9s ou moins \u00e0 accorder des cong\u00e9s de maladie et de s\u00e9curit\u00e9 gagn\u00e9s non pay\u00e9s.<\/p>\n\t<h4>2018: <a href=\"https:\/\/legiscan.com\/MD\/bill\/HB1072\/2018\" target=\"_blank\" rel=\"noopener\">Child Sexual Abuse Prevention &#8211; Instruction and Training HB 1072<\/a><\/h4>\n<p>Exige que toutes les \u00e9coles qui re\u00e7oivent un financement de l\u2019\u00c9tat dispensent une formation annuelle sur la pr\u00e9vention, l\u2019identification et le signalement des abus sexuels sur enfants \u00e0 tous les employ\u00e9s.<\/p>\n\t<h4><a href=\"https:\/\/legiscan.com\/MD\/bill\/HB1582\/2018\" target=\"_blank\" rel=\"noopener\">2018 : Directeur m\u00e9dical pour la protection de l&#039;enfance HB 1582<\/a><\/h4>\n<p>Cr\u00e9e un directeur m\u00e9dical d\u2019\u00c9tat pour les enfants b\u00e9n\u00e9ficiant des services de protection de l\u2019enfance et la mise en place d\u2019un programme centralis\u00e9 et complet de surveillance des soins de sant\u00e9. <\/p>\n\t<h4><a href=\"https:\/\/legiscan.com\/MD\/bill\/HB486\/2019\" target=\"_blank\" rel=\"noopener\">2019 : SESAME (Stop aux abus sexuels, aux inconduites et \u00e0 l&#039;exploitation des enseignants) HB 486 \/ SB 541<\/a><\/h4>\n<p>Establishes requirements for school personnel that identify applicants who&#8217;ve been the subject of sexual abuse or sexual misconduct involving a child.<\/p>\n\t<h4><a href=\"https:\/\/legiscan.com\/MD\/bill\/SB567\/2019\" target=\"_blank\" rel=\"noopener\">2019\u00a0: Groupe de travail charg\u00e9 d&#039;\u00e9tudier les proc\u00e9dures judiciaires relatives \u00e0 la garde des enfants impliquant des all\u00e9gations de maltraitance d&#039;enfants ou de violence domestique SB 567<\/a><\/h4>\n<p>Cr\u00e9ation d&#039;un groupe de travail pour \u00e9tudier les proc\u00e9dures judiciaires relatives \u00e0 la garde des enfants impliquant des all\u00e9gations de maltraitance d&#039;enfants ou de violence domestique. <\/p>\n\t<h4>2019: <a href=\"https:\/\/legiscan.com\/MD\/bill\/HB166\/2019\" target=\"_blank\" rel=\"noopener\">Payment of Wages &#8211; Minimum Wage HB 166<\/a><\/h4>\n<p>Known as the &#8220;Fight for $15&#8221;, proposed an annual increase in the state&#8217;s minimum wage to reach $15 per hour in 2025. <i>Note:<\/i> <a href=\"https:\/\/legiscan.com\/MD\/bill\/SB555\/2023\" target=\"_blank\" rel=\"noopener\">Loi sur le salaire \u00e9quitable de 2023 SB 555<\/a> acc\u00e9l\u00e9r\u00e9 la chronologie. <\/p>\n\t<h4><a href=\"https:\/\/legiscan.com\/MD\/bill\/HB1007\/2019\" target=\"_blank\" rel=\"noopener\">2019: Child Advocacy Center &#8211; Expansion<\/a><\/h4>\n<p>Requires the Governor&#8217;s Office on Crime Control and Prevention to provide every child access to an accredited child advocacy center. <\/p>\n\t<h4><a href=\"https:\/\/legiscan.com\/MD\/bill\/HB277\/2020\" target=\"_blank\" rel=\"noopener\">2020 : Lignes directrices sur l&#039;approche tenant compte des traumatismes HB 277<\/a><\/h4>\n<p>Exige que le minist\u00e8re de l\u2019\u00c9ducation du Maryland \u00e9tablisse des lignes directrices sur une approche tenant compte des traumatismes et les distribue aux districts scolaires. <\/p>\n\t<h4><a href=\"https:\/\/legiscan.com\/MD\/bill\/HB548\/2021\" target=\"_blank\" rel=\"noopener\">2021: Trauma Informed Care Commission and Training (Healing Maryland&#8217;s Trauma Act) HB 548 \/ SB 299<\/a><\/h4>\n<p>Cr\u00e9e une commission charg\u00e9e de coordonner les initiatives qui donnent la priorit\u00e9 \u00e0 une prestation de services publics adapt\u00e9s et \u00e9clair\u00e9s en mati\u00e8re de traumatismes.<\/p>\n\t<h4><a href=\"https:\/\/legiscan.com\/MD\/bill\/HB771\/2021\" target=\"_blank\" rel=\"noopener\">2021: Centers for Disease Control and Prevention Surveys &#8211; Revisions HB 771 \/ SB 548<\/a><\/h4>\n<p>Exige que le D\u00e9partement d&#039;\u00c9tat de l&#039;\u00c9ducation, en collaboration avec le D\u00e9partement de la Sant\u00e9, inclue au moins cinq questions sur les ACE\/PACE dans l&#039;Enqu\u00eate sur les risques comportementaux des jeunes (YRBS) <\/p>\n\t<h4><a href=\"https:\/\/legiscan.com\/MD\/bill\/HB258\/2021\" target=\"_blank\" rel=\"noopener\">2021: State Child Welfare System &#8211; Reporting HB 258 \/ SB 592<\/a><\/h4>\n<p>Exige que le D\u00e9partement des services sociaux et le D\u00e9partement de l&#039;\u00e9ducation du Maryland fournissent des donn\u00e9es d\u00e9sagr\u00e9g\u00e9es sur les r\u00e9sultats des enfants et des jeunes dans le syst\u00e8me de protection de l&#039;enfance. <\/p>\n\t<h4><a href=\"https:\/\/legiscan.com\/MD\/bill\/SB275\/2022\" target=\"_blank\" rel=\"noopener\">2022 : Programme d&#039;assurance pour cong\u00e9s familiaux et m\u00e9dicaux SB 275<\/a><\/h4>\n<p>La loi Time to Care Act \u00e9tablit un programme d\u2019assurance visant \u00e0 offrir 12 semaines de cong\u00e9 pay\u00e9 par an aux employ\u00e9s qui fournissent des soins \u00e0 un nouveau-n\u00e9 ou \u00e0 un membre de la famille souffrant d\u2019un probl\u00e8me de sant\u00e9.<\/p>\n<p><a href=\"https:\/\/marylandefc.org\/fr\/policy\/recent-impact\/\">En savoir plus sur ce r\u00e9cent succ\u00e8s politique.<\/a><\/p>\n\t<h4><a href=\"https:\/\/legiscan.com\/MD\/bill\/HB561\/2022\" target=\"_blank\" rel=\"noopener\">2022: Child Custody &#8211; Cases Involving Child Abuse or Domestic Violence &#8211; Training for Judges HB 561\/ SB 17<\/a><\/h4>\n<p>Exige que le syst\u00e8me judiciaire du Maryland \u00e9labore un programme de formation pour les juges pr\u00e9sidant les affaires de garde d\u2019enfants impliquant des maltraitances d\u2019enfants et des violences domestiques.\u00a0 <\/p>\n\t<h4><a href=\"https:\/\/legiscan.com\/MD\/bill\/HB001\/2023\" target=\"_blank\" rel=\"noopener\">2023: Child Sexual Abuse &#8211; Definition, Damages, and Statute of Limitations (The Child Victims Act of 2023) HB 01 \/ SB 686<\/a><\/h4>\n<p>Abroge le d\u00e9lai de prescription civile dans les cas d\u2019abus sexuels sur mineurs et pr\u00e9voit une application r\u00e9troactive de la loi.\u00a0 <\/p>\n<p><a href=\"\/fr\/policy\/recent-impact\/\">Apprenez-en davantage sur ce r\u00e9cent succ\u00e8s politique.<\/a><\/p>","protected":false},"excerpt":{"rendered":"<p>LEGISLATIVE ACTION Policy Success Maryland Essentials for Childhoods works tirelessly with our partners, community groups and other leading coalitions championing legislation and executive action that works to address our policy goals. We are proud of the work that Maryland has done and look forward to continuing to build on these successes. This timeline reflects legislation&hellip;<\/p>","protected":false},"author":1,"featured_media":26994,"parent":3255,"menu_order":0,"comment_status":"closed","ping_status":"closed","template":"","meta":{"footnotes":""},"class_list":["post-26567","page","type-page","status-publish","has-post-thumbnail","hentry"],"_links":{"self":[{"href":"https:\/\/marylandefc.org\/fr\/wp-json\/wp\/v2\/pages\/26567","targetHints":{"allow":["GET"]}}],"collection":[{"href":"https:\/\/marylandefc.org\/fr\/wp-json\/wp\/v2\/pages"}],"about":[{"href":"https:\/\/marylandefc.org\/fr\/wp-json\/wp\/v2\/types\/page"}],"author":[{"embeddable":true,"href":"https:\/\/marylandefc.org\/fr\/wp-json\/wp\/v2\/users\/1"}],"replies":[{"embeddable":true,"href":"https:\/\/marylandefc.org\/fr\/wp-json\/wp\/v2\/comments?post=26567"}],"version-history":[{"count":0,"href":"https:\/\/marylandefc.org\/fr\/wp-json\/wp\/v2\/pages\/26567\/revisions"}],"up":[{"embeddable":true,"href":"https:\/\/marylandefc.org\/fr\/wp-json\/wp\/v2\/pages\/3255"}],"wp:featuredmedia":[{"embeddable":true,"href":"https:\/\/marylandefc.org\/fr\/wp-json\/wp\/v2\/media\/26994"}],"wp:attachment":[{"href":"https:\/\/marylandefc.org\/fr\/wp-json\/wp\/v2\/media?parent=26567"}],"curies":[{"name":"wp","href":"https:\/\/api.w.org\/{rel}","templated":true}]}}