{"id":26571,"date":"2024-01-18T14:46:42","date_gmt":"2024-01-18T22:46:42","guid":{"rendered":"https:\/\/marylandefc.org\/?page_id=26571"},"modified":"2026-02-12T15:27:27","modified_gmt":"2026-02-12T23:27:27","slug":"partners","status":"publish","type":"page","link":"https:\/\/marylandefc.org\/fr\/partners\/","title":{"rendered":"Partenaires"},"content":{"rendered":"<figure itemscope itemtype=\"https:\/\/schema.org\/ImageObject\">\n\t\t\t\t<img decoding=\"async\" src=\"https:\/\/marylandefc.org\/wp-content\/uploads\/2024\/02\/Panoramic-view-of-Baltimore-Harbor.jpg\" alt=\"Baltimore Harbor panoramic view\" height=\"800\" width=\"1200\" title=\"Vue panoramique du port de Baltimore\" onerror=\"this.style.display='none'\" loading=\"lazy\" \/>\n\t<\/figure>\n\t<h1>PARTENAIRES<\/h1>\n\t<h2>Travailler ensemble pour r\u00e9aliser notre vision commune<\/h2>\n<p>Maryland Essentials for Childhood (EFC) est une initiative d&#039;impact collectif \u00e0 l&#039;\u00e9chelle de l&#039;\u00c9tat avec une vision commune et des mesures concr\u00e8tes pour atteindre nos objectifs. Notre travail est un effort collaboratif entre tous les secteurs. En termes simples, sans l&#039;engagement de nos partenaires dans le processus, la vision ne peut pas \u00eatre r\u00e9alis\u00e9e. <\/p>\n\t\t<h3>Ajoutez votre ressource<\/h3>\n\t\t<p>If you&#8217;re an engaged community member, we invite you to join the <a href=\"http:\/\/search.marylandefc.org\" target=\"_blank\" rel=\"noopener\">Base de donn\u00e9es des ressources EFC du Maryland<\/a>Il s\u2019agit d\u2019un outil rapide et facile permettant aux adultes de trouver des ressources communautaires et du soutien par code postal. <\/p>\n<p>Notre organisation principale, le Maryland Information Network (MdInfoNet), alimente la base de donn\u00e9es des ressources \u00e0 l&#039;\u00e9chelle de l&#039;\u00c9tat. <\/p>\n<ul>\n<li>Lisez leur <a href=\"https:\/\/211md.org\/inclusion-policy\/\" target=\"_blank\" rel=\"noopener\">politique d&#039;inclusion<\/a>. <\/li>\n<li><a href=\"https:\/\/na0.icarol.com\/pub\/VerifyResourcePublic2.aspx?org=179545&amp;r=0&amp;k=bca9005c-d545-4f61-bc96-457c8b802002\" target=\"_blank\" rel=\"noopener\">Submit your agency\/organization&#8217;s information<\/a>. <\/li>\n<li>If you&#8217;re already in the database and need to update your information, <a href=\"mailto:resources@211md.org, info@marylandefc.org\">courriel MdInfoNet<\/a>.<\/li>\n<\/ul>\n<p>Vous cherchez \u00e0 en apprendre davantage sur la r\u00e9silience et la science des ACE pour mieux comprendre et am\u00e9liorer votre communaut\u00e9\u00a0? Participez \u00e0 notre initiative. <\/p>\n\t\t\t<a href=\"\/fr\/get-involved\/\"  target=\"_self\">\n\t\t\t\t\t\t\tPasser \u00e0 l&#039;action\n\t\t\t\t\t<\/a>\n<figure data-animation-delay=\"0\" data-animation-duration=\"1\" itemscope itemtype=\"https:\/\/schema.org\/ImageObject\">\n\t\t\t\t<img decoding=\"async\" src=\"https:\/\/marylandefc.org\/wp-content\/uploads\/2025\/02\/Maryland-EFC-Resource-Database-Mockup.jpg\" alt=\"Maryland EFC Resource Database Mockup\" height=\"564\" width=\"1024\" title=\"Maquette de la base de donn\u00e9es des ressources EFC du Maryland\" onerror=\"this.style.display='none'\" loading=\"lazy\" \/>\n\t<\/figure>\n<figure data-animation-delay=\"0\" data-animation-duration=\"1\" itemscope itemtype=\"https:\/\/schema.org\/ImageObject\">\n\t\t\t\t<img decoding=\"async\" src=\"https:\/\/marylandefc.org\/wp-content\/uploads\/2025\/09\/Outreach-Postcards.jpg\" alt=\"Outreach Postcards\" height=\"2560\" width=\"1932\" title=\"Cartes postales de sensibilisation\" onerror=\"this.style.display='none'\" loading=\"lazy\" \/>\n\t<\/figure>\n\t\t<h3>Demande d&#039;outils num\u00e9riques<\/h3>\n\t\t<p>Obtenez un fichier num\u00e9rique t\u00e9l\u00e9chargeable que vous pouvez utiliser pour informer les adultes sur la bo\u00eete \u00e0 outils de d\u00e9veloppement c\u00e9r\u00e9bral et Vroom<\/p>\n\t\t\t<a href=\"mailto:%20info@marylandefc.org\"  target=\"_blank\" rel=\"noopener\">\n\t\t\t\t\t\t\tEnvoyez-nous un e-mail\n\t\t\t\t\t<\/a>\n\t<h2>Assister \u00e0 une r\u00e9union<\/h2>\n\t<p>Les r\u00e9unions de l&#039;EFC sont ouvertes \u00e0 nos partenaires et aux membres de la communaut\u00e9. Nous sommes heureux d&#039;avoir des voix diverses \u00e0 la table et d&#039;offrir \u00e0 chacun l&#039;opportunit\u00e9 de s&#039;engager dans des groupes de travail et des conversations r\u00e9fl\u00e9chies.\u00a0<\/p>\n\t\t\t<a href=\"\/fr\/partners\/meetings-reports\/\"  target=\"_self\">\n\t\t\t\t\t\t\tAssister \u00e0 une r\u00e9union\n\t\t\t\t\t<\/a>\n<figure data-animation-delay=\"0\" data-animation-duration=\"1\" itemscope itemtype=\"https:\/\/schema.org\/ImageObject\">\n\t\t\t\t<img decoding=\"async\" src=\"https:\/\/marylandefc.org\/wp-content\/uploads\/2024\/02\/Shauna-and-Jess-Safe-Babies-Court-Courtesy-Zero-To-Three.jpg\" alt=\"Safe Babies Court\" height=\"900\" width=\"1200\" title=\"Shauna-et-Jess-B\u00e9b\u00e9s-En-S\u00e9curit\u00e9-Courtoisie-Z\u00e9ro-\u00c0-Trois\" onerror=\"this.style.display='none'\" loading=\"lazy\" \/>\n\t<\/figure>\n\t<h2>Devenir partenaire<\/h2>\n\t<p>Do your organization&#8217;s mission and values align with ours? Are you working to promote <a href=\"https:\/\/marylandefc.org\/fr\/grownups\/protective-factors\/\">exp\u00e9riences positives de l&#039;enfance<\/a>, pr\u00e9venir la survenue des ACE ou \u0153uvrer \u00e0 att\u00e9nuer l\u2019impact des traumatismes de l\u2019enfance ? <\/p>\n<p>Then join us as a partner organization to strengthen our statewide efforts. Leave your information in the form below, and we&#8217;ll be in contact soon.<\/p>\n<figure data-animation-delay=\"0\" data-animation-duration=\"1\" itemscope itemtype=\"https:\/\/schema.org\/ImageObject\">\n\t\t\t\t<img decoding=\"async\" src=\"https:\/\/marylandefc.org\/wp-content\/uploads\/2024\/02\/Healing-City-Baltimore-Resource-Fair.jpg\" alt=\"Healing City Baltimore Resource Fair\" height=\"800\" width=\"1200\" title=\"Salon des ressources Healing City Baltimore\" onerror=\"this.style.display='none'\" loading=\"lazy\" \/>\n\t<\/figure>","protected":false},"excerpt":{"rendered":"<p>PARTNERS Working Together to Achieve Our Shared Vision Maryland Essentials for Childhood (EFC) is a statewide collective impact initiative with a shared vision and actionable steps to meet our goals. Our work is a collaborative effort across all sectors. Simply put, without our partners engaging in the process, the vision is not achieved. Add Your&hellip;<\/p>","protected":false},"author":1,"featured_media":27676,"parent":0,"menu_order":0,"comment_status":"closed","ping_status":"closed","template":"","meta":{"footnotes":""},"class_list":["post-26571","page","type-page","status-publish","has-post-thumbnail","hentry"],"_links":{"self":[{"href":"https:\/\/marylandefc.org\/fr\/wp-json\/wp\/v2\/pages\/26571","targetHints":{"allow":["GET"]}}],"collection":[{"href":"https:\/\/marylandefc.org\/fr\/wp-json\/wp\/v2\/pages"}],"about":[{"href":"https:\/\/marylandefc.org\/fr\/wp-json\/wp\/v2\/types\/page"}],"author":[{"embeddable":true,"href":"https:\/\/marylandefc.org\/fr\/wp-json\/wp\/v2\/users\/1"}],"replies":[{"embeddable":true,"href":"https:\/\/marylandefc.org\/fr\/wp-json\/wp\/v2\/comments?post=26571"}],"version-history":[{"count":0,"href":"https:\/\/marylandefc.org\/fr\/wp-json\/wp\/v2\/pages\/26571\/revisions"}],"wp:featuredmedia":[{"embeddable":true,"href":"https:\/\/marylandefc.org\/fr\/wp-json\/wp\/v2\/media\/27676"}],"wp:attachment":[{"href":"https:\/\/marylandefc.org\/fr\/wp-json\/wp\/v2\/media?parent=26571"}],"curies":[{"name":"wp","href":"https:\/\/api.w.org\/{rel}","templated":true}]}}