{"id":26577,"date":"2024-01-18T14:47:26","date_gmt":"2024-01-18T22:47:26","guid":{"rendered":"https:\/\/marylandefc.org\/?page_id=26577"},"modified":"2026-01-12T11:56:20","modified_gmt":"2026-01-12T19:56:20","slug":"meetings-reports","status":"publish","type":"page","link":"https:\/\/marylandefc.org\/fr\/get-involved\/meetings-reports\/","title":{"rendered":"R\u00e9unions et rapports"},"content":{"rendered":"<img decoding=\"async\" src=\"https:\/\/marylandefc.org\/wp-content\/uploads\/2024\/02\/AACF-Safe-Babies-Court-Courtesy-Zero-to-Three.jpg\" alt=\"AACF Safe Babies Court\" itemprop=\"image\" height=\"1440\" width=\"1920\" title=\"Tribunal AACF Safe Babies Courtoisie de z\u00e9ro \u00e0 trois\" onerror=\"this.style.display='none'\" loading=\"lazy\" \/>\n\t<h1>R\u00c9UNIONS ET RAPPORTS<\/h1>\n\t<h2>Participez, lisez et partagez<\/h2>\n<p>Nous vous invitons \u00e0 assister \u00e0 nos r\u00e9unions, \u00e0 lire nos rapports annuels et \u00e0 partager les informations avec vos coll\u00e8gues. Ensemble, nous pouvons d\u00e9velopper notre r\u00e9seau de partenaires pour renforcer nos efforts et faire avancer le Maryland. <\/p>\n\t<h3>Assister \u00e0 une r\u00e9union<\/h3>\n<p>L&#039;EFC se r\u00e9unit le premier jeudi de certains mois, en alternance avec les r\u00e9unions mensuelles du Conseil d&#039;\u00c9tat du Maryland sur la maltraitance et la n\u00e9gligence des enfants (SCCAN). <\/p>\n<p>Meetings may be held either virtually or in-person from 1:00 &#8211; 3:00PM (EST).\u00a0<\/p>\n<p>Mois des r\u00e9unions\u00a0: 5 f\u00e9vrier | 2 avril | 4 juin | 1er octobre | 3 d\u00e9cembre<\/p>\n<p>Les r\u00e9unions sont ouvertes aux membres de la communaut\u00e9 et aux organisations partenaires. Veuillez <a href=\"https:\/\/marylandefc.org\/fr\/contact\/\">Contactez-nous<\/a> pour recevoir nos mises \u00e0 jour par e-mail.\u00a0<\/p>\n<p>&nbsp;<\/p>\n\t\t\t\t<img decoding=\"async\" src=\"https:\/\/marylandefc.org\/wp-content\/uploads\/2019\/01\/SCCAN-LOGO-CLEAR.png\" alt=\"SCCAN logo\" itemprop=\"image\" height=\"333\" width=\"579\" title=\"LOGO SCCAN CLAIR\" onerror=\"this.style.display='none'\" loading=\"lazy\" \/>\n\t<h3>Lire les rapports du SCCAN<\/h3>\n\t<p><strong>SCCAN du Maryland<\/strong> Le Conseil publie un rapport annuel au gouverneur et \u00e0 l&#039;Assembl\u00e9e g\u00e9n\u00e9rale afin de fournir un cadre aux travaux r\u00e9alis\u00e9s par le Conseil et de formuler des recommandations pour faire avancer les travaux. Ces rapports annuels comprennent des mises \u00e0 jour sur les activit\u00e9s du Maryland EFC et nos efforts communs pour cette ann\u00e9e. <\/p>\n\t<h3>Rapports annuels<\/h3>\n\t\t\t<a href=\"\/wp-content\/uploads\/2025\/01\/2022-2023-Annual-Report-Final.pdf\" target=\"_blank\" rel=\"noopener\">\n\t\t\t\t\t\t2022 &#8211; 2023 SCCAN Annual Report\n\t\t\t\t\t<\/a>\n\t\t\t<a href=\"\/wp-content\/uploads\/2024\/02\/MSAR-5519-2021_FL5-7A-09b_DHS_State-Council-on-Child-Abuse-and-Neglect-SCCAN-2020-2021-Annual-Report.pdf\" target=\"_blank\" rel=\"noopener\">\n\t\t\t\t\t\t2020 &#8211; 2021 SCCAN Annual Report\n\t\t\t\t\t<\/a>\n\t\t\t<a href=\"https:\/\/marylandefc.org\/wp-content\/uploads\/2024\/02\/2019-SCCAN-Annual-Report-with-Appendices-FINAL-Report-Approved.pdf\" target=\"_blank\" rel=\"noopener\">\n\t\t\t\t\t\tRapport annuel 2019 du SCCAN\n\t\t\t\t\t<\/a>\n\t\t\t<a href=\"\/wp-content\/uploads\/2024\/02\/2018-SCCAN-Annual-Report-FINAL-_6-28-2019.pdf\" target=\"_blank\" rel=\"noopener\">\n\t\t\t\t\t\tRapport annuel 2018 du SCCAN\n\t\t\t\t\t<\/a>\n\t\t\t<a href=\"\/wp-content\/uploads\/2024\/02\/FINAL-1-2017-SCCAN-Annual-Report-7-12-18-1.pdf\" target=\"_blank\" rel=\"noopener\">\n\t\t\t\t\t\tRapport annuel 2017 du SCCAN\n\t\t\t\t\t<\/a>\n\t\t\t\t<img decoding=\"async\" src=\"https:\/\/marylandefc.org\/wp-content\/uploads\/2024\/02\/Girls-on-a-mission-raking-leaves.jpg\" alt=\"Girls on a mission raking leaves\" itemprop=\"image\" height=\"800\" width=\"1200\" title=\"Des filles en mission pour ratisser les feuilles\" onerror=\"this.style.display='none'\" loading=\"lazy\" \/>\n\t<h3>Partager des donn\u00e9es<\/h3>\n\t<p>Comme la plupart des \u00c9tats, le Maryland participe \u00e0 l&#039;enqu\u00eate sur les comportements \u00e0 risque des jeunes (YRBS) et \u00e0 l&#039;enqu\u00eate sur le tabac chez les jeunes (YTS) parrain\u00e9es par le CDC.<\/p>\n<p>L&#039;enqu\u00eate Maryland YRBS\/YTS interroge de mani\u00e8re anonyme les \u00e9l\u00e8ves des coll\u00e8ges et lyc\u00e9es publics du Maryland. Elle se concentre sur les comportements qui contribuent aux principales causes de d\u00e9c\u00e8s et d&#039;invalidit\u00e9, notamment, mais sans s&#039;y limiter, la consommation d&#039;alcool et d&#039;autres drogues, le tabagisme, les comportements sexuels, les blessures et la violence involontaires, ainsi que les mauvaises habitudes alimentaires et d&#039;activit\u00e9 physique.<\/p>\n<h3>Enqu\u00eate PACEs aupr\u00e8s des adolescents<\/h3>\n<p>En 2018-2019, le Maryland est devenu le premier des deux \u00c9tats \u00e0 commencer \u00e0 collecter des donn\u00e9es sur les exp\u00e9riences positives et n\u00e9gatives de l\u2019enfance (PACE) parmi les lyc\u00e9ens.<\/p>\n<p>L&#039;Assembl\u00e9e g\u00e9n\u00e9rale du Maryland a institutionnalis\u00e9 la collecte de donn\u00e9es PACE aupr\u00e8s des \u00e9l\u00e8ves du secondaire et du coll\u00e8ge du YRBS\/YTS en 2021.<\/p>\n\t\t\t<a href=\"https:\/\/health.maryland.gov\/newsroom\/Pages\/Maryland-Department-of-Health-releases-2021-2022-Youth-Risk-Behavior-Survey-and-Youth-Tobacco-Survey-data.aspx\" target=\"_blank\" rel=\"noopener\">\n\t\t\t\t\t\tVoir le communiqu\u00e9 de presse\n\t\t\t\t\t<\/a>\n\t\t\t\t<img decoding=\"async\" src=\"https:\/\/marylandefc.org\/wp-content\/uploads\/2024\/02\/MEC-Icons_v2_teach.svg\" alt=\"Teach skills icon with teacher at blackboard\" itemprop=\"image\" height=\"300\" width=\"300\" title=\"Ic\u00f4nes MEC_v2_teach\" onerror=\"this.style.display='none'\" loading=\"lazy\" \/>\n\t\t<h3><a href=\"\/wp-content\/uploads\/2024\/02\/Adverse-Childhood-Experiences-2021-2022-YRBS-YTS.pdf\" target=\"_blank\"  rel=\"noopener\">Enqu\u00eate YRBS\/YTS du Maryland<\/a><\/h3><p>L&#039;enqu\u00eate Maryland YRBS\/YTS a \u00e9t\u00e9 men\u00e9e \u00e0 l&#039;automne 2021 aupr\u00e8s de pr\u00e8s de 60 000 \u00e9l\u00e8ves dans 366 coll\u00e8ges et lyc\u00e9es publics de l&#039;\u00c9tat.<\/p>\n<p>Nos partenaires du minist\u00e8re de la Sant\u00e9 du Maryland ont partag\u00e9 un aper\u00e7u des r\u00e9sultats des donn\u00e9es PACE YRBS\/YTS.<\/p>\n\t\t\t<a href=\"\/wp-content\/uploads\/2024\/02\/Adverse-Childhood-Experiences-2021-2022-YRBS-YTS.pdf\" target=\"_blank\" rel=\"noopener\">\n\t\t\t\t\t\tVoir la pr\u00e9sentation\n\t\t\t\t\t<\/a>\n\t\t\t\t<img decoding=\"async\" src=\"https:\/\/marylandefc.org\/wp-content\/uploads\/2026\/01\/PCA-Case-Study-Report.jpg\" alt=\"Prevent Child Abuse America Case Study on Maryland EFC\" itemprop=\"image\" height=\"800\" width=\"1200\" title=\"Rapport d&#039;\u00e9tude de cas PCA\" onerror=\"this.style.display='none'\" loading=\"lazy\" \/>\n\t\t<h3><a href=\"https:\/\/preventchildabuse.org\/wp-content\/uploads\/2025\/12\/EfC-Case-Study-Nov-2025.pdf\" target=\"_blank\" rel=\"noopener\">Le Maryland mis en avant par Prevent Child Abuse America<\/a><\/h3><p>Le programme Maryland Essentials for Childhood (Maryland EFC) \u00e9tait l&#039;un des deux \u00c9tats mis en avant par Prevent Child Abuse America (PCA). PCA a interview\u00e9 les anciens et actuels responsables du programme Maryland EFC et a pr\u00e9sent\u00e9 l&#039;historique du programme, la mise en \u0153uvre des mesures de pr\u00e9vention et les enseignements tir\u00e9s de son fonctionnement en tant qu&#039;\u00c9tat autofinanc\u00e9.<\/p>\n<blockquote><p>&#8220;I think what&#8217;s really important in the work, is to know who can lead that (policy) best and sometimes you follow, and sometimes you lead, and people start to respect you as a partner that way.&#8221;<\/p>\n<p>&#8211; Claudia Remington, former executive director fo Maryland SCCAN<\/p><\/blockquote>\n<p>La G\u00e9orgie, qui est un \u00c9tat financ\u00e9, a \u00e9galement \u00e9t\u00e9 mise en avant.<\/p>\n<p>&nbsp;<\/p>\n\t\t\t<a href=\"https:\/\/preventchildabuse.org\/wp-content\/uploads\/2025\/12\/EfC-Case-Study-Nov-2025.pdf\" target=\"_blank\" rel=\"noopener\">\n\t\t\t\t\t\tLire l&#039;\u00e9tude de cas\n\t\t\t\t\t<\/a>","protected":false},"excerpt":{"rendered":"<p>MEETINGS &amp; REPORTS Attend, Read and Share We invite you to attend our meetings, read our annual reports and share the information with your colleagues. Together we can grow our network of partners to strengthen our efforts and move Maryland forward. Attend a Meeting EFC meets on the first Thursday of certain months, alternating with&hellip;<\/p>","protected":false},"author":1,"featured_media":27470,"parent":26597,"menu_order":0,"comment_status":"closed","ping_status":"closed","template":"","meta":{"footnotes":""},"class_list":["post-26577","page","type-page","status-publish","has-post-thumbnail","hentry"],"_links":{"self":[{"href":"https:\/\/marylandefc.org\/fr\/wp-json\/wp\/v2\/pages\/26577","targetHints":{"allow":["GET"]}}],"collection":[{"href":"https:\/\/marylandefc.org\/fr\/wp-json\/wp\/v2\/pages"}],"about":[{"href":"https:\/\/marylandefc.org\/fr\/wp-json\/wp\/v2\/types\/page"}],"author":[{"embeddable":true,"href":"https:\/\/marylandefc.org\/fr\/wp-json\/wp\/v2\/users\/1"}],"replies":[{"embeddable":true,"href":"https:\/\/marylandefc.org\/fr\/wp-json\/wp\/v2\/comments?post=26577"}],"version-history":[{"count":0,"href":"https:\/\/marylandefc.org\/fr\/wp-json\/wp\/v2\/pages\/26577\/revisions"}],"up":[{"embeddable":true,"href":"https:\/\/marylandefc.org\/fr\/wp-json\/wp\/v2\/pages\/26597"}],"wp:featuredmedia":[{"embeddable":true,"href":"https:\/\/marylandefc.org\/fr\/wp-json\/wp\/v2\/media\/27470"}],"wp:attachment":[{"href":"https:\/\/marylandefc.org\/fr\/wp-json\/wp\/v2\/media?parent=26577"}],"curies":[{"name":"wp","href":"https:\/\/api.w.org\/{rel}","templated":true}]}}