{"id":26597,"date":"2024-01-18T17:32:58","date_gmt":"2024-01-19T01:32:58","guid":{"rendered":"https:\/\/marylandefc.org\/?page_id=26597"},"modified":"2026-03-03T06:11:13","modified_gmt":"2026-03-03T14:11:13","slug":"get-involved","status":"publish","type":"page","link":"https:\/\/marylandefc.org\/fr\/get-involved\/","title":{"rendered":"Impliquez-vous"},"content":{"rendered":"<figure itemscope itemtype=\"https:\/\/schema.org\/ImageObject\">\n\t\t\t\t<img decoding=\"async\" src=\"https:\/\/marylandefc.org\/wp-content\/uploads\/2024\/02\/Child-care-teacher-ensuring-a-strong-start-for-children.jpg\" alt=\"Child care teacher working with young students at a table\" height=\"800\" width=\"1200\" title=\"Une \u00e9ducatrice de la petite enfance assure un bon d\u00e9part aux enfants\" onerror=\"this.style.display='none'\" loading=\"lazy\" \/>\n\t<\/figure>\n\t<h1>IMPLIQUEZ-VOUS<\/h1>\n\t<h2>Passer \u00e0 l&#039;action<\/h2>\n<p>We are building a community across Maryland of people committed to moving our mission forward.\u00a0Our collaborative work meets people where they are and supports them in their learning and engagement with our shared work. <\/p>\n<p>Whether you&#8217;re here for the first time, learning new things about brain science, or you&#8217;re a long-time supporter who&#8217;s ready for the next step in our partnership, we welcome you.\u00a0<\/p>\n\t<h2>Fa\u00e7ons d&#039;agir<\/h2>\n\t\t<figure itemscope itemtype=\"https:\/\/schema.org\/ImageObject\">\n\t\t\t\t<a href=\"\/fr\/get-involved\/ace-science\/\"  target=\"_self\" itemprop=\"url\">\n\t\t\t\t<img decoding=\"async\" src=\"https:\/\/marylandefc.org\/wp-content\/uploads\/2024\/01\/MEC-Icons_brain.svg\" alt=\"Brain icon\" height=\"300\" width=\"300\" title=\"Ic\u00f4nes MEC_cerveau\" onerror=\"this.style.display='none'\" loading=\"lazy\" \/>\n\t\t\t\t<\/a>\n\t<\/figure>\n<h3><a href=\"\/fr\/get-involved\/ace-science\/\" target=\"_self\">Science<\/a><\/h3><p>L&#039;EFC fonde sa perspective sur la science. Comprendre l&#039;\u00e9tude sur les exp\u00e9riences n\u00e9gatives de l&#039;enfance (ACE) et son impact est un premier pas important. <\/p>\n\t\t\t<a href=\"\/fr\/grownups\/aces\/\"  target=\"_self\">\n\t\t\t\t\t\t\tPlongez plus profond\u00e9ment dans la science ACE\n\t\t\t\t\t<\/a>\n\t\t<figure itemscope itemtype=\"https:\/\/schema.org\/ImageObject\">\n\t\t\t\t<a href=\"\/fr\/grownups\/\"  target=\"_self\" itemprop=\"url\">\n\t\t\t\t<img decoding=\"async\" src=\"https:\/\/marylandefc.org\/wp-content\/uploads\/2024\/02\/BrainArchitecture_EFC_icon.svg\" alt=\"Brain Architecture icons with brain and scaffolding\" height=\"376\" width=\"376\" title=\"BrainArchitecture_EFC_icon\" onerror=\"this.style.display='none'\" loading=\"lazy\" \/>\n\t\t\t\t<\/a>\n\t<\/figure>\n<h3><a href=\"\/fr\/grownups\/\" target=\"_self\">Bo\u00eete \u00e0 outils pour le d\u00e9veloppement du cerveau<\/a><\/h3><p>Cette bo\u00eete \u00e0 outils est un guichet unique o\u00f9 chacun peut trouver les outils n\u00e9cessaires pour aider les enfants \u00e0 s&#039;\u00e9panouir. Explorez ces ressources soutenues par des experts.\u00a0<\/p>\n\t\t\t<a href=\"\/fr\/grownups\/\"  target=\"_self\">\n\t\t\t\t\t\t\tEn savoir plus sur le d\u00e9veloppement du cerveau\n\t\t\t\t\t<\/a>\n\t\t<figure itemscope itemtype=\"https:\/\/schema.org\/ImageObject\">\n\t\t\t\t<a href=\"http:\/\/search.marylandefc.org\"  target=\"_blank\" rel=\"noopener\"  itemprop=\"url\">\n\t\t\t\t<img decoding=\"async\" src=\"https:\/\/marylandefc.org\/wp-content\/uploads\/2024\/01\/MEC-Icons_people.svg\" alt=\"People icon\" height=\"300\" width=\"300\" title=\"Ic\u00f4nes MEC_personnes\" onerror=\"this.style.display='none'\" loading=\"lazy\" \/>\n\t\t\t\t<\/a>\n\t<\/figure>\n<h3><a href=\"http:\/\/search.marylandefc.org\" target=\"_blank\"  rel=\"noopener\">Trouver des ressources communautaires<\/a><\/h3><p>Prendre soin des enfants est un travail difficile !<\/p>\n<p>Recherchez des ressources communautaires pour vous aider dans votre code postal. La base de donn\u00e9es des ressources est aliment\u00e9e par le Maryland Information Network.<\/p>\n\t\t\t<a href=\"http:\/\/search.marylandefc.org\"  target=\"_blank\" rel=\"noopener\">\n\t\t\t\t\t\t\tTrouver des ressources communautaires\n\t\t\t\t\t<\/a>\n\t\t<figure itemscope itemtype=\"https:\/\/schema.org\/ImageObject\">\n\t\t\t\t<a href=\"https:\/\/docs.google.com\/forms\/d\/e\/1FAIpQLSdP1V4oqiAOGr2uK9rkCIxzTpexnlyuDmDkqfJ0CjtIbmWV0A\/viewform\" target=\"_blank\" rel=\"noopener\" itemprop=\"url\">\n\t\t\t\t<img decoding=\"async\" src=\"https:\/\/marylandefc.org\/wp-content\/uploads\/2024\/01\/MEC-Icons_book.svg\" alt=\"Book icon\" height=\"300\" width=\"300\" title=\"Livre d&#039;ic\u00f4nes MEC\" onerror=\"this.style.display='none'\" loading=\"lazy\" \/>\n\t\t\t\t<\/a>\n\t<\/figure>\n<h3><a href=\"https:\/\/docs.google.com\/forms\/d\/e\/1FAIpQLSdP1V4oqiAOGr2uK9rkCIxzTpexnlyuDmDkqfJ0CjtIbmWV0A\/viewform\" target=\"_blank\" rel=\"noopener\">Ajoutez\/mettez \u00e0 jour votre ressource<\/a><\/h3><p>Offrez-vous des ressources et des services aux familles\u00a0? Mettez \u00e0 jour ou ajoutez votre organisation \u00e0 la base de donn\u00e9es des ressources. Lire <a href=\"https:\/\/211md.org\/inclusion-policy\/\" target=\"_blank\" rel=\"noopener\">la politique d&#039;inclusion<\/a>.<\/p>\n\t\t\t<a href=\"https:\/\/docs.google.com\/forms\/d\/e\/1FAIpQLSdP1V4oqiAOGr2uK9rkCIxzTpexnlyuDmDkqfJ0CjtIbmWV0A\/viewform\" target=\"_blank\" rel=\"noopener\">\n\t\t\t\t\t\t\tAjoutez votre agence\n\t\t\t\t\t<\/a>\n\t\t\t<a href=\"mailto:%20resources@211md.org,%20info@marylandef.corg\"  target=\"_blank\" rel=\"noopener\">\n\t\t\t\t\t\t\tMettez \u00e0 jour votre agence\n\t\t\t\t\t<\/a>\n\t\t<figure itemscope itemtype=\"https:\/\/schema.org\/ImageObject\">\n\t\t\t\t<a href=\"\/fr\/vroom\/\"  target=\"_self\" itemprop=\"url\">\n\t\t\t\t<img decoding=\"async\" src=\"https:\/\/marylandefc.org\/wp-content\/uploads\/2024\/01\/MEC-Icons_caregiver.svg\" alt=\"Caregiver icon with adult with hand on child\" height=\"300\" width=\"300\" title=\"Ic\u00f4nes MEC_aidant\" onerror=\"this.style.display='none'\" loading=\"lazy\" \/>\n\t\t\t\t<\/a>\n\t<\/figure>\n<h3><a href=\"\/fr\/vroom\/\" target=\"_self\">Rendez l&#039;apprentissage amusant avec Vroom<\/a><\/h3><p>Get actionable tips to make learning part of playtime, bathtime, dinnertime, and any time of day. We&#8217;ve collaborated with Vroom to help parents be a brain builder with Vroom.<\/p>\n\t\t\t<a href=\"\/fr\/vroom\/\"  target=\"_self\">\n\t\t\t\t\t\t\tObtenez Vroom\n\t\t\t\t\t<\/a>\n\t\t<figure itemscope itemtype=\"https:\/\/schema.org\/ImageObject\">\n\t\t\t\t<a href=\"mailto:%20info@marylandefc.org\"  target=\"_self\" itemprop=\"url\">\n\t\t\t\t<img decoding=\"async\" src=\"https:\/\/marylandefc.org\/wp-content\/uploads\/2024\/01\/MEC-Icons_click.svg\" alt=\"Click icon hand with rays coming off it\" height=\"300\" width=\"300\" title=\"Ic\u00f4nes MEC_click\" onerror=\"this.style.display='none'\" loading=\"lazy\" \/>\n\t\t\t\t<\/a>\n\t<\/figure>\n<h3><a href=\"mailto:%20info@marylandefc.org\" target=\"_self\">Partager des outils num\u00e9riques<\/a><\/h3><p>Let others know about the Brain-Building Toolkit and Vroom. Download and share our digital postcard with partners and grown-ups.\u00a0Request the downloadable materials.<\/p>\n\t\t\t<a href=\"mailto:info@marylandefc.org\"  target=\"_self\">\n\t\t\t\t\t\t\tEnvoyer une demande par e-mail\n\t\t\t\t\t<\/a>\n\t\t<figure itemscope itemtype=\"https:\/\/schema.org\/ImageObject\">\n\t\t\t\t<a href=\"\/fr\/get-involved\/ace-impact\/\"  target=\"_self\" itemprop=\"url\">\n\t\t\t\t<img decoding=\"async\" src=\"https:\/\/marylandefc.org\/wp-content\/uploads\/2024\/02\/LegislatureGovernment_EFC_icon.svg\" alt=\"Legislature Government icon\" height=\"376\" width=\"376\" title=\"L\u00e9gislatureGouvernement_EFC_icon\" onerror=\"this.style.display='none'\" loading=\"lazy\" \/>\n\t\t\t\t<\/a>\n\t<\/figure>\n<h3><a href=\"\/fr\/get-involved\/ace-impact\/\" target=\"_self\">Politique d&#039;impact<\/a><\/h3><p>Les politiques fa\u00e7onnent les environnements dans lesquels nos enfants vivent, apprennent et jouent et devraient promouvoir un d\u00e9veloppement sain et r\u00e9duire les fardeaux inutiles qui p\u00e8sent sur les enfants et les adultes dans leur vie.<\/p>\n\t\t\t<a href=\"\/fr\/policy\/\"  target=\"_self\">\n\t\t\t\t\t\t\tEn savoir plus sur l&#039;impact des politiques\n\t\t\t\t\t<\/a>\n\t<h3>Recevez la newsletter<\/h3>\n<p>D\u00e9couvrez les ressources de la bo\u00eete \u00e0 outils de d\u00e9veloppement c\u00e9r\u00e9bral et les r\u00e9unions et initiatives \u00ab\u00a0Les essentiels du Maryland pour l&#039;enfance\u00a0\u00bb. Inscrivez-vous \u00e0 notre newsletter.<\/p>","protected":false},"excerpt":{"rendered":"<p>GET INVOLVED Take Action We are building a community across Maryland of people committed to moving our mission forward.\u00a0Our collaborative work meets people where they are and supports them in their learning and engagement with our shared work. Whether you&#8217;re here for the first time, learning new things about brain science, or you&#8217;re a long-time&hellip;<\/p>","protected":false},"author":1,"featured_media":0,"parent":0,"menu_order":0,"comment_status":"closed","ping_status":"closed","template":"","meta":{"footnotes":""},"class_list":["post-26597","page","type-page","status-publish","hentry"],"_links":{"self":[{"href":"https:\/\/marylandefc.org\/fr\/wp-json\/wp\/v2\/pages\/26597","targetHints":{"allow":["GET"]}}],"collection":[{"href":"https:\/\/marylandefc.org\/fr\/wp-json\/wp\/v2\/pages"}],"about":[{"href":"https:\/\/marylandefc.org\/fr\/wp-json\/wp\/v2\/types\/page"}],"author":[{"embeddable":true,"href":"https:\/\/marylandefc.org\/fr\/wp-json\/wp\/v2\/users\/1"}],"replies":[{"embeddable":true,"href":"https:\/\/marylandefc.org\/fr\/wp-json\/wp\/v2\/comments?post=26597"}],"version-history":[{"count":0,"href":"https:\/\/marylandefc.org\/fr\/wp-json\/wp\/v2\/pages\/26597\/revisions"}],"wp:attachment":[{"href":"https:\/\/marylandefc.org\/fr\/wp-json\/wp\/v2\/media?parent=26597"}],"curies":[{"name":"wp","href":"https:\/\/api.w.org\/{rel}","templated":true}]}}