{"id":26748,"date":"2024-01-29T13:07:38","date_gmt":"2024-01-29T21:07:38","guid":{"rendered":"https:\/\/marylandefc.org\/?page_id=26748"},"modified":"2026-03-03T06:14:20","modified_gmt":"2026-03-03T14:14:20","slug":"recent-impact","status":"publish","type":"page","link":"https:\/\/marylandefc.org\/fr\/policy\/recent-impact\/","title":{"rendered":"R\u00e9ussites politiques r\u00e9centes"},"content":{"rendered":"<figure itemscope itemtype=\"https:\/\/schema.org\/ImageObject\">\n\t\t\t\t<img decoding=\"async\" src=\"https:\/\/marylandefc.org\/wp-content\/uploads\/2024\/01\/Legislative-impact-Essentials-for-childhood-Maryland-.jpeg\" alt=\"EFC members and partners standing in the Maryland legislature\" height=\"1536\" width=\"2048\" title=\"Impact l\u00e9gislatif \u2013 \u00c9l\u00e9ments essentiels pour l&#039;enfance dans le Maryland\" onerror=\"this.style.display='none'\" loading=\"lazy\" \/>\n\t<\/figure>\n\t<h1>IMPACT R\u00c9CENT DES POLITIQUES<\/h1>\n\t<h2>Impact des politiques<\/h2>\n<p>Maryland Essentials for Childhood valorise toutes les mesures l\u00e9gislatives, ex\u00e9cutives et judiciaires qui contribuent \u00e0 am\u00e9liorer nos syst\u00e8mes et guident nos agences. Nous sommes convaincus que chaque politique que nous \u00e9laborons doit favoriser un d\u00e9veloppement sain et all\u00e9ger les fardeaux inutiles pesant sur les enfants et les adultes qui les entourent.<\/p>\n<p>Trois succ\u00e8s r\u00e9cents qui d\u00e9montrent cet impact :\u00a0<\/p>\n<ul>\n<li aria-level=\"1\">Loi sur le temps de soins de 2022\u00a0<\/li>\n<li aria-level=\"1\">Loi de 2023 sur les enfants victimes\u00a0<\/li>\n<li aria-level=\"1\">Loi de 2021 sur la gu\u00e9rison des traumatismes dans le Maryland<\/li>\n<\/ul>\n\t\t<h2><a href=\"https:\/\/legiscan.com\/MD\/bill\/HB1\/2023\" target=\"_blank\" rel=\"noopener\">Loi de 2023 sur les enfants victimes<\/a><\/h2><h3>Suppression du d\u00e9lai de prescription pour les plaintes pour abus sexuels sur mineurs<\/h3>\n<p>L&#039;adoption de la loi sur les enfants victimes a n\u00e9cessit\u00e9 des ann\u00e9es de t\u00e9nacit\u00e9 et de courage de la part des survivants d&#039;abus sexuels sur mineurs. Sous l&#039;impulsion de Maryland Essentials for Childhood et de Justice4MDSurvivors, un groupe de b\u00e9n\u00e9voles compos\u00e9 de survivants, de d\u00e9fenseurs, d&#039;organisations et de l\u00e9gislateurs a milit\u00e9 pour l&#039;adoption d&#039;une loi garantissant l&#039;acc\u00e8s \u00e0 la justice aux survivants d&#039;abus sexuels sur mineurs. <strong>emp\u00eache en premier lieu les abus sexuels sur les enfants.<\/strong>\u00a0<\/p>\n<p><strong>La nouvelle loi \u00e9limine le d\u00e9lai de prescription pour les plaintes civiles pour abus sexuels sur mineurs et ouvre une fen\u00eatre de relance permanente.<\/strong> Cela permet aux adultes, emp\u00each\u00e9s par les lois ant\u00e9rieures, d&#039;intenter une action en justice lorsqu&#039;ils sont pr\u00eats. Les affaires civiles offrent au public une plus grande transparence. <strong>non seulement sur les pr\u00e9sum\u00e9s agresseurs, mais aussi sur les institutions qui auraient pu emp\u00eacher que ces abus ne se produisent.\u00a0<\/strong><\/p>\n<p>Cette l\u00e9gislation offre une nouvelle occasion aux institutions publiques et priv\u00e9es de revoir leurs politiques et proc\u00e9dures de pr\u00e9vention des abus sexuels sur enfants. <strong>Cela offre \u00e9galement l\u2019occasion de demander des comptes aux institutions qui n\u2019ont pas fait assez pour assurer la s\u00e9curit\u00e9 des enfants. <\/strong><\/p>\n\t\t\t<a href=\"https:\/\/legiscan.com\/MD\/bill\/HB1\/2023\" target=\"_blank\" rel=\"noopener\">\n\t\t\t\t\t\tLire la loi\n\t\t\t\t\t<\/a>\n<figure itemscope itemtype=\"https:\/\/schema.org\/ImageObject\">\n\t\t\t\t<img decoding=\"async\" src=\"https:\/\/marylandefc.org\/wp-content\/uploads\/2024\/02\/Kathryn-Robb-and-Delegate-CT-Wilson-scaled.jpg\" alt=\"Kathryn Robb and Delegate CT Wilson\" height=\"2560\" width=\"1932\" title=\"Kathryn Robb et le d\u00e9l\u00e9gu\u00e9 CT Wilson\" onerror=\"this.style.display='none'\" loading=\"lazy\" \/>\n\t\t<figcaption>Kathryn Robb et le d\u00e9l\u00e9gu\u00e9 CT Wilson<\/figcaption>\n\t<\/figure>\n\t<h3>Kathryn Robb<br \/>\nDirecteur ex\u00e9cutif de Child USAdvocacy<\/h3>\n<blockquote><p>La loi du Maryland sur les enfants victimes est l\u2019une des meilleures du pays car elle rend non seulement justice \u00e0 tous les survivants mais prot\u00e8ge \u00e9galement les enfants \u00e0 l\u2019avenir.<\/p><\/blockquote>\n<h3>\n\t\t\tLa loi sur les enfants victimes est dirig\u00e9e par\t<\/h3>\n<figure itemscope itemtype=\"https:\/\/schema.org\/ImageObject\">\n\t\t\t\t<img decoding=\"async\" src=\"https:\/\/marylandefc.org\/wp-content\/uploads\/2024\/01\/MEFC_Logo-RGB.svg\" alt=\"Maryland Essentials for Childhood logo\" height=\"247\" width=\"758\" title=\"MEFC_Logo-RGB\" onerror=\"this.style.display='none'\" loading=\"lazy\" \/>\n\t<\/figure>\n<figure itemscope itemtype=\"https:\/\/schema.org\/ImageObject\">\n\t\t\t\t<img decoding=\"async\" src=\"https:\/\/marylandefc.org\/wp-content\/uploads\/2024\/01\/J4MDS_logo.webp\" alt=\"Justice 4 MD Survivors logo\" height=\"216\" width=\"570\" title=\"Logo J4MDS\" onerror=\"this.style.display='none'\" loading=\"lazy\" \/>\n\t<\/figure>\n\t\t<h2><a href=\"https:\/\/legiscan.com\/MD\/bill\/SB275\/2022\" target=\"_blank\" rel=\"noopener\">Loi sur le temps de soins de 2022<\/a><\/h2><h3>Cong\u00e9 familial et m\u00e9dical pay\u00e9<\/h3>\n<p>Sous la direction du Maryland Family Network et d&#039;autres organisations cl\u00e9s, le <a href=\"https:\/\/www.timetocare.net\/\" target=\"_blank\" rel=\"noopener\">Coalition \u00ab\u00a0Time to Care\u00a0\u00bb<\/a> a r\u00e9uni des individus, des organisations et des l\u00e9gislateurs qui ont milit\u00e9 pendant des ann\u00e9es pour parvenir \u00e0 un consensus sur une loi qui aurait un impact positif sur les familles pendant des g\u00e9n\u00e9rations. <\/p>\n<p>Maryland Essentials for Childhood et nos partenaires \u00e9taient fiers d&#039;\u00eatre membres de la coalition et d&#039;ajouter nos voix et nos efforts pour faire du cong\u00e9 familial pay\u00e9 une r\u00e9alit\u00e9 dans le Maryland.<\/p>\n<p>La nouvelle loi cr\u00e9e un <b>Un fonds d&#039;assurance pour fournir un remplacement partiel du salaire aux travailleurs qui s&#039;absentent de leur travail pour s&#039;occuper de nouveaux-n\u00e9s, de proches souffrant de probl\u00e8mes de sant\u00e9 graves ou de handicaps, ou d&#039;eux-m\u00eames.<\/b><\/p>\n\t\t\t<a href=\"https:\/\/legiscan.com\/MD\/bill\/SB275\/2022\" target=\"_blank\" rel=\"noopener\">\n\t\t\t\t\t\tLire la loi\n\t\t\t\t\t<\/a>\n\t<p>Nous savons que les cong\u00e9s pay\u00e9s pour les nouvelles m\u00e8res contribuent \u00e0 am\u00e9liorer la sant\u00e9 mentale et physique de la m\u00e8re et du nouveau-n\u00e9. <\/p>\n<p><strong>Les cong\u00e9s pay\u00e9s profitent aux familles en leur permettant de cr\u00e9er des liens sociaux et \u00e9motionnels au cours de ces premi\u00e8res semaines pass\u00e9es ensemble en famille. <\/strong><\/p>\n<figure data-animation-delay=\"0\" data-animation-duration=\"1\" itemscope itemtype=\"https:\/\/schema.org\/ImageObject\">\n\t\t\t\t<img decoding=\"async\" src=\"https:\/\/marylandefc.org\/wp-content\/uploads\/2024\/02\/Parents-at-home-in-nursery-with-child-on-paid-time-off.jpg\" alt=\"Parents in nursery with child\" height=\"800\" width=\"1200\" title=\"Parents \u00e0 la maison dans une cr\u00e8che avec un enfant en cong\u00e9 pay\u00e9\" onerror=\"this.style.display='none'\" loading=\"lazy\" \/>\n\t<\/figure>\n<figure itemscope itemtype=\"https:\/\/schema.org\/ImageObject\">\n\t\t\t\t<img decoding=\"async\" src=\"https:\/\/marylandefc.org\/wp-content\/uploads\/2024\/01\/ashley-schappell.jpeg\" alt=\"Ashley Schappell photo\" height=\"800\" width=\"800\" title=\"Ashley Schappel\" onerror=\"this.style.display='none'\" loading=\"lazy\" \/>\n\t<\/figure>\n<h4>\n\t\t\tAshely Schappell D&#039;Inverno, Ph. D.\t<\/h4>\n<h5>\n\t\t\tDivision de la pr\u00e9vention de la violence des Centres pour le contr\u00f4le et la pr\u00e9vention des maladies\t<\/h5>\n\t<blockquote><p>Le cong\u00e9 parental pay\u00e9 peut r\u00e9duire le stress financier, permettre aux parents de se concentrer sur le lien avec leur enfant et accro\u00eetre l\u2019\u00e9galit\u00e9 des sexes lorsque les p\u00e8res ont plus de temps pour participer aux t\u00e2ches li\u00e9es \u00e0 la garde des enfants.<\/p>\n<p>Tous ces effets positifs profitent \u00e0 l\u2019enfant et \u00e0 la famille dans son ensemble.<\/p><\/blockquote>\n\t\t\t<a href=\"https:\/\/paidleave.maryland.gov\/Pages\/default.aspx\" target=\"_blank\" rel=\"noopener\">\n\t\t\t\t\t\tApprendre encore plus\n\t\t\t\t\t<\/a>\n<h3>\n\t\t\tLa loi Time to Care est men\u00e9e par :\t<\/h3>\n<figure itemscope itemtype=\"https:\/\/schema.org\/ImageObject\">\n\t\t\t\t<img decoding=\"async\" src=\"https:\/\/marylandefc.org\/wp-content\/uploads\/2024\/01\/Time-to-Care-Logo.png\" alt=\"Time to Care Logo\" height=\"1120\" width=\"1120\" title=\"Logo \u00ab\u00a0Time to Care\u00a0\u00bb\" onerror=\"this.style.display='none'\" loading=\"lazy\" \/>\n\t<\/figure>\n<figure itemscope itemtype=\"https:\/\/schema.org\/ImageObject\">\n\t\t\t\t<img decoding=\"async\" src=\"https:\/\/marylandefc.org\/wp-content\/uploads\/2024\/01\/Marylanf-Family-Network-Logo.jpg\" alt=\"Maryland Family Network logo\" height=\"259\" width=\"477\" title=\"Logo du r\u00e9seau familial Marylanf\" onerror=\"this.style.display='none'\" loading=\"lazy\" \/>\n\t<\/figure>\n\t<h2>Loi de 2021 sur la gu\u00e9rison des traumatismes dans le Maryland<\/h2>\n<h2>Commission sur les soins tenant compte des traumatismes<\/h2>\n<p>En 2021, le gouverneur de l\u2019\u00e9poque, Larry Hogan, a publi\u00e9 un d\u00e9cret sur les exp\u00e9riences n\u00e9gatives de l\u2019enfance. <\/p>\n\t\t<h3>Le 6 mai est la Journ\u00e9e de sensibilisation aux exp\u00e9riences n\u00e9gatives de l&#039;enfance<\/h3>\t\n\t<figure itemscope itemtype=\"https:\/\/schema.org\/ImageObject\">\n\t\t\t\t<img decoding=\"async\" src=\"https:\/\/marylandefc.org\/wp-content\/uploads\/2024\/02\/Person-holding-someones-hand-to-comfort-during-trauma.jpg\" alt=\"Person holding someones hand to comfort during trauma\" height=\"800\" width=\"1200\" title=\"Une personne qui tient la main de quelqu&#039;un pour le r\u00e9conforter pendant un traumatisme\" onerror=\"this.style.display='none'\" loading=\"lazy\" \/>\n\t<\/figure>\n\t<h3>Commission sur les soins tenant compte des traumatismes<\/h3>\n<p>Le m\u00eame mois, l\u2019Assembl\u00e9e g\u00e9n\u00e9rale du Maryland a adopt\u00e9 une loi \u00e9tablissant la Commission sur les soins tenant compte des traumatismes.<\/p>\n<p>Le r\u00f4le de la Commission est de coordonner une initiative \u00e0 l&#039;\u00e9chelle de l&#039;\u00c9tat visant \u00e0 donner la priorit\u00e9 \u00e0 la prestation de services d&#039;\u00c9tat adapt\u00e9s aux traumatismes et tenant compte des traumatismes qui affectent les enfants, les jeunes, les familles et les personnes \u00e2g\u00e9es.\u00a0<\/p>\n<p>En 2022, le gouverneur Wes Moore est devenu le premier candidat \u00e0 un poste politique de haut niveau \u00e0 l&#039;\u00e9chelle nationale \u00e0 cr\u00e9er une plateforme de campagne sur les ACE et les traumatismes.<\/p>\n<h3>\n\t\t\tContinuer \u00e0 lire\t<\/h3>\n\t\t\t<a href=\"https:\/\/goccp.maryland.gov\/councils-commissions-and-workgroups\/commission-on-trauma-informed-care\/\" target=\"_blank\" rel=\"noopener\">\n\t\t\t\t\t\tContinuez \u00e0 lire sur la Commission du Maryland sur les soins tenant compte des traumatismes\n\t\t\t\t\t<\/a>\n\t\t\t<a href=\"https:\/\/legiscan.com\/MD\/bill\/HB548\/2021\" target=\"_blank\" rel=\"noopener\">\n\t\t\t\t\t\t2021\u00a0: Commission et formation sur les soins tenant compte des traumatismes (Healing Maryland&#039;s Trauma Act) HB548 \/ SB299\n\t\t\t\t\t<\/a>\n\t\t\t<a href=\"\/wp-content\/uploads\/2024\/01\/Maryland-Governors-ACEs-Executive-Order-5-6-21.pdf\"  target=\"_blank\" rel=\"noopener\">\n\t\t\t\t\t\tLire le d\u00e9cret du gouverneur Hogan\n\t\t\t\t\t<\/a>\n\t\t\t<a href=\"https:\/\/wesmoore.com\/wp-content\/uploads\/2022\/06\/Wes-Moore-For-Maryland-Trauma-Informed-Care-One-Pager.pdf%20\" target=\"_blank\" rel=\"noopener\">\n\t\t\t\t\t\tLisez la plateforme de campagne du gouverneur Moore sur les ACE et les traumatismes\n\t\t\t\t\t<\/a>","protected":false},"excerpt":{"rendered":"<p>IMPACT R\u00c9CENT DES POLITIQUES\u00a0: Maryland Essentials for Childhood valorise toutes les mesures l\u00e9gislatives, ex\u00e9cutives et judiciaires qui contribuent \u00e0 am\u00e9liorer nos syst\u00e8mes et guide nos agences. Nous sommes convaincus que chaque politique que nous \u00e9laborons doit favoriser un d\u00e9veloppement sain et all\u00e9ger les fardeaux inutiles pesant sur les enfants et les adultes qui les entourent. Trois r\u00e9ussites r\u00e9centes\u2026<\/p>","protected":false},"author":1,"featured_media":27091,"parent":3255,"menu_order":0,"comment_status":"closed","ping_status":"closed","template":"","meta":{"footnotes":""},"class_list":["post-26748","page","type-page","status-publish","has-post-thumbnail","hentry"],"_links":{"self":[{"href":"https:\/\/marylandefc.org\/fr\/wp-json\/wp\/v2\/pages\/26748","targetHints":{"allow":["GET"]}}],"collection":[{"href":"https:\/\/marylandefc.org\/fr\/wp-json\/wp\/v2\/pages"}],"about":[{"href":"https:\/\/marylandefc.org\/fr\/wp-json\/wp\/v2\/types\/page"}],"author":[{"embeddable":true,"href":"https:\/\/marylandefc.org\/fr\/wp-json\/wp\/v2\/users\/1"}],"replies":[{"embeddable":true,"href":"https:\/\/marylandefc.org\/fr\/wp-json\/wp\/v2\/comments?post=26748"}],"version-history":[{"count":0,"href":"https:\/\/marylandefc.org\/fr\/wp-json\/wp\/v2\/pages\/26748\/revisions"}],"up":[{"embeddable":true,"href":"https:\/\/marylandefc.org\/fr\/wp-json\/wp\/v2\/pages\/3255"}],"wp:featuredmedia":[{"embeddable":true,"href":"https:\/\/marylandefc.org\/fr\/wp-json\/wp\/v2\/media\/27091"}],"wp:attachment":[{"href":"https:\/\/marylandefc.org\/fr\/wp-json\/wp\/v2\/media?parent=26748"}],"curies":[{"name":"wp","href":"https:\/\/api.w.org\/{rel}","templated":true}]}}