{"id":26765,"date":"2024-01-29T14:32:11","date_gmt":"2024-01-29T22:32:11","guid":{"rendered":"https:\/\/marylandefc.org\/?page_id=26765"},"modified":"2026-02-12T15:24:59","modified_gmt":"2026-02-12T23:24:59","slug":"informing-policy","status":"publish","type":"page","link":"https:\/\/marylandefc.org\/fr\/policy\/informing-policy\/","title":{"rendered":"Informer les politiques"},"content":{"rendered":"<figure itemscope itemtype=\"https:\/\/schema.org\/ImageObject\">\n\t\t\t\t<img decoding=\"async\" src=\"https:\/\/marylandefc.org\/wp-content\/uploads\/2024\/01\/The-Science-of-the-Developing-Child.jpg\" alt=\"The Science of the Developing Child white paper mockup\" height=\"800\" width=\"1200\" title=\"La science du d\u00e9veloppement de l&#039;enfant\" onerror=\"this.style.display='none'\" loading=\"lazy\" \/>\n\t<\/figure>\n\t<h1>D\u00c9CIDEURS POLITIQUES<\/h1>\n\t<h2>Informer les politiques<\/h2>\n<p>Pour d\u00e9fendre une politique efficace, Maryland Essentials for Childhood investit consid\u00e9rablement dans l\u2019identification des meilleures pratiques \u00e0 l\u2019\u00e9chelle nationale, internationale et dans d\u2019autres \u00c9tats, en apprenant des chercheurs sur le terrain et en offrant une opportunit\u00e9 de dialogue entre nos partenaires.\u00a0<\/p>\n<p>En 2016, le Maryland EFC a publi\u00e9 un cadre d\u00e9finissant ses priorit\u00e9s, fond\u00e9 sur les domaines \u00e9mergents des neurosciences et des exp\u00e9riences n\u00e9gatives de l&#039;enfance. Ce livre blanc, <i>La science du d\u00e9veloppement du cerveau, les ACE et la r\u00e9silience\u00a0: un argument de poids pour un Maryland prosp\u00e8re<\/i> fa\u00e7onne encore le travail que nous faisons aujourd\u2019hui. <\/p>\n\t\t\t<a href=\"https:\/\/marylandefc.org\/wp-content\/uploads\/2024\/03\/Prosperous-Maryland-white-paper-by-Maryland-Essentials-for-Childhood.pdf\"  target=\"_blank\" rel=\"noopener\">\n\t\t\t\t\t\t\tContinuer \u00e0 lire\n\t\t\t<\/a>\n\t<h3>Vers un Maryland plus prosp\u00e8re<\/h3>\n<p>En 2019, Maryland Essentials for Childhood a publi\u00e9 un livre blanc, <i>Vers un Maryland plus prosp\u00e8re : solutions l\u00e9gislatives pour pr\u00e9venir et att\u00e9nuer les exp\u00e9riences n\u00e9gatives de l\u2019enfance (ACE) et b\u00e2tir des communaut\u00e9s r\u00e9silientes. <\/i>Les l\u00e9gislateurs de tout le pays se forment aux neurosciences de pointe, \u00e0 l\u2019\u00e9pig\u00e9n\u00e9tique, \u00e0 l\u2019\u00e9tude ACE et \u00e0 la r\u00e9silience (NEAR Science) et prennent des mesures politiques pour promouvoir un d\u00e9veloppement sain et un avenir prosp\u00e8re pour leurs \u00e9lecteurs.<\/p>\n<p>This brief shares the basics of the NEAR &#8211; neurobiology, epigenetics, ACEs and resilience Science &#8211; along with the evidence-based and innovative policies being implemented by federal and state governments to prevent and mitigate childhood trauma and promote family and community resilience.\u00a0<\/p>\n<p>Ce document a \u00e9t\u00e9 un outil puissant pour sensibiliser les l\u00e9gislateurs et les leaders d\u2019opinion aux sciences et aux solutions.\u00a0<\/p>\n<p>Le livre blanc n&#039;aurait pas \u00e9t\u00e9 possible sans le travail d\u00e9vou\u00e9 de nos partenaires Maryland Essentials for Childhood, Change the Conversation, anciennement No More Stolen Childhoods, SCCAN et le Sondheim Nonprofit Leadership Program.\u00a0<\/p>\n\t\t\t<a href=\"https:\/\/marylandefc.org\/wp-content\/uploads\/2024\/01\/FINAL-Toward-A-More-Prosperous-Maryland-ACEs-Legislative-Brief.pdf\"  target=\"_blank\" rel=\"noopener\">\n\t\t\t\t\t\t\tContinuer \u00e0 lire\n\t\t\t<\/a>\n<figure data-animation-delay=\"0\" data-animation-duration=\"1\" itemscope itemtype=\"https:\/\/schema.org\/ImageObject\">\n\t\t\t\t<a href=\"\/wp-content\/uploads\/2024\/01\/FINAL-Toward-A-More-Prosperous-Maryland-ACEs-Legislative-Brief.pdf\"  target=\"_blank\" rel=\"noopener\"  itemprop=\"url\">\n\t\t\t\t<img decoding=\"async\" src=\"https:\/\/marylandefc.org\/wp-content\/uploads\/2024\/01\/Toward-a-More-Prosperous-Maryland.jpg\" alt=\"Toward a More Prosperous Maryland white paper mockup\" height=\"800\" width=\"1200\" title=\"Vers un Maryland plus prosp\u00e8re\" onerror=\"this.style.display='none'\" loading=\"lazy\" \/>\n\t\t\t\t<\/a>\n\t<\/figure>\n\t\t<p>&#8220;Safe, stable, and nurturing relationships and environments serve as protective factors and are essential for the health and well-being of our children, ensuring that every child in Maryland has equal opportunity to thrive. All Marylanders play a role in ensuring the health and well-being of the next generation and a prosperous future for all. No one individual, organization, sector, or branch of government alone can prevent ACEs and trauma or mitigate their impact.&#8221;<\/p>\n<p>&nbsp;<\/p>\n<p><strong>~ De <i>Vers un Maryland plus prosp\u00e8re : solutions l\u00e9gislatives pour pr\u00e9venir et att\u00e9nuer les exp\u00e9riences n\u00e9gatives de l\u2019enfance (ACE) et b\u00e2tir des communaut\u00e9s r\u00e9silientes.<\/i>\u00a0\u00a0<\/strong><\/p>\n\t<h2>Table ronde des ACE<\/h2>\n<p><b>Parrain\u00e9 par : la d\u00e9l\u00e9gu\u00e9e Vanessa E. Atterbeary et le s\u00e9nateur Antonio Hayes<\/b><\/p>\n<p>En d\u00e9cembre 2019, Maryland Essentials for Childhood a organis\u00e9 une table ronde sur les ACE pour les membres de l&#039;Assembl\u00e9e g\u00e9n\u00e9rale du Maryland. Cet \u00e9v\u00e9nement a permis aux l\u00e9gislateurs et aux responsables communautaires d&#039;entendre des experts et de discuter des moyens d&#039;adopter et de mettre en \u0153uvre des politiques et des pratiques qui\u00a0: <\/p>\n<ul>\n<li>Avoir un effet puissant et prouv\u00e9 sur <a href=\"https:\/\/marylandefc.org\/fr\/grownups\/early-years\/\">enfant en bonne sant\u00e9<\/a> et <a href=\"https:\/\/marylandefc.org\/fr\/grownups\/teen-development\/\">d\u00e9veloppement de l&#039;adolescent<\/a>.<\/li>\n<li>Pr\u00e9venir, r\u00e9duire et gu\u00e9rir <a href=\"https:\/\/marylandefc.org\/fr\/get-involved\/ace-impact\/\">l&#039;adversit\u00e9 et le traumatisme<\/a>.<\/li>\n<li>Construire <a href=\"https:\/\/marylandefc.org\/fr\/grownups\/resilience\/\">r\u00e9silience<\/a>.<\/li>\n<\/ul>\n<figure itemscope itemtype=\"https:\/\/schema.org\/ImageObject\">\n\t\t\t\t<img decoding=\"async\" src=\"https:\/\/marylandefc.org\/wp-content\/uploads\/2024\/01\/ACEs-Roundtable-Image-BrainScience-1-scaled.jpg\" alt=\"Infographic of ACEs roundtable findings\" height=\"1205\" width=\"2560\" title=\"Table ronde ACEs Image BrainScience (1)\" onerror=\"this.style.display='none'\" loading=\"lazy\" \/>\n\t<\/figure>\n<figure itemscope itemtype=\"https:\/\/schema.org\/ImageObject\">\n\t\t\t\t<img decoding=\"async\" src=\"https:\/\/marylandefc.org\/wp-content\/uploads\/2024\/02\/ACE-Roundtable-Drawing-about-Surprises-with-the-Science-scaled.jpg\" alt=\"ACE Roundtable drawing about surprises with the science\" height=\"1205\" width=\"2560\" title=\"Table ronde ACE sur les surprises scientifiques\" onerror=\"this.style.display='none'\" loading=\"lazy\" \/>\n\t<\/figure>\n\t<h3>La journ\u00e9e comprenait des pr\u00e9sentations et des discussions avec :<\/h3>\n<ul>\n<li aria-level=\"1\">Frank Kros de Kros Learning\u00a0<\/li>\n<li aria-level=\"1\">Melissa Merrick, CEO, Prevent Child Abuse America and served as a lead scientist for the ACE study at CDC\u00a0<\/li>\n<li aria-level=\"1\">Kate Blackman, Conf\u00e9rence nationale des l\u00e9gislateurs des \u00c9tats<\/li>\n<li aria-level=\"1\"><a href=\"https:\/\/www.youtube.com\/watch?v=NyEcWHURXPw&amp;t=30s\" target=\"_blank\" rel=\"noopener\">Premi\u00e8re dame du Delaware, Tracey Quillen Carney<\/a>\u00a0<\/li>\n<li aria-level=\"1\">Mary Rolando, ACEs Innovations Director in the Tennessee Department of Children&#8217;s Services <\/li>\n<li aria-level=\"1\">Michael Castognola, membre du personnel du Comit\u00e9 de surveillance et de r\u00e9forme de la Chambre des repr\u00e9sentants et feu le d\u00e9put\u00e9 Elijah Cummings\u00a0<\/li>\n<li aria-level=\"1\">Joan Gillece de l&#039;Association nationale des directeurs de programmes de sant\u00e9 mentale des \u00c9tats<\/li>\n<\/ul>\n<p>Lors d&#039;un d\u00e9jeuner en groupe avec des l\u00e9gislateurs, des experts locaux, des dirigeants d&#039;initiatives communautaires ACE du Maryland et des partenaires de Maryland Essentials for Childhood de tout l&#039;\u00c9tat ont eu l&#039;occasion de partager <b>comment la science est traduite en action sur le terrain dans les communaut\u00e9s \u00e0 travers l\u2019\u00c9tat.<\/b>\u00a0<\/p>\n<p>Les l\u00e9gislateurs ont \u00e9t\u00e9 encourag\u00e9s \u00e0 adh\u00e9rer <a href=\"https:\/\/www.pacesconnection.com\/g\/maryland-state-aces\" target=\"_blank\" rel=\"noopener\">Action des ACE du Maryland<\/a> to stay connected to organizations across the state working to promote ACEs research awareness and trauma-informed\/resilience-building practices.<\/p>\n<p>La Fondation Abell a apport\u00e9 un soutien g\u00e9n\u00e9reux pour l\u2019animation et l\u2019enregistrement graphique de l\u2019\u00e9v\u00e9nement.<\/p>","protected":false},"excerpt":{"rendered":"<p>POLICY MAKERS Informing Policy To advocate for effective policy, Maryland Essentials for Childhood invests significantly in identifying best practices nationally, internationally and in other states, learning from researchers in the field and providing an opportunity for dialogue among our partners.\u00a0 In 2016, Maryland EFC released a framework for our priorities, grounded in the emerging fields&hellip;<\/p>","protected":false},"author":1,"featured_media":26773,"parent":3255,"menu_order":0,"comment_status":"closed","ping_status":"closed","template":"","meta":{"footnotes":""},"class_list":["post-26765","page","type-page","status-publish","has-post-thumbnail","hentry"],"_links":{"self":[{"href":"https:\/\/marylandefc.org\/fr\/wp-json\/wp\/v2\/pages\/26765","targetHints":{"allow":["GET"]}}],"collection":[{"href":"https:\/\/marylandefc.org\/fr\/wp-json\/wp\/v2\/pages"}],"about":[{"href":"https:\/\/marylandefc.org\/fr\/wp-json\/wp\/v2\/types\/page"}],"author":[{"embeddable":true,"href":"https:\/\/marylandefc.org\/fr\/wp-json\/wp\/v2\/users\/1"}],"replies":[{"embeddable":true,"href":"https:\/\/marylandefc.org\/fr\/wp-json\/wp\/v2\/comments?post=26765"}],"version-history":[{"count":0,"href":"https:\/\/marylandefc.org\/fr\/wp-json\/wp\/v2\/pages\/26765\/revisions"}],"up":[{"embeddable":true,"href":"https:\/\/marylandefc.org\/fr\/wp-json\/wp\/v2\/pages\/3255"}],"wp:featuredmedia":[{"embeddable":true,"href":"https:\/\/marylandefc.org\/fr\/wp-json\/wp\/v2\/media\/26773"}],"wp:attachment":[{"href":"https:\/\/marylandefc.org\/fr\/wp-json\/wp\/v2\/media?parent=26765"}],"curies":[{"name":"wp","href":"https:\/\/api.w.org\/{rel}","templated":true}]}}