{"id":26895,"date":"2024-02-06T16:08:37","date_gmt":"2024-02-07T00:08:37","guid":{"rendered":"https:\/\/marylandefc.org\/?page_id=26895"},"modified":"2026-03-03T06:19:10","modified_gmt":"2026-03-03T14:19:10","slug":"grownups","status":"publish","type":"page","link":"https:\/\/marylandefc.org\/fr\/grownups\/","title":{"rendered":"Bo\u00eete \u00e0 outils de d\u00e9veloppement c\u00e9r\u00e9bral pour aider les enfants \u00e0 s&#039;\u00e9panouir"},"content":{"rendered":"<figure itemscope itemtype=\"https:\/\/schema.org\/ImageObject\">\n\t\t\t\t<img decoding=\"async\" src=\"https:\/\/marylandefc.org\/wp-content\/uploads\/2024\/02\/Grown-ups-playing-with-their-children-to-build-their-brains.jpg\" alt=\"Grown-ups playing with their children to build their brains\" height=\"800\" width=\"1200\" title=\"Les adultes jouent avec leurs enfants pour d\u00e9velopper leur cerveau\" onerror=\"this.style.display='none'\" loading=\"lazy\" \/>\n\t<\/figure>\n\t<h1>LES ADULTES<\/h1>\n\t\t<h2>Bo\u00eete \u00e0 outils pour le d\u00e9veloppement du cerveau<\/h2><p>Welcome to the brain-building toolkit, a one-stop location for all of us to get the necessary tools to help children thrive. Maryland Essentials for Childhood&#8217;s (Maryland EFC) Childhood Resilience Action Team gathered resources from leading experts, our backbone organizations and community partners to give parents and trusted adults easy access to the latest tips to support children.<\/p>\n<p>Our knowledge of what can help healthy child development and hurt it has expanded dramatically over the past few decades. While science informs our actions at Maryland EFC, you don&#8217;t have to be a brain scientist to build a child&#8217;s brain. ALL trusted adults have the tools, and in fact, <b>TOI <\/b>are the key ingredient to a child&#8217;s strong foundation.<\/p>\n<p>Science shows us that events early in life can shape a child&#8217;s development. The good news is that it&#8217;s never too late to make a positive impact.<\/p>\n<a href=\"\"  target=\"_self\"><\/a>\t\n\t\t\t<a href=\"\/fr\/grownups\/early-years\/\"  target=\"_self\">\n\t\t\t\t\t\t\tIci pour en savoir plus sur<br \/>d\u00e9veloppement pr\u00e9coce\n\t\t\t\t\t<\/a>\n\t\t\t<a href=\"\/fr\/grownups\/teen-development\/\"  target=\"_self\">\n\t\t\t\t\t\t\tIci pour en savoir plus sur<br \/>d\u00e9veloppement des adolescents et des pr\u00e9adolescents\n\t\t\t\t\t<\/a>\n\t\t<h2>Aider les adultes et les enfants \u00e0 \u00eatre r\u00e9silients<\/h2><p>When we, as grown-ups, are under stress, it&#8217;s harder to tune into children&#8217;s needs.<\/p>\n<p>Try these ways to reduce stress and support your and your child&#8217;s resilience.<\/p>\n<figure data-animation-delay=\"0\" data-animation-duration=\"1\" itemscope itemtype=\"https:\/\/schema.org\/ImageObject\">\n\t\t\t\t<img decoding=\"async\" src=\"https:\/\/marylandefc.org\/wp-content\/uploads\/2024\/02\/dad-cheering-with-his-daughter.jpg\" alt=\"dad cheering with his daughter\" height=\"800\" width=\"1200\" title=\"papa encourage sa fille\" onerror=\"this.style.display='none'\" loading=\"lazy\" \/>\n\t<\/figure>\n\t\t<h3>1. \u00c9tablir des relations de soutien<\/h3><p>Pour vous et votre enfant avec vos amis, votre famille, vos prestataires de soins de sant\u00e9, vos chefs religieux, vos \u00e9ducateurs, vos mentors et vos entra\u00eeneurs.<\/p>\n\t\t<h3>2. \u00c9tablir des routines familiales<\/h3><p>Avoir une routine pr\u00e9visible cr\u00e9e un sentiment de s\u00e9curit\u00e9, d\u2019appartenance et nourrit les relations.<\/p>\n\t\t<h3>3. Concentrez-vous sur les habitudes de vie<\/h3><p>Comme un sommeil de qualit\u00e9, une activit\u00e9 physique et une alimentation \u00e9quilibr\u00e9e. Si vous avez du mal \u00e0 nourrir votre famille sainement, composez le 211 et renseignez-vous sur les banques alimentaires pr\u00e8s de chez vous.<\/p>\n\t\t<h3>4. Sortez dans la nature<\/h3><p>Il r\u00e9duit les hormones du stress et augmente les hormones qui r\u00e9duisent la douleur et am\u00e9liorent l\u2019humeur.\u00a0<\/p>\n\t\t<h3>5. Passez du temps avec vos animaux de compagnie<\/h3><p>If you don&#8217;t have one, volunteer your time at a pet shelter or organization.<\/p>\n\t\t<h3>6. Pratiquez la pleine conscience<\/h3><p>Cela peut \u00eatre un super pouvoir. <a href=\"https:\/\/www.youtube.com\/watch?v=w6T02g5hnT4\" target=\"_blank\" rel=\"noopener\">Regardez cette vid\u00e9o<\/a> pour commencer.<\/p>\n\t\t<h2>Soutien communautaire pour aider en cas de besoin<\/h2><p>Nous comprenons qu&#039;\u00eatre parent et prendre soin des enfants est une t\u00e2che difficile ! D\u00e9couvrez les ressources communautaires pr\u00e8s de chez vous qui peuvent vous aider dans votre parcours parental. <\/p>\n<figure data-animation-delay=\"0\" data-animation-duration=\"1\" itemscope itemtype=\"https:\/\/schema.org\/ImageObject\">\n\t\t\t\t<img decoding=\"async\" src=\"https:\/\/marylandefc.org\/wp-content\/uploads\/2019\/01\/cropped-LBH_TFT_VERT_logo_rgb.png\" alt=\"The Family Tree logo\" height=\"332\" width=\"1046\" title=\"logo_LBH_TFT_VERT_recadr\u00e9_rgb\" onerror=\"this.style.display='none'\" loading=\"lazy\" \/>\n\t<\/figure>\n\t\t<h3><a href=\"https:\/\/www.familytreemd.org\/programs\/helpline\/\" target=\"_blank\" rel=\"noopener\">Appelez la ligne d&#039;assistance aux parents<br \/> 1-800-243-7337<\/a><\/h3><p>Lorsque vous avez une question parentale, la ligne d&#039;assistance parentale 24 heures sur 24 peut vous fournir des conseils, des ressources et un soutien gratuits et confidentiels. <a href=\"https:\/\/www.familytreemd.org\/programs\/helpline\/\" target=\"_blank\" rel=\"noopener\">ligne d&#039;assistance aux parents<\/a>\u00a0est un service de The Family Tree.<\/p>\n\t\t\t<a href=\"https:\/\/www.familytreemd.org\/programs\/helpline\/\" target=\"_blank\" rel=\"noopener\">\n\t\t\t\t\t\tLigne d&#039;assistance aux parents\n\t\t\t\t\t<\/a>\n\t\t<h3><a href=\"http:\/\/search.marylandefc.org\/\" target=\"_blank\" rel=\"noopener\">Composez le 211<\/a><\/h3><p><a href=\"http:\/\/211md.org\" target=\"_blank\" rel=\"noopener\">211<\/a> is an Information and Referral System with community resources available for essential health and human services like food, housing, child care, utility assistance and mental health support. It&#8217;s powered by the Maryland Information Network and is available any time of day or night.\u00a0<\/p>\n<p>Maryland Essentials for Childhood (EFC) s&#039;est associ\u00e9 au 211 pour vous connecter \u00e0 des ressources pour les enfants et les familles de votre communaut\u00e9.\u00a0<\/p>\n<p>Recherchez par code postal pour trouver du soutien communautaire pr\u00e8s de chez vous.<\/p>\n\t\t\t<a href=\"http:\/\/search.marylandefc.org\/\" target=\"_blank\" rel=\"noopener\">\n\t\t\t\t\t\t\tRechercher des ressources\n\t\t\t<\/a>\n<figure data-animation-delay=\"0\" data-animation-duration=\"1\" itemscope itemtype=\"https:\/\/schema.org\/ImageObject\">\n\t\t\t\t<img decoding=\"async\" src=\"https:\/\/marylandefc.org\/wp-content\/uploads\/2025\/06\/211-MIN_Logo-rgb.svg\" alt=\"211 MIN Logo RGB\" height=\"310\" width=\"1366\" title=\"211-MIN_Logo-rgb\" onerror=\"this.style.display='none'\" loading=\"lazy\" \/>\n\t<\/figure>\n<figure itemscope itemtype=\"https:\/\/schema.org\/ImageObject\">\n\t\t\t\t<img decoding=\"async\" src=\"https:\/\/marylandefc.org\/wp-content\/uploads\/2024\/02\/family-playing-soccer-together.jpg\" alt=\"family playing soccer together\" height=\"800\" width=\"1200\" title=\"famille jouant au football ensemble\" onerror=\"this.style.display='none'\" loading=\"lazy\" \/>\n\t<\/figure>\n\t\t<figure itemscope itemtype=\"https:\/\/schema.org\/ImageObject\">\n\t\t\t\t<a href=\"\/fr\/grownups\/resilience\/\"  target=\"_self\" itemprop=\"url\">\n\t\t\t\t<img decoding=\"async\" src=\"https:\/\/marylandefc.org\/wp-content\/uploads\/2024\/01\/MEC-Icons_idea.svg\" alt=\"Light bulb icon for information\" height=\"300\" width=\"300\" title=\"Id\u00e9e d&#039;ic\u00f4nes MEC\" onerror=\"this.style.display='none'\" loading=\"lazy\" \/>\n\t\t\t\t<\/a>\n\t<\/figure>\n<h3><a href=\"\/fr\/grownups\/resilience\/\" target=\"_self\">Obtenez plus d&#039;outils de r\u00e9silience<\/a><\/h3>\n\t\t\t<a href=\"\/fr\/grownups\/resilience\/\"  target=\"_self\">\n\t\t\t\t\t\t\tContinuer \u00e0 lire\n\t\t\t\t\t<\/a>","protected":false},"excerpt":{"rendered":"<p>GROWN-UPS Brain-Building Toolkit Welcome to the brain-building toolkit, a one-stop location for all of us to get the necessary tools to help children thrive. Maryland Essentials for Childhood&#8217;s (Maryland EFC) Childhood Resilience Action Team gathered resources from leading experts, our backbone organizations and community partners to give parents and trusted adults easy access to the&hellip;<\/p>","protected":false},"author":1,"featured_media":27535,"parent":0,"menu_order":0,"comment_status":"closed","ping_status":"closed","template":"","meta":{"footnotes":""},"class_list":["post-26895","page","type-page","status-publish","has-post-thumbnail","hentry"],"_links":{"self":[{"href":"https:\/\/marylandefc.org\/fr\/wp-json\/wp\/v2\/pages\/26895","targetHints":{"allow":["GET"]}}],"collection":[{"href":"https:\/\/marylandefc.org\/fr\/wp-json\/wp\/v2\/pages"}],"about":[{"href":"https:\/\/marylandefc.org\/fr\/wp-json\/wp\/v2\/types\/page"}],"author":[{"embeddable":true,"href":"https:\/\/marylandefc.org\/fr\/wp-json\/wp\/v2\/users\/1"}],"replies":[{"embeddable":true,"href":"https:\/\/marylandefc.org\/fr\/wp-json\/wp\/v2\/comments?post=26895"}],"version-history":[{"count":0,"href":"https:\/\/marylandefc.org\/fr\/wp-json\/wp\/v2\/pages\/26895\/revisions"}],"wp:featuredmedia":[{"embeddable":true,"href":"https:\/\/marylandefc.org\/fr\/wp-json\/wp\/v2\/media\/27535"}],"wp:attachment":[{"href":"https:\/\/marylandefc.org\/fr\/wp-json\/wp\/v2\/media?parent=26895"}],"curies":[{"name":"wp","href":"https:\/\/api.w.org\/{rel}","templated":true}]}}