{"id":26903,"date":"2024-02-06T16:12:20","date_gmt":"2024-02-07T00:12:20","guid":{"rendered":"https:\/\/marylandefc.org\/?page_id=26903"},"modified":"2024-11-30T07:17:49","modified_gmt":"2024-11-30T15:17:49","slug":"teen-challenges","status":"publish","type":"page","link":"https:\/\/marylandefc.org\/fr\/grownups\/teen-challenges\/","title":{"rendered":"Les d\u00e9fis du d\u00e9veloppement des pr\u00e9adolescents et des adolescents et comment les g\u00e9rer"},"content":{"rendered":"<img loading=\"lazy\" decoding=\"async\" src=\"https:\/\/marylandefc.org\/wp-content\/uploads\/2024\/02\/Mom-helping-teen-daughter-drive-scaled.jpg\" alt=\"Mom helping teen daughter drive\" itemprop=\"image\" height=\"1440\" width=\"2560\" title=\"Adolescente, Fille, Dans, Voiture, Ayant, Conduite, Le\u00e7on, De, Femme, Instructeur\" onerror=\"this.style.display='none'\"  \/>\n\t<h1>D\u00c9FIS DE D\u00c9VELOPPEMENT DES ADOLESCENTS ET PR\u00c9ADOLESCENTS<\/h1>\n\t<h2>Pr\u00e9venir et g\u00e9rer les d\u00e9fis<\/h2>\n<p>Si chaque \u00e9tape de la vie offre des opportunit\u00e9s uniques, chaque \u00e9tape comporte aussi ses d\u00e9fis. Si certains, comme les sautes d&#039;humeur ou l&#039;impulsivit\u00e9, font partie de la vie, <a href=\"https:\/\/marylandefc.org\/fr\/grownups\/teen-development\/\">d\u00e9veloppement sain des adolescents<\/a>Certaines exp\u00e9riences peuvent compromettre un d\u00e9veloppement sain. Apprenez \u00e0 pr\u00e9venir et \u00e0 aider votre adolescent \u00e0 d\u00e9velopper des relations et des comp\u00e9tences pour faire face aux d\u00e9fis de la vie.\u00a0<\/p>\n\t<h2>Relations<\/h2>\n<p>Les relations sont au c\u0153ur de la vie humaine\u00a0: une exp\u00e9rience humaine fondamentale qui commence d\u00e8s la naissance. \u00c0 mesure que nous grandissons, nous interagissons avec nos amis, notre famille, nos enseignants, nos entra\u00eeneurs et bien d\u2019autres personnes. Ces personnes nous aident \u00e0 d\u00e9couvrir qui nous sommes et qui nous pouvons devenir.\u00a0<\/p>\n<p>Des relations solides favorisant le d\u00e9veloppement sont essentielles pour les jeunes de tous \u00e2ges, origines et milieux socio-\u00e9conomiques. Ces liens \u00e9troits sont particuli\u00e8rement importants pour les jeunes qui grandissent dans des conditions difficiles.\u00a0<\/p>\n<p>Les jeunes s&#039;\u00e9panouissent lorsqu&#039;ils b\u00e9n\u00e9ficient d&#039;un solide r\u00e9seau de relations propices \u00e0 leur d\u00e9veloppement au sein de leur famille, de leur classe, de leurs programmes jeunesse et de leurs communaut\u00e9s religieuses. C&#039;est particuli\u00e8rement important pour <a href=\"https:\/\/marylandefc.org\/fr\/grownups\/teen-development\/\">d\u00e9veloppement de l&#039;adolescent<\/a> et la sant\u00e9 mentale d\u2019avoir des adultes \u00e0 qui ils peuvent parler de leurs sentiments.<\/p>\n<blockquote><p>Pourtant, dans le Maryland, seulement 36,81 % des lyc\u00e9ens interrog\u00e9s estiment avoir un adulte \u00e0 qui ils peuvent parler de leurs sentiments, selon l&#039;enqu\u00eate. <a href=\"https:\/\/health.maryland.gov\/phpa\/ccdpc\/Reports\/Pages\/State-Level-Data,-2021-2022.aspx\" target=\"_blank\" rel=\"noopener\">Enqu\u00eate sur les risques pour les jeunes du D\u00e9partement de la Sant\u00e9 du Maryland\/Enqu\u00eate sur le tabagisme chez les jeunes au lyc\u00e9e<\/a> (2021-2022).\u00a0<\/p>\n<p>D\u2019autres ont des relations qui impliquent de la violence, de l\u2019intimidation ou d\u2019autres aspects malsains. <\/p><\/blockquote>\n<p>C\u2019est pourquoi il est important que les adultes sachent comment aider les jeunes \u00e0 nouer des relations saines et \u00e0 surmonter les difficult\u00e9s.\u00a0<\/p>\n\t\t\t\t<img loading=\"lazy\" decoding=\"async\" src=\"https:\/\/marylandefc.org\/wp-content\/uploads\/2024\/02\/teens-building-their-relationship-by-talking-scaled.jpg\" alt=\"Teens laughing in the hallway\" itemprop=\"image\" height=\"1707\" width=\"2560\" title=\"Fille adolescente joyeuse s&#039;amusant pendant ses \u00e9tudes au lyc\u00e9e\" onerror=\"this.style.display='none'\"  \/>\n\t<iframe loading=\"lazy\" title=\"Ils fa\u00e7onnent qui nous sommes\" width=\"500\" height=\"281\" src=\"https:\/\/www.youtube.com\/embed\/0i4Hv5xGFNI?feature=oembed\" frameborder=\"0\" allow=\"accelerometer; autoplay; clipboard-write; encrypted-media; gyroscope; picture-in-picture; web-share\" referrerpolicy=\"strict-origin-when-cross-origin\" allowfullscreen><\/iframe>\n\t<p>Source: <a href=\"https:\/\/searchinstitute.org\/\" target=\"_blank\" rel=\"noopener\">Institut de recherche<\/a><\/p>\n\t\t<p>Pour s&#039;\u00e9panouir, les adolescents ont besoin d&#039;\u00eatre ancr\u00e9s dans des relations propices au d\u00e9veloppement. Poursuivez votre lecture. <a href=\"https:\/\/info.searchinstitute.org\/developmental-relationships-help-young-people-thrive\" target=\"_blank\" rel=\"noopener\">ce cadre relationnel de d\u00e9veloppement en 5 \u00e9tapes<\/a> de l&#039;Institut de recherche.<\/p>\n<p>Et \u00e9coutez les jeunes parler de l\u2019impact des relations d\u00e9veloppementales dans leur vie. <\/p>\n\t\t\t\t<img loading=\"lazy\" decoding=\"async\" src=\"https:\/\/marylandefc.org\/wp-content\/uploads\/2024\/01\/MEC-Icons_idea.svg\" alt=\"Light bulb icon for information\" itemprop=\"image\" height=\"300\" width=\"300\" title=\"Id\u00e9e d&#039;ic\u00f4nes MEC\" onerror=\"this.style.display='none'\"  \/>\n\t\t<h3><a href=\"https:\/\/podcasts.apple.com\/us\/podcast\/episode-2-5-clay-cook-establish-maintain-restore\/id1593749081?i=1000569761799\" target=\"_blank\" rel=\"noopener\">Continuer \u00e0 apprendre<\/a><\/h3><p>Alors, comment nouer des relations avec les jeunes et les entretenir au fil des ans\u00a0? \u00c9coutez cet \u00e9pisode du podcast \u00ab\u00a0Rooted in Relationships\u00a0\u00bb avec des experts du bien-\u00eatre des adolescents.<\/p>\n\t\t\t<a href=\"https:\/\/podcasts.apple.com\/us\/podcast\/episode-2-5-clay-cook-establish-maintain-restore\/id1593749081?i=1000569761799\" target=\"_blank\" rel=\"noopener\">\n\t\t\t\t\t\t\t\u00c9coutez maintenant\n\t\t\t\t\t<\/a>\n\t\t\t\t<img loading=\"lazy\" decoding=\"async\" src=\"https:\/\/marylandefc.org\/wp-content\/uploads\/2024\/02\/kid-painting-in-community-building-positive-mental-health-scaled.jpg\" alt=\"Teen painting a mural in the city\" itemprop=\"image\" height=\"1707\" width=\"2560\" title=\"Groupe d&#039;adolescents serviables cr\u00e9ant et entretenant un projet artistique communautaire\" onerror=\"this.style.display='none'\"  \/>\n\t<h2>Sant\u00e9 mentale positive<\/h2>\n<p>Une bonne sant\u00e9 mentale procure aux jeunes un sentiment de s\u00e9curit\u00e9 et de bonheur, favorise des relations positives et leur permet de d\u00e9velopper progressivement des comp\u00e9tences essentielles. Entourer les adolescents de conditions et d&#039;exp\u00e9riences propices \u00e0 leur d\u00e9veloppement leur permet de s&#039;\u00e9panouir.\u00a0<\/p>\n<h2>\n\t\tCr\u00e9ez des exp\u00e9riences positives en veillant \u00e0 ce que les adolescents vivent :\n\t<\/h2>\n\t\t<h3>Sc\u00e9narios du monde r\u00e9el<\/h3><p>qui aident \u00e0 la prise de d\u00e9cision et aux comp\u00e9tences de r\u00e9gulation \u00e9motionnelle. <\/p>\n\t\t<h3>Risques pour la sant\u00e9<\/h3><p>pour tester de nouvelles id\u00e9es. Vous pouvez les encourager en explorant des cours stimulants, des activit\u00e9s extrascolaires et d&#039;autres exp\u00e9riences.<\/p>\n\t\t<h3>Des opportunit\u00e9s qui les aident \u00e0 d\u00e9velopper un sens et un but.<\/h3><p>Il peut s\u2019agir d\u2019une opportunit\u00e9 de b\u00e9n\u00e9volat ou d\u2019une autre activit\u00e9 dans laquelle ils contribuent \u00e0 leurs pairs, \u00e0 leurs familles et \u00e0 leurs communaut\u00e9s.<\/p>\n\t\t<h3>Des situations positives qui les aident \u00e0 gagner le respect et \u00e0 socialiser<\/h3><p>avec leurs pairs, adolescents et adultes. Pour ce faire, ils peuvent participer \u00e0 des activit\u00e9s communautaires, scolaires et sportives afin de d\u00e9velopper leurs comp\u00e9tences et leur respect de soi et des autres.\u00a0<\/p>\n\t\t<h3>Situations qui d\u00e9finissent les valeurs personnelles,<\/h3><p>des objectifs et un sentiment positif d\u2019identit\u00e9.<\/p>\n\t\t<h3>Les adultes qui font preuve de compassion<\/h3><p>et soutien.<\/p>\n\t<h3>G\u00e9rer le stress et l&#039;adversit\u00e9<\/h3>\n<p>D&#039;autre part, diff\u00e9rents types de stress ou d&#039;adversit\u00e9 peuvent nuire \u00e0 la sant\u00e9 mentale des adolescents. En explorant le monde qui les entoure, les adolescents peuvent d\u00e9velopper des craintes face \u00e0 des probl\u00e8mes sociaux tels que la violence arm\u00e9e, le changement climatique, les conflits mondiaux ou d&#039;autres enjeux majeurs.\u00a0<\/p>\n<p>Ils peuvent \u00eatre victimes de harc\u00e8lement ou de discrimination en raison de leur origine ethnique, de leur sexe, de leur orientation sexuelle, de leur langue, de leur religion, de leur handicap, de leur poids ou d&#039;autres aspects de leur identit\u00e9 naissante. Les adolescents peuvent rencontrer des probl\u00e8mes li\u00e9s aux finances familiales ou au logement, ou ressentir une pression pour tout faire correctement et planifier leur avenir.\u00a0<\/p>\n<p>Continuez \u00e0 lire sur certaines des pressions auxquelles les adolescents sont confront\u00e9s et les <a href=\"https:\/\/www.healthychildren.org\/English\/ages-stages\/teen\/Pages\/Mental-Health-and-Teens-Watch-for-Danger-Signs.aspx\" target=\"_blank\" rel=\"noopener\">probl\u00e8mes de sant\u00e9 mentale les plus courants<\/a>.<\/p>\n\t<h3><b>Soutenir votre\/vos adolescent(s)<\/b><\/h3>\n<p>Les parents et les aidants sont des sources essentielles de soutien pour la sant\u00e9 mentale des adolescents et des pr\u00e9adolescents. Apprenez comment aider les jeunes \u00e0 g\u00e9rer la d\u00e9tresse et \u00e0 surmonter les probl\u00e8mes de sant\u00e9 mentale. Passez \u00e0 l&#039;action avec ces ressources. <a href=\"https:\/\/parentandteen.com\/support-teen-mental-health-stand-by-teens\/\" target=\"_blank\" rel=\"noopener\">5 fa\u00e7ons de soutenir votre adolescent<\/a>.<\/p>\n\t<iframe loading=\"lazy\" width=\"560\" height=\"315\" src=\"https:\/\/www.youtube.com\/embed\/yWkepfPInnk?si=CrykbTWBhfk-8tms\" title=\"Lecteur vid\u00e9o YouTube\" frameborder=\"0\" allow=\"accelerometer; autoplay; clipboard-write; encrypted-media; gyroscope; picture-in-picture; web-share\" allowfullscreen><\/iframe>\n\t\t\t\t<img loading=\"lazy\" decoding=\"async\" src=\"https:\/\/marylandefc.org\/wp-content\/uploads\/2024\/03\/Black-Lives-Matter-march.jpg\" alt=\"Black Lives Matter March\" itemprop=\"image\" height=\"800\" width=\"1200\" title=\"Marche Black Lives Matter\" onerror=\"this.style.display='none'\"  \/>\n\t<h2>Le racisme touche les adolescents<\/h2>\n<p>Parce que le racisme se manifeste dans la soci\u00e9t\u00e9 sous de nombreuses formes, les adolescents le rencontrent de diff\u00e9rentes mani\u00e8res lorsqu\u2019ils explorent leur monde.<\/p>\n<p>Les adolescents et les pr\u00e9adolescents peuvent \u00eatre t\u00e9moins ou victimes de propos ou d&#039;actes pr\u00e9judiciables envers les personnes de couleur, de mani\u00e8res parfois \u00e9videntes ou subtiles. En d\u00e9couvrant la musique, les films et autres contenus m\u00e9diatiques, les adolescents peuvent \u00eatre expos\u00e9s \u00e0 des images et des r\u00e9cits empreints de st\u00e9r\u00e9otypes raciaux, une forme de racisme culturel.<\/p>\n<p>Le racisme se manifeste \u00e9galement dans la soci\u00e9t\u00e9 lorsque des syst\u00e8mes comme l&#039;\u00e9ducation, l&#039;emploi et la police fonctionnent de mani\u00e8re \u00e0 avantager les personnes blanches, mais \u00e0 entraver, exclure ou nuire aux personnes de couleur. Parce que les adolescents et leurs familles interagissent avec ces syst\u00e8mes, le racisme structurel fa\u00e7onne la mani\u00e8re dont les jeunes construisent leur identit\u00e9 et trouvent leur place dans le monde.<\/p>\n\t<p>Pour les jeunes de couleur, ces diff\u00e9rentes formes de racisme les exposent \u00e0 des facteurs de stress permanents. <a href=\"https:\/\/harvardcenter.wpenginepowered.com\/wp-content\/uploads\/2020\/11\/RacismInfographic_2020.pdf\" target=\"_blank\" rel=\"noopener\">Les facteurs de stress permanents peuvent nuire au d\u00e9veloppement sain<\/a> et cr\u00e9ent des obstacles \u00e0 la r\u00e9alisation des opportunit\u00e9s de l&#039;adolescence. Une surcharge de stress peut causer des dommages r\u00e9els et durables aux enfants, aux adolescents et aux familles.<\/p>\n<ul>\n<li>Il est important que nous, en tant que parents et tuteurs, reconnaissions que le racisme est l\u2019une des influences n\u00e9gatives dans l\u2019environnement de nos adolescents.<\/li>\n<li>Il est important que les adolescents puissent se tourner vers un adulte attentionn\u00e9 et de confiance pour discuter de leurs pens\u00e9es et de leurs sentiments \u00e0 l\u2019\u00e9gard du racisme.<\/li>\n<li>Nous pouvons travailler pour contrebalancer les exp\u00e9riences et les effets n\u00e9gatifs du racisme avec <a href=\"https:\/\/marylandefc.org\/fr\/grownups\/protective-factors\/#PCE\">exp\u00e9riences positives<\/a>, soutien actif et <a href=\"http:\/\/search.marylandefc.org\" target=\"_blank\" rel=\"noopener\">acc\u00e8s aux ressources vitales pour la sant\u00e9 et le bien-\u00eatre<\/a>.<\/li>\n<\/ul>\n<p>Tout comme nous cherchons des moyens de pr\u00e9venir d\u2019autres formes d\u2019adversit\u00e9, nous pouvons chercher des moyens de r\u00e9duire les effets du racisme syst\u00e9mique sur les enfants, les jeunes et les familles en travaillant activement \u00e0 des conditions sociales et \u00e9conomiques plus \u00e9quitables.<\/p>\n\t\t\t\t<img loading=\"lazy\" decoding=\"async\" src=\"https:\/\/marylandefc.org\/wp-content\/uploads\/2024\/03\/Barber-cutting-teens-hair-courtesy-Healing-City-Baltimore-scaled.jpg\" alt=\"Barber-cutting-teens-hair-courtesy-Healing-City-Baltimore\" itemprop=\"image\" height=\"2560\" width=\"1707\" title=\"Coiffeur-coupe-cheveux-adolescents-gracieuset\u00e9-Healing-City-Baltimore\" onerror=\"this.style.display='none'\"  \/>\n<h2>\n\t\tQue peuvent faire les adultes pour aider ?\n\t<\/h2>\n\t\t<h3>Rechercher et r\u00e9duire les biais inconscients en nous-m\u00eames.<\/h3><p>Lire <a href=\"https:\/\/www.aafp.org\/pubs\/fpm\/blogs\/inpractice\/entry\/implicit_bias.html\" target=\"_blank\" rel=\"noopener\"><em>Huit tactiques pour identifier et r\u00e9duire vos comportements implicites<\/em><\/a><em> biais <\/em>par l&#039;Acad\u00e9mie am\u00e9ricaine des m\u00e9decins de famille.<\/p>\n\t\t<h3>Si nos enfants sont victimes ou t\u00e9moins d\u2019un \u00e9v\u00e9nement raciste haineux, nous pouvons \u00eatre vigilants.<\/h3><p>pour <a href=\"https:\/\/www.mhanational.org\/racial-trauma\" target=\"_blank\" rel=\"noopener\">signes et sympt\u00f4mes de traumatisme racial<\/a> et r\u00e9pondre avec des soutiens opportuns.<\/p>\n\t\t<h3>Mod\u00e9lisez et encouragez les comportements d\u2019adaptation comme l\u2019utilisation de distractions saines,<\/h3><p>exprimer vos \u00e9motions de mani\u00e8re positive, pratiquer des techniques de soins personnels et de relaxation, comme l&#039;exercice, la pleine conscience et le yoga.<\/p>\n\t\t<h3>Parlez \u00e0 vos adolescents et pr\u00e9adolescents de race et d\u2019identit\u00e9<\/h3><p>En lisant, en regardant, en \u00e9coutant, en explorant et en discutant ensemble du racisme. Essayez cette vid\u00e9o de l&#039;\u00e9mission Above the Noise de Maryland Public Television\u00a0:\u00a0 <a href=\"https:\/\/mpt.pbslearningmedia.org\/resource\/what-does-it-mean-to-be-anti-racist-video\/above-the-noise\/\" target=\"_blank\" rel=\"noopener\">Que signifie \u00eatre antiraciste ?<\/a><\/p>\n\t\t<h3>D\u00e9velopper un syst\u00e8me de soutien communautaire<\/h3><p>d\u2019amis, de familles, d\u2019\u00e9ducateurs, de chefs religieux et de prestataires de services.<\/p>\n\t\t<h3>Apprenez-en davantage sur le racisme institutionnel dans nos politiques sociales et \u00e9conomiques,<\/h3><p>incluant des exemples encourageants de strat\u00e9gies efficaces \u00e0 travers le pays. Regardez cette conf\u00e9rence TedTalk. <a href=\"https:\/\/www.youtube.com\/watch?v=VzyjDR_AWzE\" target=\"_blank\" rel=\"noopener\">Comment le racisme nous rend malades<\/a> par le Dr David R. Williams, PhD, MPH, pr\u00e9sident du d\u00e9partement des sciences sociales et comportementales de la Harvard TH Chan School of Public Health<\/p>\n\t\t<h3>En savoir plus<\/h3><p><a href=\"https:\/\/developingadolescent.semel.ucla.edu\/assets\/uploads\/research\/resources\/Anti-racism_brief_Sep21.pdf\" target=\"_blank\" rel=\"noopener\"><em>Comment la science du d\u00e9veloppement peut contribuer \u00e0 lutter contre le racisme structurel anti-noir \u00e0 l&#039;adolescence<\/em><\/a> du Centre pour le d\u00e9veloppement des adolescents de l&#039;UCLA.<\/p>\n\t\t<h3>Nous jouons tous un r\u00f4le important dans la promotion de l\u2019\u00e9quit\u00e9 !<\/h3><p><a href=\"https:\/\/marylandefc.org\/fr\/get-involved\/\">\u00a0Rejoignez l&#039;EFC<\/a> alors que nous incitons les d\u00e9cideurs politiques \u00e0 prendre en compte l\u2019\u00e9quit\u00e9 dans toutes les d\u00e9cisions qui affectent les familles.<\/p>\n\t\t\t\t<img loading=\"lazy\" decoding=\"async\" src=\"https:\/\/marylandefc.org\/wp-content\/uploads\/2024\/01\/MEC-Icons_idea.svg\" alt=\"Light bulb icon for information\" itemprop=\"image\" height=\"300\" width=\"300\" title=\"Id\u00e9e d&#039;ic\u00f4nes MEC\" onerror=\"this.style.display='none'\"  \/>\n<h3>Obtenir du soutien en mati\u00e8re de sant\u00e9 mentale<\/h3><p>Si votre adolescent \u00e9prouve des difficult\u00e9s \u00e9motionnelles ou comportementales ou pr\u00e9sente des signes d\u2019anxi\u00e9t\u00e9 ou de d\u00e9pression, il existe des moyens d\u2019obtenir de l\u2019aide. <\/p>\n<ol>\n<li><a href=\"http:\/\/search.marylandefc.org\" target=\"_blank\" rel=\"noopener\">Rechercher dans la base de donn\u00e9es des ressources EFC<\/a> pour les services de sant\u00e9 mentale selon l\u2019\u00e2ge.<\/li>\n<li>Appelez le 988 si votre adolescent a des pens\u00e9es suicidaires ou si vous avez des inqui\u00e9tudes concernant la consommation de substances.*<\/li>\n<li>Envoyez HOME par SMS au 741741 pour joindre la ligne de crise par SMS.*<\/li>\n<\/ol>\n<p><i>*Les deux ressources sont gratuites et confidentielles.<\/i><\/p>\n\t\t\t\t<img loading=\"lazy\" decoding=\"async\" src=\"https:\/\/marylandefc.org\/wp-content\/uploads\/2024\/02\/kids-taking-risks-skateboarding-scaled.jpg\" alt=\"kids taking risks skateboarding\" itemprop=\"image\" height=\"1709\" width=\"2560\" title=\"les enfants prennent des risques en faisant du skateboard\" onerror=\"this.style.display='none'\"  \/>\n\t<h2>Prise de risque<\/h2>\n<p>Il n\u2019est pas seulement normal pour les adolescents de prendre des risques et d\u2019essayer de nouvelles choses, c\u2019est un \u00e9l\u00e9ment essentiel de l\u2019apprentissage au cours de ces ann\u00e9es.\u00a0<\/p>\n<p>Tout comme les tout-petits laissent tomber leurs jouets \u00e0 r\u00e9p\u00e9tition pour apprendre qu&#039;ils tombent toujours, les adolescents prennent des risques \u00e0 r\u00e9p\u00e9tition pour appr\u00e9hender l&#039;incertitude. \u00c0 l&#039;adolescence, nous avons un besoin naturel d&#039;explorer de nouvelles choses afin de d\u00e9couvrir qui nous sommes, d&#039;\u00e9largir nos comp\u00e9tences et de nous pr\u00e9parer \u00e0 devenir des adultes ind\u00e9pendants.\u00a0<\/p>\n<p>La prise de risque peut \u00eatre \u00e0 la fois n\u00e9gative et positive. Les adolescents peuvent apprendre et grandir en explorant des voies dont l&#039;issue est inconnue, qu&#039;il s&#039;agisse de participer \u00e0 une nouvelle activit\u00e9 ou de faire la connaissance d&#039;une nouvelle personne.\u00a0<\/p>\n<p>Une exploration saine permet aux adolescents de faire l\u2019exp\u00e9rience du risque dans un environnement positif et encourageant.\u00a0<\/p>\n<p>Parfois, les adolescents explorent des voies qui mettent en danger leur sant\u00e9 et leur bien-\u00eatre. Par exemple, une exploration pr\u00e9coce de substances nocives comme le tabac, l&#039;alcool, le cannabis ou d&#039;autres drogues peut entra\u00eener des probl\u00e8mes imm\u00e9diats, comme des accidents ou des blessures, ainsi que des probl\u00e8mes de sant\u00e9 et de comportement \u00e0 long terme.\u00a0<\/p>\n<p>Que les adolescents explorent leurs activit\u00e9s de mani\u00e8re saine ou dangereuse, le soutien efficace des adultes est tr\u00e8s similaire.\u00a0<\/p>\n\t\t\t\t<img loading=\"lazy\" decoding=\"async\" src=\"https:\/\/marylandefc.org\/wp-content\/uploads\/2024\/01\/MEC-Icons_idea.svg\" alt=\"Light bulb icon for information\" itemprop=\"image\" height=\"300\" width=\"300\" title=\"Id\u00e9e d&#039;ic\u00f4nes MEC\" onerror=\"this.style.display='none'\"  \/>\n\t\t<p>Continuez \u00e0 apprendre comment accompagner les adolescents dans leur exploration. D\u00e9couvrez ce que vous pouvez faire en tant que parent pour <a href=\"https:\/\/extension.umn.edu\/teen-development\/teens-and-risk-taking\" target=\"_blank\" rel=\"noopener\">aidez votre enfant \u00e0 explorer de nouvelles id\u00e9es<\/a>. <\/p>\n\t<h3><b>Conseils et outils<\/b><\/h3>\n<p>Lorsque les adultes offrent un soutien adapt\u00e9 \u00e0 leur \u00e2ge, les jeunes peuvent grandir et apprendre des difficult\u00e9s. Mais nul besoin d&#039;improviser au fur et \u00e0 mesure. Il existe des m\u00e9thodes \u00e9prouv\u00e9es et scientifiquement prouv\u00e9es pour aborder les difficult\u00e9s auxquelles les enfants sont confront\u00e9s \u00e0 diff\u00e9rents \u00e2ges et \u00e0 diff\u00e9rents stades de d\u00e9veloppement.<\/p>\n<p><b>Vous souhaitez mieux communiquer avec votre adolescent ou pr\u00e9adolescent ?\u00a0 <a href=\"https:\/\/parentandteen.com\/\" target=\"_blank\" rel=\"noopener\">D\u00e9couvrez le Centre de communication parents-adolescents<\/a>.<\/b><\/p>\n<p>&nbsp;<\/p>","protected":false},"excerpt":{"rendered":"<p>D\u00c9FIS DE D\u00c9VELOPPEMENT CHEZ LES ADOLESCENTS ET PR\u00c9ADOLESCENTS Pr\u00e9venir et g\u00e9rer les difficult\u00e9s. Chaque \u00e9tape de la vie offre des opportunit\u00e9s uniques et comporte \u00e9galement ses d\u00e9fis. Si certains d\u00e9fis, comme les sautes d&#039;humeur ou l&#039;impulsivit\u00e9, font partie du d\u00e9veloppement sain des adolescents, certaines exp\u00e9riences peuvent compromettre ce d\u00e9veloppement. Apprenez \u00e0 pr\u00e9venir et \u00e0 aider votre adolescent \u00e0 construire\u2026<\/p>","protected":false},"author":1,"featured_media":27056,"parent":26895,"menu_order":0,"comment_status":"closed","ping_status":"closed","template":"","meta":{"footnotes":""},"class_list":["post-26903","page","type-page","status-publish","has-post-thumbnail","hentry"],"_links":{"self":[{"href":"https:\/\/marylandefc.org\/fr\/wp-json\/wp\/v2\/pages\/26903","targetHints":{"allow":["GET"]}}],"collection":[{"href":"https:\/\/marylandefc.org\/fr\/wp-json\/wp\/v2\/pages"}],"about":[{"href":"https:\/\/marylandefc.org\/fr\/wp-json\/wp\/v2\/types\/page"}],"author":[{"embeddable":true,"href":"https:\/\/marylandefc.org\/fr\/wp-json\/wp\/v2\/users\/1"}],"replies":[{"embeddable":true,"href":"https:\/\/marylandefc.org\/fr\/wp-json\/wp\/v2\/comments?post=26903"}],"version-history":[{"count":0,"href":"https:\/\/marylandefc.org\/fr\/wp-json\/wp\/v2\/pages\/26903\/revisions"}],"up":[{"embeddable":true,"href":"https:\/\/marylandefc.org\/fr\/wp-json\/wp\/v2\/pages\/26895"}],"wp:featuredmedia":[{"embeddable":true,"href":"https:\/\/marylandefc.org\/fr\/wp-json\/wp\/v2\/media\/27056"}],"wp:attachment":[{"href":"https:\/\/marylandefc.org\/fr\/wp-json\/wp\/v2\/media?parent=26903"}],"curies":[{"name":"wp","href":"https:\/\/api.w.org\/{rel}","templated":true}]}}