{"id":26905,"date":"2024-02-06T16:12:43","date_gmt":"2024-02-07T00:12:43","guid":{"rendered":"https:\/\/marylandefc.org\/?page_id=26905"},"modified":"2026-02-12T15:35:28","modified_gmt":"2026-02-12T23:35:28","slug":"aces","status":"publish","type":"page","link":"https:\/\/marylandefc.org\/fr\/grownups\/aces\/","title":{"rendered":"G\u00e9rer les exp\u00e9riences n\u00e9gatives de l&#039;enfance (ACE)"},"content":{"rendered":"<figure itemscope itemtype=\"https:\/\/schema.org\/ImageObject\">\n\t\t\t\t<img decoding=\"async\" src=\"https:\/\/marylandefc.org\/wp-content\/uploads\/2024\/02\/mom-comforting-daughter-during-adversity-scaled.jpg\" alt=\"mom comforting daughter during adversity\" height=\"1707\" width=\"2560\" title=\"Arri\u00e8re,Arri\u00e8re,Vue,Noir,M\u00e8re,Et,Fille,\u00c9treintes,Assises,Sur\" onerror=\"this.style.display='none'\" loading=\"lazy\" \/>\n\t<\/figure>\n\t<h1>AS<\/h1>\n\t<h2>Aider les enfants confront\u00e9s \u00e0 l&#039;adversit\u00e9<\/h2>\n<p>Adverse childhood experiences and environments (ACEs) are common. If children don&#8217;t get support when facing adversity, it can cause long-lasting harm. There are things we can all do together to buffer the impact of adversity.\u00a0<\/p>\n<p><b>Le facteur le plus important est d\u2019avoir un adulte s\u00fbr, stable et attentionn\u00e9 \u00e0 la maison et dans la communaut\u00e9 sur lequel l\u2019enfant peut s\u2019appuyer.\u00a0<\/b><\/p>\n<p>Il existe plusieurs fa\u00e7ons de cr\u00e9er des exp\u00e9riences positives pendant l\u2019enfance et de promouvoir ensemble la sant\u00e9 et le bien-\u00eatre de nos enfants.\u00a0<\/p>\n\t<h2>Que sont les ACE<\/h2>\n<p>The original ACE Study examined 10 childhood adversities: forms of child abuse and neglect &#8211; physical abuse, physical neglect, emotional abuse, emotional neglect and sexual abuse, as well as household challenges &#8211; domestic violence, divorce, serious mental illness, substance use disorder or incarceration of a household member.<\/p>\n<p>Les exp\u00e9riences n\u00e9gatives v\u00e9cues durant l&#039;enfance et dans la communaut\u00e9 (ANE) peuvent survenir au sein de la famille, du foyer, de la communaut\u00e9 ou de l&#039;environnement. N&#039;oubliez pas que nous pouvons travailler ensemble, en tant que parents et adultes, d\u00e9cideurs politiques et partenaires communautaires, pour faire la diff\u00e9rence\u00a0!\u00a0<\/p>\n<figure data-animation-delay=\"0\" data-animation-duration=\"1\" itemscope itemtype=\"https:\/\/schema.org\/ImageObject\">\n\t\t\t\t<img decoding=\"async\" src=\"https:\/\/marylandefc.org\/wp-content\/uploads\/2024\/02\/Maryland-Community-members-talking-about-ACEs-.jpg\" alt=\"Maryland community members talking about ACEs\" height=\"800\" width=\"1200\" title=\"Les membres de la communaut\u00e9 du Maryland parlent des ACE\" onerror=\"this.style.display='none'\" loading=\"lazy\" \/>\n\t<\/figure>\n<figure itemscope itemtype=\"https:\/\/schema.org\/ImageObject\">\n\t\t\t\t<img decoding=\"async\" src=\"https:\/\/marylandefc.org\/wp-content\/uploads\/2024\/02\/Dr.-Anda-ACE-Study-talking-at-ACE-Interface-Policy-Maker-Reception-5.jpg\" alt=\"Dr. Anda of ACE Interface Study talking at Policy Maker Reception\" height=\"930\" width=\"620\" title=\"Dr. Anda, ACE Study, s&#039;exprimant lors de la r\u00e9ception des d\u00e9cideurs politiques de l&#039;interface ACE 5\" onerror=\"this.style.display='none'\" loading=\"lazy\" \/>\n\t\t<figcaption>Dr. Robert Anda, CDC&#8217;s principal investigator on ACE Study at EFC ACE &amp; The Family Tree&#8217;s Interface Policy Maker Reception<\/figcaption>\n\t<\/figure>\n\t<h2>Que nous a r\u00e9v\u00e9l\u00e9 l\u2019\u00e9tude ACE originale ?<\/h2>\n<p>In the mid-1990&#8217;s Dr. Robert Anda at the CDC and Dr. Vincent Felitti at Kaiser Permanente in San Diego, California were co-investigators of the groundbreaking ACE Study. \u00a0It was one of the largest studies of childhood adversity and its connection to life-long health and well-being of its kind, involving 17,000 participants.<\/p>\n<p>L\u2019\u00e9tude ACE pr\u00e9sente 3 conclusions :\u00a0\u00a0<\/p>\n<ol>\n<li> Les ACE sont fr\u00e9quents.\u00a0\u00a0<\/li>\n<li> ACEs are rarely found in isolation&#8212; where you find one, you are likely to find others.\u00a0\u00a0<\/li>\n<li> Les ACE ont un effet important sur la sant\u00e9 et le bien-\u00eatre ult\u00e9rieurs.<\/li>\n<\/ol>\n<p>Dans l\u2019\u00e9tude ACE originale :<\/p>\n<ul>\n<li aria-level=\"2\">67% des participants \u00e0 l\u2019\u00e9tude ont d\u00e9clar\u00e9 avoir au moins un ACE.\u00a0<\/li>\n<\/ul>\n<ul>\n<li aria-level=\"2\">26% a d\u00e9clar\u00e9 avoir trois ACE ou plus.\u00a0<\/li>\n<\/ul>\n<ul>\n<li aria-level=\"2\">24% a d\u00e9clar\u00e9 avoir trois ACE ou plus.<\/li>\n<\/ul>\n<h3>In Maryland&#8230;<\/h3>\n<p>environ 60% des participants \u00e0 l&#039;enqu\u00eate ont signal\u00e9 au moins un ACE. <a href=\"https:\/\/marylandefc.org\/fr\/partners\/meetings-reports\/\">Consultez les rapports annuels du SCCAN<\/a> pour plus de donn\u00e9es sp\u00e9cifiques au Maryland sur les ACE.\u00a0<\/p>\n<p>&nbsp;<\/p>\n\t\t<h3>\u00c9largir les connaissances sur les ACE<\/h3>\n<p>Les enqu\u00eates ACE ult\u00e9rieures et les progr\u00e8s scientifiques ont \u00e9largi nos connaissances.<\/p>\n<ol>\n<li>L\u2019\u00e9tude ACE et les enqu\u00eates ACE ult\u00e9rieures ont r\u00e9v\u00e9l\u00e9 que les ACE sont courantes et ont un impact sur la sant\u00e9 et le bien-\u00eatre tout au long de la vie (\u00e9pid\u00e9miologie).<\/li>\n<li>Toxic stress from ACEs can damage children&#8217;s developing brains and affect our short- and long-term health (neurobiology or brain science).<\/li>\n<li>Nous pouvons transmettre les ACE de g\u00e9n\u00e9ration en g\u00e9n\u00e9ration par le biais de nos g\u00e8nes (\u00e9pig\u00e9n\u00e9tique).<\/li>\n<li>Our brains are &#8220;plastic&#8221; &#8211; can reorganize their structure, functions, and connections &#8211; and our bodies can heal through implementing protective factors and resilience-building practices based on ACEs science. (neuroplasticity and resilience)<\/li>\n<\/ol>\n<p>Des enqu\u00eates ACE \u00e9largies comme celle-ci <a href=\"https:\/\/www.philadelphiaaces.org\/philadelphia-ace-survey\" target=\"_blank\" rel=\"noopener\">Enqu\u00eate ACE de Philadelphie<\/a> ont \u00e9tudi\u00e9 d&#039;autres exp\u00e9riences n\u00e9gatives v\u00e9cues pendant l&#039;enfance et dans la communaut\u00e9, comme l&#039;intimidation, la violence communautaire, la vie en famille d&#039;accueil, le racisme et la s\u00e9curit\u00e9 du quartier.<\/p>\n<p>D\u00e9couvrez comment les conditions communautaires telles que la pauvret\u00e9, le racisme et la violence affectent les enfants.\u00a0<\/p>\n\t\t<iframe loading=\"lazy\" src=\"https:\/\/player.vimeo.com\/video\/114595623?h=0cae101bc0&amp;color=b44d0f&amp;byline=0&amp;portrait=0\" width=\"640\" height=\"360\" frameborder=\"0\" allowfullscreen=\"allowfullscreen\"><\/iframe>\t\n\t\t<h3>Travailler ensemble pour pr\u00e9venir les ACE<\/h3><p>Nous pouvons travailler ensemble, parents et adultes, d\u00e9cideurs politiques et partenaires communautaires, pour faire la diff\u00e9rence\u00a0! Maryland Essentials for Childhood (EFC) collabore avec The Family Tree et ses partenaires communautaires pour former les citoyens de tout l&#039;\u00c9tat aux ACE et aux moyens de les r\u00e9duire.<\/p>\n<p><a href=\"https:\/\/marylandefc.org\/fr\/get-involved\/ace-science\/#training\" target=\"_blank\" rel=\"noopener\">Apportez une formation ACE \u00e0 votre communaut\u00e9<\/a>.<\/p>\n<figure itemscope itemtype=\"https:\/\/schema.org\/ImageObject\">\n\t\t\t\t<img decoding=\"async\" src=\"https:\/\/marylandefc.org\/wp-content\/uploads\/2024\/02\/ACE-Instructor-Training.jpg\" alt=\"ACE Instructor Training\" height=\"800\" width=\"1200\" title=\"Formation d&#039;instructeur ACE\" onerror=\"this.style.display='none'\" loading=\"lazy\" \/>\n\t<\/figure>\n<h2>\n\t\t\tAider les enfants et les adolescents \u00e0 faire face \u00e0 un stress intense\t<\/h2>\n\t\t<h3>POSITIF<\/h3><p>Br\u00e8ves augmentations de la fr\u00e9quence cardiaque, l\u00e9g\u00e8res \u00e9l\u00e9vations des niveaux d\u2019hormones de stress.<\/p>\n\t\t<h3>TOL\u00c9RABLE<\/h3><p>R\u00e9ponses au stress graves et temporaires, att\u00e9nu\u00e9es par des relations de soutien.<\/p>\n\t\t<h3>TOXIQUE<\/h3><p>Activation prolong\u00e9e des syst\u00e8mes de r\u00e9ponse au stress en l\u2019absence de relations protectrices.<\/p>\n\t<p>When children are exposed to ACEs and other adversities like racism, poverty, bullying and other forms of violence, and adults aren&#8217;t there to help them cope, their stress systems can over-activate. Their developing bodies and brains are flooded with harmful levels of stress hormones. <\/p>\n<p>This excessive activation of the stress response system produces wear and tear on the child&#8217;s developing body and brain. This &#8220;toxic stress response&#8221; is similar to revving a car engine for days and weeks at a time and can increase the risk of later health problems. \u00a0\u00a0\u00a0\u00a0\u00a0<\/p>\n<p>Cependant, <strong>children can tolerate even severe stress &#8212; if safe, stable, and nurturing adult relationships are in place<\/strong> pour att\u00e9nuer l\u2019impact n\u00e9gatif.<\/p>\n<figure itemscope itemtype=\"https:\/\/schema.org\/ImageObject\">\n\t\t\t\t<img decoding=\"async\" src=\"https:\/\/marylandefc.org\/wp-content\/uploads\/2024\/01\/MEC-Icons_idea.svg\" alt=\"Light bulb icon for information\" height=\"300\" width=\"300\" title=\"Id\u00e9e d&#039;ic\u00f4nes MEC\" onerror=\"this.style.display='none'\" loading=\"lazy\" \/>\n\t<\/figure>\n\t\t<h3><a href=\"https:\/\/developingchild.harvard.edu\/resources\/aces-and-toxic-stress-frequently-asked-questions\/\" target=\"_blank\" rel=\"noopener\">ACEs literally &#8220;get under the skin&#8221;<\/a><\/h3><p>Regardez cette vid\u00e9o sur la fa\u00e7on dont ils peuvent avoir un impact sur le cerveau, le corps et le comportement.<\/p>\n<p><iframe loading=\"lazy\" title=\"Exp\u00e9riences n\u00e9gatives de l&#039;enfance (ACE) : impact sur le cerveau, le corps et le comportement\" width=\"500\" height=\"281\" src=\"https:\/\/www.youtube.com\/embed\/W-8jTTIsJ7Q?feature=oembed\" frameborder=\"0\" allow=\"accelerometer; autoplay; clipboard-write; encrypted-media; gyroscope; picture-in-picture; web-share\" referrerpolicy=\"strict-origin-when-cross-origin\" allowfullscreen><\/iframe><\/p>\n<p>Consultez cette infographie et apprenez-en davantage sur les ACE et le stress toxique du Center on the Developing Child.<\/p>\n\t\t\t<a href=\"https:\/\/developingchild.harvard.edu\/resources\/aces-and-toxic-stress-frequently-asked-questions\/\" target=\"_blank\" rel=\"noopener\">\n\t\t\t\t\t\t\tContinuer \u00e0 lire\n\t\t\t\t\t<\/a>\n<figure data-animation-delay=\"0\" data-animation-duration=\"1\" itemscope itemtype=\"https:\/\/schema.org\/ImageObject\">\n\t\t\t\t<img decoding=\"async\" src=\"https:\/\/marylandefc.org\/wp-content\/uploads\/2024\/02\/Child-receiving-asthma-treatment-with-breathing-mask.jpg\" alt=\"Child receiving asthma treatment with breathing mask\" height=\"800\" width=\"1200\" title=\"Un enfant re\u00e7oit un traitement contre l&#039;asthme avec un masque respiratoire\" onerror=\"this.style.display='none'\" loading=\"lazy\" \/>\n\t<\/figure>\n\t<h2>How do ACEs impact health &#8211; physical, mental, social and behavioral?<\/h2>\n<p><strong>Les ACE peuvent avoir un effet important sur la sant\u00e9 et le bien-\u00eatre ult\u00e9rieurs.\u00a0\u00a0<\/strong><\/p>\n<p>Des exp\u00e9riences n\u00e9gatives plus graves ou plus fr\u00e9quentes v\u00e9cues durant l\u2019enfance augmentent la probabilit\u00e9 que les gens connaissent des probl\u00e8mes de sant\u00e9 physique, mentale et comportementale \u00e0 l\u2019adolescence ou \u00e0 l\u2019\u00e2ge adulte.\u00a0<\/p>\n<p>\u00c0 mesure que le nombre d\u2019ACE augmente, le risque de certaines maladies, de probl\u00e8mes de sant\u00e9 chroniques et de comportements moins sains augmente \u00e9galement.\u00a0<\/p>\n<h2>\n\t\t\tLes ACE peuvent augmenter le risque de mauvais r\u00e9sultats sociaux, de maladie et de d\u00e9c\u00e8s\t<\/h2>\n\t<p>Les recherches montrent qu\u2019un nombre \u00e9lev\u00e9 d\u2019ACE est associ\u00e9 \u00e0 de nombreuses causes majeures de d\u00e9c\u00e8s, comme les maladies cardiaques et le cancer.<\/p>\n\t\t<h3><a href=\"https:\/\/vetoviolence.cdc.gov\/apps\/aces-infographic\/\" target=\"_blank\" rel=\"noopener\">Probl\u00e8mes de sant\u00e9 chroniques<\/a><\/h3><ul>\n<li>maladie coronarienne<\/li>\n<li>Accident vasculaire c\u00e9r\u00e9bral<\/li>\n<li>Asthme<\/li>\n<li>Maladie pulmonaire obstructive chronique (MPOC)<\/li>\n<li>Cancer<\/li>\n<li>Maladie du rein<\/li>\n<li>Diab\u00e8te<\/li>\n<li>Ob\u00e9sit\u00e9<\/li>\n<\/ul>\n\t\t<h3><a href=\"https:\/\/vetoviolence.cdc.gov\/apps\/aces-infographic\/\" target=\"_blank\" rel=\"noopener\">Comportements \u00e0 risque pour la sant\u00e9<\/a><\/h3><ul>\n<li>Fumeur<\/li>\n<li>Consommation excessive d&#039;alcool<\/li>\n<li>Abus de substances<\/li>\n<li>L&#039;inactivit\u00e9 physique<\/li>\n<li>Comportements sexuels \u00e0 risque<\/li>\n<li>Pens\u00e9es et comportements suicidaires<\/li>\n<\/ul>\n\t\t<h3><a href=\"https:\/\/vetoviolence.cdc.gov\/apps\/aces-infographic\/\" target=\"_blank\" rel=\"noopener\">R\u00e9sultats sociaux<\/a><\/h3><ul>\n<li>Manque d&#039;assurance maladie<\/li>\n<li>Ch\u00f4mage<\/li>\n<li>Moins qu&#039;un dipl\u00f4me d&#039;\u00e9tudes secondaires ou une \u00e9ducation \u00e9quivalente<\/li>\n<\/ul>\n\t\t<h3><a href=\"https:\/\/vetoviolence.cdc.gov\/apps\/aces-infographic\/\" target=\"_blank\" rel=\"noopener\">Probl\u00e8mes de sant\u00e9 mentale et troubles li\u00e9s \u00e0 la consommation de substances<\/a><\/h3><ul>\n<li>D\u00e9pression<\/li>\n<li>Trouble li\u00e9 \u00e0 la consommation de substances, notamment l&#039;alcool, les opio\u00efdes et le tabac<\/li>\n<\/ul>\n\t\t\t<a href=\"https:\/\/vetoviolence.cdc.gov\/apps\/aces-infographic\/\" target=\"_blank\" rel=\"noopener\">\n\t\t\t\t\t\t\tVoir plus\n\t\t\t<\/a>\n\t<h2>Comment les communaut\u00e9s peuvent contribuer \u00e0 pr\u00e9venir les ACE<\/h2>\n<p>To nurture children&#8217;s potential, it is important that we work together to prevent serious adversity through good <a href=\"\/fr\/policy\/policies-matter\/\">politiques et programmes<\/a>. \u00a0\u00a0\u00a0\u00a0\u00a0<\/p>\n<p>Nous pouvons \u00e9galement veiller \u00e0 ce que chaque communaut\u00e9 soit \u00e9quip\u00e9e pour soutenir les personnes qui ont \u00e9t\u00e9 confront\u00e9es \u00e0 une grave adversit\u00e9, ce qui <a href=\"\/fr\/grownups\/resilience\/\">r\u00e9silience<\/a> une r\u00e9elle possibilit\u00e9.<\/p>\n<figure data-animation-delay=\"0\" data-animation-duration=\"1\" itemscope itemtype=\"https:\/\/schema.org\/ImageObject\">\n\t\t\t\t<img decoding=\"async\" src=\"https:\/\/marylandefc.org\/wp-content\/uploads\/2024\/02\/Maryland-15-minimum-wage-rally.jpg\" alt=\"Maryland $15 minimum wage rally\" height=\"800\" width=\"1200\" title=\"Rassemblement pour le salaire minimum dans le Maryland $15\" onerror=\"this.style.display='none'\" loading=\"lazy\" \/>\n\t<\/figure>\n<h2>\n\t\t\tQue pouvons-NOUS TOUS faire pour pr\u00e9venir les ACE ?\t<\/h2>\n\t<p>Nous disposons TOUS des outils n\u00e9cessaires pour pr\u00e9venir l&#039;impact des ACE sur un enfant. En travaillant ensemble sur ces facteurs, nous pouvons faire la diff\u00e9rence\u00a0! Les adultes peuvent s&#039;assurer\u00a0:<\/p>\n\t\t<p><strong>Offrir des relations s\u00fbres, stables et enrichissantes \u00e0 la maison et dans la communaut\u00e9.<\/strong><\/p>\n<p>It&#8217;s the <a href=\"\/fr\/grownups\/protective-factors\/#stable-nurturing-relationships\">facteur le plus important<\/a> dans la pr\u00e9vention des ACE et l\u2019att\u00e9nuation de leur impact.<\/p>\n\t\t<p><strong>R\u00e9pondre aux besoins essentiels d&#039;un enfant. Si vous avez besoin d&#039;aide, <\/strong><strong>se connecter aux ressources communautaires.<\/strong> <\/p>\n<p>Appeler le 2-1-1 ou <a href=\"http:\/\/search.marylandefc.org\" target=\"_blank\" rel=\"noopener\">rechercher un soutien local<\/a>.\u00a0<\/p>\n\t\t<p><strong>Create opportunities for <a href=\"\/fr\/grownups\/protective-factors\/#PCE\">exp\u00e9riences positives de l&#039;enfance<\/a> and buffer children from the impact of ACEs. <\/strong><\/p>\n<p>Ils favorisent un d\u00e9veloppement sain et prot\u00e8gent les enfants de l\u2019impact des ACE. <a href=\"\/fr\/grownups\/protective-factors\/#PCE\">Continuer \u00e0 apprendre<\/a>.<\/p>\n\t\t<p><strong>La communaut\u00e9 joue \u00e9galement un r\u00f4le.<\/strong> <\/p>\n<p><a href=\"\/fr\/policy\/policies-matter\/\" target=\"_blank\" rel=\"noopener\">Approfondissez les politiques qui comptent<\/a> aux enfants, aux familles et \u00e0 la communaut\u00e9.\u00a0<a href=\"\/fr\/grownups\/protective-factors\/\" target=\"_blank\" rel=\"noopener\">Continuez \u00e0 lire sur d\u2019autres facteurs de protection.<\/a><\/p>\n<p>&nbsp;<\/p>\n<h2>\n\t\t\tQue peuvent faire les parents pour pr\u00e9venir les ACE ?\t<\/h2>\n\t\t<p><strong>Recherchez des ressources dans votre communaut\u00e9.<\/strong> Les ACE sont courantes, la gu\u00e9rison est possible et vous n\u2019\u00eates pas seul.<\/p>\n\t\t<p><strong>Connectez-vous avec d\u2019autres adultes qui \u00e9l\u00e8vent des enfants avec PACE.<\/strong><\/p>\n<p><a href=\"https:\/\/www.pacesconnection.com\/g\/Parenting-with-ACEs\" target=\"_blank\" rel=\"noopener\">Rejoignez cette communaut\u00e9 en ligne<\/a>.<\/p>\n\t\t<p><strong>Apportez une formation ACE \u00e0 votre communaut\u00e9.<\/strong><\/p>\n<p><a href=\"https:\/\/marylandefc.org\/fr\/get-involved\/ace-science\/#training\" target=\"_blank\" rel=\"noopener\">Planifier une formation<\/a>.<\/p>\n\t\t<strong>Parlez-en \u00e0 votre p\u00e9diatre.<\/strong><br \/>\nTout le monde ne conna\u00eetra pas la signification de ce mot, mais faites tout votre possible pour en trouver un qui la connaisse.\n<p>Utilisez le <a href=\"https:\/\/www.wellvisitplanner.org\/\" target=\"_blank\" rel=\"noopener\">Planificateur de visites de puits CAMHI<\/a> to prepare for a conversation with your child&#8217;s pediatrician<\/p>\n\t\t<p><strong>Regardez cette courte vid\u00e9o pour en savoir plus sur l\u2019adversit\u00e9 et les traumatismes de l\u2019enfance.<\/strong><\/p>\n<p>Exp\u00e9riences n\u00e9gatives de l&#039;enfance <a href=\"https:\/\/youtu.be\/XHgLYI9KZ-A?feature=shared\" target=\"_blank\" rel=\"noopener\">(ACE)<\/a>, R\u00e9seau de sant\u00e9 publique Cymru<\/p>\n\t\t<p><strong>D\u00e9couvrez votre histoire ACE.<\/strong><\/p>\n<p><a href=\"https:\/\/numberstory.org\/\" target=\"_blank\" rel=\"noopener\">It can impact your child&#8217;s.<\/a><\/p>","protected":false},"excerpt":{"rendered":"<p>ACES Helping Children With Adversity Adverse childhood experiences and environments (ACEs) are common. If children don&#8217;t get support when facing adversity, it can cause long-lasting harm. There are things we can all do together to buffer the impact of adversity.\u00a0 The single most important factor is having a safe, stable and nurturing adult in the&hellip;<\/p>","protected":false},"author":1,"featured_media":27077,"parent":26895,"menu_order":0,"comment_status":"closed","ping_status":"closed","template":"","meta":{"footnotes":""},"class_list":["post-26905","page","type-page","status-publish","has-post-thumbnail","hentry"],"_links":{"self":[{"href":"https:\/\/marylandefc.org\/fr\/wp-json\/wp\/v2\/pages\/26905","targetHints":{"allow":["GET"]}}],"collection":[{"href":"https:\/\/marylandefc.org\/fr\/wp-json\/wp\/v2\/pages"}],"about":[{"href":"https:\/\/marylandefc.org\/fr\/wp-json\/wp\/v2\/types\/page"}],"author":[{"embeddable":true,"href":"https:\/\/marylandefc.org\/fr\/wp-json\/wp\/v2\/users\/1"}],"replies":[{"embeddable":true,"href":"https:\/\/marylandefc.org\/fr\/wp-json\/wp\/v2\/comments?post=26905"}],"version-history":[{"count":0,"href":"https:\/\/marylandefc.org\/fr\/wp-json\/wp\/v2\/pages\/26905\/revisions"}],"up":[{"embeddable":true,"href":"https:\/\/marylandefc.org\/fr\/wp-json\/wp\/v2\/pages\/26895"}],"wp:featuredmedia":[{"embeddable":true,"href":"https:\/\/marylandefc.org\/fr\/wp-json\/wp\/v2\/media\/27077"}],"wp:attachment":[{"href":"https:\/\/marylandefc.org\/fr\/wp-json\/wp\/v2\/media?parent=26905"}],"curies":[{"name":"wp","href":"https:\/\/api.w.org\/{rel}","templated":true}]}}