{"id":27731,"date":"2024-02-22T15:32:18","date_gmt":"2024-02-22T23:32:18","guid":{"rendered":"https:\/\/marylandefc.org\/?page_id=27731"},"modified":"2026-03-03T06:14:52","modified_gmt":"2026-03-03T14:14:52","slug":"ace-science","status":"publish","type":"page","link":"https:\/\/marylandefc.org\/fr\/about\/ace-science\/","title":{"rendered":"ACE Science"},"content":{"rendered":"<figure itemscope itemtype=\"https:\/\/schema.org\/ImageObject\">\n\t\t\t\t<img decoding=\"async\" src=\"https:\/\/marylandefc.org\/wp-content\/uploads\/2024\/02\/Anda-talking-to-a-community-crowd.jpg\" alt=\"Anda discussion in the community\" height=\"800\" width=\"1200\" title=\"Anda parle \u00e0 un public communautaire\" onerror=\"this.style.display='none'\" loading=\"lazy\" \/>\n\t<\/figure>\n\t<h1>SCIENCE ACE<\/h1>\n\t<h2>Comprendre la science derri\u00e8re l\u2019\u00e9tude ACE<\/h2>\n<p>Apprenez-en davantage sur cette \u00e9tude r\u00e9volutionnaire et sur la mani\u00e8re dont elle a \u00e9largi notre compr\u00e9hension des impacts des exp\u00e9riences n\u00e9gatives de l\u2019enfance sur le d\u00e9veloppement du cerveau.\u00a0 <\/p>\n<figure data-animation-delay=\"0\" data-animation-duration=\"1\" itemscope itemtype=\"https:\/\/schema.org\/ImageObject\">\n\t\t\t\t<img decoding=\"async\" src=\"https:\/\/marylandefc.org\/wp-content\/uploads\/2024\/03\/Kids-holding-magnifying-glass.jpg\" alt=\"Kids holding magnifying glass\" height=\"800\" width=\"1200\" title=\"Des enfants qui tiennent une loupe contre leur visage\" onerror=\"this.style.display='none'\" loading=\"lazy\" \/>\n\t<\/figure>\n\t<h2>\u00c0 propos de l\u2019\u00e9tude ACE<\/h2>\n\t<p>Le Dr Robert Anda et le Dr Vincent Felitti sont les co-chercheurs principaux de l&#039;\u00e9tude r\u00e9volutionnaire ACE parrain\u00e9e par Kaiser Permanente et les Centers for Disease Control and Prevention (CDC) au milieu des ann\u00e9es 1990.<\/p>\n<blockquote><p>L\u2019\u00e9tude ACE est l\u2019une des plus grandes \u00e9tudes sur l\u2019adversit\u00e9 infantile et son lien avec la sant\u00e9 et le bien-\u00eatre tout au long de la vie, impliquant 17 000 participants \u00e0 San Diego, en Californie.\u00a0<\/p><\/blockquote>\n<p>Cette \u00e9tude \u00e9tait importante car elle confirmait, avec des preuves scientifiques, que <a href=\"https:\/\/marylandefc.org\/fr\/grownups\/aces\/\">exp\u00e9riences n\u00e9gatives de l&#039;enfance<\/a> Les d\u00e9c\u00e8s pr\u00e9coces sont non seulement courants, mais augmentent \u00e9galement le risque de probl\u00e8mes de sant\u00e9 physique, mentale et comportementale tout au long de la vie, y compris 5 des 10 principales causes de d\u00e9c\u00e8s aux \u00c9tats-Unis\u00a0<\/p>\n\t<h3>R\u00e9sultats de l&#039;\u00e9tude ACE<\/h3>\n\t<p>Lorsque vous vous renseignez sur l\u2019\u00e9tude ACE, il est important de vous rappeler qu\u2019il s\u2019agit d\u2019une \u00e9tude \u00e9pid\u00e9miologique sur les risques pour la sant\u00e9 \u00e0 l\u2019\u00e9chelle de la population et non \u00e0 l\u2019\u00e9chelle individuelle. <\/p>\n<p>L\u2019histoire ACE de chacun est unique : notre histoire personnelle et non notre destin.\u00a0\u00a0<\/p>\n<p>Les r\u00e9sultats de l\u2019\u00e9tude ACE sont \u00e9galement coh\u00e9rents avec les d\u00e9couvertes convergentes en neurobiologie (<a href=\"\/fr\/grownups\/early-years\/\">sciences du cerveau<\/a>) et l&#039;effet de <a href=\"\/fr\/grownups\/aces\/\">stress toxique<\/a> sur le d\u00e9veloppement du cerveau et du corps. <\/p>\n<p>D&#039;autres d\u00e9couvertes scientifiques et \u00e9tudes ACE continuent d&#039;approfondir notre compr\u00e9hension de l&#039;impact des exp\u00e9riences communautaires n\u00e9gatives, des traumatismes historiques et des difficult\u00e9s g\u00e9n\u00e9rationnelles sur les familles et le d\u00e9veloppement sain des enfants. L&#039;impact des facteurs de stress infantiles sur les pr\u00e9occupations plus larges de sant\u00e9 publique est au c\u0153ur de ces recherches en cours. <\/p>\n<figure data-animation-delay=\"0\" data-animation-duration=\"1\" itemscope itemtype=\"https:\/\/schema.org\/ImageObject\">\n\t\t\t\t<img decoding=\"async\" src=\"https:\/\/marylandefc.org\/wp-content\/uploads\/2024\/03\/Kids-navigating-challenges-on-obstacle-course-in-trees.jpg\" alt=\"Kids navigating challenges on obstacle course in trees\" height=\"800\" width=\"1200\" title=\"Un enfant qui parcourt un parcours d&#039;obstacles difficile dans les arbres\" onerror=\"this.style.display='none'\" loading=\"lazy\" \/>\n\t<\/figure>\n<figure itemscope itemtype=\"https:\/\/schema.org\/ImageObject\">\n\t\t\t\t<img decoding=\"async\" src=\"https:\/\/marylandefc.org\/wp-content\/uploads\/2024\/01\/MEC-Icons_idea.svg\" alt=\"Light bulb icon for information\" height=\"300\" width=\"300\" title=\"Id\u00e9e d&#039;ic\u00f4nes MEC\" onerror=\"this.style.display='none'\" loading=\"lazy\" \/>\n\t<\/figure>\n\t\t<h3>Continuer \u00e0 lire<\/h3>\n\t\t<p>Le CDC fournit un aper\u00e7u complet des faits et des impacts de l\u2019\u00e9tude ACE.<\/p>\n\t\t\t<a href=\"https:\/\/www.cdc.gov\/aces\/about\/index.html\" target=\"_self\" rel=\"noopener\">\n\t\t\t\t\t\t\tVoir l&#039;aper\u00e7u d&#039;ACE\n\t\t\t\t\t<\/a>\n\t<h3>Les points \u00e0 retenir que nous souhaitons souligner<\/h3>\n<ul>\n<li aria-level=\"1\">Les ACE sont fr\u00e9quentes : environ 641 TP3T d&#039;adultes am\u00e9ricains ont d\u00e9clar\u00e9 avoir subi au moins un type d&#039;ACE avant l&#039;\u00e2ge de 18 ans, et pr\u00e8s d&#039;un sur six (17,31 TP3T) a d\u00e9clar\u00e9 avoir subi quatre types d&#039;ACE ou plus. (CDC)<\/li>\n<li aria-level=\"1\">Les ACE sont \u00e9vitables. <br \/>\n\u00ab Les ACE sont tr\u00e8s pr\u00e9dictifs de nombreux probl\u00e8mes sanitaires et sociaux parmi les plus graves de notre pays. La bonne nouvelle, cependant, c&#039;est que ce qui est pr\u00e9dictif est \u00e9vitable. \u00bb Dr Robert Anda\u00a0<\/li>\n<\/ul>\n<a href=\"\/fr\/grownups\/protective-factors\/\">Facteurs de protection<\/a> Il existe des mesures que nous pouvons tous prendre pour att\u00e9nuer l\u2019impact du stress dans la vie des enfants.\u00a0<br \/>\n\n<figure data-animation-delay=\"0\" data-animation-duration=\"1\" itemscope itemtype=\"https:\/\/schema.org\/ImageObject\">\n\t\t\t\t<img decoding=\"async\" src=\"https:\/\/marylandefc.org\/wp-content\/uploads\/2024\/02\/Community-gathering.jpg\" alt=\"Community gathering\" height=\"800\" width=\"1200\" title=\"f\u00eate communautaire\" onerror=\"this.style.display='none'\" loading=\"lazy\" \/>\n\t<\/figure>\n\t<h2>Pr\u00eat \u00e0 aller plus loin et \u00e0 passer \u00e0 l\u2019action\u00a0?<\/h2>\n\t<p>The Family Tree, en partenariat avec l&#039;EFC, dirige l&#039;effort dans le Maryland pour informer nos communaut\u00e9s sur la science et l&#039;impact des ACE, \u00e0 travers le c\u00e9l\u00e8bre programme de formation connu sous le nom d&#039;ACE Interface.\u00a0<\/p>\n<p>Les formations de l\u2019interface ACE sont con\u00e7ues pour soutenir une sensibilisation g\u00e9n\u00e9ralis\u00e9e, promouvoir la compr\u00e9hension et donner aux communaut\u00e9s les moyens d\u2019am\u00e9liorer la sant\u00e9 et le bien-\u00eatre dans toute la soci\u00e9t\u00e9.<\/p>\n\t<iframe loading=\"lazy\" width=\"560\" height=\"315\" src=\"https:\/\/www.youtube.com\/embed\/49YZ2rn5R2M?si=Atuz1z7bg0XySREq\" title=\"Lecteur vid\u00e9o YouTube\" frameborder=\"0\" allow=\"accelerometer; autoplay; clipboard-write; encrypted-media; gyroscope; picture-in-picture; web-share\" allowfullscreen><\/iframe>\n\t<h2>Organiser une projection de film<\/h2>\n\t<p>En 2016, James Redford a r\u00e9alis\u00e9 et produit <i>R\u00e9silience : la biologie du stress et la science de l&#039;espoir, <\/i>Un documentaire d\u2019une heure sur les effets du stress toxique sur les enfants et la soci\u00e9t\u00e9. Le film nous encourage \u00e0 examiner les programmes qui fonctionnent partout au pays et \u00e0 trouver des solutions cr\u00e9atives pour nos propres communaut\u00e9s. <\/p>","protected":false},"excerpt":{"rendered":"<p>SCIENCE ACE\u00a0: Comprendre les fondements scientifiques de l\u2019\u00e9tude ACE. Apprenez-en plus sur cette \u00e9tude r\u00e9volutionnaire et sur la mani\u00e8re dont elle a enrichi notre compr\u00e9hension des impacts des exp\u00e9riences n\u00e9gatives de l\u2019enfance sur le d\u00e9veloppement c\u00e9r\u00e9bral. \u00c0 propos de l\u2019\u00e9tude ACE\u00a0: Les Drs Robert Anda et Vincent Felitti sont les co-chercheurs principaux de cette \u00e9tude r\u00e9volutionnaire ACE, sponsoris\u00e9e par Kaiser Permanente\u2026<\/p>","protected":false},"author":1,"featured_media":27148,"parent":25,"menu_order":0,"comment_status":"closed","ping_status":"closed","template":"","meta":{"footnotes":""},"class_list":["post-27731","page","type-page","status-publish","has-post-thumbnail","hentry"],"_links":{"self":[{"href":"https:\/\/marylandefc.org\/fr\/wp-json\/wp\/v2\/pages\/27731","targetHints":{"allow":["GET"]}}],"collection":[{"href":"https:\/\/marylandefc.org\/fr\/wp-json\/wp\/v2\/pages"}],"about":[{"href":"https:\/\/marylandefc.org\/fr\/wp-json\/wp\/v2\/types\/page"}],"author":[{"embeddable":true,"href":"https:\/\/marylandefc.org\/fr\/wp-json\/wp\/v2\/users\/1"}],"replies":[{"embeddable":true,"href":"https:\/\/marylandefc.org\/fr\/wp-json\/wp\/v2\/comments?post=27731"}],"version-history":[{"count":0,"href":"https:\/\/marylandefc.org\/fr\/wp-json\/wp\/v2\/pages\/27731\/revisions"}],"up":[{"embeddable":true,"href":"https:\/\/marylandefc.org\/fr\/wp-json\/wp\/v2\/pages\/25"}],"wp:featuredmedia":[{"embeddable":true,"href":"https:\/\/marylandefc.org\/fr\/wp-json\/wp\/v2\/media\/27148"}],"wp:attachment":[{"href":"https:\/\/marylandefc.org\/fr\/wp-json\/wp\/v2\/media?parent=27731"}],"curies":[{"name":"wp","href":"https:\/\/api.w.org\/{rel}","templated":true}]}}