{"id":27812,"date":"2024-02-26T00:01:30","date_gmt":"2024-02-26T08:01:30","guid":{"rendered":"https:\/\/marylandefc.org\/?page_id=27812"},"modified":"2026-03-03T06:37:22","modified_gmt":"2026-03-03T14:37:22","slug":"dive-deeper-grown-ups","status":"publish","type":"page","link":"https:\/\/marylandefc.org\/fr\/dive-deeper-grown-ups\/","title":{"rendered":"Plongez plus profond\u00e9ment | Adultes"},"content":{"rendered":"<figure itemscope itemtype=\"https:\/\/schema.org\/ImageObject\">\n\t\t\t\t<img decoding=\"async\" src=\"https:\/\/marylandefc.org\/wp-content\/uploads\/2024\/02\/grown-ups-looking-at-resources-on-a-computer.jpg\" alt=\"grown-ups looking at resources on a computer\" height=\"800\" width=\"1200\" title=\"des adultes regardant des ressources sur un ordinateur\" onerror=\"this.style.display='none'\" loading=\"lazy\" \/>\n\t<\/figure>\n\t<h1>PLONGEZ PLUS PROFOND\u00c9MENT | ADULTES<\/h1>\n\t<p>Looking for more information on a specific topic? You can dig deeper here. Need to talk to someone right now? Here&#8217;s available <a href=\"https:\/\/marylandefc.org\/fr\/grownups\/hotlines\/\">lignes d&#039;assistance et lignes d&#039;assistance t\u00e9l\u00e9phonique<\/a> qui peut fournir soutien et connexion.<\/p>\n\t\t<h2>Exp\u00e9riences n\u00e9gatives de l&#039;enfance<\/h2><p><strong>Understanding ACE&#8217;s<\/strong><\/p>\n<p><i>Connexion PACEs<\/i><\/p>\n<p>D\u00e9pliant de deux pages pour les parents <a href=\"https:\/\/www.pacesconnection.com\/ws\/UnderstandingACEs_English.pdf\" target=\"_blank\" rel=\"noopener\">Anglais<\/a> et <a href=\"https:\/\/www.pacesconnection.com\/ws\/UnderstandingACEs_Spanish.pdf\" target=\"_blank\" rel=\"noopener\">Espagnol<\/a> pour expliquer les ACE, leur impact et le renforcement de la r\u00e9silience.<\/p>\n\t\t<h3>\u00catre parent avec des ACE<\/h3><p><i>R\u00e9seau de ressources ACE<\/i><\/p>\n<p><a href=\"https:\/\/numberstory.org\/\" target=\"_blank\" rel=\"noopener\">NumberStory.Org<\/a><\/p>\n<p>Comprenez votre propre histoire personnelle d\u2019ACE et trouvez des chemins vers la gu\u00e9rison.<\/p>\n<p><b>La parentalit\u00e9 pour pr\u00e9venir et gu\u00e9rir les ACE<\/b><\/p>\n<p><i>Donna Jackson Nakazawa et la connexion PACEs<\/i><\/p>\n<p>Infographie de deux pages d\u00e9crivant le soutien aux adultes qui \u00e9l\u00e8vent des enfants souffrant d&#039;ACE, afin de les aider \u00e0 gu\u00e9rir et \u00e0 pr\u00e9venir ces derniers. Disponible en <a href=\"https:\/\/www.pacesconnection.com\/ws\/ParentingPreventACEs-English.pdf\" target=\"_blank\" rel=\"noopener\">Anglais<\/a> et <a href=\"https:\/\/www.pacesconnection.com\/ws\/ParentingPreventACEs-Spanish.pdf\" target=\"_blank\" rel=\"noopener\">Espagnol<\/a>.<\/p>\n\t\t<h3>Soins personnels pour les adultes<\/h3><p><b>Outil d&#039;autosoins ACE Aware pour adultes<\/b><\/p>\n<p><i>Conscients des ACE<\/i><\/p>\n<p><a href=\"https:\/\/www.acesaware.org\/wp-content\/uploads\/2019\/12\/Self-Care-Tool-for-Adults.pdf\" target=\"_blank\" rel=\"noopener\">Conseils et liste de contr\u00f4le<\/a> pour vous aider \u00e0 g\u00e9rer votre r\u00e9ponse au stress.<\/p>\n<p>&nbsp;<\/p>\n<p><b>Soins personnels pour l&#039;aidant<\/b><\/p>\n<p><i>\u00c9cole de m\u00e9decine de Harvard<\/i><\/p>\n<p><a href=\"https:\/\/www.health.harvard.edu\/blog\/self-care-for-the-caregiver-2018101715003\" target=\"_blank\" rel=\"noopener\">L&#039;article<\/a> d\u00e9crit l\u2019impact du stress li\u00e9 aux soins et 5 m\u00e9thodes scientifiques pour contrebalancer le stress des parents et des soignants.<\/p>\n\t\t<h3>Sant\u00e9 mentale de la petite enfance<\/h3><p><b>En bref\u00a0: Sant\u00e9 mentale de la petite enfance<\/b><\/p>\n<p><i>Centre de Harvard sur le d\u00e9veloppement de l&#039;enfant<\/i><\/p>\n<p><a href=\"https:\/\/www.youtube.com\/watch?v=L41k2p-YRCs\" target=\"_blank\" rel=\"noopener\">Vid\u00e9o de 8 minutes<\/a> qui d\u00e9finit la sant\u00e9 mentale de la petite enfance et ce que nous savons sur la fa\u00e7on de d\u00e9velopper les bases d\u2019une bonne sant\u00e9 mentale et de r\u00e9duire les probl\u00e8mes de sant\u00e9 mentale plus tard dans la vie.<\/p>\n\t\t<h3>Adolescents et pr\u00e9adolescents<\/h3><p><b>De 10 \u00e0 25 ans : un jeu de d\u00e9couverte pour adolescents<\/b><\/p>\n<p><em>Centre de l&#039;UCLA pour le d\u00e9veloppement de l&#039;adolescent<\/em><\/p>\n<p><a href=\"https:\/\/developingadolescent.semel.ucla.edu\/core-science-of-adolescence\/from-10-to-25-a-game-of-adolescent-discovery\" target=\"_blank\" rel=\"noopener\">Un jeu de cartes de narration collaborative<\/a> about adolescent discovery created by the UCLA Center for the Developing Adolescent and FrameWorks Institute. The game is designed to be played by adults who have influence on the lives of young people to build understanding of what adolescence is, why it&#8217;s such an important time, and what young people need to establish positive trajectories.<\/p>\n\t\t<h3>Grief &#038; Loss<\/h3><p><b>R\u00c9PONDRE AU CHANGEMENT ET \u00c0 LA PERTE, en soutien aux enfants, aux adolescents et aux familles<\/b><\/p>\n<p><i>Une bo\u00eete \u00e0 outils de l&#039;Alliance nationale pour les enfants en deuil<\/i><\/p>\n<p><a href=\"https:\/\/indd.adobe.com\/view\/c213f5cc-0e37-4c6d-b1b9-1aacd7a10aa7\" target=\"_blank\" rel=\"noopener\">Un cahier d&#039;exercices<\/a> to process and create space for everyone&#8217;s emotions and connect your family&#8217;s stories. For their more thorough <a href=\"https:\/\/nacg.org\/resource-library\/\" target=\"_blank\" rel=\"noopener\">biblioth\u00e8que de ressources<\/a> sur des circonstances particuli\u00e8res de deuil, par exemple, un d\u00e9c\u00e8s d\u00fb \u00e0 la toxicomanie, un suicide ou des grands-parents \u00e9levant des petits-enfants, voir.<\/p>\n<p><b>After a Loved One Dies-How Children Grieve and How Parents and Other Adults Can Support Them<\/b><\/p>\n<p><i>Fondation New York Life<\/i><\/p>\n<p><a href=\"https:\/\/www.newyorklife.com\/assets\/docs\/pdfs\/claims\/Bereavement-bklet-English.pdf\" target=\"_blank\" rel=\"noopener\">Guide complet<\/a> pour les parents et autres adultes afin de soutenir les enfants et les adolescents dans le processus de deuil.<\/p>\n<p>&nbsp;<\/p>\n<p><b>Le deuil, votre amour et votre soutien peuvent aider les enfants \u00e0 comprendre la mort et \u00e0 faire face au deuil.<\/b><\/p>\n<p><i>Atelier S\u00e9same<\/i><\/p>\n<p><a href=\"https:\/\/sesameworkshop.org\/topics\/grief\/\" target=\"_blank\" rel=\"noopener\">Vid\u00e9os et ressources sur le deuil<\/a> pour aider les parents et autres adultes \u00e0 soutenir leurs jeunes enfants pendant la mort et le deuil.<\/p>\n\t\t<h3>D\u00e9veloppement \u00e9motionnel et bien-\u00eatre<\/h3><p><b>Bo\u00eete \u00e0 outils de d\u00e9veloppement \u00e9motionnel de Sesame Street pour les parents<\/b><\/p>\n<p><em>Rue S\u00e9same<\/em><\/p>\n<p><a href=\"https:\/\/www.sesamestreet.org\/parents\/learning-areas\/emotional-development\" target=\"_blank\" rel=\"noopener\">Vid\u00e9os<\/a> avec des strat\u00e9gies pour aider les enfants \u00e0 apprendre \u00e0 identifier, \u00e9tiqueter, comprendre et g\u00e9rer leurs sentiments.<\/p>\n<p>&nbsp;<\/p>\n<p><b>Outils num\u00e9riques pour soutenir le bien-\u00eatre \u00e9motionnel des enfants et des adolescents<\/b><\/p>\n<p><i>Acad\u00e9mies nationales des sciences, de l&#039;ing\u00e9nierie et de la m\u00e9decine (Acad\u00e9mies nationales), ICF International et les Centres pour le contr\u00f4le et la pr\u00e9vention des maladies (CDC, 200-2011-38807\/75D30120F00087)<\/i><\/p>\n<p><a href=\"https:\/\/nap.nationalacademies.org\/resource\/other\/dbasse\/wellbeing-tools\/interactive\/pdf\/CDC%20Forum%20Digital%20Tools%20Fact%20Sheet.pdf\" target=\"_blank\" rel=\"noopener\">Outils gratuits et interactifs<\/a> disponible en anglais et en espagnol pour que les familles puissent enseigner aux enfants des comp\u00e9tences pour \u00e9viter que les petits soucis ne deviennent de gros soucis.<\/p>\n<p>&nbsp;<\/p>\n\t\t<h3>Comp\u00e9tences des fonctions ex\u00e9cutives<\/h3><p><b>Livres et conseils qui favorisent les comp\u00e9tences de vie<\/b><\/p>\n<p><i>L&#039;esprit en devenir<\/i><\/p>\n<p><a href=\"https:\/\/www.mindinthemaking.org\/book-tips\" target=\"_blank\" rel=\"noopener\">Conseils de lecture<\/a> Contribuez \u00e0 l&#039;apprentissage scientifique de comp\u00e9tences essentielles, ainsi qu&#039;\u00e0 l&#039;amusement et \u00e0 l&#039;engagement entre enfants et adultes. Disponibles en anglais et en espagnol, ces livres sont con\u00e7us pour trois tranches d&#039;\u00e2ge\u00a0: nourrissons et tout-petits, enfants d&#039;\u00e2ge pr\u00e9scolaire et enfants d&#039;\u00e2ge scolaire.<\/p>\n<p><strong>D\u00e9velopper le cerveau par le jeu : activit\u00e9s pour les b\u00e9b\u00e9s, les tout-petits et les enfants\u00a0<\/strong><\/p>\n<p><em>Centre pour le d\u00e9veloppement de l&#039;enfant et Fondation LEGO<\/em><\/p>\n<p>Play is an important part of a child&#8217;s life, and grown-ups can build meaningful moments with children of all ages through play and games. These moments develop and strengthen executive function skills that will help children throughout life. <a href=\"https:\/\/developingchild.harvard.edu\/resources\/handouts-tools\/brainbuildingthroughplay\" target=\"_blank\" rel=\"noopener\">T\u00e9l\u00e9chargez les fiches d&#039;activit\u00e9s<\/a> pour les b\u00e9b\u00e9s jusqu&#039;\u00e0 l&#039;adolescence.<\/p>\n\t\t<h3>Pr\u00e9venir les abus sexuels sur les enfants<\/h3><p><b>Talk to Me First, Everything You Need to Know to Become Your Kids&#8217; &#8220;Go-To&#8221; Person About Sex; and other books<\/b><\/p>\n<p><i>Deborah Roffman, \u00e9ducatrice sexuelle<\/i><\/p>\n<p>UN <a href=\"https:\/\/sexandsensibility.net\/books\/\" target=\"_blank\" rel=\"noopener\">guide<\/a> to help you become your kids&#8217; number one source for information and guidance on human sexuality. Just as children develop physically, cognitively, and emotionally in developmental stages, they do so sexually as well. The author gives strategies for handling embarrassing or difficult conversations, offering the best ways to make sure you both keep talking (and listening) at different developmental stages.<\/p>\n<p>&nbsp;<\/p>\n<p><b>Ressources pour les parents, les tuteurs et les enfants afin de pr\u00e9venir les abus sexuels sur les enfants<\/b><\/p>\n<p><i>Centre Moore pour la pr\u00e9vention des abus sexuels sur mineurs, \u00c9cole de sant\u00e9 publique Johns Hopkins<\/i><\/p>\n<p><a href=\"https:\/\/publichealth.jhu.edu\/moore-center-for-the-prevention-of-child-sexual-abuse\/get-support\/resources-for-parents-caregivers-and-children-to-prevent-child-sexual-abuse\" target=\"_blank\" rel=\"noopener\">Ressources<\/a> pour pr\u00e9venir les abus sexuels sur les enfants avant qu\u2019ils ne se produisent.<\/p>\n\t\t<h3>Sant\u00e9 mentale des jeunes<\/h3><p><b>Sant\u00e9 mentale des jeunes\u00a0: vous aider \u00e0 trouver le soutien dont vous avez besoin<\/b><\/p>\n<p><i>D\u00e9partement de la Sant\u00e9 du Maryland<\/i><\/p>\n<p><a href=\"https:\/\/health.maryland.gov\/bha\/Documents\/Youth%20Mental%20Health%201-pager.pdf\" target=\"_blank\" rel=\"noopener\">Lignes d\u2019assistance t\u00e9l\u00e9phonique, lignes d\u2019assistance et ressources cl\u00e9s pour soutenir la sant\u00e9 mentale des jeunes.<\/a><\/p>\n<p><b>JED&#8217;s Mental Health Resource Center<\/b><\/p>\n<p><em>La Fondation JED<\/em><\/p>\n<p>The Jed Foundation is a nonprofit that protects emotional health and prevents suicide for our nation&#8217;s teens and young adults, giving them the skills and support they need to thrive.\u00a0 The <a href=\"https:\/\/jedfoundation.org\/mental-health-resource-center\/\" target=\"_blank\" rel=\"noopener\">site web<\/a> pr\u00e9sente des ressources pour les adolescents, les jeunes adultes et les adultes et les communaut\u00e9s qui les soutiennent.<\/p>\n\t\t<h3>R\u00e9silience<\/h3><p><b>Renforcer la r\u00e9silience, Strong4Life<\/b><\/p>\n<p><i>Children&#8217;s Healthcare of Atlanta<\/i><\/p>\n<p><a href=\"https:\/\/www.strong4life.com\/en\/emotional-wellness\/raising-resilience\" target=\"_blank\" rel=\"noopener\">Outils et fiches d&#039;information<\/a> pour tous les stades de d\u00e9veloppement.<\/p>\n\t\t<h3>Motivation<\/h3><p><b>Comment motiver les enfants\u00a0: approches scientifiques pour les parents, les soignants et les enseignants<\/b><\/p>\n<p><i>Centre de Harvard sur le d\u00e9veloppement de l&#039;enfant<\/i><\/p>\n<p>Les recherches indiquent neuf fa\u00e7ons dont les parents et les praticiens peuvent promouvoir une motivation et un apprentissage positifs pendant le d\u00e9veloppement. <a href=\"https:\/\/developingchild.harvard.edu\/resources\/how-to-motivate-children-science-based-approaches-for-parents-caregivers-and-teachers\/\" target=\"_blank\" rel=\"noopener\">Apprendre<\/a> \u00e0 propos de ces 9 fa\u00e7ons et plus encore !<\/p>\n\t\t<h3>Sites Web de confiance pour les parents<\/h3><p><b>HealthyChildren.org <\/b><\/p>\n<p><em>The American Academy of Pediatrics Parenting Website\/ \u200bLa page sur l&#039;enfance des enfants de l&#039;AAP<\/em><\/p>\n<p>Site Web sur la parentalit\u00e9 de l&#039;Acad\u00e9mie am\u00e9ricaine de p\u00e9diatrie, disponible en <a href=\"https:\/\/healthychildren.org\/English\/Pages\/default.aspx\" target=\"_blank\" rel=\"noopener\">Anglais<\/a> et <a href=\"https:\/\/www.healthychildren.org\/spanish\/Paginas\/default.aspx\" target=\"_blank\" rel=\"noopener\">Espagnol<\/a>.<\/p>\n<p>&nbsp;<\/p>\n<p><strong>Concepts cl\u00e9s pour le d\u00e9veloppement de l&#039;enfant<\/strong><\/p>\n<p><em>Centre de Harvard sur le d\u00e9veloppement de l&#039;enfant<\/em><\/p>\n<p>Partage les concepts scientifiques cl\u00e9s du d\u00e9veloppement de l&#039;enfant, notamment <a href=\"https:\/\/developingchild.harvard.edu\/science\/key-concepts\/\" target=\"_blank\" rel=\"noopener\">clips vid\u00e9o et autres ressources<\/a> traduire la science en outils utilisables par les parents, les d\u00e9cideurs politiques et les membres de la communaut\u00e9.<\/p>\n<p>&nbsp;<\/p>\n<p><strong>Concepts cl\u00e9s pour les adolescents<\/strong><\/p>\n<p><em>Centre de l&#039;UCLA pour le d\u00e9veloppement de l&#039;adolescent<\/em><\/p>\n<p><a href=\"https:\/\/developingadolescent.semel.ucla.edu\/core-science-of-adolescence\/key-concepts\" target=\"_blank\" rel=\"noopener\">Actions<\/a> la science du d\u00e9veloppement des adolescents pour la rendre utile et accessible aux d\u00e9cideurs politiques, aux professionnels au service des jeunes, aux parents et aux jeunes eux-m\u00eames.<\/p>\n\t\t<h3>Immigration &#038; Deportation<\/h3><p><b>Plan de pr\u00e9paration familiale \u00e9tape par \u00e9tape<\/b><\/p>\n<p><i>Centre de ressources juridiques pour les immigrants<\/i><\/p>\n<p>Ce <a href=\"https:\/\/www.ilrc.org\/resources\/step-step-family-preparedness-plan\" target=\"_blank\" rel=\"noopener\">Bo\u00eete \u00e0 outils de ressources<\/a> Aide les adultes \u00e0 \u00e9laborer un plan de pr\u00e9paration familiale en cas d&#039;urgence migratoire. Obtenez des informations sur la garde d&#039;enfants en cas d&#039;absence d&#039;un parent et sur les services d&#039;immigration.<\/p>\n<strong><br \/>\nLove and Monsters in Sofia&#8217;s Life<\/strong>\n<p><em>Auteur: Belinda Hern\u00e1ndez Arriaga<\/em><\/p>\n<p>Le <a href=\"https:\/\/www.conocimientospressllc.com\/books\/love-and-monsters\" target=\"_blank\" rel=\"noopener\">livre d&#039;images en couleur<\/a> raconte l&#039;histoire de Sofia qui apprend \u00e0 s&#039;appuyer sur l&#039;amour et la confiance de sa famille pour l&#039;aider \u00e0 surmonter ses peurs du monstre la migra.<\/p>\n<p>&nbsp;<\/p>\n<p><strong>Comment parler \u00e0 un enfant inquiet de l&#039;expulsion<\/strong><\/p>\n<p><em>Centre de stress et de sant\u00e9 infantile de la facult\u00e9 de m\u00e9decine de l&#039;universit\u00e9 d&#039;\u00c9tat de Floride<\/em><\/p>\n<p>Le <a href=\"http:\/\/fsustress.org\/pdfs\/CCSH_Deportation_EN.pdf\" target=\"_blank\" rel=\"noopener\">Fiche de conseils PDF<\/a> r\u00e9pertorie les probl\u00e8mes courants observ\u00e9s chez les enfants pendant les p\u00e9riodes de stress et comment vous pouvez les aider.<\/p>\n<p>&nbsp;<\/p>\n<p><strong>Gu\u00e9rison et r\u00e9silience\u00a0: un cahier d&#039;activit\u00e9s pour les enfants latinos touch\u00e9s par la d\u00e9portation<\/strong><\/p>\n<p><em>Children&#8217;s Psychological Health Center<\/em><\/p>\n<p>Le cahier d&#039;activit\u00e9s guid\u00e9es (<a href=\"http:\/\/www.childrenspsychologicalhealthcenter.org\/wp-content\/uploads\/2014\/11\/Healing-and-Resilience%E2%80%94An-Activity-Book-for-Latino-Children-Impacted-by-Deportation%E2%80%94English.pdf\" target=\"_blank\" rel=\"noopener\">Anglais<\/a> | <a href=\"http:\/\/www.childrenspsychologicalhealthcenter.org\/wp-content\/uploads\/2014\/11\/Recuperacio%CC%81n-y-Resiliencia%E2%80%94Un-Libro-de-Actividades-para-Nin%CC%83os-Latinos-Impactados-por-la-Deportacio%CC%81n%E2%80%94Espan%CC%83ol.pdf\" target=\"_blank\" rel=\"noopener\">Espagnol<\/a>) aide les enfants menac\u00e9s d&#039;expulsion ou ayant v\u00e9cu une telle situation. Bien que destin\u00e9 aux enfants de 8 \u00e0 12 ans, ce programme peut \u00e9galement \u00eatre utile aux enfants plus \u00e2g\u00e9s et plus jeunes.<\/p>\n<p>&nbsp;<\/p>\n\t<h3>Indice<\/h3>\n<ul>\n<li><a href=\"#adverse-childhood-experiences\">Exp\u00e9riences n\u00e9gatives de l&#039;enfance<\/a><\/li>\n<li><a href=\"#parenting-with-aces\">\u00catre parent avec des ACE<\/a><\/li>\n<li><a href=\"#self-care-grownups\">Soins personnels pour les adultes<\/a><\/li>\n<li><a href=\"#early-childhood-mental-health\">Sant\u00e9 mentale de la petite enfance<\/a><\/li>\n<li><a href=\"#teens-tweens\">Adolescents et pr\u00e9adolescents<\/a><\/li>\n<li><a href=\"#grief-loss\">Deuil et perte<\/a><\/li>\n<li><a href=\"#emotional-development\">D\u00e9veloppement \u00e9motionnel et bien-\u00eatre<\/a><\/li>\n<li><a href=\"#executive-function-skills\">Comp\u00e9tences des fonctions ex\u00e9cutives<\/a><\/li>\n<li><a href=\"#preventing-child-sexual-abuse\">Pr\u00e9venir les abus sexuels sur les enfants<\/a><\/li>\n<li><a href=\"#youth-mental-health\">Sant\u00e9 mentale des jeunes<\/a><\/li>\n<li><a href=\"#resilience\">R\u00e9silience<\/a><\/li>\n<li><a href=\"#motivation\">Motivation<\/a><\/li>\n<li><a href=\"#trusted-parenting-websites\">Sites Web de confiance pour les parents<\/a><\/li>\n<li><a href=\"#immigration\">Immigration et expulsion<\/a><\/li>\n<\/ul>","protected":false},"excerpt":{"rendered":"<p>DIVE DEEPER | GROWN-UPS Looking for more information on a specific topic? You can dig deeper here. Need to talk to someone right now? Here&#8217;s available helplines and hotlines that can provide support and connection. Adverse Childhood Experiences Understanding ACE&#8217;s PACEs Connection Two-page flyer for parents in English and Spanish to explain ACEs, their impact,&hellip;<\/p>","protected":false},"author":1,"featured_media":28024,"parent":0,"menu_order":0,"comment_status":"closed","ping_status":"closed","template":"","meta":{"footnotes":""},"class_list":["post-27812","page","type-page","status-publish","has-post-thumbnail","hentry"],"_links":{"self":[{"href":"https:\/\/marylandefc.org\/fr\/wp-json\/wp\/v2\/pages\/27812","targetHints":{"allow":["GET"]}}],"collection":[{"href":"https:\/\/marylandefc.org\/fr\/wp-json\/wp\/v2\/pages"}],"about":[{"href":"https:\/\/marylandefc.org\/fr\/wp-json\/wp\/v2\/types\/page"}],"author":[{"embeddable":true,"href":"https:\/\/marylandefc.org\/fr\/wp-json\/wp\/v2\/users\/1"}],"replies":[{"embeddable":true,"href":"https:\/\/marylandefc.org\/fr\/wp-json\/wp\/v2\/comments?post=27812"}],"version-history":[{"count":0,"href":"https:\/\/marylandefc.org\/fr\/wp-json\/wp\/v2\/pages\/27812\/revisions"}],"wp:featuredmedia":[{"embeddable":true,"href":"https:\/\/marylandefc.org\/fr\/wp-json\/wp\/v2\/media\/28024"}],"wp:attachment":[{"href":"https:\/\/marylandefc.org\/fr\/wp-json\/wp\/v2\/media?parent=27812"}],"curies":[{"name":"wp","href":"https:\/\/api.w.org\/{rel}","templated":true}]}}