{"id":27820,"date":"2024-02-26T00:12:24","date_gmt":"2024-02-26T08:12:24","guid":{"rendered":"https:\/\/marylandefc.org\/?page_id=27820"},"modified":"2026-02-13T17:22:59","modified_gmt":"2026-02-14T01:22:59","slug":"dive-deeper","status":"publish","type":"page","link":"https:\/\/marylandefc.org\/fr\/dive-deeper\/","title":{"rendered":"Plongez plus profond\u00e9ment"},"content":{"rendered":"<figure itemscope itemtype=\"https:\/\/schema.org\/ImageObject\">\n\t\t\t\t<img decoding=\"async\" src=\"https:\/\/marylandefc.org\/wp-content\/uploads\/2024\/02\/illustration-of-books-tools-and-resources-to-dig-deeper.jpg\" alt=\"illustration of books, tools, and resources to dig deeper\" height=\"800\" width=\"1200\" title=\"illustration de livres, d&#039;outils et de ressources pour approfondir\" onerror=\"this.style.display='none'\" loading=\"lazy\" \/>\n\t<\/figure>\n\t<h1>Approfondissez vos connaissances gr\u00e2ce \u00e0 ces ressources suppl\u00e9mentaires<\/h1>\n<p>We&#8217;ve gathered resources from leading experts on brain science, ACEs and parenting. These are additional resources from the ones already found throughout the site, specifically in the <a href=\"https:\/\/marylandefc.org\/fr\/grownups\/\">Bo\u00eete \u00e0 outils pour le d\u00e9veloppement du cerveau<\/a> o\u00f9 nous introduisons de nombreux concepts fondamentaux de d\u00e9veloppement c\u00e9r\u00e9bral pour le d\u00e9veloppement sain des enfants.<\/p>\n\t\t<figure itemscope itemtype=\"https:\/\/schema.org\/ImageObject\">\n\t\t\t\t<a href=\"\/fr\/dive-deeper-policy-makers\/\"  target=\"_self\" itemprop=\"url\">\n\t\t\t\t<img decoding=\"async\" src=\"https:\/\/marylandefc.org\/wp-content\/uploads\/2024\/01\/MEC-Icons_idea.svg\" alt=\"Light bulb icon for information\" height=\"300\" width=\"300\" title=\"Id\u00e9e d&#039;ic\u00f4nes MEC\" onerror=\"this.style.display='none'\" loading=\"lazy\" \/>\n\t\t\t\t<\/a>\n\t<\/figure>\n<h2><a href=\"\/fr\/dive-deeper-policy-makers\/\" target=\"_self\">D\u00e9cideurs politiques<\/a><\/h2>\n\t\t\t<a href=\"\/fr\/dive-deeper-policy-makers\/\"  target=\"_self\">\n\t\t\t\t\t\t\tApprendre encore plus\n\t\t\t\t\t<\/a>\n\t\t<figure itemscope itemtype=\"https:\/\/schema.org\/ImageObject\">\n\t\t\t\t<a href=\"\/fr\/dive-deeper-partners\/\"  target=\"_self\" itemprop=\"url\">\n\t\t\t\t<img decoding=\"async\" src=\"https:\/\/marylandefc.org\/wp-content\/uploads\/2024\/01\/MEC-Icons_book.svg\" alt=\"Book icon\" height=\"300\" width=\"300\" title=\"Livre d&#039;ic\u00f4nes MEC\" onerror=\"this.style.display='none'\" loading=\"lazy\" \/>\n\t\t\t\t<\/a>\n\t<\/figure>\n<h2><a href=\"\/fr\/dive-deeper-partners\/\" target=\"_self\">Partenaires<\/a><\/h2>\n\t\t\t<a href=\"\/fr\/dive-deeper-partners\/\"  target=\"_self\">\n\t\t\t\t\t\t\tApprendre encore plus\n\t\t\t\t\t<\/a>\n\t\t<figure itemscope itemtype=\"https:\/\/schema.org\/ImageObject\">\n\t\t\t\t<a href=\"\/fr\/dive-deeper-grown-ups\/\"  target=\"_self\" itemprop=\"url\">\n\t\t\t\t<img decoding=\"async\" src=\"https:\/\/marylandefc.org\/wp-content\/uploads\/2024\/01\/MEC-Icons_websearch.svg\" alt=\"Web search icon\" height=\"300\" width=\"300\" title=\"Recherche Web des ic\u00f4nes MEC\" onerror=\"this.style.display='none'\" loading=\"lazy\" \/>\n\t\t\t\t<\/a>\n\t<\/figure>\n<h2><a href=\"\/fr\/dive-deeper-grown-ups\/\" target=\"_self\">Les adultes<\/a><\/h2>\n\t\t\t<a href=\"\/fr\/dive-deeper-grown-ups\/\"  target=\"_self\">\n\t\t\t\t\t\t\tApprendre encore plus\n\t\t\t\t\t<\/a>","protected":false},"excerpt":{"rendered":"<p>Dive Deeper With These Additional Resources We&#8217;ve gathered resources from leading experts on brain science, ACEs and parenting. These are additional resources from the ones already found throughout the site, specifically in the Brain-Building Toolkit where we introduce many of the foundational brain-building concepts for healthy development of children. Policy Makers Learn More Partners Learn&hellip;<\/p>","protected":false},"author":1,"featured_media":27630,"parent":0,"menu_order":0,"comment_status":"closed","ping_status":"closed","template":"","meta":{"footnotes":""},"class_list":["post-27820","page","type-page","status-publish","has-post-thumbnail","hentry"],"_links":{"self":[{"href":"https:\/\/marylandefc.org\/fr\/wp-json\/wp\/v2\/pages\/27820","targetHints":{"allow":["GET"]}}],"collection":[{"href":"https:\/\/marylandefc.org\/fr\/wp-json\/wp\/v2\/pages"}],"about":[{"href":"https:\/\/marylandefc.org\/fr\/wp-json\/wp\/v2\/types\/page"}],"author":[{"embeddable":true,"href":"https:\/\/marylandefc.org\/fr\/wp-json\/wp\/v2\/users\/1"}],"replies":[{"embeddable":true,"href":"https:\/\/marylandefc.org\/fr\/wp-json\/wp\/v2\/comments?post=27820"}],"version-history":[{"count":0,"href":"https:\/\/marylandefc.org\/fr\/wp-json\/wp\/v2\/pages\/27820\/revisions"}],"wp:featuredmedia":[{"embeddable":true,"href":"https:\/\/marylandefc.org\/fr\/wp-json\/wp\/v2\/media\/27630"}],"wp:attachment":[{"href":"https:\/\/marylandefc.org\/fr\/wp-json\/wp\/v2\/media?parent=27820"}],"curies":[{"name":"wp","href":"https:\/\/api.w.org\/{rel}","templated":true}]}}