{"id":28008,"date":"2024-02-29T08:25:39","date_gmt":"2024-02-29T16:25:39","guid":{"rendered":"https:\/\/marylandefc.org\/?page_id=28008"},"modified":"2025-06-16T11:08:43","modified_gmt":"2025-06-16T18:08:43","slug":"hotlines","status":"publish","type":"page","link":"https:\/\/marylandefc.org\/fr\/grownups\/hotlines\/","title":{"rendered":"Lignes d&#039;assistance et lignes directes"},"content":{"rendered":"<img decoding=\"async\" src=\"https:\/\/marylandefc.org\/wp-content\/uploads\/2024\/02\/Mother-on-the-phone-talking-to-a-hotline-for-help.jpg\" alt=\"Mother on the phone talking to a hotline for help\" itemprop=\"image\" height=\"800\" width=\"1200\" title=\"Une m\u00e8re au t\u00e9l\u00e9phone parle \u00e0 une ligne d&#039;assistance t\u00e9l\u00e9phonique pour obtenir de l&#039;aide\" onerror=\"this.style.display='none'\" loading='lazy' \/>\n\t<h1>LIGNES D&#039;ASSISTANCE<\/h1>\n\t<h2>Connectez-vous pour obtenir de l&#039;aide<\/h2>\n<p>Consultez notre liste de lignes d\u2019assistance et d\u2019informations ci-dessous en cas de besoin.<\/p>\n\t\t\t<a href=\"#helplines\" target=\"_self\">\n\t\t\t\t\t\tLignes d&#039;assistance \/ R\u00e9f\u00e9rences\n\t\t\t\t\t<\/a>\n\t<h2>Lignes d&#039;assistance et r\u00e9f\u00e9rences<\/h2>\n<p>&nbsp;<\/p>\n<ul>\n<li><strong>Information and Referral Services (Health\/Human Services) &#8211; <\/strong>Composez le 211<\/li>\n<li><strong>Suicide &amp; Crisis Lifeline &#8211; <\/strong>Appelez le 9-8-8<\/li>\n<li><strong>Maryland Parenting Helpline &#8211; <\/strong>1-800-243-7337<\/li>\n<li><strong>Ligne d&#039;assistance nationale pour la sant\u00e9 mentale maternelle <\/strong>&#8211; 1-800-TLC-MAMA (1-833-852-6262)<\/li>\n<li><strong>National Women&#8217;s Health and Breastfeeding Helpline<\/strong> &#8211; 1-800-994-9662<\/li>\n<li><strong>LOCALISER Garde d&#039;enfants<\/strong> &#8211; 877-261-0060<\/li>\n<li><strong>Ligne d&#039;assistance nationale contre la violence domestique<\/strong> &#8211; 1-800-799-7233*<\/li>\n<li><strong>Ligne d&#039;assistance LGBTQ (The Trevor Project)<\/strong> &#8211; 1-866-488-7386<\/li>\n<li><strong>Ligne d&#039;assistance t\u00e9l\u00e9phonique pour les abus envers les enfants<\/strong> &#8211; 1-800-91Prevent (1-800-917-7383)<\/li>\n<li><strong>National Human Trafficking Hotline &#8211;<\/strong> 1-888-373-7888<\/li>\n<li><strong>R\u00e9seau national contre le viol, les abus et l&#039;inceste\/Ligne d&#039;assistance nationale contre les agressions sexuelles<\/strong> &#8211; 1-800-656-HOPE (4673)<\/li>\n<li><strong>SAMHSA Helpline (Substance Abuse &amp; Mental Health) &#8211;<\/strong> 1-800-662-HELP (4357)<\/li>\n<li><strong>Lignes d&#039;assistance t\u00e9l\u00e9phonique pour les personnes d\u00e9pendantes au jeu<\/strong> &#8211; 1-800-GAMBLER<\/li>\n<li><strong>Centre antipoison du Maryland<\/strong> &#8211; 1-800-222-1222<\/li>\n<li><strong>Pr\u00e9vention de l&#039;intoxication au plomb<\/strong> &#8211; 410-537-3825 or 1-800-633-6101, Ext. 3825\u200b\u200b\u200b\u200b\u200b<\/li>\n<\/ul>","protected":false},"excerpt":{"rendered":"<p>HELPLINES Get Connected To Support Refer to our list of helplines and information below in times of need. Helplines \/ Referrals Helplines and Referrals &nbsp; Information and Referral Services (Health\/Human Services) &#8211; Dial 211 Suicide &amp; Crisis Lifeline &#8211; Call 9-8-8 Maryland Parenting Helpline &#8211; 1-800-243-7337 National Maternal Mental Health Hotline &#8211; 1-800-TLC-MAMA (1-833-852-6262) National&hellip;<\/p>","protected":false},"author":2,"featured_media":28011,"parent":26895,"menu_order":0,"comment_status":"closed","ping_status":"closed","template":"","meta":{"footnotes":""},"class_list":["post-28008","page","type-page","status-publish","has-post-thumbnail","hentry"],"_links":{"self":[{"href":"https:\/\/marylandefc.org\/fr\/wp-json\/wp\/v2\/pages\/28008","targetHints":{"allow":["GET"]}}],"collection":[{"href":"https:\/\/marylandefc.org\/fr\/wp-json\/wp\/v2\/pages"}],"about":[{"href":"https:\/\/marylandefc.org\/fr\/wp-json\/wp\/v2\/types\/page"}],"author":[{"embeddable":true,"href":"https:\/\/marylandefc.org\/fr\/wp-json\/wp\/v2\/users\/2"}],"replies":[{"embeddable":true,"href":"https:\/\/marylandefc.org\/fr\/wp-json\/wp\/v2\/comments?post=28008"}],"version-history":[{"count":0,"href":"https:\/\/marylandefc.org\/fr\/wp-json\/wp\/v2\/pages\/28008\/revisions"}],"up":[{"embeddable":true,"href":"https:\/\/marylandefc.org\/fr\/wp-json\/wp\/v2\/pages\/26895"}],"wp:featuredmedia":[{"embeddable":true,"href":"https:\/\/marylandefc.org\/fr\/wp-json\/wp\/v2\/media\/28011"}],"wp:attachment":[{"href":"https:\/\/marylandefc.org\/fr\/wp-json\/wp\/v2\/media?parent=28008"}],"curies":[{"name":"wp","href":"https:\/\/api.w.org\/{rel}","templated":true}]}}